{"id":1091,"date":"2023-07-04T13:44:38","date_gmt":"2023-07-04T05:44:38","guid":{"rendered":"https:\/\/hopefulrubber.com\/?page_id=1091"},"modified":"2024-07-02T17:56:33","modified_gmt":"2024-07-02T09:56:33","slug":"dich-vu-gia-tri-gia-tang","status":"publish","type":"page","link":"https:\/\/hopefulrubber.com\/vi\/capabilities\/value-added-services\/","title":{"rendered":"D\u1ecbch v\u1ee5 gi\u00e1 tr\u1ecb gia t\u0103ng"},"content":{"rendered":"<div class=\"wp-block-columns is-layout-flex wp-container-core-columns-is-layout-9d6595d7 wp-block-columns-is-layout-flex\">\n<div class=\"wp-block-column is-layout-flow wp-block-column-is-layout-flow\" style=\"flex-basis:33.33%\">\n<div class=\"wp-block-rank-math-toc-block\" id=\"rank-math-toc\"><h2>M\u1ee5c l\u1ee5c<\/h2><nav><ul><li><a href=\"#5-value-added-services-in-rubber-molding\">5 D\u1ecbch v\u1ee5 gi\u00e1 tr\u1ecb gia t\u0103ng trong \u0111\u00fac cao su<\/a><ul><li><a href=\"#5-value-added-services\">5 D\u1ecbch v\u1ee5 gi\u00e1 tr\u1ecb gia t\u0103ng:<\/a><ul><li><a href=\"#silk-printing\">In l\u1ee5a<\/a><\/li><li><a href=\"#pad-printing\">In Pad<\/a><\/li><li><a href=\"#in-mold-printing\">In khu\u00f4n<\/a><\/li><li><a href=\"#laser-printing\">In Laser<\/a><\/li><li><a href=\"#packaging\">Bao b\u00ec<\/a><\/li><\/ul><\/li><\/ul><\/li><\/ul><\/nav><\/div>\n<\/div>\n\n\n\n<div class=\"wp-block-column is-layout-flow wp-block-column-is-layout-flow\" style=\"flex-basis:66.66%\">\n<h1 class=\"wp-block-heading has-vivid-cyan-blue-color has-text-color has-large-font-size\" id=\"5-value-added-services-in-rubber-molding\"><strong>5 D\u1ecbch v\u1ee5 gi\u00e1 tr\u1ecb gia t\u0103ng trong \u0111\u00fac cao su<\/strong><\/h1>\n\n\n\n<div style=\"height:30px\" aria-hidden=\"true\" class=\"wp-block-spacer\"><\/div>\n\n\n\n<p>T\u1ea1i Hopeful Rubber, ch\u00fang t\u00f4i hi\u1ec3u t\u1ea7m quan tr\u1ecdng c\u1ee7a vi\u1ec7c in \u1ea5n v\u00e0 \u0111\u00f3ng g\u00f3i ch\u1ea5t l\u01b0\u1ee3ng cao \u0111\u1ed1i v\u1edbi c\u00e1c doanh nghi\u1ec7p \u0111\u1ec3 t\u1ea1o s\u1ef1 kh\u00e1c bi\u1ec7t tr\u00ean th\u1ecb tr\u01b0\u1eddng. \u0110\u00f3 l\u00e0 l\u00fd do t\u1ea1i sao ch\u00fang t\u00f4i cung c\u1ea5p m\u1ed9t lo\u1ea1t c\u00e1c d\u1ecbch v\u1ee5 c\u00f3 gi\u00e1 tr\u1ecb gia t\u0103ng c\u00f3 th\u1ec3 gi\u00fap b\u1ea1n n\u00e2ng cao s\u1ea3n ph\u1ea9m c\u1ee7a m\u00ecnh v\u00e0 t\u1ea1o \u1ea5n t\u01b0\u1ee3ng l\u00e2u d\u00e0i v\u1edbi kh\u00e1ch h\u00e0ng.<\/p>\n\n\n\n<div style=\"height:30px\" aria-hidden=\"true\" class=\"wp-block-spacer\"><\/div>\n\n\n\n<h2 class=\"wp-block-heading has-vivid-cyan-blue-color has-text-color\" id=\"5-value-added-services\"><strong>5 D\u1ecbch v\u1ee5 gi\u00e1 tr\u1ecb gia t\u0103ng:<\/strong><\/h2>\n\n\n\n<div style=\"height:30px\" aria-hidden=\"true\" class=\"wp-block-spacer\"><\/div>\n\n\n\n<h3 class=\"wp-block-heading has-vivid-cyan-blue-color has-text-color\" id=\"silk-printing\"><strong>In l\u1ee5a<\/strong><\/h3>\n\n\n\n<p class=\"has-black-color has-text-color has-medium-font-size\">Ch\u00fang t\u00f4i cung c\u1ea5p d\u1ecbch v\u1ee5 in l\u1ee5a ch\u1ea5t l\u01b0\u1ee3ng cao c\u00f3 th\u1ec3 gi\u00fap b\u1ea1n t\u1ea1o ra c\u00e1c thi\u1ebft k\u1ebf h\u1ea5p d\u1eabn v\u1ec1 m\u1eb7t th\u1ecb gi\u00e1c tr\u00ean nhi\u1ec1u b\u1ec1 m\u1eb7t, bao g\u1ed3m cao su v\u00e0 nh\u1ef1a. Thi\u1ebft b\u1ecb in hi\u1ec7n \u0111\u1ea1i v\u00e0 \u0111\u1ed9i ng\u0169 k\u1ef9 thu\u1eadt vi\u00ean gi\u00e0u kinh nghi\u1ec7m c\u1ee7a ch\u00fang t\u00f4i \u0111\u1ea3m b\u1ea3o r\u1eb1ng m\u1ecdi b\u1ea3n in \u0111\u1ec1u c\u00f3 ch\u1ea5t l\u01b0\u1ee3ng cao nh\u1ea5t.<\/p>\n\n\n\n<h3 class=\"wp-block-heading has-vivid-cyan-blue-color has-text-color\" id=\"pad-printing\"><strong>In Pad<\/strong><\/h3>\n\n\n\n<p class=\"has-black-color has-text-color has-medium-font-size\">Ch\u00fang t\u00f4i chuy\u00ean v\u1ec1 in pad, m\u1ed9t quy tr\u00ecnh cho ph\u00e9p ch\u00fang t\u00f4i in c\u00e1c thi\u1ebft k\u1ebf chi ti\u1ebft tr\u00ean c\u00e1c v\u1eadt th\u1ec3 c\u00f3 h\u00ecnh d\u1ea1ng kh\u00f4ng \u0111\u1ec1u nh\u01b0 n\u1eafp, \u1ed1ng v\u00e0 n\u00fat. C\u00e1c chuy\u00ean gia in pad c\u1ee7a ch\u00fang t\u00f4i c\u00f3 th\u1ec3 gi\u00fap b\u1ea1n t\u1ea1o ra c\u00e1c thi\u1ebft k\u1ebf t\u00f9y ch\u1ec9nh gi\u00fap t\u0103ng t\u00ednh th\u1ea9m m\u1ef9 cho s\u1ea3n ph\u1ea9m c\u1ee7a b\u1ea1n.<\/p>\n\n\n\n<h3 class=\"wp-block-heading has-vivid-cyan-blue-color has-text-color\" id=\"in-mold-printing\"><strong>In khu\u00f4n<\/strong><\/h3>\n\n\n\n<p class=\"has-black-color has-text-color has-medium-font-size\">Ch\u00fang t\u00f4i cung c\u1ea5p d\u1ecbch v\u1ee5 in khu\u00f4n c\u00f3 th\u1ec3 gi\u00fap b\u1ea1n t\u1ea1o ra c\u00e1c thi\u1ebft k\u1ebf \u0111\u1ed9c \u0111\u00e1o tr\u00ean c\u00e1c s\u1ea3n ph\u1ea9m cao su v\u00e0 nh\u1ef1a c\u1ee7a m\u00ecnh. Quy tr\u00ecnh in khu\u00f4n c\u1ee7a ch\u00fang t\u00f4i \u0111\u1ea3m b\u1ea3o r\u1eb1ng m\u1ecdi s\u1ea3n ph\u1ea9m \u0111\u1ec1u \u0111\u01b0\u1ee3c in v\u1edbi \u0111\u1ed9 ch\u00ednh x\u00e1c v\u00e0 \u0111\u1ed9 chu\u1ea9n x\u00e1c, mang l\u1ea1i l\u1edbp ho\u00e0n thi\u1ec7n chuy\u00ean nghi\u1ec7p.<\/p>\n\n\n\n<h3 class=\"wp-block-heading has-vivid-cyan-blue-color has-text-color\" id=\"laser-printing\"><strong>In Laser<\/strong><\/h3>\n\n\n\n<p class=\"has-black-color has-text-color has-medium-font-size\">Ch\u00fang t\u00f4i cung c\u1ea5p d\u1ecbch v\u1ee5 in laser c\u00f3 th\u1ec3 gi\u00fap b\u1ea1n t\u1ea1o ra c\u00e1c thi\u1ebft k\u1ebf ch\u1ea5t l\u01b0\u1ee3ng cao, v\u0129nh vi\u1ec5n tr\u00ean nhi\u1ec1u b\u1ec1 m\u1eb7t, bao g\u1ed3m nh\u1ef1a, cao su v\u00e0 kim lo\u1ea1i. C\u00e1c chuy\u00ean gia in laser c\u1ee7a ch\u00fang t\u00f4i c\u00f3 th\u1ec3 gi\u00fap b\u1ea1n t\u1ea1o ra c\u00e1c thi\u1ebft k\u1ebf v\u00e0 v\u0103n b\u1ea3n ph\u1ee9c t\u1ea1p gi\u00fap n\u00e2ng cao v\u1ebb ngo\u00e0i v\u00e0 ch\u1ee9c n\u0103ng c\u1ee7a s\u1ea3n ph\u1ea9m.<\/p>\n\n\n\n<h3 class=\"wp-block-heading has-vivid-cyan-blue-color has-text-color\" id=\"packaging\"><strong>Bao b\u00ec<\/strong><\/h3>\n\n\n\n<p class=\"has-black-color has-text-color has-medium-font-size\">Ch\u00fang t\u00f4i cung c\u1ea5p nhi\u1ec1u gi\u1ea3i ph\u00e1p \u0111\u00f3ng g\u00f3i c\u00f3 th\u1ec3 gi\u00fap b\u1ea1n b\u1ea3o v\u1ec7 v\u00e0 tr\u01b0ng b\u00e0y s\u1ea3n ph\u1ea9m c\u1ee7a m\u00ecnh. C\u00e1c chuy\u00ean gia \u0111\u00f3ng g\u00f3i c\u1ee7a ch\u00fang t\u00f4i c\u00f3 th\u1ec3 gi\u00fap b\u1ea1n thi\u1ebft k\u1ebf bao b\u00ec t\u00f9y ch\u1ec9nh ph\u1ea3n \u00e1nh b\u1ea3n s\u1eafc th\u01b0\u01a1ng hi\u1ec7u c\u1ee7a b\u1ea1n v\u00e0 \u0111\u00e1p \u1ee9ng c\u00e1c nhu c\u1ea7u c\u1ee5 th\u1ec3 c\u1ee7a b\u1ea1n.<\/p>\n\n\n\n<div style=\"height:30px\" aria-hidden=\"true\" class=\"wp-block-spacer\"><\/div>\n\n\n\n<p>T\u1ea1i Hopeful Rubber, ch\u00fang t\u00f4i cam k\u1ebft cung c\u1ea5p cho kh\u00e1ch h\u00e0ng d\u1ecbch v\u1ee5 v\u00e0 h\u1ed7 tr\u1ee3 \u1edf m\u1ee9c cao nh\u1ea5t. <strong><a href=\"https:\/\/hopefulrubber.com\/vi\/lien-he-voi-chung-toi\/\">Li\u00ean h\u1ec7 v\u1edbi ch\u00fang t\u00f4i<\/a><\/strong> h\u00f4m nay \u0111\u1ec3 t\u00ecm hi\u1ec3u th\u00eam v\u1ec1 c\u00e1ch c\u00e1c d\u1ecbch v\u1ee5 gi\u00e1 tr\u1ecb gia t\u0103ng c\u1ee7a ch\u00fang t\u00f4i c\u00f3 th\u1ec3 gi\u00fap b\u1ea1n n\u00e2ng cao s\u1ea3n ph\u1ea9m cao su v\u00e0 n\u1ed5i b\u1eadt tr\u00ean th\u1ecb tr\u01b0\u1eddng.<\/p>\n\n\n\n<div class=\"wp-block-buttons is-layout-flex wp-block-buttons-is-layout-flex\">\n<div class=\"wp-block-button has-custom-font-size has-small-font-size\"><a class=\"wp-block-button__link has-white-color has-vivid-red-background-color has-text-color has-background wp-element-button\" href=\"https:\/\/hopefulrubber.com\/vi\/lien-he-voi-chung-toi\/\">Li\u00ean h\u1ec7 v\u1edbi ch\u00fang t\u00f4i<\/a><\/div>\n<\/div>\n<\/div>\n<\/div>","protected":false},"excerpt":{"rendered":"<p>5 Value-Added Services in Rubber Molding At Hopeful Rubber, we understand the importance of high-quality printing and packaging for businesses to differentiate themselves in the marketplace. That&#8217;s why we offer a range of value-added services that can help you enhance your products and create a lasting impression on your customers. 5 Value-Added services: Silk Printing [&hellip;]<\/p>\n","protected":false},"author":1,"featured_media":0,"parent":44,"menu_order":0,"comment_status":"closed","ping_status":"closed","template":"","meta":{"content-type":"","footnotes":""},"class_list":["post-1091","page","type-page","status-publish","hentry"],"_links":{"self":[{"href":"https:\/\/hopefulrubber.com\/vi\/wp-json\/wp\/v2\/pages\/1091","targetHints":{"allow":["GET"]}}],"collection":[{"href":"https:\/\/hopefulrubber.com\/vi\/wp-json\/wp\/v2\/pages"}],"about":[{"href":"https:\/\/hopefulrubber.com\/vi\/wp-json\/wp\/v2\/types\/page"}],"author":[{"embeddable":true,"href":"https:\/\/hopefulrubber.com\/vi\/wp-json\/wp\/v2\/users\/1"}],"replies":[{"embeddable":true,"href":"https:\/\/hopefulrubber.com\/vi\/wp-json\/wp\/v2\/comments?post=1091"}],"version-history":[{"count":17,"href":"https:\/\/hopefulrubber.com\/vi\/wp-json\/wp\/v2\/pages\/1091\/revisions"}],"predecessor-version":[{"id":2122,"href":"https:\/\/hopefulrubber.com\/vi\/wp-json\/wp\/v2\/pages\/1091\/revisions\/2122"}],"up":[{"embeddable":true,"href":"https:\/\/hopefulrubber.com\/vi\/wp-json\/wp\/v2\/pages\/44"}],"wp:attachment":[{"href":"https:\/\/hopefulrubber.com\/vi\/wp-json\/wp\/v2\/media?parent=1091"}],"curies":[{"name":"wp","href":"https:\/\/api.w.org\/{rel}","templated":true}]}}