{"id":1150,"date":"2023-07-06T17:47:37","date_gmt":"2023-07-06T09:47:37","guid":{"rendered":"https:\/\/hopefulrubber.com\/?page_id=1150"},"modified":"2024-10-16T11:53:37","modified_gmt":"2024-10-16T03:53:37","slug":"cac-nganh-cong-nghiep","status":"publish","type":"page","link":"https:\/\/hopefulrubber.com\/vi\/industries\/","title":{"rendered":"NG\u00c0NH C\u00d4NG NGHI\u1ec6P"},"content":{"rendered":"<h1 class=\"wp-block-heading\">C\u00e1c ng\u00e0nh c\u00f4ng nghi\u1ec7p ch\u00fang t\u00f4i ph\u1ee5c v\u1ee5<\/h1>\n\n\n\n<div style=\"height:30px\" aria-hidden=\"true\" class=\"wp-block-spacer\"><\/div>\n\n\n\n<h2 class=\"wp-block-heading has-vivid-cyan-blue-color has-text-color\" id=\"providing-custom-molded-rubber-products-for-a-wide-range-of-industries-and-applications\">Cung c\u1ea5p c\u00e1c s\u1ea3n ph\u1ea9m cao su \u0111\u00fac theo y\u00eau c\u1ea7u cho nhi\u1ec1u ng\u00e0nh c\u00f4ng nghi\u1ec7p v\u00e0 \u1ee9ng d\u1ee5ng kh\u00e1c nhau<\/h2>\n\n\n\n<p>Hopeful Rubber l\u00e0 nh\u00e0 cung c\u1ea5p \u0111\u00e1ng tin c\u1eady c\u00e1c s\u1ea3n ph\u1ea9m cao su \u0111\u00fac ch\u1ea5t l\u01b0\u1ee3ng cao, cung c\u1ea5p<a href=\"https:\/\/hopefulrubber.com\/vi\/kha-nang\/khuon-cao-su\/\"> d\u1ecbch v\u1ee5 \u0111\u00fac cao su t\u00f9y ch\u1ec9nh<\/a>\u00a0ph\u00f9 h\u1ee3p v\u1edbi nhi\u1ec1u ng\u00e0nh c\u00f4ng nghi\u1ec7p v\u00e0 \u1ee9ng d\u1ee5ng kh\u00e1c nhau. V\u1edbi nhi\u1ec1u th\u1eadp k\u1ef7 kinh nghi\u1ec7m trong l\u0129nh v\u1ef1c n\u00e0y, ch\u00fang t\u00f4i \u0111\u00e3 kh\u1eb3ng \u0111\u1ecbnh m\u00ecnh l\u00e0 \u0111\u1ed1i t\u00e1c \u0111\u00e1ng tin c\u1eady cho c\u00e1c c\u00f4ng ty trong nhi\u1ec1u l\u0129nh v\u1ef1c kh\u00e1c nhau, bao g\u1ed3m \u00f4 t\u00f4 v\u00e0 di \u0111\u1ed9ng, y t\u1ebf v\u00e0 ch\u0103m s\u00f3c s\u1ee9c kh\u1ecfe, \u1ee9ng d\u1ee5ng n\u01b0\u1edbc v\u00e0 tho\u00e1t n\u01b0\u1edbc, n\u00f4ng nghi\u1ec7p v\u00e0 x\u00e2y d\u1ef1ng, \u0111i\u1ec7n t\u1eed v\u00e0 c\u00f4ng nghi\u1ec7p, ch\u0103m s\u00f3c tr\u1ebb s\u01a1 sinh v\u00e0 tr\u1ebb em, v.v.<\/p>\n\n\n\n<div style=\"height:10px\" aria-hidden=\"true\" class=\"wp-block-spacer\"><\/div>\n\n\n\n<div class=\"wp-block-columns is-layout-flex wp-container-core-columns-is-layout-9d6595d7 wp-block-columns-is-layout-flex\">\n<div class=\"wp-block-column is-layout-flow wp-block-column-is-layout-flow\">\n<div class=\"wp-block-columns is-layout-flex wp-container-core-columns-is-layout-9d6595d7 wp-block-columns-is-layout-flex\">\n<div class=\"wp-block-column is-layout-flow wp-block-column-is-layout-flow\">\n<figure class=\"wp-block-gallery has-nested-images columns-default is-cropped wp-block-gallery-1 is-layout-flex wp-block-gallery-is-layout-flex\">\n<figure class=\"wp-block-image size-full\"><a href=\"https:\/\/hopefulrubber.com\/vi\/cac-nganh-cong-nghiep\/o-to\/\"><img loading=\"lazy\" decoding=\"async\" width=\"1000\" height=\"750\" data-id=\"876\" src=\"https:\/\/hopefulrubber.com\/wp-content\/uploads\/2023\/06\/hopeful_rubber_website_Industries_automotive-1.jpg\" alt=\"H\u00ecnh \u1ea3nh m\u1ed9t chi\u1ebfc xe m\u00e0u \u0111\u1ecf b\u00f3ng b\u1ea9y, th\u1ec3 hi\u1ec7n thi\u1ebft k\u1ebf v\u00e0 k\u1ef9 thu\u1eadt \u00f4 t\u00f4.\" class=\"wp-image-876\" title=\"\" srcset=\"https:\/\/hopefulrubber.com\/wp-content\/uploads\/2023\/06\/hopeful_rubber_website_Industries_automotive-1.jpg 1000w, https:\/\/hopefulrubber.com\/wp-content\/uploads\/2023\/06\/hopeful_rubber_website_Industries_automotive-1-300x225.jpg 300w, https:\/\/hopefulrubber.com\/wp-content\/uploads\/2023\/06\/hopeful_rubber_website_Industries_automotive-1-768x576.jpg 768w, https:\/\/hopefulrubber.com\/wp-content\/uploads\/2023\/06\/hopeful_rubber_website_Industries_automotive-1-16x12.jpg 16w\" sizes=\"auto, (max-width: 1000px) 100vw, 1000px\" \/><\/a><figcaption class=\"wp-element-caption\">\u00d4 t\u00f4 v\u00e0 Di \u0111\u1ed9ng<\/figcaption><\/figure>\n<\/figure>\n<\/div>\n\n\n\n<div class=\"wp-block-column is-layout-flow wp-block-column-is-layout-flow\">\n<figure class=\"wp-block-gallery has-nested-images columns-default is-cropped wp-block-gallery-2 is-layout-flex wp-block-gallery-is-layout-flex\">\n<figure class=\"wp-block-image size-large\"><a href=\"https:\/\/hopefulrubber.com\/vi\/cac-nganh-cong-nghiep\/thuoc-ve-y-hoc\/\"><img loading=\"lazy\" decoding=\"async\" width=\"1000\" height=\"750\" data-id=\"297\" src=\"https:\/\/hopefulrubber.com\/wp-content\/uploads\/2023\/06\/hopeful_rubber_website_Industries_medical.jpg\" alt=\"Linh ki\u1ec7n cao su \u0111\u00fac theo y\u00eau c\u1ea7u trong ng\u00e0nh y t\u1ebf\" class=\"wp-image-297\" title=\"\" srcset=\"https:\/\/hopefulrubber.com\/wp-content\/uploads\/2023\/06\/hopeful_rubber_website_Industries_medical.jpg 1000w, https:\/\/hopefulrubber.com\/wp-content\/uploads\/2023\/06\/hopeful_rubber_website_Industries_medical-300x225.jpg 300w, https:\/\/hopefulrubber.com\/wp-content\/uploads\/2023\/06\/hopeful_rubber_website_Industries_medical-768x576.jpg 768w, https:\/\/hopefulrubber.com\/wp-content\/uploads\/2023\/06\/hopeful_rubber_website_Industries_medical-16x12.jpg 16w\" sizes=\"auto, (max-width: 1000px) 100vw, 1000px\" \/><\/a><figcaption class=\"wp-element-caption\">Y t\u1ebf v\u00e0 ch\u0103m s\u00f3c s\u1ee9c kh\u1ecfe<\/figcaption><\/figure>\n<\/figure>\n<\/div>\n\n\n\n<div class=\"wp-block-column is-layout-flow wp-block-column-is-layout-flow\">\n<figure class=\"wp-block-gallery has-nested-images columns-default is-cropped wp-block-gallery-3 is-layout-flex wp-block-gallery-is-layout-flex\">\n<figure class=\"wp-block-image size-large\"><a href=\"https:\/\/hopefulrubber.com\/vi\/cac-nganh-cong-nghiep\/water-supply-and-drainage\/\"><img loading=\"lazy\" decoding=\"async\" width=\"1000\" height=\"750\" data-id=\"345\" src=\"https:\/\/hopefulrubber.com\/wp-content\/uploads\/2023\/06\/hopeful_website_Industries_profile_picture.jpg\" alt=\"C\u00e1c b\u1ed9 ph\u1eadn \u0111\u00fac cao su trong ng\u00e0nh n\u01b0\u1edbc v\u00e0 tho\u00e1t n\u01b0\u1edbc\" class=\"wp-image-345\" title=\"\" srcset=\"https:\/\/hopefulrubber.com\/wp-content\/uploads\/2023\/06\/hopeful_website_Industries_profile_picture.jpg 1000w, https:\/\/hopefulrubber.com\/wp-content\/uploads\/2023\/06\/hopeful_website_Industries_profile_picture-300x225.jpg 300w, https:\/\/hopefulrubber.com\/wp-content\/uploads\/2023\/06\/hopeful_website_Industries_profile_picture-768x576.jpg 768w, https:\/\/hopefulrubber.com\/wp-content\/uploads\/2023\/06\/hopeful_website_Industries_profile_picture-16x12.jpg 16w\" sizes=\"auto, (max-width: 1000px) 100vw, 1000px\" \/><\/a><figcaption class=\"wp-element-caption\">Ng\u00e0nh c\u00f4ng nghi\u1ec7p n\u01b0\u1edbc<\/figcaption><\/figure>\n<\/figure>\n<\/div>\n<\/div>\n<\/div>\n<\/div>\n\n\n\n<div class=\"wp-block-columns is-layout-flex wp-container-core-columns-is-layout-9d6595d7 wp-block-columns-is-layout-flex\">\n<div class=\"wp-block-column is-layout-flow wp-block-column-is-layout-flow\">\n<figure class=\"wp-block-gallery has-nested-images columns-default is-cropped wp-block-gallery-4 is-layout-flex wp-block-gallery-is-layout-flex\">\n<figure class=\"wp-block-image size-large\"><a href=\"https:\/\/hopefulrubber.com\/vi\/cac-nganh-cong-nghiep\/agriculture-and-construction\/\"><img loading=\"lazy\" decoding=\"async\" width=\"1000\" height=\"750\" data-id=\"298\" src=\"https:\/\/hopefulrubber.com\/wp-content\/uploads\/2023\/06\/hopeful_rubber_website_Industries_constructure.jpg\" alt=\"trang web_cao_su_hy v\u1ecdng_C\u01a1_c\u1ea5u_c\u1ee7a_ng\u00e0nh_c\u00f4ng_tr\u00ecnh\" class=\"wp-image-298\" title=\"\" srcset=\"https:\/\/hopefulrubber.com\/wp-content\/uploads\/2023\/06\/hopeful_rubber_website_Industries_constructure.jpg 1000w, https:\/\/hopefulrubber.com\/wp-content\/uploads\/2023\/06\/hopeful_rubber_website_Industries_constructure-300x225.jpg 300w, https:\/\/hopefulrubber.com\/wp-content\/uploads\/2023\/06\/hopeful_rubber_website_Industries_constructure-768x576.jpg 768w, https:\/\/hopefulrubber.com\/wp-content\/uploads\/2023\/06\/hopeful_rubber_website_Industries_constructure-16x12.jpg 16w\" sizes=\"auto, (max-width: 1000px) 100vw, 1000px\" \/><\/a><figcaption class=\"wp-element-caption\">N\u00f4ng nghi\u1ec7p v\u00e0 X\u00e2y d\u1ef1ng<\/figcaption><\/figure>\n<\/figure>\n<\/div>\n\n\n\n<div class=\"wp-block-column is-layout-flow wp-block-column-is-layout-flow\">\n<figure class=\"wp-block-gallery has-nested-images columns-default is-cropped wp-block-gallery-5 is-layout-flex wp-block-gallery-is-layout-flex\">\n<figure class=\"wp-block-image size-large\"><a href=\"https:\/\/hopefulrubber.com\/vi\/cac-nganh-cong-nghiep\/cham-soc-em-be\/\"><img loading=\"lazy\" decoding=\"async\" width=\"1000\" height=\"750\" data-id=\"299\" src=\"https:\/\/hopefulrubber.com\/wp-content\/uploads\/2023\/06\/hopeful_rubber_website_Industries_infant.jpg\" alt=\"Ng\u00e0nh ch\u0103m s\u00f3c tr\u1ebb s\u01a1 sinh v\u00e0 tr\u1ebb em\" class=\"wp-image-299\" title=\"\" srcset=\"https:\/\/hopefulrubber.com\/wp-content\/uploads\/2023\/06\/hopeful_rubber_website_Industries_infant.jpg 1000w, https:\/\/hopefulrubber.com\/wp-content\/uploads\/2023\/06\/hopeful_rubber_website_Industries_infant-300x225.jpg 300w, https:\/\/hopefulrubber.com\/wp-content\/uploads\/2023\/06\/hopeful_rubber_website_Industries_infant-768x576.jpg 768w, https:\/\/hopefulrubber.com\/wp-content\/uploads\/2023\/06\/hopeful_rubber_website_Industries_infant-16x12.jpg 16w\" sizes=\"auto, (max-width: 1000px) 100vw, 1000px\" \/><\/a><figcaption class=\"wp-element-caption\">Ch\u0103m s\u00f3c tr\u1ebb s\u01a1 sinh v\u00e0 tr\u1ebb em<\/figcaption><\/figure>\n<\/figure>\n<\/div>\n\n\n\n<div class=\"wp-block-column is-layout-flow wp-block-column-is-layout-flow\">\n<figure class=\"wp-block-gallery has-nested-images columns-default is-cropped wp-block-gallery-6 is-layout-flex wp-block-gallery-is-layout-flex\">\n<figure class=\"wp-block-image size-large\"><a href=\"https:\/\/hopefulrubber.com\/vi\/cac-nganh-cong-nghiep\/dien-tu-va-cong-nghiep\/\"><img loading=\"lazy\" decoding=\"async\" width=\"1000\" height=\"750\" data-id=\"300\" src=\"https:\/\/hopefulrubber.com\/wp-content\/uploads\/2023\/06\/hopeful_rubber_website_Industries_industrial.jpg\" alt=\"Linh ki\u1ec7n cao su \u0111\u00fac theo y\u00eau c\u1ea7u cho ng\u00e0nh c\u00f4ng nghi\u1ec7p\" class=\"wp-image-300\" title=\"\" srcset=\"https:\/\/hopefulrubber.com\/wp-content\/uploads\/2023\/06\/hopeful_rubber_website_Industries_industrial.jpg 1000w, https:\/\/hopefulrubber.com\/wp-content\/uploads\/2023\/06\/hopeful_rubber_website_Industries_industrial-300x225.jpg 300w, https:\/\/hopefulrubber.com\/wp-content\/uploads\/2023\/06\/hopeful_rubber_website_Industries_industrial-768x576.jpg 768w, https:\/\/hopefulrubber.com\/wp-content\/uploads\/2023\/06\/hopeful_rubber_website_Industries_industrial-16x12.jpg 16w\" sizes=\"auto, (max-width: 1000px) 100vw, 1000px\" \/><\/a><figcaption class=\"wp-element-caption\">\u0110i\u1ec7n t\u1eed v\u00e0 C\u00f4ng nghi\u1ec7p<\/figcaption><\/figure>\n<\/figure>\n<\/div>\n<\/div>\n\n\n\n<div class=\"wp-block-columns is-layout-flex wp-container-core-columns-is-layout-9d6595d7 wp-block-columns-is-layout-flex\">\n<div class=\"wp-block-column is-layout-flow wp-block-column-is-layout-flow\">\n<figure class=\"wp-block-gallery has-nested-images columns-default is-cropped wp-block-gallery-7 is-layout-flex wp-block-gallery-is-layout-flex\">\n<figure class=\"wp-block-image size-large\"><a href=\"https:\/\/hopefulrubber.com\/vi\/cac-nganh-cong-nghiep\/do-an-va-do-uong\/\"><img loading=\"lazy\" decoding=\"async\" width=\"1000\" height=\"750\" data-id=\"346\" src=\"https:\/\/hopefulrubber.com\/wp-content\/uploads\/2023\/06\/hopeful_rubber_website_Industries_food_industry.jpg\" alt=\"Linh ki\u1ec7n cao su \u0111\u00fac trong ng\u00e0nh th\u1ef1c ph\u1ea9m v\u00e0 \u0111\u1ed3 gia d\u1ee5ng\" class=\"wp-image-346\" title=\"\" srcset=\"https:\/\/hopefulrubber.com\/wp-content\/uploads\/2023\/06\/hopeful_rubber_website_Industries_food_industry.jpg 1000w, https:\/\/hopefulrubber.com\/wp-content\/uploads\/2023\/06\/hopeful_rubber_website_Industries_food_industry-300x225.jpg 300w, https:\/\/hopefulrubber.com\/wp-content\/uploads\/2023\/06\/hopeful_rubber_website_Industries_food_industry-768x576.jpg 768w, https:\/\/hopefulrubber.com\/wp-content\/uploads\/2023\/06\/hopeful_rubber_website_Industries_food_industry-16x12.jpg 16w\" sizes=\"auto, (max-width: 1000px) 100vw, 1000px\" \/><\/a><figcaption class=\"wp-element-caption\">Th\u1ef1c ph\u1ea9m v\u00e0 \u0111\u1ed3 u\u1ed1ng<\/figcaption><\/figure>\n<\/figure>\n<\/div>\n\n\n\n<div class=\"wp-block-column is-layout-flow wp-block-column-is-layout-flow\">\n<figure class=\"wp-block-gallery has-nested-images columns-default is-cropped wp-block-gallery-8 is-layout-flex wp-block-gallery-is-layout-flex\">\n<figure class=\"wp-block-image size-large\"><img loading=\"lazy\" decoding=\"async\" width=\"1000\" height=\"750\" data-id=\"529\" src=\"https:\/\/hopefulrubber.com\/wp-content\/uploads\/2023\/06\/hopeful_rubber_website_Industries_unlock_soon_1.png\" alt=\"ph\u1ea7n cao su \u0111\u00fac cho \u1ee9ng d\u1ee5ng s\u1eefa\" class=\"wp-image-529\" title=\"\" srcset=\"https:\/\/hopefulrubber.com\/wp-content\/uploads\/2023\/06\/hopeful_rubber_website_Industries_unlock_soon_1.png 1000w, https:\/\/hopefulrubber.com\/wp-content\/uploads\/2023\/06\/hopeful_rubber_website_Industries_unlock_soon_1-300x225.png 300w, https:\/\/hopefulrubber.com\/wp-content\/uploads\/2023\/06\/hopeful_rubber_website_Industries_unlock_soon_1-768x576.png 768w, https:\/\/hopefulrubber.com\/wp-content\/uploads\/2023\/06\/hopeful_rubber_website_Industries_unlock_soon_1-16x12.png 16w\" sizes=\"auto, (max-width: 1000px) 100vw, 1000px\" \/><figcaption class=\"wp-element-caption\">M\u1edf kh\u00f3a s\u1edbm<\/figcaption><\/figure>\n<\/figure>\n<\/div>\n\n\n\n<div class=\"wp-block-column is-layout-flow wp-block-column-is-layout-flow\">\n<figure class=\"wp-block-gallery has-nested-images columns-default is-cropped wp-block-gallery-9 is-layout-flex wp-block-gallery-is-layout-flex\">\n<figure class=\"wp-block-image size-large\"><img loading=\"lazy\" decoding=\"async\" width=\"1000\" height=\"750\" data-id=\"531\" src=\"https:\/\/hopefulrubber.com\/wp-content\/uploads\/2023\/06\/hopeful_rubber_website_Industries_unlock_soon_2.png\" alt=\"Linh ki\u1ec7n cao su \u0111\u00fac cho \u1ee9ng d\u1ee5ng t\u00e0u ng\u1ea7m\" class=\"wp-image-531\" title=\"\" srcset=\"https:\/\/hopefulrubber.com\/wp-content\/uploads\/2023\/06\/hopeful_rubber_website_Industries_unlock_soon_2.png 1000w, https:\/\/hopefulrubber.com\/wp-content\/uploads\/2023\/06\/hopeful_rubber_website_Industries_unlock_soon_2-300x225.png 300w, https:\/\/hopefulrubber.com\/wp-content\/uploads\/2023\/06\/hopeful_rubber_website_Industries_unlock_soon_2-768x576.png 768w, https:\/\/hopefulrubber.com\/wp-content\/uploads\/2023\/06\/hopeful_rubber_website_Industries_unlock_soon_2-16x12.png 16w\" sizes=\"auto, (max-width: 1000px) 100vw, 1000px\" \/><figcaption class=\"wp-element-caption\">M\u1edf kh\u00f3a s\u1edbm<\/figcaption><\/figure>\n<\/figure>\n<\/div>\n<\/div>\n\n\n\n<p>\u0110\u1ed9i ng\u0169 k\u1ef9 s\u01b0 v\u00e0 nh\u00e0 thi\u1ebft k\u1ebf gi\u00e0u kinh nghi\u1ec7m c\u1ee7a ch\u00fang t\u00f4i l\u00e0m vi\u1ec7c ch\u1eb7t ch\u1ebd v\u1edbi kh\u00e1ch h\u00e0ng \u0111\u1ec3 ph\u00e1t tri\u1ec3n c\u00e1c gi\u1ea3i ph\u00e1p t\u00f9y ch\u1ec9nh ph\u00f9 h\u1ee3p v\u1edbi nhu c\u1ea7u c\u1ee5 th\u1ec3 c\u1ee7a h\u1ecd. Ch\u00fang t\u00f4i b\u1eaft \u0111\u1ea7u b\u1eb1ng c\u00e1ch h\u1ee3p t\u00e1c v\u1edbi kh\u00e1ch h\u00e0ng \u0111\u1ec3 hi\u1ec3u r\u00f5 y\u00eau c\u1ea7u c\u1ee7a h\u1ecd, t\u1eeb kh\u00e1i ni\u1ec7m ban \u0111\u1ea7u \u0111\u1ebfn s\u1ea3n ph\u1ea9m cu\u1ed1i c\u00f9ng. Ph\u01b0\u01a1ng ph\u00e1p ti\u1ebfp c\u1eadn h\u1ee3p t\u00e1c n\u00e0y \u0111\u1ea3m b\u1ea3o r\u1eb1ng c\u00e1c s\u1ea3n ph\u1ea9m cao su \u0111\u00fac m\u00e0 ch\u00fang t\u00f4i t\u1ea1o ra ho\u00e0n to\u00e0n ph\u00f9 h\u1ee3p v\u1edbi m\u1ee5c \u0111\u00edch s\u1eed d\u1ee5ng c\u1ee7a ch\u00fang.<\/p>\n\n\n\n<p>T\u1ea1i Hopeful Rubber, ch\u00fang t\u00f4i s\u1eed d\u1ee5ng c\u00f4ng ngh\u1ec7 ti\u00ean ti\u1ebfn v\u00e0 thi\u1ebft b\u1ecb hi\u1ec7n \u0111\u1ea1i \u0111\u1ec3 \u0111\u1ea3m b\u1ea3o \u0111\u1ed9 ch\u00ednh x\u00e1c v\u00e0 t\u00ednh nh\u1ea5t qu\u00e1n trong m\u1ecdi d\u1ef1 \u00e1n. Quy tr\u00ecnh s\u1ea3n xu\u1ea5t c\u1ee7a ch\u00fang t\u00f4i bao g\u1ed3m s\u1ef1 ch\u00fa \u00fd t\u1ec9 m\u1ec9 \u0111\u1ebfn t\u1eebng chi ti\u1ebft, cho ph\u00e9p ch\u00fang t\u00f4i s\u1ea3n xu\u1ea5t c\u00e1c b\u1ed9 ph\u1eadn cao su \u0111\u00fac t\u00f9y ch\u1ec9nh \u0111\u00e1p \u1ee9ng c\u00e1c ti\u00eau chu\u1ea9n cao nh\u1ea5t c\u1ee7a ng\u00e0nh. B\u1eb1ng c\u00e1ch t\u1eadn d\u1ee5ng c\u00e1c k\u1ef9 thu\u1eadt v\u00e0 v\u1eadt li\u1ec7u ti\u00ean ti\u1ebfn, ch\u00fang t\u00f4i c\u00f3 th\u1ec3 t\u1ea1o ra c\u00e1c s\u1ea3n ph\u1ea9m cao su ch\u1ecbu \u0111\u01b0\u1ee3c s\u1ef1 kh\u1eafc nghi\u1ec7t c\u1ee7a \u1ee9ng d\u1ee5ng, \u0111\u1ea3m b\u1ea3o \u0111\u1ed9 b\u1ec1n v\u00e0 \u0111\u1ed9 tin c\u1eady.<\/p>\n\n\n\n<p>\u0110\u1ec3 bi\u1ebft th\u00eam th\u00f4ng tin v\u1ec1 d\u1ecbch v\u1ee5 cao su \u0111\u00fac c\u1ee7a ch\u00fang t\u00f4i v\u00e0 c\u00e1ch ch\u00fang t\u00f4i c\u00f3 th\u1ec3 gi\u00fap b\u1ea1n \u0111\u00e1p \u1ee9ng nhu c\u1ea7u c\u1ee5 th\u1ec3 c\u1ee7a m\u00ecnh, vui l\u00f2ng li\u00ean h\u1ec7 v\u1edbi ch\u00fang t\u00f4i ngay h\u00f4m nay. Ch\u00fang t\u00f4i mong mu\u1ed1n \u0111\u01b0\u1ee3c h\u1ee3p t\u00e1c v\u1edbi b\u1ea1n \u0111\u1ec3 t\u1ea1o ra c\u00e1c s\u1ea3n ph\u1ea9m cao su \u0111\u00fac ho\u00e0n h\u1ea3o cho doanh nghi\u1ec7p c\u1ee7a b\u1ea1n.<\/p>\n\n\n\n<div class=\"wp-block-buttons is-layout-flex wp-block-buttons-is-layout-flex\">\n<div class=\"wp-block-button has-custom-font-size has-small-font-size\"><a class=\"wp-block-button__link has-white-color has-vivid-red-background-color has-text-color has-background wp-element-button\" href=\"https:\/\/hopefulrubber.com\/vi\/lien-he-voi-chung-toi\/\">Li\u00ean h\u1ec7 v\u1edbi ch\u00fang t\u00f4i<\/a><\/div>\n<\/div>","protected":false},"excerpt":{"rendered":"<p>Industries We Serve Providing Custom Molded Rubber Products for a Wide Range of Industries and Applications Hopeful Rubber is a trusted provider of high-quality molded rubber products, offering exceptional custom\u00a0rubber molding services\u00a0tailored to various industries and applications.\u00a0 With decades of experience in the field, we have established ourselves as a reliable partner for companies across [&hellip;]<\/p>\n","protected":false},"author":1,"featured_media":0,"parent":0,"menu_order":0,"comment_status":"closed","ping_status":"closed","template":"","meta":{"content-type":"","footnotes":""},"class_list":["post-1150","page","type-page","status-publish","hentry"],"_links":{"self":[{"href":"https:\/\/hopefulrubber.com\/vi\/wp-json\/wp\/v2\/pages\/1150","targetHints":{"allow":["GET"]}}],"collection":[{"href":"https:\/\/hopefulrubber.com\/vi\/wp-json\/wp\/v2\/pages"}],"about":[{"href":"https:\/\/hopefulrubber.com\/vi\/wp-json\/wp\/v2\/types\/page"}],"author":[{"embeddable":true,"href":"https:\/\/hopefulrubber.com\/vi\/wp-json\/wp\/v2\/users\/1"}],"replies":[{"embeddable":true,"href":"https:\/\/hopefulrubber.com\/vi\/wp-json\/wp\/v2\/comments?post=1150"}],"version-history":[{"count":22,"href":"https:\/\/hopefulrubber.com\/vi\/wp-json\/wp\/v2\/pages\/1150\/revisions"}],"predecessor-version":[{"id":2151,"href":"https:\/\/hopefulrubber.com\/vi\/wp-json\/wp\/v2\/pages\/1150\/revisions\/2151"}],"wp:attachment":[{"href":"https:\/\/hopefulrubber.com\/vi\/wp-json\/wp\/v2\/media?parent=1150"}],"curies":[{"name":"wp","href":"https:\/\/api.w.org\/{rel}","templated":true}]}}