{"id":1277,"date":"2023-07-12T13:53:21","date_gmt":"2023-07-12T05:53:21","guid":{"rendered":"https:\/\/hopefulrubber.com\/?page_id=1277"},"modified":"2025-07-22T17:59:54","modified_gmt":"2025-07-22T09:59:54","slug":"thanh-vien-nhom","status":"publish","type":"page","link":"https:\/\/hopefulrubber.com\/vi\/hopeful-rubber\/group-members\/","title":{"rendered":"Th\u00e0nh vi\u00ean nh\u00f3m"},"content":{"rendered":"<h1 class=\"wp-block-heading has-text-color has-x-large-font-size\" id=\"group-members-of-hopeful-rubber\" style=\"color:#014282\">Hopeful Rubber: Gi\u1ea3i ph\u00f3ng s\u1ee9c m\u1ea1nh c\u1ee7a s\u1ef1 h\u1ee3p t\u00e1c trong ng\u00e0nh c\u00f4ng nghi\u1ec7p \u0111\u00fac cao su <\/h1>\n\n\n\n<div style=\"height:20px\" aria-hidden=\"true\" class=\"wp-block-spacer\"><\/div>\n\n\n\n<p>Kh\u00e1m ph\u00e1 s\u1ee9c m\u1ea1nh c\u1ee7a s\u1ef1 h\u1ee3p t\u00e1c trong ng\u00e0nh \u0111\u00fac cao su. C\u00e1c th\u00e0nh vi\u00ean c\u1ee7a Hopeful Rubber Group t\u1eadn t\u1ee5y v\u1edbi c\u00e1c l\u0129nh v\u1ef1c kh\u00e1c nhau trong ng\u00e0nh \u0111\u00fac cao su, h\u1ee3p t\u00e1c chi\u1ebfn l\u01b0\u1ee3c \u0111\u1ec3 t\u1eadn d\u1ee5ng s\u1ee9c m\u1ea1nh v\u00e0 ngu\u1ed3n l\u1ef1c t\u1eadp th\u1ec3 c\u1ee7a ch\u00fang t\u00f4i \u0111\u1ec3 \u0111\u1ea1t \u0111\u01b0\u1ee3c th\u00e0nh c\u00f4ng v\u00f4 song.<\/p>\n\n\n\n<div style=\"height:20px\" aria-hidden=\"true\" class=\"wp-block-spacer\"><\/div>\n\n\n\n<h2 class=\"wp-block-heading has-text-color has-x-large-font-size\" id=\"group-members-of-hopeful-rubber\" style=\"color:#014282\">C\u00e1c th\u00e0nh vi\u00ean c\u1ee7a Hopeful Rubber:<\/h2>\n\n\n\n<div style=\"height:20px\" aria-hidden=\"true\" class=\"wp-block-spacer\"><\/div>\n\n\n\n<div class=\"wp-block-media-text alignwide is-stacked-on-mobile is-vertically-aligned-center\" style=\"grid-template-columns:16% auto\"><figure class=\"wp-block-media-text__media\"><img loading=\"lazy\" decoding=\"async\" width=\"1024\" height=\"1024\" src=\"https:\/\/hopefulrubber.com\/wp-content\/uploads\/2023\/07\/HFG_LOGO-1024x1024.jpg\" alt=\"\" class=\"wp-image-1278 size-full\" title=\"\" srcset=\"https:\/\/hopefulrubber.com\/wp-content\/uploads\/2023\/07\/HFG_LOGO-1024x1024.jpg 1024w, https:\/\/hopefulrubber.com\/wp-content\/uploads\/2023\/07\/HFG_LOGO-300x300.jpg 300w, https:\/\/hopefulrubber.com\/wp-content\/uploads\/2023\/07\/HFG_LOGO-150x150.jpg 150w, https:\/\/hopefulrubber.com\/wp-content\/uploads\/2023\/07\/HFG_LOGO-768x768.jpg 768w, https:\/\/hopefulrubber.com\/wp-content\/uploads\/2023\/07\/HFG_LOGO-12x12.jpg 12w, https:\/\/hopefulrubber.com\/wp-content\/uploads\/2023\/07\/HFG_LOGO.jpg 1250w\" sizes=\"auto, (max-width: 1024px) 100vw, 1024px\" \/><\/figure><div class=\"wp-block-media-text__content\">\n<h2 class=\"wp-block-heading has-text-color\" id=\"hopeful-rubber-group-holding-limited\" style=\"color:#000000;font-size:30px;font-style:normal;font-weight:700;text-transform:uppercase\">C\u00f4ng ty C\u1ed5 ph\u1ea7n T\u1eadp \u0111o\u00e0n Cao su Hopeful<\/h2>\n\n\n\n<div class=\"wp-block-columns is-layout-flex wp-container-core-columns-is-layout-9d6595d7 wp-block-columns-is-layout-flex\">\n<div class=\"wp-block-column is-layout-flow wp-block-column-is-layout-flow\" style=\"flex-basis:15%\">\n<p>\u0110\u1ecba ch\u1ec9:<\/p>\n\n\n\n<p>\u0110i\u1ec7n tho\u1ea1i:<\/p>\n\n\n\n<p>E-mail:<\/p>\n\n\n\n<p>Trang web:<\/p>\n<\/div>\n\n\n\n<div class=\"wp-block-column is-layout-flow wp-block-column-is-layout-flow\" style=\"flex-basis:80%\">\n<p>Ph\u00f2ng 1705-08, T\u1ea7ng 17, Metropole Square, S\u1ed1 2 \u0110\u01b0\u1eddng Yiu, Siu Lek Yuen, Shatin, NT, H\u1ed3ng K\u00f4ng<\/p>\n\n\n\n<p>+852 2664 9688<\/p>\n\n\n\n<p>inquiry@hopefulrubber.com<\/p>\n\n\n\n<p><a href=\"http:\/\/www.hopefulgroup.com\" rel=\"nofollow noopener\" target=\"_blank\">www.hopefulgroup.com<\/a><\/p>\n<\/div>\n<\/div>\n<\/div><\/div>\n\n\n\n<div class=\"wp-block-cover alignfull is-light has-custom-content-position is-position-top-center\"><span aria-hidden=\"true\" class=\"wp-block-cover__background has-background-dim-100 has-background-dim\" style=\"background-color:#ffffff\"><\/span><div class=\"wp-block-cover__inner-container is-layout-flow wp-block-cover-is-layout-flow\">\n<div style=\"height:10px\" aria-hidden=\"true\" class=\"wp-block-spacer\"><\/div>\n\n\n\n<div class=\"wp-block-media-text alignwide is-stacked-on-mobile is-vertically-aligned-center\" style=\"grid-template-columns:16% auto\"><figure class=\"wp-block-media-text__media\"><img loading=\"lazy\" decoding=\"async\" width=\"512\" height=\"512\" src=\"https:\/\/hopefulrubber.com\/wp-content\/uploads\/2023\/05\/cropped-cropped-HF_LOGO.jpg\" alt=\"logo-cao-su-hy v\u1ecdng\" class=\"wp-image-102 size-full\" title=\"\" srcset=\"https:\/\/hopefulrubber.com\/wp-content\/uploads\/2023\/05\/cropped-cropped-HF_LOGO.jpg 512w, https:\/\/hopefulrubber.com\/wp-content\/uploads\/2023\/05\/cropped-cropped-HF_LOGO-300x300.jpg 300w, https:\/\/hopefulrubber.com\/wp-content\/uploads\/2023\/05\/cropped-cropped-HF_LOGO-150x150.jpg 150w, https:\/\/hopefulrubber.com\/wp-content\/uploads\/2023\/05\/cropped-cropped-HF_LOGO-12x12.jpg 12w, https:\/\/hopefulrubber.com\/wp-content\/uploads\/2023\/05\/cropped-cropped-HF_LOGO-270x270.jpg 270w, https:\/\/hopefulrubber.com\/wp-content\/uploads\/2023\/05\/cropped-cropped-HF_LOGO-192x192.jpg 192w, https:\/\/hopefulrubber.com\/wp-content\/uploads\/2023\/05\/cropped-cropped-HF_LOGO-180x180.jpg 180w, https:\/\/hopefulrubber.com\/wp-content\/uploads\/2023\/05\/cropped-cropped-HF_LOGO-32x32.jpg 32w\" sizes=\"auto, (max-width: 512px) 100vw, 512px\" \/><\/figure><div class=\"wp-block-media-text__content\">\n<h2 class=\"wp-block-heading has-text-color\" id=\"hopeful-rubber-mfg-co-ltd\" style=\"color:#000000;font-size:30px;font-style:normal;font-weight:700;text-transform:uppercase\">C\u00f4ng ty TNHH s\u1ea3n xu\u1ea5t cao su Hopeful<\/h2>\n\n\n\n<div class=\"wp-block-columns is-layout-flex wp-container-core-columns-is-layout-9d6595d7 wp-block-columns-is-layout-flex\">\n<div class=\"wp-block-column is-layout-flow wp-block-column-is-layout-flow\" style=\"flex-basis:15%\">\n<p>\u0110\u1ecba ch\u1ec9:<\/p>\n\n\n\n<p>\u0110i\u1ec7n tho\u1ea1i:<\/p>\n\n\n\n<p>Nh\u00e0 m\u00e1y-Ph\u1eadt S\u01a1n:<\/p>\n\n\n\n<p>\u0110i\u1ec7n tho\u1ea1i:<\/p>\n\n\n\n<p>Nh\u00e0 m\u00e1y-H\u00e0 N\u1ed9i<\/p>\n\n\n\n<div style=\"height:24px\" aria-hidden=\"true\" class=\"wp-block-spacer\"><\/div>\n\n\n\n<p>\u0110i\u1ec7n tho\u1ea1i:<\/p>\n\n\n\n<p>E-mail:<\/p>\n\n\n\n<p>Trang web:<\/p>\n<\/div>\n\n\n\n<div class=\"wp-block-column is-layout-flow wp-block-column-is-layout-flow\" style=\"flex-basis:100%\">\n<p>Ph\u00f2ng 1705-08, T\u1ea7ng 17, Metropole Square, S\u1ed1 2 \u0110\u01b0\u1eddng Yiu, Siu Lek Yuen, Shatin, NT, H\u1ed3ng K\u00f4ng<\/p>\n\n\n\n<p>+852 2664 9688<\/p>\n\n\n\n<p>S\u1ed1 3, \u0110\u01b0\u1eddng Ruyi, L\u00e0ng Xiabai, Th\u1ecb tr\u1ea5n Luocun, Qu\u1eadn Nam H\u1ea3i Ph\u1eadt S\u01a1n, Qu\u1ea3ng \u0110\u00f4ng, 528226 Trung Qu\u1ed1c<\/p>\n\n\n\n<p>+86 757 8641 8888<\/p>\n\n\n\n<p>Kh\u1ed1i 2 \u0110\u01a1n nguy\u00ean 1 Khu Logistics B\u1eafc Giang 1 t\u1ea1i L\u00f4 CN-11 &amp; CN-14, KCN H\u00f2a Ph\u00fa, X\u00e3 Xu\u00e2n C\u1ea9m, T\u1ec9nh B\u1eafc Ninh, Vi\u1ec7t Nam<\/p>\n\n\n\n<p>+084 0392201788<\/p>\n\n\n\n<p>inquiry@hopefulrubber.com<\/p>\n\n\n\n<p><a href=\"https:\/\/hopefulrubber.com\/vi\/\">www.hopefulrubber.com<\/a><\/p>\n<\/div>\n<\/div>\n<\/div><\/div>\n\n\n\n<div style=\"height:10px\" aria-hidden=\"true\" class=\"wp-block-spacer\"><\/div>\n\n\n\n<div class=\"wp-block-media-text alignwide is-stacked-on-mobile is-vertically-aligned-center\" style=\"grid-template-columns:16% auto\"><figure class=\"wp-block-media-text__media\"><img loading=\"lazy\" decoding=\"async\" width=\"1024\" height=\"1024\" src=\"https:\/\/hopefulrubber.com\/wp-content\/uploads\/2023\/07\/AT_LOGO-08-1024x1024.jpg\" alt=\"\" class=\"wp-image-1290 size-full\" title=\"\" srcset=\"https:\/\/hopefulrubber.com\/wp-content\/uploads\/2023\/07\/AT_LOGO-08-1024x1024.jpg 1024w, https:\/\/hopefulrubber.com\/wp-content\/uploads\/2023\/07\/AT_LOGO-08-300x300.jpg 300w, https:\/\/hopefulrubber.com\/wp-content\/uploads\/2023\/07\/AT_LOGO-08-150x150.jpg 150w, https:\/\/hopefulrubber.com\/wp-content\/uploads\/2023\/07\/AT_LOGO-08-768x768.jpg 768w, https:\/\/hopefulrubber.com\/wp-content\/uploads\/2023\/07\/AT_LOGO-08-12x12.jpg 12w, https:\/\/hopefulrubber.com\/wp-content\/uploads\/2023\/07\/AT_LOGO-08.jpg 1250w\" sizes=\"auto, (max-width: 1024px) 100vw, 1024px\" \/><\/figure><div class=\"wp-block-media-text__content\">\n<h2 class=\"wp-block-heading has-text-color\" id=\"ample-technology-co-ltd\" style=\"color:#000000;font-size:30px;font-style:normal;font-weight:700;text-transform:uppercase\">C\u00d4NG TY TNHH C\u00d4NG NGH\u1ec6 AMPLE<\/h2>\n\n\n\n<div class=\"wp-block-columns is-layout-flex wp-container-core-columns-is-layout-9d6595d7 wp-block-columns-is-layout-flex\">\n<div class=\"wp-block-column is-layout-flow wp-block-column-is-layout-flow\" style=\"flex-basis:15%\">\n<p>Nh\u00e0 m\u00e1y:                                 <\/p>\n\n\n\n<div style=\"height:37px\" aria-hidden=\"true\" class=\"wp-block-spacer\"><\/div>\n\n\n\n<p>\u0110i\u1ec7n tho\u1ea1i:<\/p>\n\n\n\n<p>E-mail:<\/p>\n\n\n\n<p>Trang web:<\/p>\n<\/div>\n\n\n\n<div class=\"wp-block-column is-layout-flow wp-block-column-is-layout-flow\" style=\"flex-basis:100%\">\n<p>S\u1ed1 10 \u0110\u1ea1i l\u1ed9 Jinzhu, C\u01a1 s\u1edf V\u1eadt li\u1ec7u M\u1edbi, Khu Ph\u00e1t tri\u1ec3n C\u00f4ng nghi\u1ec7p C\u00f4ng ngh\u1ec7 cao Qingyuan Yingde, Th\u1ecb tr\u1ea5n Donghua, Th\u00e0nh ph\u1ed1 Yingde, Qingyuan, Qu\u1ea3ng \u0110\u00f4ng, Trung Qu\u1ed1c<\/p>\n\n\n\n<p> +86 763 2888772<\/p>\n\n\n\n<p>ampleasia@ampleasia.com<\/p>\n\n\n\n<p><a href=\"http:\/\/www.ampleasia.com\/\" rel=\"nofollow noopener\" target=\"_blank\">http:\/\/www.ampleasia.com\/<\/a><\/p>\n<\/div>\n<\/div>\n<\/div><\/div>\n\n\n\n<div style=\"height:10px\" aria-hidden=\"true\" class=\"wp-block-spacer\"><\/div>\n\n\n\n<div class=\"wp-block-media-text alignwide is-stacked-on-mobile is-vertically-aligned-center\" style=\"grid-template-columns:16% auto\"><figure class=\"wp-block-media-text__media\"><img loading=\"lazy\" decoding=\"async\" width=\"1024\" height=\"1024\" src=\"https:\/\/hopefulrubber.com\/wp-content\/uploads\/2023\/07\/JX_LOGO-1024x1024.jpg\" alt=\"Logo c\u1ee7a C\u00f4ng ty TNHH C\u00f4ng ngh\u1ec7 thi\u1ebft b\u1ecb \u0111i\u1ec7n t\u1eed Jiaxin (Th\u00e2m Quy\u1ebfn)\" class=\"wp-image-1287 size-full\" title=\"\" srcset=\"https:\/\/hopefulrubber.com\/wp-content\/uploads\/2023\/07\/JX_LOGO-1024x1024.jpg 1024w, https:\/\/hopefulrubber.com\/wp-content\/uploads\/2023\/07\/JX_LOGO-300x300.jpg 300w, https:\/\/hopefulrubber.com\/wp-content\/uploads\/2023\/07\/JX_LOGO-150x150.jpg 150w, https:\/\/hopefulrubber.com\/wp-content\/uploads\/2023\/07\/JX_LOGO-768x768.jpg 768w, https:\/\/hopefulrubber.com\/wp-content\/uploads\/2023\/07\/JX_LOGO-12x12.jpg 12w, https:\/\/hopefulrubber.com\/wp-content\/uploads\/2023\/07\/JX_LOGO.jpg 1250w\" sizes=\"auto, (max-width: 1024px) 100vw, 1024px\" \/><\/figure><div class=\"wp-block-media-text__content\">\n<h2 class=\"wp-block-heading has-text-color\" id=\"jiaxin-electronic-equipment-and-technology-shenzhen-co-ltd\" style=\"color:#000000;font-size:30px;font-style:normal;font-weight:700;text-transform:uppercase\">C\u00f4ng ty TNHH Thi\u1ebft b\u1ecb v\u00e0 C\u00f4ng ngh\u1ec7 \u0110i\u1ec7n t\u1eed Jiaxin (Th\u00e2m Quy\u1ebfn)<\/h2>\n\n\n\n<div class=\"wp-block-columns is-layout-flex wp-container-core-columns-is-layout-9d6595d7 wp-block-columns-is-layout-flex\">\n<div class=\"wp-block-column is-layout-flow wp-block-column-is-layout-flow\" style=\"flex-basis:20%\">\n<p>Nh\u00e0 m\u00e1y-Th\u00e2m Quy\u1ebfn:<\/p>\n\n\n\n<p>\u0110i\u1ec7n tho\u1ea1i:<\/p>\n\n\n\n<p>Nh\u00e0 m\u00e1y-Ph\u1eadt S\u01a1n<\/p>\n\n\n\n<p>\u0110i\u1ec7n tho\u1ea1i:<\/p>\n\n\n\n<p>E-mail:<\/p>\n\n\n\n<p>Trang web:<\/p>\n<\/div>\n\n\n\n<div class=\"wp-block-column is-layout-flow wp-block-column-is-layout-flow\" style=\"flex-basis:100%\">\n<p>C\u00f4ng vi\u00ean khoa h\u1ecdc v\u00e0 c\u00f4ng ngh\u1ec7 Fullwell, s\u1ed1 5 \u0111\u01b0\u1eddng Xinyu, ph\u1ed1 Xinqiao, khu B\u1ea3o An, th\u00e0nh ph\u1ed1 Th\u00e2m Quy\u1ebfn, Trung Qu\u1ed1c.<\/p>\n\n\n\n<p>+86 755 27285040 ~ 46<\/p>\n\n\n\n<p>\u0110\u01b0\u1eddng c\u00f4ng nghi\u1ec7p s\u1ed1 31, X\u01b0\u1edfng 2\/3, th\u1ecb tr\u1ea5n Danzao, qu\u1eadn Nam H\u1ea3i, th\u00e0nh ph\u1ed1 Ph\u1eadt S\u01a1n, Qu\u1ea3ng \u0110\u00f4ng, C\u1ed9ng h\u00f2a Nh\u00e2n d\u00e2n Trung Hoa.<\/p>\n\n\n\n<p>+86 757 86605056<\/p>\n\n\n\n<p>&nbsp;fw2mkt@fullwellhk.com<\/p>\n\n\n\n<p><a href=\"http:\/\/www.jiaxin-sz.com.cn\/\" rel=\"nofollow noopener\" target=\"_blank\">http:\/\/www.jiaxin-sz.com.cn\/<\/a><\/p>\n<\/div>\n<\/div>\n<\/div><\/div>\n\n\n\n<div style=\"height:10px\" aria-hidden=\"true\" class=\"wp-block-spacer\"><\/div>\n\n\n\n<div class=\"wp-block-media-text alignwide is-stacked-on-mobile is-vertically-aligned-center\" style=\"grid-template-columns:16% auto\"><figure class=\"wp-block-media-text__media\"><img loading=\"lazy\" decoding=\"async\" width=\"1024\" height=\"1024\" src=\"https:\/\/hopefulrubber.com\/wp-content\/uploads\/2023\/07\/FREEZECO_LOGO-1024x1024.jpg\" alt=\"\" class=\"wp-image-1296 size-full\" title=\"\" srcset=\"https:\/\/hopefulrubber.com\/wp-content\/uploads\/2023\/07\/FREEZECO_LOGO-1024x1024.jpg 1024w, https:\/\/hopefulrubber.com\/wp-content\/uploads\/2023\/07\/FREEZECO_LOGO-300x300.jpg 300w, https:\/\/hopefulrubber.com\/wp-content\/uploads\/2023\/07\/FREEZECO_LOGO-150x150.jpg 150w, https:\/\/hopefulrubber.com\/wp-content\/uploads\/2023\/07\/FREEZECO_LOGO-768x768.jpg 768w, https:\/\/hopefulrubber.com\/wp-content\/uploads\/2023\/07\/FREEZECO_LOGO-12x12.jpg 12w, https:\/\/hopefulrubber.com\/wp-content\/uploads\/2023\/07\/FREEZECO_LOGO.jpg 1250w\" sizes=\"auto, (max-width: 1024px) 100vw, 1024px\" \/><\/figure><div class=\"wp-block-media-text__content\">\n<h2 class=\"wp-block-heading has-text-color\" id=\"freezeco-2-dry-ice-cleaning-equipment-service-company\" style=\"color:#000000;font-size:30px;font-style:normal;font-weight:700;text-transform:uppercase\">C\u00f4ng ty d\u1ecbch v\u1ee5 v\u00e0 thi\u1ebft b\u1ecb v\u1ec7 sinh \u0111\u00e1 kh\u00f4 FREEZECO2<\/h2>\n\n\n\n<div class=\"wp-block-columns is-layout-flex wp-container-core-columns-is-layout-9d6595d7 wp-block-columns-is-layout-flex\">\n<div class=\"wp-block-column is-layout-flow wp-block-column-is-layout-flow\" style=\"flex-basis:15%\">\n<p>Nh\u00e0 m\u00e1y:<\/p>\n\n\n\n<p>\u0110i\u1ec7n tho\u1ea1i:<\/p>\n\n\n\n<p>E-mail:<\/p>\n\n\n\n<p>Trang web:<\/p>\n<\/div>\n\n\n\n<div class=\"wp-block-column is-layout-flow wp-block-column-is-layout-flow\" style=\"flex-basis:100%\">\n<p>S\u1ed1 3, \u0110\u01b0\u1eddng Ruyi, L\u00e0ng Xiabai, Th\u1ecb tr\u1ea5n Luocun, Qu\u1eadn Nam H\u1ea3i Ph\u1eadt S\u01a1n, Qu\u1ea3ng \u0110\u00f4ng, 528226 Trung Qu\u1ed1c<\/p>\n\n\n\n<p>+86 18824816586<\/p>\n\n\n\n<p>&nbsp;betty_ma@freezeco2.cn<\/p>\n\n\n\n<p><a href=\"http:\/\/www.freezeco2.com\/\" rel=\"nofollow noopener\" target=\"_blank\">http:\/\/www.freezeco2.com\/<\/a><\/p>\n<\/div>\n<\/div>\n<\/div><\/div>\n\n\n\n<div style=\"height:10px\" aria-hidden=\"true\" class=\"wp-block-spacer\"><\/div>\n\n\n\n<div class=\"wp-block-media-text alignwide is-stacked-on-mobile is-vertically-aligned-center\" style=\"grid-template-columns:16% auto\"><figure class=\"wp-block-media-text__media\"><img data-dominant-color=\"fee1e1\" data-has-transparency=\"false\" style=\"--dominant-color: #fee1e1;\" loading=\"lazy\" decoding=\"async\" width=\"571\" height=\"571\" src=\"https:\/\/hopefulrubber.com\/wp-content\/uploads\/2025\/07\/\u51a0\u661flogo.webp\" alt=\"Plastic Molding Company STARWAY Company Logo\" class=\"wp-image-2278 size-full not-transparent\" title=\"\" srcset=\"https:\/\/hopefulrubber.com\/wp-content\/uploads\/2025\/07\/\u51a0\u661flogo.webp 571w, https:\/\/hopefulrubber.com\/wp-content\/uploads\/2025\/07\/\u51a0\u661flogo-300x300.webp 300w, https:\/\/hopefulrubber.com\/wp-content\/uploads\/2025\/07\/\u51a0\u661flogo-150x150.webp 150w, https:\/\/hopefulrubber.com\/wp-content\/uploads\/2025\/07\/\u51a0\u661flogo-12x12.webp 12w\" sizes=\"auto, (max-width: 571px) 100vw, 571px\" \/><\/figure><div class=\"wp-block-media-text__content\">\n<h2 class=\"wp-block-heading has-text-color\" id=\"foshan-starway-precision-technology-co-ltd\" style=\"color:#000000;font-size:30px;font-style:normal;font-weight:700;text-transform:uppercase\">C\u00d4NG TY TNHH C\u00d4NG NGH\u1ec6 CH\u00cdNH X\u00c1C STARWAY FOSHAN<\/h2>\n\n\n\n<div class=\"wp-block-columns is-layout-flex wp-container-core-columns-is-layout-9d6595d7 wp-block-columns-is-layout-flex\">\n<div class=\"wp-block-column is-layout-flow wp-block-column-is-layout-flow\" style=\"flex-basis:15%\">\n<p>Nh\u00e0 m\u00e1y:<\/p>\n\n\n\n<div style=\"height:29px\" aria-hidden=\"true\" class=\"wp-block-spacer\"><\/div>\n\n\n\n<p>\u0110i\u1ec7n tho\u1ea1i:<\/p>\n\n\n\n<p>E-mail:<\/p>\n\n\n\n<p>Trang web:<\/p>\n<\/div>\n\n\n\n<div class=\"wp-block-column is-layout-flow wp-block-column-is-layout-flow\" style=\"flex-basis:100%\">\n<p>Ph\u00f2ng 201, T\u00f2a nh\u00e0 1, C\u00f4ng vi\u00ean Khoa h\u1ecdc Wuba, S\u1ed1 38, \u0110\u01b0\u1eddng Hu\u00e2n S\u01a1n, Th\u1ecb tr\u1ea5n Xiqiao, Qu\u1eadn Nam H\u1ea3i, Ph\u1eadt S\u01a1n, Qu\u1ea3ng \u0110\u00f4ng, Trung Qu\u1ed1c.<\/p>\n\n\n\n<p>+86 13823399914<\/p>\n\n\n\n<p>&nbsp;topstar1000@163.com<\/p>\n\n\n\n<p><a href=\"https:\/\/www.hopefulgroup.com\/topstar\/topstar.html\" rel=\"nofollow noopener\" target=\"_blank\">https:\/\/www.hopefulgroup.com\/topstar\/topstar.html<\/a><\/p>\n<\/div>\n<\/div>\n<\/div><\/div>\n\n\n\n<div style=\"height:10px\" aria-hidden=\"true\" class=\"wp-block-spacer\"><\/div>\n\n\n\n<div class=\"wp-block-media-text alignwide is-stacked-on-mobile is-vertically-aligned-center\" style=\"grid-template-columns:16% auto\"><figure class=\"wp-block-media-text__media\"><img loading=\"lazy\" decoding=\"async\" width=\"1024\" height=\"1024\" src=\"https:\/\/hopefulrubber.com\/wp-content\/uploads\/2023\/07\/CW_LOGO-1024x1024.jpg\" alt=\"\" class=\"wp-image-1298 size-full\" title=\"\" srcset=\"https:\/\/hopefulrubber.com\/wp-content\/uploads\/2023\/07\/CW_LOGO-1024x1024.jpg 1024w, https:\/\/hopefulrubber.com\/wp-content\/uploads\/2023\/07\/CW_LOGO-300x300.jpg 300w, https:\/\/hopefulrubber.com\/wp-content\/uploads\/2023\/07\/CW_LOGO-150x150.jpg 150w, https:\/\/hopefulrubber.com\/wp-content\/uploads\/2023\/07\/CW_LOGO-768x768.jpg 768w, https:\/\/hopefulrubber.com\/wp-content\/uploads\/2023\/07\/CW_LOGO-12x12.jpg 12w, https:\/\/hopefulrubber.com\/wp-content\/uploads\/2023\/07\/CW_LOGO.jpg 1250w\" sizes=\"auto, (max-width: 1024px) 100vw, 1024px\" \/><\/figure><div class=\"wp-block-media-text__content\">\n<h2 class=\"wp-block-heading has-text-color\" id=\"foshan-chun-wah-machinery-engineering-ltd\" style=\"color:#000000;font-size:30px;font-style:normal;font-weight:700;text-transform:uppercase\">C\u00f4ng ty TNHH K\u1ef9 thu\u1eadt M\u00e1y m\u00f3c Ph\u1eadt S\u01a1n Chun Wah&nbsp;<\/h2>\n\n\n\n<div class=\"wp-block-columns is-layout-flex wp-container-core-columns-is-layout-9d6595d7 wp-block-columns-is-layout-flex\">\n<div class=\"wp-block-column is-layout-flow wp-block-column-is-layout-flow\" style=\"flex-basis:15%\">\n<p>Nh\u00e0 m\u00e1y:<\/p>\n\n\n\n<p>\u0110i\u1ec7n tho\u1ea1i:<\/p>\n\n\n\n<p>E-mail:<\/p>\n\n\n\n<p>Trang web:<\/p>\n<\/div>\n\n\n\n<div class=\"wp-block-column is-layout-flow wp-block-column-is-layout-flow\" style=\"flex-basis:100%\">\n<p>S\u1ed1 3, \u0110\u01b0\u1eddng Ruyi, L\u00e0ng Xiabai, Th\u1ecb tr\u1ea5n Luocun, Qu\u1eadn Nam H\u1ea3i Ph\u1eadt S\u01a1n, Qu\u1ea3ng \u0110\u00f4ng, 528226 Trung Qu\u1ed1c.<\/p>\n\n\n\n<p>+86 757 8641 2222<\/p>\n\n\n\n<p>&nbsp;nhcw_03@hopefulrubber.com<\/p>\n\n\n\n<p><a href=\"https:\/\/www.chunwahme.com\/\" rel=\"nofollow noopener\" target=\"_blank\">https:\/\/www.chunwahme.com\/<\/a><\/p>\n<\/div>\n<\/div>\n<\/div><\/div>\n\n\n\n<div style=\"height:10px\" aria-hidden=\"true\" class=\"wp-block-spacer\"><\/div>\n\n\n\n<div class=\"wp-block-media-text alignwide is-stacked-on-mobile is-vertically-aligned-center\" style=\"grid-template-columns:16% auto\"><figure class=\"wp-block-media-text__media\"><img loading=\"lazy\" decoding=\"async\" width=\"1024\" height=\"1024\" src=\"https:\/\/hopefulrubber.com\/wp-content\/uploads\/2023\/07\/Samiily_LOGO-1024x1024.jpg\" alt=\"\" class=\"wp-image-1299 size-full\" title=\"\" srcset=\"https:\/\/hopefulrubber.com\/wp-content\/uploads\/2023\/07\/Samiily_LOGO-1024x1024.jpg 1024w, https:\/\/hopefulrubber.com\/wp-content\/uploads\/2023\/07\/Samiily_LOGO-300x300.jpg 300w, https:\/\/hopefulrubber.com\/wp-content\/uploads\/2023\/07\/Samiily_LOGO-150x150.jpg 150w, https:\/\/hopefulrubber.com\/wp-content\/uploads\/2023\/07\/Samiily_LOGO-768x768.jpg 768w, https:\/\/hopefulrubber.com\/wp-content\/uploads\/2023\/07\/Samiily_LOGO-12x12.jpg 12w, https:\/\/hopefulrubber.com\/wp-content\/uploads\/2023\/07\/Samiily_LOGO.jpg 1250w\" sizes=\"auto, (max-width: 1024px) 100vw, 1024px\" \/><\/figure><div class=\"wp-block-media-text__content\">\n<h2 class=\"wp-block-heading has-text-color\" id=\"samily-group-company-limited\" style=\"color:#000000;font-size:30px;font-style:normal;font-weight:700;text-transform:uppercase\">C\u00f4ng ty TNHH T\u1eadp \u0111o\u00e0n Samily&nbsp;<\/h2>\n\n\n\n<div class=\"wp-block-columns is-layout-flex wp-container-core-columns-is-layout-9d6595d7 wp-block-columns-is-layout-flex\">\n<div class=\"wp-block-column is-layout-flow wp-block-column-is-layout-flow\" style=\"flex-basis:15%\">\n<p>\u0110\u1ecba ch\u1ec9:<\/p>\n\n\n\n<p>\u0110i\u1ec7n tho\u1ea1i:<\/p>\n\n\n\n<p>E-mail:<\/p>\n\n\n\n<p>Trang web:<\/p>\n<\/div>\n\n\n\n<div class=\"wp-block-column is-layout-flow wp-block-column-is-layout-flow\" style=\"flex-basis:100%\">\n<p>Ph\u00f2ng 1705-08, T\u1ea7ng 17, Metropole Square, S\u1ed1 2 \u0110\u01b0\u1eddng Yiu, Siu Lek Yuen, Shatin, NT, H\u1ed3ng K\u00f4ng<\/p>\n\n\n\n<p>+852 2664 7378<\/p>\n\n\n\n<p>&nbsp;enquiry@samilyhome.com<\/p>\n\n\n\n<p><a href=\"https:\/\/www.samilyhome.com\" rel=\"nofollow noopener\" target=\"_blank\">https:\/\/www.samilyhome.com<\/a><\/p>\n<\/div>\n<\/div>\n<\/div><\/div>\n<\/div><\/div>\n\n\n\n<div class=\"wp-block-group alignfull\"><div class=\"wp-block-group__inner-container is-layout-constrained wp-block-group-is-layout-constrained\"><\/div><\/div>","protected":false},"excerpt":{"rendered":"<p>Hopeful Rubber: Unleashing The Power Of Collaboration In The Rubber Molding Industry Explore the power of collaboration in the rubber molding industry. The members of Hopeful Rubber Group are dedicated to different areas within the rubber molding-related industry, strategically partnering to leverage our collective strengths and resources for unparalleled success. Group Members of Hopeful Rubber:<\/p>","protected":false},"author":1,"featured_media":0,"parent":78,"menu_order":0,"comment_status":"closed","ping_status":"closed","template":"","meta":{"content-type":"","footnotes":""},"class_list":["post-1277","page","type-page","status-publish","hentry"],"_links":{"self":[{"href":"https:\/\/hopefulrubber.com\/vi\/wp-json\/wp\/v2\/pages\/1277","targetHints":{"allow":["GET"]}}],"collection":[{"href":"https:\/\/hopefulrubber.com\/vi\/wp-json\/wp\/v2\/pages"}],"about":[{"href":"https:\/\/hopefulrubber.com\/vi\/wp-json\/wp\/v2\/types\/page"}],"author":[{"embeddable":true,"href":"https:\/\/hopefulrubber.com\/vi\/wp-json\/wp\/v2\/users\/1"}],"replies":[{"embeddable":true,"href":"https:\/\/hopefulrubber.com\/vi\/wp-json\/wp\/v2\/comments?post=1277"}],"version-history":[{"count":119,"href":"https:\/\/hopefulrubber.com\/vi\/wp-json\/wp\/v2\/pages\/1277\/revisions"}],"predecessor-version":[{"id":2309,"href":"https:\/\/hopefulrubber.com\/vi\/wp-json\/wp\/v2\/pages\/1277\/revisions\/2309"}],"up":[{"embeddable":true,"href":"https:\/\/hopefulrubber.com\/vi\/wp-json\/wp\/v2\/pages\/78"}],"wp:attachment":[{"href":"https:\/\/hopefulrubber.com\/vi\/wp-json\/wp\/v2\/media?parent=1277"}],"curies":[{"name":"wp","href":"https:\/\/api.w.org\/{rel}","templated":true}]}}