{"id":2,"date":"2023-05-09T05:46:58","date_gmt":"2023-05-09T05:46:58","guid":{"rendered":"https:\/\/hopefulrubber.com\/?page_id=2"},"modified":"2024-10-02T12:57:10","modified_gmt":"2024-10-02T04:57:10","slug":"vat-lieu-cao-su","status":"publish","type":"page","link":"https:\/\/hopefulrubber.com\/vi\/rubber-materials\/","title":{"rendered":"NGUY\u00caN V\u1eacT LI\u1ec6U"},"content":{"rendered":"<div class=\"wp-block-columns is-layout-flex wp-container-core-columns-is-layout-9d6595d7 wp-block-columns-is-layout-flex\">\n<div class=\"wp-block-column is-layout-flow wp-block-column-is-layout-flow\" style=\"flex-basis:33.33%\">\n<div class=\"wp-block-rank-math-toc-block\" id=\"rank-math-toc\"><h2>M\u1ee5c l\u1ee5c<\/h2><nav><ul><li><a href=\"#why-are-rubber-materials-called-elastomers\">T\u1ea1i sao v\u1eadt li\u1ec7u cao su \u0111\u01b0\u1ee3c g\u1ecdi l\u00e0 ch\u1ea5t \u0111\u00e0n h\u1ed3i?<\/a><\/li><li><a href=\"#a-guide-to-common-elastomers-and-their-unique-characteristics\">H\u01b0\u1edbng d\u1eabn v\u1ec1 c\u00e1c lo\u1ea1i Elastomer th\u00f4ng d\u1ee5ng v\u00e0 \u0111\u1eb7c \u0111i\u1ec3m ri\u00eang bi\u1ec7t c\u1ee7a ch\u00fang<\/a><ul><li><a href=\"#silicone-rubber-sr\">Cao su silicon (SR)<\/a><\/li><li><a href=\"#liquid-silicone-rubber-lsr\">Cao su silicon l\u1ecfng (LSR)<\/a><\/li><li><a href=\"#fluor-silicone-rubber-fvmq\">Cao su Fluor-Silicone (FVMQ)<\/a><\/li><li><a href=\"#polyacrylate-rubber-acm\">Cao su Polyacrylate (ACM)<\/a><\/li><li><a href=\"#butadiene-rubber-br\">Cao su Butadien (BR)<\/a><\/li><li><a href=\"#neoprene-rubber-cr\">Cao su Neoprene (CR)<\/a><\/li><li><a href=\"#chlorosulfonated-polyethylene-rubber-csm\">Cao su polyetylen clorosulfonat (CSM)<\/a><\/li><li><a href=\"#epichlorhydrin-rubber-eco\">Cao su epichlorhydrin (ECO)<\/a><\/li><li><a href=\"#ethylene-propylene-diene-monomer-epdm\">Ethylene Propylene Diene Monomer (EPDM)<\/a><\/li><li><a href=\"#fluorocarbon-rubber-fkm\">Cao su Fluorocarbon (FKM)<\/a><\/li><li><a href=\"#hydrogenated-nitrile-hnbr\">Nitrile hydro h\u00f3a (HNBR)<\/a><\/li><li><a href=\"#butyl-rubber-iir\">Cao su butyl (IIR)<\/a><\/li><li><a href=\"#polyisoprene-rubber-ir\">Cao su Polyisoprene (IR)<\/a><\/li><li><a href=\"#nitrile-rubber-nbr\">Cao su Nitrile (NBR)<\/a><\/li><li><a href=\"#natural-rubber-nr\">Cao su thi\u00ean nhi\u00ean (NR)<\/a><\/li><li><a href=\"#polyurethane-rubber-pu\">Cao su Polyurethane (PU)<\/a><\/li><li><a href=\"#styrene-butadiene-rubber-sbr\">Cao su Styrene-Butadiene (SBR)<\/a><\/li><\/ul><\/li><\/ul><\/nav><\/div>\n<\/div>\n\n\n\n<div class=\"wp-block-column is-layout-flow wp-block-column-is-layout-flow\" style=\"flex-basis:66.66%\">\n<h1 class=\"wp-block-heading has-vivid-cyan-blue-color has-text-color\" id=\"materials-used-at-hopeful-rubber-for-custom-molded-rubber-products\">S\u1ea3n ph\u1ea9m cao su \u0111\u00fac theo y\u00eau c\u1ea7u t\u1ea1i Hopeful Rubber s\u1eed d\u1ee5ng nhi\u1ec1u lo\u1ea1i v\u1eadt li\u1ec7u cao su kh\u00e1c nhau<\/h1>\n\n\n\n<p>Hopeful Rubber s\u1eed d\u1ee5ng nhi\u1ec1u lo\u1ea1i v\u1eadt li\u1ec7u kh\u00e1c nhau \u0111\u1ec3 s\u1ea3n xu\u1ea5t c\u00e1c th\u00e0nh ph\u1ea7n cao su \u0111\u00fac theo y\u00eau c\u1ea7u, \u0111\u00e1p \u1ee9ng nhu c\u1ea7u v\u00e0 th\u00f4ng s\u1ed1 k\u1ef9 thu\u1eadt ri\u00eang bi\u1ec7t c\u1ee7a kh\u00e1ch h\u00e0ng.<\/p>\n\n\n\n<div style=\"height:15px\" aria-hidden=\"true\" class=\"wp-block-spacer\"><\/div>\n\n\n\n<h2 class=\"wp-block-heading has-vivid-cyan-blue-color has-text-color\" id=\"why-are-rubber-materials-called-elastomers\">T\u1ea1i sao v\u1eadt li\u1ec7u cao su \u0111\u01b0\u1ee3c g\u1ecdi l\u00e0 ch\u1ea5t \u0111\u00e0n h\u1ed3i?<\/h2>\n\n\n\n<p>Cao su \u0111\u01b0\u1ee3c g\u1ecdi l\u00e0 elastomer v\u00ec ch\u00fang l\u00e0 m\u1ed9t lo\u1ea1i polymer th\u1ec3 hi\u1ec7n t\u00ednh ch\u1ea5t \u0111\u00e0n h\u1ed3i, ngh\u0129a l\u00e0 ch\u00fang c\u00f3 th\u1ec3 b\u1ecb bi\u1ebfn d\u1ea1ng \u0111\u00e0n h\u1ed3i khi ch\u1ecbu \u1ee9ng su\u1ea5t v\u00e0 sau \u0111\u00f3 tr\u1edf l\u1ea1i h\u00ecnh d\u1ea1ng ban \u0111\u1ea7u khi \u1ee9ng su\u1ea5t bi\u1ebfn m\u1ea5t. Thu\u1eadt ng\u1eef &quot;elastomer&quot; b\u1eaft ngu\u1ed3n t\u1eeb c\u1ee5m t\u1eeb &quot;elastic polymer&quot;, ph\u1ea3n \u00e1nh kh\u1ea3 n\u0103ng k\u00e9o gi\u00e3n v\u00e0 ph\u1ee5c h\u1ed3i m\u00e0 kh\u00f4ng b\u1ecb bi\u1ebfn d\u1ea1ng v\u0129nh vi\u1ec5n.<\/p>\n\n\n\n<p>Trong khi thu\u1eadt ng\u1eef \u201ccao su\u201d ban \u0111\u1ea7u ch\u1ec9 ri\u00eang cao su thi\u00ean nhi\u00ean, c\u00f3 ngu\u1ed3n g\u1ed1c t\u1eeb nh\u1ef1a c\u00e2y cao su, thu\u1eadt ng\u1eef \u201cch\u1ea5t \u0111\u00e0n h\u1ed3i\u201d ng\u00e0y nay \u0111\u01b0\u1ee3c s\u1eed d\u1ee5ng ph\u1ed5 bi\u1ebfn h\u01a1n \u0111\u1ec3 m\u00f4 t\u1ea3 c\u1ea3 v\u1eadt li\u1ec7u cao su thi\u00ean nhi\u00ean v\u00e0 t\u1ed5ng h\u1ee3p. \u0110i\u1ec1u n\u00e0y ph\u1ea3n \u00e1nh th\u1ef1c t\u1ebf l\u00e0 t\u1ea5t c\u1ea3 c\u00e1c v\u1eadt li\u1ec7u cao su, d\u00f9 l\u00e0 thi\u00ean nhi\u00ean hay t\u1ed5ng h\u1ee3p, \u0111\u1ec1u c\u00f3 chung \u0111\u1eb7c t\u00ednh l\u00e0 t\u00ednh \u0111\u00e0n h\u1ed3i.<\/p>\n\n\n\n<p> C\u00f3 nhi\u1ec1u lo\u1ea1i elastomer kh\u00e1c nhau, m\u1ed7i lo\u1ea1i c\u00f3 m\u1ed9t t\u1eadp h\u1ee3p c\u00e1c t\u00ednh ch\u1ea5t v\u00e0 \u0111\u1eb7c \u0111i\u1ec3m ri\u00eang bi\u1ec7t khi\u1ebfn ch\u00fang ph\u00f9 h\u1ee3p v\u1edbi c\u00e1c \u1ee9ng d\u1ee5ng c\u1ee5 th\u1ec3. Sau \u0111\u00e2y l\u00e0 m\u1ed9t s\u1ed1 v\u00ed d\u1ee5 v\u1ec1 c\u00e1c lo\u1ea1i elastomer ph\u1ed5 bi\u1ebfn:<\/p>\n\n\n\n<div style=\"height:15px\" aria-hidden=\"true\" class=\"wp-block-spacer\"><\/div>\n\n\n\n<h2 class=\"wp-block-heading has-vivid-cyan-blue-color has-text-color\" id=\"a-guide-to-common-elastomers-and-their-unique-characteristics\">H\u01b0\u1edbng d\u1eabn v\u1ec1 c\u00e1c lo\u1ea1i Elastomer th\u00f4ng d\u1ee5ng v\u00e0 \u0111\u1eb7c \u0111i\u1ec3m ri\u00eang bi\u1ec7t c\u1ee7a ch\u00fang<\/h2>\n\n\n\n<h3 class=\"wp-block-heading\" id=\"silicone-rubber-sr\">Cao su silicon (SR)<\/h3>\n\n\n\n<p>M\u1ed9t lo\u1ea1i elastomer t\u1ed5ng h\u1ee3p \u0111\u01b0\u1ee3c bi\u1ebft \u0111\u1ebfn v\u1edbi kh\u1ea3 n\u0103ng ch\u1ecbu nhi\u1ec7t v\u00e0 \u0111\u1ed9 \u1ed5n \u0111\u1ecbnh h\u00f3a h\u1ecdc tuy\u1ec7t v\u1eddi. N\u00f3 c\u00f3 th\u1ec3 ch\u1ecbu \u0111\u01b0\u1ee3c nhi\u1ec7t \u0111\u1ed9 kh\u1eafc nghi\u1ec7t v\u00e0 th\u01b0\u1eddng \u0111\u01b0\u1ee3c s\u1eed d\u1ee5ng trong c\u00e1c \u1ee9ng d\u1ee5ng nhi\u1ec7t \u0111\u1ed9 cao nh\u01b0 gio\u0103ng, ph\u1edbt v\u00e0 c\u00e1ch \u0111i\u1ec7n.<\/p>\n\n\n\n<h3 class=\"wp-block-heading\" id=\"liquid-silicone-rubber-lsr\">Cao su silicon l\u1ecfng (LSR)<\/h3>\n\n\n\n<p>M\u1ed9t lo\u1ea1i elastomer t\u1ed5ng h\u1ee3p \u0111\u01b0\u1ee3c t\u1ea1o th\u00e0nh t\u1eeb silicon c\u00f3 \u0111\u1ed9 tinh khi\u1ebft cao v\u1edbi h\u00e0m l\u01b0\u1ee3ng v\u1eadt li\u1ec7u d\u1ec5 bay h\u01a1i th\u1ea5p. N\u00f3 th\u01b0\u1eddng \u0111\u01b0\u1ee3c s\u1eed d\u1ee5ng trong s\u1ea3n xu\u1ea5t thi\u1ebft b\u1ecb y t\u1ebf, ph\u1ee5 t\u00f9ng \u00f4 t\u00f4 v\u00e0 s\u1ea3n ph\u1ea9m ti\u00eau d\u00f9ng. LSR c\u00f3 \u0111\u1ed9 \u1ed5n \u0111\u1ecbnh nhi\u1ec7t tuy\u1ec7t v\u1eddi, kh\u1ea3 n\u0103ng ch\u1ed1ng l\u00e3o h\u00f3a v\u00e0 c\u00f3 th\u1ec3 d\u1ec5 d\u00e0ng \u0111\u00fac th\u00e0nh c\u00e1c h\u00ecnh d\u1ea1ng ph\u1ee9c t\u1ea1p. N\u00f3 c\u0169ng t\u01b0\u01a1ng th\u00edch sinh h\u1ecdc v\u00e0 c\u00f3 th\u1ec3 \u0111\u01b0\u1ee3c kh\u1eed tr\u00f9ng, l\u00e0m cho n\u00f3 ph\u00f9 h\u1ee3p \u0111\u1ec3 s\u1eed d\u1ee5ng trong c\u00e1c \u1ee9ng d\u1ee5ng y t\u1ebf.<\/p>\n\n\n\n<div class=\"wp-block-group\"><div class=\"wp-block-group__inner-container is-layout-constrained wp-block-group-is-layout-constrained\">\n<h3 class=\"wp-block-heading\" id=\"fluor-silicone-rubber-fvmq\">Cao su Fluor-Silicone (FVMQ)<\/h3>\n\n\n\n<p>M\u1ed9t lo\u1ea1i elastomer t\u1ed5ng h\u1ee3p k\u1ebft h\u1ee3p c\u00e1c \u0111\u1eb7c t\u00ednh c\u1ee7a cao su silicon v\u00e0 cao su fluorocarbon. N\u00f3 th\u01b0\u1eddng \u0111\u01b0\u1ee3c s\u1eed d\u1ee5ng trong s\u1ea3n xu\u1ea5t ph\u1edbt v\u00e0 mi\u1ebfng \u0111\u1ec7m cho ng\u00e0nh h\u00e0ng kh\u00f4ng v\u0169 tr\u1ee5.<\/p>\n<\/div><\/div>\n\n\n\n<div class=\"wp-block-group\"><div class=\"wp-block-group__inner-container is-layout-constrained wp-block-group-is-layout-constrained\">\n<h3 class=\"wp-block-heading\" id=\"polyacrylate-rubber-acm\">Cao su Polyacrylate (ACM)<\/h3>\n\n\n\n<p>M\u1ed9t lo\u1ea1i elastomer t\u1ed5ng h\u1ee3p c\u00f3 kh\u1ea3 n\u0103ng ch\u1ecbu nhi\u1ec7t v\u00e0 d\u1ea7u tuy\u1ec7t v\u1eddi. N\u00f3 th\u01b0\u1eddng \u0111\u01b0\u1ee3c s\u1eed d\u1ee5ng trong s\u1ea3n xu\u1ea5t ph\u1edbt v\u00e0 gio\u0103ng cho ng\u00e0nh c\u00f4ng nghi\u1ec7p \u00f4 t\u00f4.<\/p>\n<\/div><\/div>\n\n\n\n<div class=\"wp-block-group\"><div class=\"wp-block-group__inner-container is-layout-constrained wp-block-group-is-layout-constrained\">\n<h3 class=\"wp-block-heading\" id=\"butadiene-rubber-br\">Cao su Butadien (BR)<\/h3>\n\n\n\n<p>M\u1ed9t lo\u1ea1i ch\u1ea5t \u0111\u00e0n h\u1ed3i t\u1ed5ng h\u1ee3p th\u01b0\u1eddng \u0111\u01b0\u1ee3c s\u1eed d\u1ee5ng trong s\u1ea3n xu\u1ea5t l\u1ed1p xe, \u1ed1ng v\u00e0 c\u00e1c s\u1ea3n ph\u1ea9m c\u00f4ng nghi\u1ec7p kh\u00e1c.<\/p>\n<\/div><\/div>\n\n\n\n<div class=\"wp-block-group\"><div class=\"wp-block-group__inner-container is-layout-constrained wp-block-group-is-layout-constrained\">\n<div class=\"wp-block-group\"><div class=\"wp-block-group__inner-container is-layout-constrained wp-block-group-is-layout-constrained\">\n<h3 class=\"wp-block-heading\" id=\"neoprene-rubber-cr\">Cao su Neoprene (CR)<\/h3>\n\n\n\n<p>Cao su Neoprene, c\u00f2n \u0111\u01b0\u1ee3c g\u1ecdi l\u00e0 cao su chloroprene, l\u00e0 m\u1ed9t lo\u1ea1i cao su t\u1ed5ng h\u1ee3p. N\u00f3 \u0111\u01b0\u1ee3c DuPont ph\u00e1t tri\u1ec3n l\u1ea7n \u0111\u1ea7u ti\u00ean v\u00e0o nh\u1eefng n\u0103m 1930 v\u00e0 \u0111\u01b0\u1ee3c s\u1eed d\u1ee5ng r\u1ed9ng r\u00e3i trong nhi\u1ec1u ng\u00e0nh c\u00f4ng nghi\u1ec7p kh\u00e1c nhau do c\u00e1c \u0111\u1eb7c t\u00ednh \u0111\u1ed9c \u0111\u00e1o c\u1ee7a n\u00f3.<br>N\u00f3 th\u1ec3 hi\u1ec7n kh\u1ea3 n\u0103ng ch\u1ed1ng \u00f4z\u00f4n, th\u1eddi ti\u1ebft v\u00e0 l\u00e3o h\u00f3a tuy\u1ec7t v\u1eddi, l\u00e0m cho n\u00f3 ph\u00f9 h\u1ee3p cho c\u00e1c \u1ee9ng d\u1ee5ng ngo\u00e0i tr\u1eddi. N\u00f3 c\u0169ng c\u00f3 kh\u1ea3 n\u0103ng ch\u1ed1ng d\u1ea7u, h\u00f3a ch\u1ea5t v\u00e0 nhi\u1ec7t t\u1ed1t, cho ph\u00e9p n\u00f3 ch\u1ecbu \u0111\u01b0\u1ee3c nhi\u1ec1u nhi\u1ec7t \u0111\u1ed9 kh\u00e1c nhau. ki\u1ec3m tra ng\u1eef ph\u00e1p v\u00e0 n\u1ed9i dung<\/p>\n<\/div><\/div>\n<\/div><\/div>\n\n\n\n<div class=\"wp-block-group\"><div class=\"wp-block-group__inner-container is-layout-constrained wp-block-group-is-layout-constrained\">\n<h3 class=\"wp-block-heading\" id=\"chlorosulfonated-polyethylene-rubber-csm\">Cao su polyetylen clorosulfonat (CSM)<\/h3>\n\n\n\n<p>M\u1ed9t lo\u1ea1i elastomer t\u1ed5ng h\u1ee3p \u0111\u01b0\u1ee3c bi\u1ebft \u0111\u1ebfn v\u1edbi kh\u1ea3 n\u0103ng ch\u1ed1ng l\u1ea1i ozone, th\u1eddi ti\u1ebft v\u00e0 h\u00f3a ch\u1ea5t. N\u00f3 th\u01b0\u1eddng \u0111\u01b0\u1ee3c s\u1eed d\u1ee5ng trong s\u1ea3n xu\u1ea5t c\u00e1c s\u1ea3n ph\u1ea9m c\u00f4ng nghi\u1ec7p nh\u01b0 \u1ed1ng m\u1ec1m, d\u00e2y \u0111ai v\u00e0 mi\u1ebfng \u0111\u1ec7m.<\/p>\n<\/div><\/div>\n\n\n\n<div class=\"wp-block-group\"><div class=\"wp-block-group__inner-container is-layout-constrained wp-block-group-is-layout-constrained\">\n<h3 class=\"wp-block-heading\" id=\"epichlorhydrin-rubber-eco\">Cao su epichlorhydrin (ECO)<\/h3>\n\n\n\n<p>M\u1ed9t lo\u1ea1i elastomer t\u1ed5ng h\u1ee3p c\u00f3 kh\u1ea3 n\u0103ng ch\u1ed1ng d\u1ea7u, nhi\u00ean li\u1ec7u v\u00e0 h\u00f3a ch\u1ea5t tuy\u1ec7t v\u1eddi. N\u00f3 th\u01b0\u1eddng \u0111\u01b0\u1ee3c s\u1eed d\u1ee5ng trong s\u1ea3n xu\u1ea5t ph\u1edbt v\u00e0 gio\u0103ng cho ng\u00e0nh c\u00f4ng nghi\u1ec7p \u00f4 t\u00f4 v\u00e0 h\u00e0ng kh\u00f4ng v\u0169 tr\u1ee5.<\/p>\n<\/div><\/div>\n\n\n\n<div class=\"wp-block-group\"><div class=\"wp-block-group__inner-container is-layout-constrained wp-block-group-is-layout-constrained\">\n<h3 class=\"wp-block-heading\" id=\"ethylene-propylene-diene-monomer-epdm\">Ethylene Propylene Diene Monomer (EPDM)<\/h3>\n\n\n\n<p>EPDM l\u00e0 m\u1ed9t lo\u1ea1i cao su t\u1ed5ng h\u1ee3p \u0111a n\u0103ng \u0111\u01b0\u1ee3c bi\u1ebft \u0111\u1ebfn v\u1edbi kh\u1ea3 n\u0103ng ch\u1ed1ng ch\u1ecbu th\u1eddi ti\u1ebft, \u0111\u1ed9 b\u1ec1n v\u00e0 t\u00ednh ch\u1ea5t c\u00e1ch \u0111i\u1ec7n tuy\u1ec7t v\u1eddi. N\u00f3 \u0111\u01b0\u1ee3c s\u1eed d\u1ee5ng r\u1ed9ng r\u00e3i trong c\u00e1c ng\u00e0nh c\u00f4ng nghi\u1ec7p \u00f4 t\u00f4, x\u00e2y d\u1ef1ng v\u00e0 \u0111i\u1ec7n cho c\u00e1c \u1ee9ng d\u1ee5ng nh\u01b0 v\u1eadt li\u1ec7u l\u1ee3p m\u00e1i, gio\u0103ng, mi\u1ebfng \u0111\u1ec7m v\u00e0 c\u00e1ch \u0111i\u1ec7n.<\/p>\n<\/div><\/div>\n\n\n\n<div class=\"wp-block-group\"><div class=\"wp-block-group__inner-container is-layout-constrained wp-block-group-is-layout-constrained\">\n<h3 class=\"wp-block-heading\" id=\"fluorocarbon-rubber-fkm\">Cao su Fluorocarbon (FKM)<\/h3>\n\n\n\n<p>M\u1ed9t lo\u1ea1i elastomer t\u1ed5ng h\u1ee3p \u0111\u01b0\u1ee3c bi\u1ebft \u0111\u1ebfn v\u1edbi kh\u1ea3 n\u0103ng ch\u1ed1ng h\u00f3a ch\u1ea5t tuy\u1ec7t v\u1eddi v\u00e0 hi\u1ec7u su\u1ea5t ch\u1ecbu nhi\u1ec7t \u0111\u1ed9 cao. N\u00f3 th\u01b0\u1eddng \u0111\u01b0\u1ee3c s\u1eed d\u1ee5ng trong ng\u00e0nh h\u00e0ng kh\u00f4ng v\u0169 tr\u1ee5 v\u00e0 \u00f4 t\u00f4.<\/p>\n<\/div><\/div>\n\n\n\n<div class=\"wp-block-group\"><div class=\"wp-block-group__inner-container is-layout-constrained wp-block-group-is-layout-constrained\">\n<h3 class=\"wp-block-heading\" id=\"hydrogenated-nitrile-hnbr\">Nitrile hydro h\u00f3a (HNBR)<\/h3>\n\n\n\n<p>M\u1ed9t lo\u1ea1i elastomer t\u1ed5ng h\u1ee3p c\u00f3 kh\u1ea3 n\u0103ng ch\u1ed1ng d\u1ea7u, nhi\u00ean li\u1ec7u v\u00e0 c\u00e1c h\u00f3a ch\u1ea5t kh\u00e1c. N\u00f3 th\u01b0\u1eddng \u0111\u01b0\u1ee3c s\u1eed d\u1ee5ng trong s\u1ea3n xu\u1ea5t ph\u1edbt, gio\u0103ng v\u00e0 v\u00f2ng ch\u1eef O cho ng\u00e0nh c\u00f4ng nghi\u1ec7p \u00f4 t\u00f4 v\u00e0 h\u00e0ng kh\u00f4ng v\u0169 tr\u1ee5. HNBR c\u00f3 kh\u1ea3 n\u0103ng ch\u1ed1ng ch\u1ecbu nhi\u1ec7t \u0111\u1ed9 cao tuy\u1ec7t v\u1eddi v\u00e0 c\u00f3 th\u1ec3 ch\u1ecbu \u0111\u01b0\u1ee3c nhi\u1ec7t \u0111\u1ed9 l\u00ean t\u1edbi 150\u00b0C. N\u00f3 c\u0169ng c\u00f3 kh\u1ea3 n\u0103ng ch\u1ed1ng l\u1ea1i ozone v\u00e0 th\u1eddi ti\u1ebft, l\u00e0m cho n\u00f3 ph\u00f9 h\u1ee3p cho c\u00e1c \u1ee9ng d\u1ee5ng ngo\u00e0i tr\u1eddi. Qu\u00e1 tr\u00ecnh hydro h\u00f3a c\u1ea3i thi\u1ec7n c\u00e1c \u0111\u1eb7c t\u00ednh nhi\u1ec7t v\u00e0 c\u01a1 h\u1ecdc c\u1ee7a cao su nitrile, l\u00e0m cho n\u00f3 b\u1ec1n h\u01a1n v\u00e0 ch\u1ed1ng l\u1ea1i s\u1ef1 ph\u00e2n h\u1ee7y do ti\u1ebfp x\u00fac v\u1edbi nhi\u1ec7t v\u00e0 h\u00f3a ch\u1ea5t.<\/p>\n<\/div><\/div>\n\n\n\n<div class=\"wp-block-group\"><div class=\"wp-block-group__inner-container is-layout-constrained wp-block-group-is-layout-constrained\">\n<h3 class=\"wp-block-heading\" id=\"butyl-rubber-iir\">Cao su butyl (IIR)<\/h3>\n\n\n\n<p>M\u1ed9t lo\u1ea1i elastomer t\u1ed5ng h\u1ee3p c\u00f3 kh\u1ea3 n\u0103ng ch\u1ed1ng th\u1ea5m kh\u00ed tuy\u1ec7t v\u1eddi v\u00e0 th\u01b0\u1eddng \u0111\u01b0\u1ee3c s\u1eed d\u1ee5ng trong s\u1ea3n xu\u1ea5t s\u0103m, l\u1ed1p xe v\u00e0 c\u00e1c s\u1ea3n ph\u1ea9m kh\u00e1c c\u1ea7n gi\u1eef kh\u00ed.<\/p>\n<\/div><\/div>\n\n\n\n<div class=\"wp-block-group\"><div class=\"wp-block-group__inner-container is-layout-constrained wp-block-group-is-layout-constrained\">\n<h3 class=\"wp-block-heading\" id=\"polyisoprene-rubber-ir\">Cao su Polyisoprene (IR)<\/h3>\n\n\n\n<p>M\u1ed9t lo\u1ea1i elastomer t\u1ed5ng h\u1ee3p c\u00f3 \u0111\u1eb7c t\u00ednh t\u01b0\u01a1ng t\u1ef1 nh\u01b0 cao su thi\u00ean nhi\u00ean. N\u00f3 th\u01b0\u1eddng \u0111\u01b0\u1ee3c s\u1eed d\u1ee5ng trong s\u1ea3n xu\u1ea5t g\u0103ng tay y t\u1ebf, bao cao su v\u00e0 c\u00e1c s\u1ea3n ph\u1ea9m kh\u00e1c.<\/p>\n<\/div><\/div>\n\n\n\n<div class=\"wp-block-group\"><div class=\"wp-block-group__inner-container is-layout-constrained wp-block-group-is-layout-constrained\">\n<h3 class=\"wp-block-heading\" id=\"nitrile-rubber-nbr\">Cao su Nitrile (NBR)<\/h3>\n\n\n\n<p>M\u1ed9t lo\u1ea1i elastomer t\u1ed5ng h\u1ee3p \u0111\u01b0\u1ee3c bi\u1ebft \u0111\u1ebfn v\u1edbi kh\u1ea3 n\u0103ng ch\u1ed1ng d\u1ea7u v\u00e0 h\u00f3a ch\u1ea5t tuy\u1ec7t v\u1eddi. N\u00f3 th\u01b0\u1eddng \u0111\u01b0\u1ee3c s\u1eed d\u1ee5ng trong s\u1ea3n xu\u1ea5t ph\u1edbt v\u00e0 gio\u0103ng cho ng\u00e0nh c\u00f4ng nghi\u1ec7p \u00f4 t\u00f4 v\u00e0 h\u00e0ng kh\u00f4ng v\u0169 tr\u1ee5.<\/p>\n<\/div><\/div>\n\n\n\n<div class=\"wp-block-group\"><div class=\"wp-block-group__inner-container is-layout-constrained wp-block-group-is-layout-constrained\">\n<h3 class=\"wp-block-heading\" id=\"natural-rubber-nr\">Cao su thi\u00ean nhi\u00ean (NR)<\/h3>\n\n\n\n<p>M\u1ed9t v\u1eadt li\u1ec7u c\u00f3 \u0111\u1ed9 \u0111\u00e0n h\u1ed3i cao c\u00f3 ngu\u1ed3n g\u1ed1c t\u1eeb nh\u1ef1a c\u00e2y cao su. N\u00f3 c\u00f3 \u0111\u1ed9 b\u1ec1n k\u00e9o, kh\u1ea3 n\u0103ng ch\u1ed1ng r\u00e1ch v\u00e0 ch\u1ed1ng m\u00e0i m\u00f2n tuy\u1ec7t v\u1eddi.<\/p>\n<\/div><\/div>\n\n\n\n<div class=\"wp-block-group\"><div class=\"wp-block-group__inner-container is-layout-constrained wp-block-group-is-layout-constrained\">\n<h3 class=\"wp-block-heading\" id=\"polyurethane-rubber-pu\">Cao su Polyurethane (PU)<\/h3>\n\n\n\n<p>M\u1ed9t lo\u1ea1i elastomer b\u1ec1n \u0111\u01b0\u1ee3c bi\u1ebft \u0111\u1ebfn v\u1edbi kh\u1ea3 n\u0103ng ch\u1ed1ng m\u00e0i m\u00f2n v\u00e0 t\u00ednh ch\u1ea5t c\u01a1 h\u1ecdc tuy\u1ec7t v\u1eddi. N\u00f3 th\u01b0\u1eddng \u0111\u01b0\u1ee3c s\u1eed d\u1ee5ng trong s\u1ea3n xu\u1ea5t b\u00e1nh xe, con l\u0103n v\u00e0 c\u00e1c b\u1ed9 ph\u1eadn kh\u00e1c \u0111\u00f2i h\u1ecfi kh\u1ea3 n\u0103ng ch\u1ed1ng m\u00e0i m\u00f2n cao.<\/p>\n<\/div><\/div>\n\n\n\n<div class=\"wp-block-group\"><div class=\"wp-block-group__inner-container is-layout-constrained wp-block-group-is-layout-constrained\">\n<h3 class=\"wp-block-heading\" id=\"styrene-butadiene-rubber-sbr\">Cao su Styrene-Butadiene (SBR)<\/h3>\n\n\n\n<p>M\u1ed9t lo\u1ea1i ch\u1ea5t \u0111\u00e0n h\u1ed3i t\u1ed5ng h\u1ee3p \u0111\u01b0\u1ee3c s\u1eed d\u1ee5ng trong s\u1ea3n xu\u1ea5t l\u1ed1p xe, b\u0103ng t\u1ea3i v\u00e0 c\u00e1c s\u1ea3n ph\u1ea9m c\u00f4ng nghi\u1ec7p kh\u00e1c.<\/p>\n<\/div><\/div>\n\n\n\n<div class=\"wp-block-buttons is-layout-flex wp-block-buttons-is-layout-flex\">\n<div class=\"wp-block-button has-custom-font-size has-small-font-size\"><a class=\"wp-block-button__link has-white-color has-vivid-red-background-color has-text-color has-background wp-element-button\" href=\"https:\/\/hopefulrubber.com\/vi\/lien-he-voi-chung-toi\/\">Li\u00ean h\u1ec7 v\u1edbi ch\u00fang t\u00f4i<\/a><\/div>\n<\/div>\n<\/div>\n<\/div>","protected":false},"excerpt":{"rendered":"<p>Custom Molded Rubber Products at Hopeful Rubber Utilize Various Rubber Materials Hopeful Rubber employs a range of materials to produce customized molded rubber components that satisfy their clients&#8217; distinct needs and specifications. Why are rubber materials called elastomers? Rubbers are called elastomers because they are a type of polymer that exhibits elastomeric properties, meaning they [&hellip;]<\/p>\n","protected":false},"author":1,"featured_media":2038,"parent":0,"menu_order":0,"comment_status":"closed","ping_status":"open","template":"","meta":{"content-type":"","footnotes":""},"class_list":["post-2","page","type-page","status-publish","has-post-thumbnail","hentry"],"_links":{"self":[{"href":"https:\/\/hopefulrubber.com\/vi\/wp-json\/wp\/v2\/pages\/2","targetHints":{"allow":["GET"]}}],"collection":[{"href":"https:\/\/hopefulrubber.com\/vi\/wp-json\/wp\/v2\/pages"}],"about":[{"href":"https:\/\/hopefulrubber.com\/vi\/wp-json\/wp\/v2\/types\/page"}],"author":[{"embeddable":true,"href":"https:\/\/hopefulrubber.com\/vi\/wp-json\/wp\/v2\/users\/1"}],"replies":[{"embeddable":true,"href":"https:\/\/hopefulrubber.com\/vi\/wp-json\/wp\/v2\/comments?post=2"}],"version-history":[{"count":55,"href":"https:\/\/hopefulrubber.com\/vi\/wp-json\/wp\/v2\/pages\/2\/revisions"}],"predecessor-version":[{"id":2128,"href":"https:\/\/hopefulrubber.com\/vi\/wp-json\/wp\/v2\/pages\/2\/revisions\/2128"}],"wp:featuredmedia":[{"embeddable":true,"href":"https:\/\/hopefulrubber.com\/vi\/wp-json\/wp\/v2\/media\/2038"}],"wp:attachment":[{"href":"https:\/\/hopefulrubber.com\/vi\/wp-json\/wp\/v2\/media?parent=2"}],"curies":[{"name":"wp","href":"https:\/\/api.w.org\/{rel}","templated":true}]}}