{"id":2359,"date":"2026-05-12T11:44:26","date_gmt":"2026-05-12T03:44:26","guid":{"rendered":"https:\/\/hopefulrubber.com\/?page_id=2359"},"modified":"2026-05-12T12:04:13","modified_gmt":"2026-05-12T04:04:13","slug":"announcement","status":"publish","type":"page","link":"https:\/\/hopefulrubber.com\/vi\/hopeful-rubber\/announcement\/","title":{"rendered":"Th\u00f4ng b\u00e1o"},"content":{"rendered":"<h1 class=\"wp-block-heading\">Th\u00f4ng b\u00e1o c\u1ee7a c\u00f4ng ty<\/h1>\n\n\n\n<div style=\"height:31px\" aria-hidden=\"true\" class=\"wp-block-spacer\"><\/div>\n\n\n\n<h2 class=\"wp-block-heading has-vivid-cyan-blue-color has-text-color has-link-color wp-elements-cd3fa05fbd5b86c353167b020ccf8bd5\">Th\u00f4ng b\u00e1o ng\u00e0y l\u1ec5<\/h2>\n\n\n\n<details class=\"wp-block-details is-layout-flow wp-block-details-is-layout-flow\" style=\"font-size:20px\"><summary>\u2013 Th\u00f4ng b\u00e1o v\u1ec1 ng\u00e0y l\u1ec5 Ph\u1eadt \u0111\u1ea3n n\u0103m 2026<\/summary>\n<figure class=\"wp-block-gallery has-nested-images columns-default is-cropped wp-block-gallery-1 is-layout-flex wp-block-gallery-is-layout-flex\">\n<figure class=\"wp-block-image size-large\"><img data-dominant-color=\"fafafa\" data-has-transparency=\"false\" style=\"--dominant-color: #fafafa;\" loading=\"lazy\" decoding=\"async\" width=\"724\" height=\"1024\" data-id=\"2383\" src=\"https:\/\/hopefulrubber.com\/wp-content\/uploads\/2026\/05\/2026_buddha_holiday_notice-11-724x1024.webp\" alt=\"\" class=\"wp-image-2383 not-transparent\" title=\"\" srcset=\"https:\/\/hopefulrubber.com\/wp-content\/uploads\/2026\/05\/2026_buddha_holiday_notice-11-724x1024.webp 724w, https:\/\/hopefulrubber.com\/wp-content\/uploads\/2026\/05\/2026_buddha_holiday_notice-11-212x300.webp 212w, https:\/\/hopefulrubber.com\/wp-content\/uploads\/2026\/05\/2026_buddha_holiday_notice-11-768x1086.webp 768w, https:\/\/hopefulrubber.com\/wp-content\/uploads\/2026\/05\/2026_buddha_holiday_notice-11-1086x1536.webp 1086w, https:\/\/hopefulrubber.com\/wp-content\/uploads\/2026\/05\/2026_buddha_holiday_notice-11-1448x2048.webp 1448w, https:\/\/hopefulrubber.com\/wp-content\/uploads\/2026\/05\/2026_buddha_holiday_notice-11-8x12.webp 8w, https:\/\/hopefulrubber.com\/wp-content\/uploads\/2026\/05\/2026_buddha_holiday_notice-11.webp 1653w\" sizes=\"auto, (max-width: 724px) 100vw, 724px\" \/><figcaption><\/figcaption><\/figure>\n<\/figure>\n<\/details>\n\n\n\n<p><\/p>","protected":false},"excerpt":{"rendered":"<p>Company Announcement Holiday Notice<\/p>","protected":false},"author":1,"featured_media":0,"parent":78,"menu_order":0,"comment_status":"closed","ping_status":"closed","template":"","meta":{"content-type":"","footnotes":""},"class_list":["post-2359","page","type-page","status-publish","hentry"],"_links":{"self":[{"href":"https:\/\/hopefulrubber.com\/vi\/wp-json\/wp\/v2\/pages\/2359","targetHints":{"allow":["GET"]}}],"collection":[{"href":"https:\/\/hopefulrubber.com\/vi\/wp-json\/wp\/v2\/pages"}],"about":[{"href":"https:\/\/hopefulrubber.com\/vi\/wp-json\/wp\/v2\/types\/page"}],"author":[{"embeddable":true,"href":"https:\/\/hopefulrubber.com\/vi\/wp-json\/wp\/v2\/users\/1"}],"replies":[{"embeddable":true,"href":"https:\/\/hopefulrubber.com\/vi\/wp-json\/wp\/v2\/comments?post=2359"}],"version-history":[{"count":14,"href":"https:\/\/hopefulrubber.com\/vi\/wp-json\/wp\/v2\/pages\/2359\/revisions"}],"predecessor-version":[{"id":2396,"href":"https:\/\/hopefulrubber.com\/vi\/wp-json\/wp\/v2\/pages\/2359\/revisions\/2396"}],"up":[{"embeddable":true,"href":"https:\/\/hopefulrubber.com\/vi\/wp-json\/wp\/v2\/pages\/78"}],"wp:attachment":[{"href":"https:\/\/hopefulrubber.com\/vi\/wp-json\/wp\/v2\/media?parent=2359"}],"curies":[{"name":"wp","href":"https:\/\/api.w.org\/{rel}","templated":true}]}}