{"id":238,"date":"2023-06-12T12:30:29","date_gmt":"2023-06-12T04:30:29","guid":{"rendered":"https:\/\/hopefulrubber.com\/?page_id=238"},"modified":"2024-10-16T16:19:19","modified_gmt":"2024-10-16T08:19:19","slug":"o-to","status":"publish","type":"page","link":"https:\/\/hopefulrubber.com\/vi\/industries\/automotive\/","title":{"rendered":"\u00d4 t\u00f4 v\u00e0 Di \u0111\u1ed9ng"},"content":{"rendered":"<div class=\"wp-block-columns is-layout-flex wp-container-core-columns-is-layout-9d6595d7 wp-block-columns-is-layout-flex\">\n<div class=\"wp-block-column is-layout-flow wp-block-column-is-layout-flow\" style=\"flex-basis:33.33%\">\n<div class=\"wp-block-rank-math-toc-block\" id=\"rank-math-toc\"><h2>M\u1ee5c l\u1ee5c<\/h2><nav><ul><li><a href=\"#commitment-to-quality-meeting-stringent-automotive-standards\">Cam k\u1ebft v\u1ec1 ch\u1ea5t l\u01b0\u1ee3ng: \u0110\u00e1p \u1ee9ng c\u00e1c ti\u00eau chu\u1ea9n nghi\u00eam ng\u1eb7t c\u1ee7a \u00f4 t\u00f4<\/a><\/li><li><a href=\"#expert-design-and-production-capabilities-tailored-to-your-needs\">Kh\u1ea3 n\u0103ng thi\u1ebft k\u1ebf v\u00e0 s\u1ea3n xu\u1ea5t chuy\u00ean nghi\u1ec7p: Ph\u00f9 h\u1ee3p v\u1edbi nhu c\u1ea7u c\u1ee7a b\u1ea1n<\/a><\/li><li><a href=\"#complete-solution-secondary-operations-and-quality-control\">Gi\u1ea3i ph\u00e1p ho\u00e0n ch\u1ec9nh: Ho\u1ea1t \u0111\u1ed9ng th\u1ee9 c\u1ea5p v\u00e0 Ki\u1ec3m so\u00e1t ch\u1ea5t l\u01b0\u1ee3ng<\/a><\/li><li><a href=\"#iso-ts-16949-certification-ensuring-quality-and-satisfaction\">Ch\u1ee9ng nh\u1eadn ISO\/TS 16949: \u0110\u1ea3m b\u1ea3o ch\u1ea5t l\u01b0\u1ee3ng v\u00e0 s\u1ef1 h\u00e0i l\u00f2ng<\/a><\/li><li><a href=\"#compliance-with-automotive-standards-and-regulations\">Tu\u00e2n th\u1ee7 c\u00e1c ti\u00eau chu\u1ea9n v\u00e0 quy \u0111\u1ecbnh v\u1ec1 \u00f4 t\u00f4<\/a><\/li><li><a href=\"#discover-our-range-of-custom-molded-rubber-parts\">Kh\u00e1m ph\u00e1 ph\u1ea1m vi c\u00e1c b\u1ed9 ph\u1eadn cao su \u0111\u00fac t\u00f9y ch\u1ec9nh c\u1ee7a ch\u00fang t\u00f4i<\/a><\/li><li><a href=\"#why-choose-hopeful-rubber-for-your-custom-rubber-molding-needs\">T\u1ea1i sao n\u00ean ch\u1ecdn Hopeful Rubber cho nhu c\u1ea7u \u0111\u00fac cao su theo y\u00eau c\u1ea7u c\u1ee7a b\u1ea1n?<\/a><\/li><\/ul><\/nav><\/div>\n<\/div>\n\n\n\n<div class=\"wp-block-column is-layout-flow wp-block-column-is-layout-flow\" style=\"flex-basis:66.66%\">\n<h1 class=\"wp-block-heading\">Khu\u00f4n \u0111\u00fac cao su t\u00f9y ch\u1ec9nh cao c\u1ea5p cho c\u00e1c gi\u1ea3i ph\u00e1p \u00f4 t\u00f4 v\u00e0 di \u0111\u1ed9ng<\/h1>\n\n\n\n<div style=\"height:14px\" aria-hidden=\"true\" class=\"wp-block-spacer\"><\/div>\n\n\n\n<p>T\u1ea1i Hopeful Rubber, ch\u00fang t\u00f4i chuy\u00ean cung c\u1ea5p c\u00e1c gi\u1ea3i ph\u00e1p \u0111\u00fac cao su t\u00f9y ch\u1ec9nh ch\u1ea5t l\u01b0\u1ee3ng cao cho ng\u00e0nh c\u00f4ng nghi\u1ec7p \u00f4 t\u00f4 v\u00e0 di \u0111\u1ed9ng. V\u1edbi chuy\u00ean m\u00f4n v\u00e0 s\u1ef1 t\u1eadn t\u00e2m v\u1edbi ch\u1ea5t l\u01b0\u1ee3ng, ch\u00fang t\u00f4i cung c\u1ea5p c\u00e1c b\u1ed9 ph\u1eadn cao su v\u01b0\u1ee3t tr\u1ed9i mang l\u1ea1i hi\u1ec7u su\u1ea5t, \u0111\u1ed9 b\u1ec1n v\u00e0 \u0111\u1ed9 tin c\u1eady v\u01b0\u1ee3t tr\u1ed9i trong c\u00e1c \u0111i\u1ec1u ki\u1ec7n kh\u1eafc nghi\u1ec7t.<\/p>\n\n\n\n<h2 class=\"wp-block-heading has-vivid-cyan-blue-color has-text-color\" id=\"commitment-to-quality-meeting-stringent-automotive-standards\">Cam k\u1ebft v\u1ec1 ch\u1ea5t l\u01b0\u1ee3ng: \u0110\u00e1p \u1ee9ng c\u00e1c ti\u00eau chu\u1ea9n nghi\u00eam ng\u1eb7t c\u1ee7a \u00f4 t\u00f4<\/h2>\n\n\n\n<p>Ch\u00fang t\u00f4i hi\u1ec3u vai tr\u00f2 quan tr\u1ecdng c\u1ee7a c\u00e1c b\u1ed9 ph\u1eadn cao su trong ng\u00e0nh c\u00f4ng nghi\u1ec7p \u00f4 t\u00f4, n\u01a1i m\u00e0 s\u1ef1 an to\u00e0n v\u00e0 tho\u1ea3i m\u00e1i l\u00e0 t\u1ed1i quan tr\u1ecdng. \u0110\u00f3 l\u00e0 l\u00fd do t\u1ea1i sao ch\u00fang t\u00f4i cam k\u1ebft \u0111\u1ea1t \u0111\u01b0\u1ee3c c\u00e1c ti\u00eau chu\u1ea9n ch\u1ea5t l\u01b0\u1ee3ng cao nh\u1ea5t. V\u00ed d\u1ee5, v\u1eadt li\u1ec7u EPDM c\u1ee7a ch\u00fang t\u00f4i th\u1ec3 hi\u1ec7n hi\u1ec7u su\u1ea5t v\u01b0\u1ee3t tr\u1ed9i v\u1edbi m\u1ee9c \u0111\u00e1nh gi\u00e1 m\u00f9i \u1ea5n t\u01b0\u1ee3ng l\u00e0 &lt;3.0, ngay c\u1ea3 trong \u0111i\u1ec1u ki\u1ec7n th\u1eed nghi\u1ec7m nhi\u1ec7t \u0111\u1ed9 cao nghi\u00eam ng\u1eb7t. Ch\u00fang t\u00f4i t\u1ef1 h\u00e0o \u0111\u00e1p \u1ee9ng c\u00e1c ti\u00eau chu\u1ea9n nghi\u00eam ng\u1eb7t n\u00e0y v\u00e0 cung c\u1ea5p cho kh\u00e1ch h\u00e0ng c\u00e1c b\u1ed9 ph\u1eadn cao su \u0111\u00fac t\u00f9y ch\u1ec9nh \u0111\u1eb7c bi\u1ec7t cho c\u00e1c \u1ee9ng d\u1ee5ng c\u1ee7a h\u1ecd.<\/p>\n\n\n\n<h2 class=\"wp-block-heading has-vivid-cyan-blue-color has-text-color\" id=\"expert-design-and-production-capabilities-tailored-to-your-needs\">Kh\u1ea3 n\u0103ng thi\u1ebft k\u1ebf v\u00e0 s\u1ea3n xu\u1ea5t chuy\u00ean nghi\u1ec7p: Ph\u00f9 h\u1ee3p v\u1edbi nhu c\u1ea7u c\u1ee7a b\u1ea1n<\/h2>\n\n\n\n<p>\u0110\u1ed9i ng\u0169 k\u1ef9 s\u01b0 v\u00e0 nh\u00e0 thi\u1ebft k\u1ebf gi\u00e0u kinh nghi\u1ec7m c\u1ee7a ch\u00fang t\u00f4i l\u00e0m vi\u1ec7c ch\u1eb7t ch\u1ebd v\u1edbi kh\u00e1ch h\u00e0ng \u0111\u1ec3 t\u1ea1o ra c\u00e1c thi\u1ebft k\u1ebf v\u00e0 th\u00f4ng s\u1ed1 k\u1ef9 thu\u1eadt t\u00f9y ch\u1ec9nh cho c\u00e1c s\u1ea3n ph\u1ea9m cao su c\u1ee7a h\u1ecd. S\u1eed d\u1ee5ng c\u00e1c k\u1ef9 thu\u1eadt \u0111\u00fac ti\u00ean ti\u1ebfn nh\u01b0 \u0111\u00fac cao su n\u00e9n, \u0111\u00fac cao su chuy\u1ec3n v\u00e0 \u0111\u00fac cao su phun, ch\u00fang t\u00f4i s\u1ea3n xu\u1ea5t c\u00e1c b\u1ed9 ph\u1eadn cao su t\u00f9y ch\u1ec9nh v\u1edbi nhi\u1ec1u h\u00ecnh d\u1ea1ng v\u00e0 k\u00edch th\u01b0\u1edbc kh\u00e1c nhau \u0111\u1ec3 \u0111\u00e1p \u1ee9ng ch\u00ednh x\u00e1c c\u00e1c y\u00eau c\u1ea7u c\u1ee5 th\u1ec3 c\u1ee7a b\u1ea1n.<\/p>\n\n\n\n<h2 class=\"wp-block-heading has-vivid-cyan-blue-color has-text-color\" id=\"complete-solution-secondary-operations-and-quality-control\">Gi\u1ea3i ph\u00e1p ho\u00e0n ch\u1ec9nh: Ho\u1ea1t \u0111\u1ed9ng th\u1ee9 c\u1ea5p v\u00e0 Ki\u1ec3m so\u00e1t ch\u1ea5t l\u01b0\u1ee3ng<\/h2>\n\n\n\n<p>Ngo\u00e0i vi\u1ec7c \u0111\u00fac khu\u00f4n c\u00e1c b\u1ed9 ph\u1eadn, ch\u00fang t\u00f4i c\u00f2n cung c\u1ea5p c\u00e1c ho\u1ea1t \u0111\u1ed9ng th\u1ee9 c\u1ea5p to\u00e0n di\u1ec7n, bao g\u1ed3m c\u1eaft, d\u00e1n v\u00e0 l\u1eafp r\u00e1p, \u0111\u1ec3 cung c\u1ea5p c\u00e1c s\u1ea3n ph\u1ea9m ho\u00e0n thi\u1ec7n. C\u00e1c quy tr\u00ecnh ki\u1ec3m so\u00e1t ch\u1ea5t l\u01b0\u1ee3ng nghi\u00eam ng\u1eb7t c\u1ee7a ch\u00fang t\u00f4i \u0111\u1ea3m b\u1ea3o r\u1eb1ng t\u1ea5t c\u1ea3 c\u00e1c s\u1ea3n ph\u1ea9m c\u1ee7a ch\u00fang t\u00f4i \u0111\u1ec1u \u0111\u00e1p \u1ee9ng c\u00e1c th\u00f4ng s\u1ed1 k\u1ef9 thu\u1eadt v\u00e0 ti\u00eau chu\u1ea9n c\u00f4ng nghi\u1ec7p b\u1eaft bu\u1ed9c, \u0111\u1ea3m b\u1ea3o s\u1ef1 h\u00e0i l\u00f2ng t\u1ed1i \u0111a c\u1ee7a b\u1ea1n.<\/p>\n\n\n\n<h2 class=\"wp-block-heading has-vivid-cyan-blue-color has-text-color\" id=\"iso-ts-16949-certification-ensuring-quality-and-satisfaction\">Ch\u1ee9ng nh\u1eadn ISO\/TS 16949: \u0110\u1ea3m b\u1ea3o ch\u1ea5t l\u01b0\u1ee3ng v\u00e0 s\u1ef1 h\u00e0i l\u00f2ng<\/h2>\n\n\n\n<p>Ch\u00fang t\u00f4i t\u1ef1 h\u00e0o s\u1edf h\u1eefu ch\u1ee9ng nh\u1eadn ISO\/TS 16949, m\u1ed9t h\u1ec7 th\u1ed1ng qu\u1ea3n l\u00fd ch\u1ea5t l\u01b0\u1ee3ng \u0111\u01b0\u1ee3c thi\u1ebft k\u1ebf ri\u00eang cho ng\u00e0nh c\u00f4ng nghi\u1ec7p \u00f4 t\u00f4. Ch\u1ee9ng nh\u1eadn n\u00e0y ch\u1ee9ng minh cam k\u1ebft c\u1ee7a ch\u00fang t\u00f4i trong vi\u1ec7c cung c\u1ea5p c\u00e1c b\u1ed9 ph\u1eadn cao su t\u00f9y ch\u1ec9nh ch\u1ea5t l\u01b0\u1ee3ng cao nh\u1ea5t \u0111\u00e1p \u1ee9ng nhu c\u1ea7u ri\u00eang bi\u1ec7t c\u1ee7a ng\u00e0nh. H\u1ec7 th\u1ed1ng qu\u1ea3n l\u00fd ch\u1ea5t l\u01b0\u1ee3ng c\u1ee7a ch\u00fang t\u00f4i bao g\u1ed3m m\u1ecdi kh\u00eda c\u1ea1nh trong ho\u1ea1t \u0111\u1ed9ng c\u1ee7a ch\u00fang t\u00f4i, t\u1eeb thi\u1ebft k\u1ebf v\u00e0 ph\u00e1t tri\u1ec3n \u0111\u1ebfn s\u1ea3n xu\u1ea5t v\u00e0 giao h\u00e0ng.<\/p>\n\n\n\n<h2 class=\"wp-block-heading has-vivid-cyan-blue-color has-text-color\" id=\"compliance-with-automotive-standards-and-regulations\">Tu\u00e2n th\u1ee7 c\u00e1c ti\u00eau chu\u1ea9n v\u00e0 quy \u0111\u1ecbnh v\u1ec1 \u00f4 t\u00f4<\/h2>\n\n\n\n<p>S\u1ea3n xu\u1ea5t \u00f4 t\u00f4 \u0111\u00f2i h\u1ecfi ph\u1ea3i tu\u00e2n th\u1ee7 nghi\u00eam ng\u1eb7t c\u00e1c ti\u00eau chu\u1ea9n v\u00e0 quy \u0111\u1ecbnh c\u1ee5 th\u1ec3 c\u1ee7a ng\u00e0nh, ch\u1eb3ng h\u1ea1n nh\u01b0 Nh\u00f3m h\u00e0nh \u0111\u1ed9ng c\u1ee7a ng\u00e0nh \u00f4 t\u00f4 (AIAG), Quy tr\u00ecnh ph\u00ea duy\u1ec7t b\u1ed9 ph\u1eadn s\u1ea3n xu\u1ea5t (PPAP) v\u00e0 c\u00e1c ti\u00eau chu\u1ea9n L\u1eadp k\u1ebf ho\u1ea1ch ch\u1ea5t l\u01b0\u1ee3ng s\u1ea3n ph\u1ea9m ti\u00ean ti\u1ebfn (APQP). \u0110\u1ed9i ng\u0169 k\u1ef9 thu\u1eadt c\u1ee7a ch\u00fang t\u00f4i \u0111\u1ea3m b\u1ea3o r\u1eb1ng k\u1ebf ho\u1ea1ch s\u1ea3n xu\u1ea5t ph\u00f9 h\u1ee3p v\u1edbi c\u00e1c ti\u00eau chu\u1ea9n n\u00e0y, nh\u1ea5n m\u1ea1nh v\u00e0o c\u1ea3i ti\u1ebfn li\u00ean t\u1ee5c, ph\u00f2ng ng\u1eeba l\u1ed7i v\u00e0 gi\u1ea3m thi\u1ec3u s\u1ef1 thay \u0111\u1ed5i v\u00e0 l\u00e3ng ph\u00ed trong qu\u00e1 tr\u00ecnh s\u1ea3n xu\u1ea5t.<\/p>\n\n\n\n<h2 class=\"wp-block-heading has-vivid-cyan-blue-color has-text-color\" id=\"discover-our-range-of-custom-molded-rubber-parts\">Kh\u00e1m ph\u00e1 ph\u1ea1m vi c\u00e1c b\u1ed9 ph\u1eadn cao su \u0111\u00fac t\u00f9y ch\u1ec9nh c\u1ee7a ch\u00fang t\u00f4i<\/h2>\n\n\n\n<p>T\u1eeb c\u00e1c \u1ed1ng cao su v\u00e0 gi\u00e1 \u0111\u1ee1 \u0111\u1ed9ng c\u01a1 \u0111\u1ebfn ph\u1edbt, \u1ed1ng l\u00f3t h\u1ec7 th\u1ed1ng treo, v.v., ch\u00fang t\u00f4i cung c\u1ea5p m\u1ed9t lo\u1ea1t c\u00e1c b\u1ed9 ph\u1eadn cao su \u0111\u00fac t\u00f9y ch\u1ec9nh \u0111\u1ec3 \u0111\u00e1p \u1ee9ng c\u00e1c y\u00eau c\u1ea7u \u1ee9ng d\u1ee5ng. Tin t\u01b0\u1edfng Hopeful Rubber v\u1ec1 \u0111\u1ed9 ch\u00ednh x\u00e1c, \u0111\u1ed9 tin c\u1eady v\u00e0 hi\u1ec7u su\u1ea5t v\u01b0\u1ee3t tr\u1ed9i.<\/p>\n\n\n\n<div class=\"wp-block-media-text alignwide has-media-on-the-right is-stacked-on-mobile\" style=\"grid-template-columns:auto 59%\"><div class=\"wp-block-media-text__content\">\n<ul class=\"wp-block-list\">\n<li>V\u00f2ng cao su \u00f4 t\u00f4<\/li>\n\n\n\n<li>M\u00e0ng ch\u1eafn t\u0103ng c\u01b0\u1eddng<\/li>\n\n\n\n<li>M\u00e0ng tr\u1ee3 l\u1ef1c phanh<\/li>\n\n\n\n<li>\u0110\u00e1nh b\u00f3ng<\/li>\n\n\n\n<li>Ph\u1edbt che b\u1ee5i<\/li>\n\n\n\n<li>Gi\u00e1 \u0111\u1ee1 \u0111\u1ed9ng c\u01a1<\/li>\n\n\n\n<li>B\u00e0n \u0111\u1ea1p<\/li>\n\n\n\n<li>\u1ed0ng th\u1ed5i cao su<\/li>\n\n\n\n<li>B\u1ed9 gi\u1ea3m ch\u1ea5n cao su<\/li>\n\n\n\n<li>\u1ed0ng cao su<\/li>\n\n\n\n<li>H\u1ea3i c\u1ea9u<\/li>\n\n\n\n<li>\u1ed0ng th\u1ed5i gi\u1ea3m x\u00f3c<\/li>\n\n\n\n<li>Ph\u1edbt gi\u1ea3m x\u00f3c<\/li>\n\n\n\n<li>\u1ed0ng l\u00f3t treo<\/li>\n<\/ul>\n<\/div><figure class=\"wp-block-media-text__media\"><img loading=\"lazy\" decoding=\"async\" width=\"1000\" height=\"500\" src=\"https:\/\/hopefulrubber.com\/wp-content\/uploads\/2023\/06\/\u672a\u547d\u540d\u8a2d\u8a08-3.png\" alt=\"Linh ki\u1ec7n cao su trong ng\u00e0nh c\u00f4ng nghi\u1ec7p \u00f4 t\u00f4\" class=\"wp-image-234 size-full\" title=\"\" srcset=\"https:\/\/hopefulrubber.com\/wp-content\/uploads\/2023\/06\/\u672a\u547d\u540d\u8a2d\u8a08-3.png 1000w, https:\/\/hopefulrubber.com\/wp-content\/uploads\/2023\/06\/\u672a\u547d\u540d\u8a2d\u8a08-3-300x150.png 300w, https:\/\/hopefulrubber.com\/wp-content\/uploads\/2023\/06\/\u672a\u547d\u540d\u8a2d\u8a08-3-768x384.png 768w, https:\/\/hopefulrubber.com\/wp-content\/uploads\/2023\/06\/\u672a\u547d\u540d\u8a2d\u8a08-3-18x9.png 18w\" sizes=\"auto, (max-width: 1000px) 100vw, 1000px\" \/><\/figure><\/div>\n\n\n\n<h2 class=\"wp-block-heading\" id=\"why-choose-hopeful-rubber-for-your-custom-rubber-molding-needs\"><mark style=\"background-color:rgba(0, 0, 0, 0)\" class=\"has-inline-color has-vivid-cyan-blue-color\">T\u1ea1i sao n\u00ean ch\u1ecdn Hopeful Rubber cho nhu c\u1ea7u \u0111\u00fac cao su theo y\u00eau c\u1ea7u c\u1ee7a b\u1ea1n?<\/mark><\/h2>\n\n\n\n<p>T\u1ea1i Hopeful Rubber, ch\u00fang t\u00f4i t\u1ef1 h\u00e0o l\u00e0 \u0111\u1ed1i t\u00e1c \u0111\u00e1ng tin c\u1eady trong l\u0129nh v\u1ef1c \u00f4 t\u00f4 v\u00e0 di \u0111\u1ed9ng. Cam k\u1ebft c\u1ee7a ch\u00fang t\u00f4i v\u1ec1 s\u1ef1 \u0111\u1ed5i m\u1edbi v\u00e0 s\u1ef1 h\u00e0i l\u00f2ng c\u1ee7a kh\u00e1ch h\u00e0ng gi\u00fap ch\u00fang t\u00f4i kh\u00e1c bi\u1ec7t so v\u1edbi c\u00e1c \u0111\u1ed1i th\u1ee7 c\u1ea1nh tranh. Ch\u00fang t\u00f4i li\u00ean t\u1ee5c \u0111\u1ea7u t\u01b0 v\u00e0o c\u00e1c c\u00f4ng ngh\u1ec7 v\u00e0 ph\u01b0\u01a1ng ph\u00e1p m\u1edbi nh\u1ea5t \u0111\u1ec3 n\u00e2ng cao quy tr\u00ecnh s\u1ea3n xu\u1ea5t c\u1ee7a m\u00ecnh, \u0111\u1ea3m b\u1ea3o r\u1eb1ng ch\u00fang t\u00f4i lu\u00f4n \u0111i \u0111\u1ea7u trong c\u00e1c xu h\u01b0\u1edbng c\u1ee7a ng\u00e0nh v\u00e0 \u0111\u00e1p \u1ee9ng nhu c\u1ea7u th\u1ecb tr\u01b0\u1eddng \u0111ang thay \u0111\u1ed5i. Khi l\u1ef1a ch\u1ecdn ch\u00fang t\u00f4i, b\u1ea1n kh\u00f4ng ch\u1ec9 \u0111\u01b0\u1ee3c ti\u1ebfp c\u1eadn v\u1edbi c\u00e1c b\u1ed9 ph\u1eadn cao su \u0111\u00fac ch\u1ea5t l\u01b0\u1ee3ng cao m\u00e0 c\u00f2n \u0111\u01b0\u1ee3c h\u01b0\u1edbng d\u1eabn chuy\u00ean m\u00f4n trong su\u1ed1t qu\u00e1 tr\u00ecnh thi\u1ebft k\u1ebf v\u00e0 s\u1ea3n xu\u1ea5t. Ph\u01b0\u01a1ng ph\u00e1p ti\u1ebfp c\u1eadn l\u1ea5y kh\u00e1ch h\u00e0ng l\u00e0m tr\u1ecdng t\u00e2m c\u1ee7a ch\u00fang t\u00f4i c\u00f3 ngh\u0129a l\u00e0 ch\u00fang t\u00f4i l\u1eafng nghe nhu c\u1ea7u c\u1ee7a b\u1ea1n, cung c\u1ea5p c\u00e1c gi\u1ea3i ph\u00e1p ph\u00f9 h\u1ee3p th\u00fac \u0111\u1ea9y c\u00e1c d\u1ef1 \u00e1n c\u1ee7a b\u1ea1n ti\u1ebfn tri\u1ec3n. Tr\u1ea3i nghi\u1ec7m s\u1ef1 kh\u00e1c bi\u1ec7t v\u1edbi Hopeful Rubber\u2014n\u01a1i ch\u1ea5t l\u01b0\u1ee3ng k\u1ebft h\u1ee3p v\u1edbi s\u1ef1 \u0111\u1ed5i m\u1edbi!<\/p>\n\n\n\n<p>\u0110\u1ec3 c\u00f3 gi\u1ea3i ph\u00e1p \u0111\u00fac cao su t\u00f9y ch\u1ec9nh ph\u00f9 h\u1ee3p trong l\u0129nh v\u1ef1c \u00f4 t\u00f4 v\u00e0 di \u0111\u1ed9ng, h\u00e3y li\u00ean h\u1ec7 v\u1edbi ch\u00fang t\u00f4i ngay h\u00f4m nay!<\/p>\n\n\n\n<div class=\"wp-block-buttons is-layout-flex wp-block-buttons-is-layout-flex\">\n<div class=\"wp-block-button has-custom-font-size has-small-font-size\"><a class=\"wp-block-button__link has-white-color has-vivid-red-background-color has-text-color has-background wp-element-button\" href=\"https:\/\/hopefulrubber.com\/vi\/lien-he-voi-chung-toi\/\">Li\u00ean h\u1ec7 v\u1edbi ch\u00fang t\u00f4i<\/a><\/div>\n<\/div>\n<\/div>\n<\/div>","protected":false},"excerpt":{"rendered":"<p>Premium Custom Rubber Molding for Automotive and Mobility Solutions At Hopeful Rubber, we specialize in providing high-quality custom rubber molding solutions for the automotive and mobility industries. With our expertise and dedication to quality, we deliver superior rubber parts that offer exceptional performance, durability, and reliability in demanding conditions. Commitment to Quality: Meeting Stringent Automotive [&hellip;]<\/p>\n","protected":false},"author":1,"featured_media":366,"parent":1150,"menu_order":0,"comment_status":"closed","ping_status":"closed","template":"","meta":{"content-type":"","footnotes":""},"class_list":["post-238","page","type-page","status-publish","has-post-thumbnail","hentry"],"_links":{"self":[{"href":"https:\/\/hopefulrubber.com\/vi\/wp-json\/wp\/v2\/pages\/238","targetHints":{"allow":["GET"]}}],"collection":[{"href":"https:\/\/hopefulrubber.com\/vi\/wp-json\/wp\/v2\/pages"}],"about":[{"href":"https:\/\/hopefulrubber.com\/vi\/wp-json\/wp\/v2\/types\/page"}],"author":[{"embeddable":true,"href":"https:\/\/hopefulrubber.com\/vi\/wp-json\/wp\/v2\/users\/1"}],"replies":[{"embeddable":true,"href":"https:\/\/hopefulrubber.com\/vi\/wp-json\/wp\/v2\/comments?post=238"}],"version-history":[{"count":44,"href":"https:\/\/hopefulrubber.com\/vi\/wp-json\/wp\/v2\/pages\/238\/revisions"}],"predecessor-version":[{"id":2173,"href":"https:\/\/hopefulrubber.com\/vi\/wp-json\/wp\/v2\/pages\/238\/revisions\/2173"}],"up":[{"embeddable":true,"href":"https:\/\/hopefulrubber.com\/vi\/wp-json\/wp\/v2\/pages\/1150"}],"wp:featuredmedia":[{"embeddable":true,"href":"https:\/\/hopefulrubber.com\/vi\/wp-json\/wp\/v2\/media\/366"}],"wp:attachment":[{"href":"https:\/\/hopefulrubber.com\/vi\/wp-json\/wp\/v2\/media?parent=238"}],"curies":[{"name":"wp","href":"https:\/\/api.w.org\/{rel}","templated":true}]}}