{"id":376,"date":"2023-06-15T17:56:03","date_gmt":"2023-06-15T09:56:03","guid":{"rendered":"https:\/\/hopefulrubber.com\/?page_id=376"},"modified":"2024-10-16T14:49:24","modified_gmt":"2024-10-16T06:49:24","slug":"thuoc-ve-y-hoc","status":"publish","type":"page","link":"https:\/\/hopefulrubber.com\/vi\/industries\/medical\/","title":{"rendered":"Y t\u1ebf v\u00e0 ch\u0103m s\u00f3c s\u1ee9c kh\u1ecfe"},"content":{"rendered":"<div class=\"wp-block-group\"><div class=\"wp-block-group__inner-container is-layout-constrained wp-block-group-is-layout-constrained\">\n<div class=\"wp-block-columns is-layout-flex wp-container-core-columns-is-layout-9d6595d7 wp-block-columns-is-layout-flex\">\n<div class=\"wp-block-column is-layout-flow wp-block-column-is-layout-flow\" style=\"flex-basis:25%\">\n<div class=\"wp-block-rank-math-toc-block\" id=\"rank-math-toc\"><h2>M\u1ee5c l\u1ee5c<\/h2><nav><ul><li><a href=\"#cpr-rescue-airbags\">T\u00fai kh\u00ed c\u1ee9u h\u1ed9 CPR<\/a><\/li><li><a href=\"#cpap-masks\">M\u1eb7t n\u1ea1 CPAP:<\/a><\/li><li><a href=\"#seals-and-gaskets\">Ph\u1edbt v\u00e0 mi\u1ebfng \u0111\u1ec7m:<\/a><\/li><li><a href=\"#o-rings\">V\u00f2ng ch\u1eef O<\/a><\/li><li><a href=\"#tubing\">\u1ed0ng:<\/a><\/li><li><a href=\"#stopper\">N\u00fat ch\u1eb7n:<\/a><\/li><\/ul><\/nav><\/div>\n<\/div>\n\n\n\n<div class=\"wp-block-column is-layout-flow wp-block-column-is-layout-flow\" style=\"flex-basis:66.66%\">\n<h1 class=\"wp-block-heading has-vivid-cyan-blue-color has-text-color\" id=\"molded-rubber-parts-in-medical-device-applications\">Linh ki\u1ec7n cao su \u0111\u00fac trong \u1ee9ng d\u1ee5ng y t\u1ebf v\u00e0 ch\u0103m s\u00f3c s\u1ee9c kh\u1ecfe<\/h1>\n\n\n\n<p>C\u00e1c b\u1ed9 ph\u1eadn v\u00e0 th\u00e0nh ph\u1ea7n cao su \u0111\u01b0\u1ee3c s\u1eed d\u1ee5ng r\u1ed9ng r\u00e3i trong ng\u00e0nh y t\u1ebf v\u00e0 ch\u0103m s\u00f3c s\u1ee9c kh\u1ecfe v\u00ec t\u00ednh linh ho\u1ea1t, \u0111\u1ed9 b\u1ec1n v\u00e0 kh\u1ea3 n\u0103ng ch\u1ed1ng h\u00f3a ch\u1ea5t v\u00e0 kh\u1eed tr\u00f9ng. B\u1eb1ng c\u00e1ch tri\u1ec3n khai&nbsp;<a href=\"https:\/\/hopefulrubber.com\/zh\/about-us\/quality-systems\/#iso-13485-2016-certification\">Ti\u00eau chu\u1ea9n ISO13485<\/a>:2016 standard, Hopeful Rubber c\u00f3 th\u1ec3 ch\u1ee9ng minh cam k\u1ebft c\u1ee7a ch\u00fang t\u00f4i v\u1ec1 ch\u1ea5t l\u01b0\u1ee3ng, an to\u00e0n v\u00e0 tu\u00e2n th\u1ee7 quy \u0111\u1ecbnh trong ng\u00e0nh thi\u1ebft b\u1ecb y t\u1ebf. N\u00f3 c\u0169ng c\u00f3 th\u1ec3 gi\u00fap ch\u00fang t\u00f4i h\u1ee3p l\u00fd h\u00f3a quy tr\u00ecnh, gi\u1ea3m l\u00e3ng ph\u00ed v\u00e0 c\u1ea3i thi\u1ec7n s\u1ef1 h\u00e0i l\u00f2ng c\u1ee7a kh\u00e1ch h\u00e0ng. <\/p>\n\n\n\n<div class=\"wp-block-columns is-layout-flex wp-container-core-columns-is-layout-9d6595d7 wp-block-columns-is-layout-flex\">\n<div class=\"wp-block-column is-layout-flow wp-block-column-is-layout-flow\">\n<h3 class=\"wp-block-heading\" id=\"cpr-rescue-airbags\">T\u00fai kh\u00ed c\u1ee9u h\u1ed9 CPR<\/h3>\n\n\n\n<p>T\u00fai kh\u00ed c\u1ee9u h\u1ed9 CPR th\u01b0\u1eddng \u0111\u01b0\u1ee3c l\u00e0m b\u1eb1ng v\u1eadt li\u1ec7u y t\u1ebf linh ho\u1ea1t nh\u01b0 silicone ho\u1eb7c PVC, cho ph\u00e9p t\u00fai \u0111\u01b0\u1ee3c n\u00e9n v\u00e0 th\u1ed5i ph\u1ed3ng nhi\u1ec1u l\u1ea7n m\u00e0 kh\u00f4ng b\u1ecb m\u1ea5t h\u00ecnh d\u1ea1ng ho\u1eb7c ch\u1ee9c n\u0103ng. Ch\u00fang c\u0169ng c\u00f3 th\u1ec3 c\u00f3 h\u1ec7 th\u1ed1ng van m\u1ed9t chi\u1ec1u cho ph\u00e9p cung c\u1ea5p h\u01a1i th\u1edf c\u1ee9u h\u1ed9 m\u00e0 kh\u00f4ng c\u00f3 nguy c\u01a1 ch\u1ea3y ng\u01b0\u1ee3c ho\u1eb7c nhi\u1ec5m b\u1ea9n.<\/p>\n\n\n\n<h3 class=\"wp-block-heading\" id=\"cpap-masks\">M\u1eb7t n\u1ea1 CPAP: <\/h3>\n\n\n\n<p>M\u1eb7t n\u1ea1 CPAP (\u00c1p su\u1ea5t \u0111\u01b0\u1eddng th\u1edf d\u01b0\u01a1ng li\u00ean t\u1ee5c) l\u00e0 thi\u1ebft b\u1ecb y t\u1ebf \u0111\u01b0\u1ee3c s\u1eed d\u1ee5ng \u0111\u1ec3 \u0111i\u1ec1u tr\u1ecb ch\u1ee9ng ng\u01b0ng th\u1edf khi ng\u1ee7. M\u1eb7t n\u1ea1 CPAP th\u01b0\u1eddng bao g\u1ed3m m\u1ed9t m\u1eb7t n\u1ea1 che m\u0169i, mi\u1ec7ng ho\u1eb7c c\u1ea3 hai v\u00e0 \u0111\u01b0\u1ee3c k\u1ebft n\u1ed1i v\u1edbi m\u1ed9t m\u00e1y cung c\u1ea5p kh\u00ed n\u00e9n. M\u1eb7t n\u1ea1 c\u00f3 th\u1ec3 c\u00f3 d\u00e2y \u0111eo c\u00f3 th\u1ec3 \u0111i\u1ec1u ch\u1ec9nh \u0111\u1ec3 \u0111\u1ea3m b\u1ea3o v\u1eeba v\u1eb7n v\u00e0 tho\u1ea3i m\u00e1i, v\u00e0 c\u0169ng c\u00f3 th\u1ec3 c\u00f3 ch\u1ee9c n\u0103ng t\u1ea1o \u0111\u1ed9 \u1ea9m t\u00edch h\u1ee3p \u0111\u1ec3 ng\u0103n ng\u1eeba kh\u00f4 v\u00e0 k\u00edch \u1ee9ng \u0111\u01b0\u1eddng m\u0169i. C\u00f3 m\u1ed9t s\u1ed1 lo\u1ea1i m\u1eb7t n\u1ea1 CPAP: M\u1eb7t n\u1ea1 m\u0169i, M\u1eb7t n\u1ea1 to\u00e0n m\u1eb7t, M\u1eb7t n\u1ea1 g\u1ed1i m\u0169i v\u00e0 M\u1eb7t n\u1ea1 mi\u1ec7ng.<\/p>\n\n\n\n<h3 class=\"wp-block-heading\" id=\"seals-and-gaskets\">Ph\u1edbt v\u00e0 mi\u1ebfng \u0111\u1ec7m:<\/h3>\n\n\n\n<p>Gio\u0103ng v\u00e0 mi\u1ebfng \u0111\u1ec7m cao su \u0111\u01b0\u1ee3c s\u1eed d\u1ee5ng trong c\u00e1c thi\u1ebft b\u1ecb v\u00e0 d\u1ee5ng c\u1ee5 y t\u1ebf \u0111\u1ec3 ng\u0103n r\u00f2 r\u1ec9 v\u00e0 \u0111\u1ea3m b\u1ea3o ch\u1ee9c n\u0103ng ho\u1ea1t \u0111\u1ed9ng b\u00ecnh th\u01b0\u1eddng. Ch\u00fang th\u01b0\u1eddng \u0111\u01b0\u1ee3c l\u00e0m t\u1eeb v\u1eadt li\u1ec7u cao su t\u1ed5ng h\u1ee3p nh\u01b0 EPDM ho\u1eb7c fluoroelastomer.<\/p>\n\n\n\n<h3 class=\"wp-block-heading\" id=\"o-rings\">V\u00f2ng ch\u1eef O<\/h3>\n\n\n\n<p>V\u00f2ng \u0111\u1ec7m cao su O-ring \u0111\u01b0\u1ee3c s\u1eed d\u1ee5ng trong c\u00e1c thi\u1ebft b\u1ecb y t\u1ebf \u0111\u1ec3 t\u1ea1o ra l\u1edbp \u0111\u1ec7m gi\u1eefa hai b\u1ed9 ph\u1eadn, ng\u0103n ng\u1eeba r\u00f2 r\u1ec9 ch\u1ea5t l\u1ecfng. Ch\u00fang th\u01b0\u1eddng \u0111\u01b0\u1ee3c l\u00e0m t\u1eeb v\u1eadt li\u1ec7u cao su t\u1ed5ng h\u1ee3p nh\u01b0 nitrile ho\u1eb7c silicone.<\/p>\n\n\n\n<h3 class=\"wp-block-heading\" id=\"tubing\">\u1ed0ng:<\/h3>\n\n\n\n<p>\u1ed0ng cao su \u0111\u01b0\u1ee3c s\u1eed d\u1ee5ng trong c\u00e1c thi\u1ebft b\u1ecb y t\u1ebf \u0111\u1ec3 v\u1eadn chuy\u1ec3n ch\u1ea5t l\u1ecfng v\u00e0 kh\u00ed. N\u00f3 th\u01b0\u1eddng \u0111\u01b0\u1ee3c l\u00e0m t\u1eeb v\u1eadt li\u1ec7u cao su t\u1ed5ng h\u1ee3p nh\u01b0 PVC ho\u1eb7c silicone.<\/p>\n\n\n\n<h3 class=\"wp-block-heading\" id=\"stopper\">N\u00fat ch\u1eb7n:<\/h3>\n\n\n\n<p>N\u00fat cao su th\u01b0\u1eddng \u0111\u01b0\u1ee3c s\u1eed d\u1ee5ng trong \u1ed1ng ti\u00eam nh\u01b0 m\u1ed9t l\u1edbp ni\u00eam phong ho\u1eb7c \u0111\u00f3ng k\u00edn cho \u0111\u1ea7u kim ho\u1eb7c \u0111\u1ea7u v\u00f2i c\u1ee7a th\u00e2n \u1ed1ng ti\u00eam. N\u00fat cao su th\u01b0\u1eddng \u0111\u01b0\u1ee3c l\u1eafp v\u00e0o \u0111\u1ea7u th\u00e2n \u1ed1ng ti\u00eam, t\u1ea1o ra m\u1ed9t l\u1edbp ni\u00eam phong ch\u1eb7t ch\u1ebd ng\u0103n kh\u00f4ng cho ch\u1ea5t l\u1ecfng trong \u1ed1ng ti\u00eam r\u00f2 r\u1ec9 ra ngo\u00e0i. N\u00fat cao su th\u01b0\u1eddng \u0111\u01b0\u1ee3c l\u00e0m b\u1eb1ng v\u1eadt li\u1ec7u cao su t\u1ed5ng h\u1ee3p nh\u01b0 cao su butyl, c\u00f3 kh\u1ea3 n\u0103ng ch\u1ed1ng l\u1ea1i h\u00f3a ch\u1ea5t v\u00e0 c\u00e1c quy tr\u00ecnh kh\u1eed tr\u00f9ng.&nbsp;<\/p>\n<\/div>\n<\/div>\n<\/div>\n\n\n\n<div class=\"wp-block-column is-layout-flow wp-block-column-is-layout-flow\" style=\"flex-basis:33.33%\">\n<figure class=\"wp-block-image size-full\"><img loading=\"lazy\" decoding=\"async\" width=\"1000\" height=\"750\" src=\"https:\/\/hopefulrubber.com\/wp-content\/uploads\/2023\/06\/hopeful_rubber_website_medical_masks-.jpg\" alt=\"M\u1ed9t h\u00ecnh \u1ea3nh gi\u1edbi thi\u1ec7u c\u00e1c thi\u1ebft b\u1ecb y t\u1ebf, l\u00e0m n\u1ed5i b\u1eadt vai tr\u00f2 quan tr\u1ecdng c\u1ee7a c\u00e1c th\u00e0nh ph\u1ea7n cao su trong ng\u00e0nh ch\u0103m s\u00f3c s\u1ee9c kh\u1ecfe v\u00e0 nh\u1ea5n m\u1ea1nh n\u0103ng l\u1ef1c c\u1ee7a Hopeful Rubber v\u1edbi t\u01b0 c\u00e1ch l\u00e0 nh\u00e0 cung c\u1ea5p h\u00e0ng \u0111\u1ea7u c\u00e1c s\u1ea3n ph\u1ea9m cao su ch\u1ea5t l\u01b0\u1ee3ng cao cho c\u00e1c \u1ee9ng d\u1ee5ng y t\u1ebf.\" class=\"wp-image-438\" title=\"\" srcset=\"https:\/\/hopefulrubber.com\/wp-content\/uploads\/2023\/06\/hopeful_rubber_website_medical_masks-.jpg 1000w, https:\/\/hopefulrubber.com\/wp-content\/uploads\/2023\/06\/hopeful_rubber_website_medical_masks--300x225.jpg 300w, https:\/\/hopefulrubber.com\/wp-content\/uploads\/2023\/06\/hopeful_rubber_website_medical_masks--768x576.jpg 768w, https:\/\/hopefulrubber.com\/wp-content\/uploads\/2023\/06\/hopeful_rubber_website_medical_masks--16x12.jpg 16w\" sizes=\"auto, (max-width: 1000px) 100vw, 1000px\" \/><figcaption class=\"wp-element-caption\">Linh ki\u1ec7n silicon v\u00e0 cao su cho thi\u1ebft b\u1ecb y t\u1ebf<\/figcaption><\/figure>\n\n\n\n<figure class=\"wp-block-image size-full\"><img loading=\"lazy\" decoding=\"async\" width=\"1000\" height=\"750\" src=\"https:\/\/hopefulrubber.com\/wp-content\/uploads\/2023\/06\/hopeful_rubber_website_medical_components-.jpg\" alt=\"M\u1ed9t h\u00ecnh \u1ea3nh gi\u1edbi thi\u1ec7u c\u00e1c thi\u1ebft b\u1ecb y t\u1ebf, l\u00e0m n\u1ed5i b\u1eadt vai tr\u00f2 quan tr\u1ecdng c\u1ee7a c\u00e1c th\u00e0nh ph\u1ea7n cao su trong ng\u00e0nh ch\u0103m s\u00f3c s\u1ee9c kh\u1ecfe v\u00e0 nh\u1ea5n m\u1ea1nh n\u0103ng l\u1ef1c c\u1ee7a Hopeful Rubber v\u1edbi t\u01b0 c\u00e1ch l\u00e0 nh\u00e0 cung c\u1ea5p h\u00e0ng \u0111\u1ea7u c\u00e1c s\u1ea3n ph\u1ea9m cao su ch\u1ea5t l\u01b0\u1ee3ng cao cho c\u00e1c \u1ee9ng d\u1ee5ng y t\u1ebf.\" class=\"wp-image-439\" title=\"\" srcset=\"https:\/\/hopefulrubber.com\/wp-content\/uploads\/2023\/06\/hopeful_rubber_website_medical_components-.jpg 1000w, https:\/\/hopefulrubber.com\/wp-content\/uploads\/2023\/06\/hopeful_rubber_website_medical_components--300x225.jpg 300w, https:\/\/hopefulrubber.com\/wp-content\/uploads\/2023\/06\/hopeful_rubber_website_medical_components--768x576.jpg 768w, https:\/\/hopefulrubber.com\/wp-content\/uploads\/2023\/06\/hopeful_rubber_website_medical_components--16x12.jpg 16w\" sizes=\"auto, (max-width: 1000px) 100vw, 1000px\" \/><figcaption class=\"wp-element-caption\">Linh ki\u1ec7n silicon v\u00e0 cao su cho thi\u1ebft b\u1ecb y t\u1ebf<\/figcaption><\/figure>\n<\/div>\n<\/div>\n<\/div><\/div>","protected":false},"excerpt":{"rendered":"<p>Molded Rubber Parts in Medical and Healthcare Application Rubber parts and components are widely used in the medical and healthcare industry because of their flexibility, durability, and resistance to chemicals and sterilization. By implementing the&nbsp;ISO 13485:2016 standard, Hopeful Rubber can demonstrate our commitment to quality, safety, and&nbsp;regulatory compliance&nbsp;in the medical device industry. It can also [&hellip;]<\/p>\n","protected":false},"author":1,"featured_media":377,"parent":1150,"menu_order":0,"comment_status":"closed","ping_status":"closed","template":"","meta":{"content-type":"","footnotes":""},"class_list":["post-376","page","type-page","status-publish","has-post-thumbnail","hentry"],"_links":{"self":[{"href":"https:\/\/hopefulrubber.com\/vi\/wp-json\/wp\/v2\/pages\/376","targetHints":{"allow":["GET"]}}],"collection":[{"href":"https:\/\/hopefulrubber.com\/vi\/wp-json\/wp\/v2\/pages"}],"about":[{"href":"https:\/\/hopefulrubber.com\/vi\/wp-json\/wp\/v2\/types\/page"}],"author":[{"embeddable":true,"href":"https:\/\/hopefulrubber.com\/vi\/wp-json\/wp\/v2\/users\/1"}],"replies":[{"embeddable":true,"href":"https:\/\/hopefulrubber.com\/vi\/wp-json\/wp\/v2\/comments?post=376"}],"version-history":[{"count":27,"href":"https:\/\/hopefulrubber.com\/vi\/wp-json\/wp\/v2\/pages\/376\/revisions"}],"predecessor-version":[{"id":2152,"href":"https:\/\/hopefulrubber.com\/vi\/wp-json\/wp\/v2\/pages\/376\/revisions\/2152"}],"up":[{"embeddable":true,"href":"https:\/\/hopefulrubber.com\/vi\/wp-json\/wp\/v2\/pages\/1150"}],"wp:featuredmedia":[{"embeddable":true,"href":"https:\/\/hopefulrubber.com\/vi\/wp-json\/wp\/v2\/media\/377"}],"wp:attachment":[{"href":"https:\/\/hopefulrubber.com\/vi\/wp-json\/wp\/v2\/media?parent=376"}],"curies":[{"name":"wp","href":"https:\/\/api.w.org\/{rel}","templated":true}]}}