{"id":44,"date":"2023-05-17T15:26:47","date_gmt":"2023-05-17T07:26:47","guid":{"rendered":"https:\/\/hopefulrubber.com\/?page_id=44"},"modified":"2024-07-02T17:55:30","modified_gmt":"2024-07-02T09:55:30","slug":"kha-nang","status":"publish","type":"page","link":"https:\/\/hopefulrubber.com\/vi\/capabilities\/","title":{"rendered":"N\u0102NG L\u1ef0C"},"content":{"rendered":"<h1 class=\"wp-block-heading has-vivid-cyan-blue-color has-text-color\">C\u00e1c kh\u1ea3 n\u0103ng ch\u00ednh trong cao su hy v\u1ecdng<\/h1>\n\n\n\n<div style=\"height:30px\" aria-hidden=\"true\" class=\"wp-block-spacer\"><\/div>\n\n\n\n<h2 class=\"wp-block-heading has-black-color has-text-color\" id=\"custom-rubber-molding-capabilities-delivering-tailored-solutions-for-your-needs\">Kh\u1ea3 n\u0103ng \u0111\u00fac cao su t\u00f9y ch\u1ec9nh: Cung c\u1ea5p c\u00e1c gi\u1ea3i ph\u00e1p ph\u00f9 h\u1ee3p v\u1edbi nhu c\u1ea7u c\u1ee7a b\u1ea1n<\/h2>\n\n\n\n<p>Ch\u00fang t\u00f4i t\u1ef1 h\u00e0o cung c\u1ea5p \u0111\u1ea7y \u0111\u1ee7 c\u00e1c d\u1ecbch v\u1ee5 \u0111\u00fac cao su theo y\u00eau c\u1ea7u, \u0111\u01b0\u1ee3c thi\u1ebft k\u1ebf ri\u00eang \u0111\u1ec3 \u0111\u00e1p \u1ee9ng c\u00e1c nhu c\u1ea7u v\u00e0 y\u00eau c\u1ea7u ri\u00eang bi\u1ec7t c\u1ee7a c\u00e1c doanh nghi\u1ec7p trong nhi\u1ec1u ng\u00e0nh v\u00e0 \u1ee9ng d\u1ee5ng kh\u00e1c nhau.<\/p>\n\n\n\n<div style=\"height:20px\" aria-hidden=\"true\" class=\"wp-block-spacer\"><\/div>\n\n\n\n<div class=\"wp-block-rank-math-toc-block\" id=\"rank-math-toc\"><h2>D\u1ecbch v\u1ee5 c\u1ee7a ch\u00fang t\u00f4i:<\/h2><nav><ul><\/ul><\/nav><\/div>\n\n\n\n<div class=\"wp-block-columns is-layout-flex wp-container-core-columns-is-layout-9d6595d7 wp-block-columns-is-layout-flex\">\n<div class=\"wp-block-column is-layout-flow wp-block-column-is-layout-flow\">\n<div class=\"wp-block-cover is-light\" style=\"min-height:189px;aspect-ratio:unset;\"><span aria-hidden=\"true\" class=\"wp-block-cover__background has-background-dim-0 has-background-dim\"><\/span><img loading=\"lazy\" decoding=\"async\" width=\"2000\" height=\"600\" class=\"wp-block-cover__image-background wp-image-729\" alt=\"D\u1ecbch v\u1ee5 k\u1ef9 thu\u1eadt s\u1ea3n ph\u1ea9m cao su \u0111\u00fac\" src=\"https:\/\/hopefulrubber.com\/wp-content\/uploads\/2023\/06\/hopeful_website_product_design_and_engineering_services.jpg\" style=\"object-position:0% 76%\" data-object-fit=\"cover\" data-object-position=\"0% 76%\" title=\"\" srcset=\"https:\/\/hopefulrubber.com\/wp-content\/uploads\/2023\/06\/hopeful_website_product_design_and_engineering_services.jpg 2000w, https:\/\/hopefulrubber.com\/wp-content\/uploads\/2023\/06\/hopeful_website_product_design_and_engineering_services-300x90.jpg 300w, https:\/\/hopefulrubber.com\/wp-content\/uploads\/2023\/06\/hopeful_website_product_design_and_engineering_services-1024x307.jpg 1024w, https:\/\/hopefulrubber.com\/wp-content\/uploads\/2023\/06\/hopeful_website_product_design_and_engineering_services-768x230.jpg 768w, https:\/\/hopefulrubber.com\/wp-content\/uploads\/2023\/06\/hopeful_website_product_design_and_engineering_services-1536x461.jpg 1536w, https:\/\/hopefulrubber.com\/wp-content\/uploads\/2023\/06\/hopeful_website_product_design_and_engineering_services-18x5.jpg 18w\" sizes=\"auto, (max-width: 2000px) 100vw, 2000px\" \/><div class=\"wp-block-cover__inner-container is-layout-flow wp-block-cover-is-layout-flow\">\n<p class=\"has-text-align-center has-white-color has-text-color has-background has-medium-font-size\" style=\"background-color:#ffffffd1\"><a href=\"https:\/\/hopefulrubber.com\/vi\/kha-nang\/ky-thuat-san-pham\/\"><strong>K\u1ef9 thu\u1eadt s\u1ea3n ph\u1ea9m<\/strong><\/a><\/p>\n<\/div><\/div>\n\n\n\n<div style=\"height:35px\" aria-hidden=\"true\" class=\"wp-block-spacer\"><\/div>\n\n\n\n<div class=\"wp-block-cover\" style=\"min-height:189px;aspect-ratio:unset;\"><span aria-hidden=\"true\" class=\"wp-block-cover__background has-background-dim-0 has-background-dim\"><\/span><img loading=\"lazy\" decoding=\"async\" width=\"2000\" height=\"600\" class=\"wp-block-cover__image-background wp-image-1072\" alt=\"D\u1ecbch v\u1ee5 \u0111\u00fac cao su\" src=\"https:\/\/hopefulrubber.com\/wp-content\/uploads\/2023\/07\/hopeful_website_rubber_molding_services.jpg\" style=\"object-position:68% 70%\" data-object-fit=\"cover\" data-object-position=\"68% 70%\" title=\"\" srcset=\"https:\/\/hopefulrubber.com\/wp-content\/uploads\/2023\/07\/hopeful_website_rubber_molding_services.jpg 2000w, https:\/\/hopefulrubber.com\/wp-content\/uploads\/2023\/07\/hopeful_website_rubber_molding_services-300x90.jpg 300w, https:\/\/hopefulrubber.com\/wp-content\/uploads\/2023\/07\/hopeful_website_rubber_molding_services-1024x307.jpg 1024w, https:\/\/hopefulrubber.com\/wp-content\/uploads\/2023\/07\/hopeful_website_rubber_molding_services-768x230.jpg 768w, https:\/\/hopefulrubber.com\/wp-content\/uploads\/2023\/07\/hopeful_website_rubber_molding_services-1536x461.jpg 1536w, https:\/\/hopefulrubber.com\/wp-content\/uploads\/2023\/07\/hopeful_website_rubber_molding_services-18x5.jpg 18w\" sizes=\"auto, (max-width: 2000px) 100vw, 2000px\" \/><div class=\"wp-block-cover__inner-container is-layout-flow wp-block-cover-is-layout-flow\">\n<p class=\"has-text-align-center has-white-color has-text-color has-background has-medium-font-size\" style=\"background-color:#ffffffd1\"><a href=\"https:\/\/hopefulrubber.com\/vi\/kha-nang\/khuon-cao-su\/\"><strong>D\u1ecbch v\u1ee5 \u0111\u00fac cao su<\/strong><\/a><\/p>\n<\/div><\/div>\n<\/div>\n\n\n\n<div class=\"wp-block-column is-layout-flow wp-block-column-is-layout-flow\">\n<div class=\"wp-block-cover\" style=\"min-height:198px;aspect-ratio:unset;\"><span aria-hidden=\"true\" class=\"wp-block-cover__background has-background-dim-0 has-background-dim\"><\/span><img loading=\"lazy\" decoding=\"async\" width=\"2000\" height=\"600\" class=\"wp-block-cover__image-background wp-image-790\" alt=\"D\u1ecbch v\u1ee5 gia c\u00f4ng cao su - s\u1eed d\u1ee5ng m\u00e1y EDM \u0111\u1ec3 t\u1ea1o khu\u00f4n cao su\" src=\"https:\/\/hopefulrubber.com\/wp-content\/uploads\/2023\/06\/hopeful_website_rubber_tooling_service.jpg\" style=\"object-position:41% 73%\" data-object-fit=\"cover\" data-object-position=\"41% 73%\" title=\"\" srcset=\"https:\/\/hopefulrubber.com\/wp-content\/uploads\/2023\/06\/hopeful_website_rubber_tooling_service.jpg 2000w, https:\/\/hopefulrubber.com\/wp-content\/uploads\/2023\/06\/hopeful_website_rubber_tooling_service-300x90.jpg 300w, https:\/\/hopefulrubber.com\/wp-content\/uploads\/2023\/06\/hopeful_website_rubber_tooling_service-1024x307.jpg 1024w, https:\/\/hopefulrubber.com\/wp-content\/uploads\/2023\/06\/hopeful_website_rubber_tooling_service-768x230.jpg 768w, https:\/\/hopefulrubber.com\/wp-content\/uploads\/2023\/06\/hopeful_website_rubber_tooling_service-1536x461.jpg 1536w, https:\/\/hopefulrubber.com\/wp-content\/uploads\/2023\/06\/hopeful_website_rubber_tooling_service-18x5.jpg 18w\" sizes=\"auto, (max-width: 2000px) 100vw, 2000px\" \/><div class=\"wp-block-cover__inner-container is-layout-flow wp-block-cover-is-layout-flow\">\n<p class=\"has-text-align-center has-white-color has-text-color has-background has-medium-font-size\" style=\"background-color:#ffffffd1\"><strong><a href=\"https:\/\/hopefulrubber.com\/vi\/kha-nang\/dung-cu-cao-su\/\">D\u1ee5ng c\u1ee5 cao su<\/a><\/strong> <\/p>\n<\/div><\/div>\n\n\n\n<div style=\"height:35px\" aria-hidden=\"true\" class=\"wp-block-spacer\"><\/div>\n\n\n\n<div class=\"wp-block-cover is-light\" style=\"min-height:189px;aspect-ratio:unset;\"><span aria-hidden=\"true\" class=\"wp-block-cover__background has-background-dim\"><\/span><img loading=\"lazy\" decoding=\"async\" width=\"2560\" height=\"1718\" class=\"wp-block-cover__image-background wp-image-1079\" alt=\"\" src=\"https:\/\/hopefulrubber.com\/wp-content\/uploads\/2023\/07\/DSC_0133-scaled.jpg\" style=\"object-position:29% 68%\" data-object-fit=\"cover\" data-object-position=\"29% 68%\" title=\"\" srcset=\"https:\/\/hopefulrubber.com\/wp-content\/uploads\/2023\/07\/DSC_0133-scaled.jpg 2560w, https:\/\/hopefulrubber.com\/wp-content\/uploads\/2023\/07\/DSC_0133-300x201.jpg 300w, https:\/\/hopefulrubber.com\/wp-content\/uploads\/2023\/07\/DSC_0133-1024x687.jpg 1024w, https:\/\/hopefulrubber.com\/wp-content\/uploads\/2023\/07\/DSC_0133-768x516.jpg 768w, https:\/\/hopefulrubber.com\/wp-content\/uploads\/2023\/07\/DSC_0133-1536x1031.jpg 1536w, https:\/\/hopefulrubber.com\/wp-content\/uploads\/2023\/07\/DSC_0133-2048x1375.jpg 2048w, https:\/\/hopefulrubber.com\/wp-content\/uploads\/2023\/07\/DSC_0133-18x12.jpg 18w\" sizes=\"auto, (max-width: 2560px) 100vw, 2560px\" \/><div class=\"wp-block-cover__inner-container is-layout-flow wp-block-cover-is-layout-flow\">\n<p class=\"has-text-align-center has-black-color has-text-color has-background has-medium-font-size\" style=\"background-color:#ffffffd1\"><strong><a href=\"https:\/\/hopefulrubber.com\/zh\/capabilities\/value-added-services\/\">D\u1ecbch v\u1ee5 gi\u00e1 tr\u1ecb gia t\u0103ng<\/a><\/strong><\/p>\n<\/div><\/div>\n<\/div>\n\n\n\n<div class=\"wp-block-column is-layout-flow wp-block-column-is-layout-flow\">\n<div class=\"wp-block-cover\" style=\"min-height:198px;aspect-ratio:unset;\"><span aria-hidden=\"true\" class=\"wp-block-cover__background has-background-dim-0 has-background-dim\"><\/span><img loading=\"lazy\" decoding=\"async\" width=\"2000\" height=\"600\" class=\"wp-block-cover__image-background wp-image-731\" alt=\"D\u1ecbch v\u1ee5 K\u1ef9 thu\u1eadt V\u1eadt li\u1ec7u v\u00e0 H\u1ee3p ch\u1ea5t\" src=\"https:\/\/hopefulrubber.com\/wp-content\/uploads\/2023\/06\/hopeful_website_chemical_engineering_services.jpg\" style=\"object-position:20% 41%\" data-object-fit=\"cover\" data-object-position=\"20% 41%\" title=\"\" srcset=\"https:\/\/hopefulrubber.com\/wp-content\/uploads\/2023\/06\/hopeful_website_chemical_engineering_services.jpg 2000w, https:\/\/hopefulrubber.com\/wp-content\/uploads\/2023\/06\/hopeful_website_chemical_engineering_services-300x90.jpg 300w, https:\/\/hopefulrubber.com\/wp-content\/uploads\/2023\/06\/hopeful_website_chemical_engineering_services-1024x307.jpg 1024w, https:\/\/hopefulrubber.com\/wp-content\/uploads\/2023\/06\/hopeful_website_chemical_engineering_services-768x230.jpg 768w, https:\/\/hopefulrubber.com\/wp-content\/uploads\/2023\/06\/hopeful_website_chemical_engineering_services-1536x461.jpg 1536w, https:\/\/hopefulrubber.com\/wp-content\/uploads\/2023\/06\/hopeful_website_chemical_engineering_services-18x5.jpg 18w\" sizes=\"auto, (max-width: 2000px) 100vw, 2000px\" \/><div class=\"wp-block-cover__inner-container is-layout-flow wp-block-cover-is-layout-flow\">\n<p class=\"has-text-align-center has-white-color has-text-color has-background\" style=\"background-color:#ffffffd1;font-size:19px\"><a href=\"https:\/\/hopefulrubber.com\/vi\/kha-nang\/material-compounding\/\"><strong>K\u1ef9 thu\u1eadt v\u1eadt li\u1ec7u v\u00e0 h\u1ee3p ch\u1ea5t<\/strong><\/a><\/p>\n<\/div><\/div>\n\n\n\n<div style=\"height:35px\" aria-hidden=\"true\" class=\"wp-block-spacer\"><\/div>\n\n\n\n<div class=\"wp-block-cover is-light\" style=\"min-height:189px;aspect-ratio:unset;\"><span aria-hidden=\"true\" class=\"wp-block-cover__background has-background-dim-20 has-background-dim\"><\/span><img loading=\"lazy\" decoding=\"async\" width=\"2560\" height=\"1714\" class=\"wp-block-cover__image-background wp-image-1083\" alt=\"c\u00e1c d\u1ecbch v\u1ee5 kh\u00e1c\" src=\"https:\/\/hopefulrubber.com\/wp-content\/uploads\/2023\/07\/DSC_0100-scaled.jpg\" data-object-fit=\"cover\" title=\"\" srcset=\"https:\/\/hopefulrubber.com\/wp-content\/uploads\/2023\/07\/DSC_0100-scaled.jpg 2560w, https:\/\/hopefulrubber.com\/wp-content\/uploads\/2023\/07\/DSC_0100-300x201.jpg 300w, https:\/\/hopefulrubber.com\/wp-content\/uploads\/2023\/07\/DSC_0100-1024x685.jpg 1024w, https:\/\/hopefulrubber.com\/wp-content\/uploads\/2023\/07\/DSC_0100-768x514.jpg 768w, https:\/\/hopefulrubber.com\/wp-content\/uploads\/2023\/07\/DSC_0100-1536x1028.jpg 1536w, https:\/\/hopefulrubber.com\/wp-content\/uploads\/2023\/07\/DSC_0100-2048x1371.jpg 2048w, https:\/\/hopefulrubber.com\/wp-content\/uploads\/2023\/07\/DSC_0100-18x12.jpg 18w\" sizes=\"auto, (max-width: 2560px) 100vw, 2560px\" \/><div class=\"wp-block-cover__inner-container is-layout-flow wp-block-cover-is-layout-flow\">\n<p class=\"has-text-align-center has-black-color has-text-color has-background has-medium-font-size\" style=\"background-color:#ffffffd1\"><strong>C\u00e1c d\u1ecbch v\u1ee5 kh\u00e1c<\/strong><\/p>\n<\/div><\/div>\n<\/div>\n<\/div>\n\n\n\n<p>H\u00e3y li\u00ean h\u1ec7 v\u1edbi ch\u00fang t\u00f4i ngay h\u00f4m nay \u0111\u1ec3 t\u00ecm hi\u1ec3u th\u00eam v\u1ec1 d\u1ecbch v\u1ee5 \u0111\u00fac cao su t\u00f9y ch\u1ec9nh v\u00e0 c\u00e1ch ch\u00fang t\u00f4i c\u00f3 th\u1ec3 gi\u00fap b\u1ea1n trong d\u1ef1 \u00e1n ti\u1ebfp theo.<\/p>\n\n\n\n<div class=\"wp-block-buttons is-layout-flex wp-block-buttons-is-layout-flex\">\n<div class=\"wp-block-button has-custom-font-size is-style-fill has-small-font-size\"><a class=\"wp-block-button__link has-white-color has-vivid-red-background-color has-text-color has-background wp-element-button\" href=\"https:\/\/hopefulrubber.com\/vi\/lien-he-voi-chung-toi\/\">Li\u00ean h\u1ec7 v\u1edbi ch\u00fang t\u00f4i<\/a><\/div>\n<\/div>","protected":false},"excerpt":{"rendered":"<p>The Major Capabilities in Hopeful Rubber Custom Rubber Molding Capabilities: Delivering Tailored Solutions for Your Needs We take pride in offering a comprehensive range of custom rubber molding services that are tailored to meet the unique needs and requirements of businesses across various industries and applications. Contact us today to learn more about our custom&nbsp;rubber [&hellip;]<\/p>\n","protected":false},"author":1,"featured_media":0,"parent":0,"menu_order":0,"comment_status":"closed","ping_status":"closed","template":"","meta":{"content-type":"","footnotes":""},"class_list":["post-44","page","type-page","status-publish","hentry"],"_links":{"self":[{"href":"https:\/\/hopefulrubber.com\/vi\/wp-json\/wp\/v2\/pages\/44","targetHints":{"allow":["GET"]}}],"collection":[{"href":"https:\/\/hopefulrubber.com\/vi\/wp-json\/wp\/v2\/pages"}],"about":[{"href":"https:\/\/hopefulrubber.com\/vi\/wp-json\/wp\/v2\/types\/page"}],"author":[{"embeddable":true,"href":"https:\/\/hopefulrubber.com\/vi\/wp-json\/wp\/v2\/users\/1"}],"replies":[{"embeddable":true,"href":"https:\/\/hopefulrubber.com\/vi\/wp-json\/wp\/v2\/comments?post=44"}],"version-history":[{"count":85,"href":"https:\/\/hopefulrubber.com\/vi\/wp-json\/wp\/v2\/pages\/44\/revisions"}],"predecessor-version":[{"id":2132,"href":"https:\/\/hopefulrubber.com\/vi\/wp-json\/wp\/v2\/pages\/44\/revisions\/2132"}],"wp:attachment":[{"href":"https:\/\/hopefulrubber.com\/vi\/wp-json\/wp\/v2\/media?parent=44"}],"curies":[{"name":"wp","href":"https:\/\/api.w.org\/{rel}","templated":true}]}}