{"id":517,"date":"2023-06-23T12:33:24","date_gmt":"2023-06-23T04:33:24","guid":{"rendered":"https:\/\/hopefulrubber.com\/?page_id=517"},"modified":"2024-10-16T14:51:10","modified_gmt":"2024-10-16T06:51:10","slug":"nong-nghiep","status":"publish","type":"page","link":"https:\/\/hopefulrubber.com\/vi\/industries\/agriculture\/","title":{"rendered":"N\u00f4ng nghi\u1ec7p v\u00e0 X\u00e2y d\u1ef1ng"},"content":{"rendered":"<div class=\"wp-block-columns is-layout-flex wp-container-core-columns-is-layout-9d6595d7 wp-block-columns-is-layout-flex\">\n<div class=\"wp-block-column is-layout-flow wp-block-column-is-layout-flow\" style=\"flex-basis:33.33%\">\n<div class=\"wp-block-rank-math-toc-block\" id=\"rank-math-toc\"><h2>M\u1ee5c l\u1ee5c<\/h2><nav><ul><li><a href=\"#customization-for-optimal-performance-in-agriculture-and-construction\">T\u00f9y ch\u1ec9nh \u0111\u1ec3 \u0111\u1ea1t hi\u1ec7u su\u1ea5t t\u1ed1i \u01b0u trong n\u00f4ng nghi\u1ec7p v\u00e0 x\u00e2y d\u1ef1ng<\/a><\/li><li><a href=\"#durable-and-reliable-rubber-components\">Linh ki\u1ec7n cao su b\u1ec1n v\u00e0 \u0111\u00e1ng tin c\u1eady<\/a><\/li><li><a href=\"#material-expertise\">Chuy\u00ean m\u00f4n v\u1ec1 v\u1eadt li\u1ec7u<\/a><\/li><li><a href=\"#wide-range-of-applications\">Ph\u1ea1m vi \u1ee9ng d\u1ee5ng r\u1ed9ng r\u00e3i<\/a><ul><li><a href=\"#gaskets-and-seals\">Gio\u0103ng v\u00e0 ph\u1edbt<\/a><\/li><li><a href=\"#belts-and-hoses\">D\u00e2y \u0111ai v\u00e0 \u1ed1ng m\u1ec1m<\/a><\/li><li><a href=\"#rollers\">Con l\u0103n<\/a><\/li><li><a href=\"#shock-absorbers\">B\u1ed9 gi\u1ea3m x\u00f3c<\/a><\/li><li><a href=\"#bearings-and-bushings\">V\u00f2ng bi v\u00e0 \u1ed1ng l\u00f3t<\/a><\/li><\/ul><\/li><li><a href=\"#collaborative-approach-and-customer-satisfaction\">Ti\u1ebfp c\u1eadn h\u1ee3p t\u00e1c v\u00e0 s\u1ef1 h\u00e0i l\u00f2ng c\u1ee7a kh\u00e1ch h\u00e0ng<\/a><\/li><\/ul><\/nav><\/div>\n<\/div>\n\n\n\n<div class=\"wp-block-column is-layout-flow wp-block-column-is-layout-flow\" style=\"flex-basis:66.66%\">\n<h1 class=\"wp-block-heading has-vivid-cyan-blue-color has-text-color\" id=\"custom-molded-rubber-parts-for-agriculture-and-construction-enhancing-performance-and-efficiency\"><strong>C\u00e1c b\u1ed9 ph\u1eadn cao su \u0111\u00fac t\u00f9y ch\u1ec9nh cho n\u00f4ng nghi\u1ec7p v\u00e0 x\u00e2y d\u1ef1ng: N\u00e2ng cao hi\u1ec7u su\u1ea5t v\u00e0 hi\u1ec7u qu\u1ea3<\/strong><\/h1>\n\n\n\n<p>Hopeful Rubber chuy\u00ean cung c\u1ea5p c\u00e1c b\u1ed9 ph\u1eadn cao su \u0111\u00fac theo y\u00eau c\u1ea7u cho ng\u00e0nh n\u00f4ng nghi\u1ec7p v\u00e0 x\u00e2y d\u1ef1ng. V\u1edbi chuy\u00ean m\u00f4n v\u00e0 quy tr\u00ecnh s\u1ea3n xu\u1ea5t ti\u00ean ti\u1ebfn, ch\u00fang t\u00f4i cung c\u1ea5p c\u00e1c th\u00e0nh ph\u1ea7n cao su ch\u1ea5t l\u01b0\u1ee3ng cao \u0111\u01b0\u1ee3c thi\u1ebft k\u1ebf ri\u00eang \u0111\u1ec3 \u0111\u00e1p \u1ee9ng nhu c\u1ea7u c\u1ee5 th\u1ec3 c\u1ee7a c\u00e1c ng\u00e0nh n\u00e0y. N\u0103ng l\u1ef1c c\u1ee7a ch\u00fang t\u00f4i bao g\u1ed3m:<\/p>\n\n\n\n<h2 class=\"wp-block-heading has-vivid-cyan-blue-color has-text-color\" id=\"customization-for-optimal-performance-in-agriculture-and-construction\" style=\"font-size:24px\"><strong>T\u00f9y ch\u1ec9nh \u0111\u1ec3 \u0111\u1ea1t hi\u1ec7u su\u1ea5t t\u1ed1i \u01b0u trong n\u00f4ng nghi\u1ec7p v\u00e0 x\u00e2y d\u1ef1ng<\/strong> <\/h2>\n\n\n\n<p>Ch\u00fang t\u00f4i hi\u1ec3u r\u1eb1ng c\u00e1c \u1ee9ng d\u1ee5ng n\u00f4ng nghi\u1ec7p v\u00e0 x\u00e2y d\u1ef1ng \u0111\u00f2i h\u1ecfi c\u00e1c b\u1ed9 ph\u1eadn cao su \u0111\u1ed9c \u0111\u00e1o \u0111\u1ec3 c\u00f3 hi\u1ec7u su\u1ea5t t\u1ed1i \u01b0u. C\u00f4ng ty ch\u00fang t\u00f4i chuy\u00ean t\u00f9y ch\u1ec9nh c\u00e1c b\u1ed9 ph\u1eadn cao su \u0111\u00fac ph\u00f9 h\u1ee3p ch\u00ednh x\u00e1c v\u1edbi thi\u1ebft b\u1ecb c\u1ee7a b\u1ea1n v\u00e0 mang l\u1ea1i ch\u1ee9c n\u0103ng v\u01b0\u1ee3t tr\u1ed9i. T\u1eeb ph\u1edbt v\u00e0 gio\u0103ng \u0111\u1ebfn \u1ed1ng l\u00f3t v\u00e0 gi\u00e1 \u0111\u1ee1, ch\u00fang t\u00f4i t\u1ea1o ra c\u00e1c gi\u1ea3i ph\u00e1p t\u00f9y ch\u1ec9nh gi\u00fap t\u0103ng hi\u1ec7u qu\u1ea3 v\u00e0 gi\u1ea3m thi\u1ec3u th\u1eddi gian ch\u1ebft.<\/p>\n\n\n\n<h2 class=\"wp-block-heading has-vivid-cyan-blue-color has-text-color\" id=\"durable-and-reliable-rubber-components\" style=\"font-size:23px\"><strong>Linh ki\u1ec7n cao su b\u1ec1n v\u00e0 \u0111\u00e1ng tin c\u1eady<\/strong> <\/h2>\n\n\n\n<p>Trong c\u00e1c m\u00f4i tr\u01b0\u1eddng \u0111\u00f2i h\u1ecfi kh\u1eaft khe nh\u01b0 n\u00f4ng nghi\u1ec7p v\u00e0 x\u00e2y d\u1ef1ng, \u0111\u1ed9 b\u1ec1n v\u00e0 \u0111\u1ed9 tin c\u1eady l\u00e0 r\u1ea5t quan tr\u1ecdng. C\u00e1c b\u1ed9 ph\u1eadn cao su \u0111\u00fac c\u1ee7a ch\u00fang t\u00f4i \u0111\u01b0\u1ee3c thi\u1ebft k\u1ebf \u0111\u1ec3 ch\u1ecbu \u0111\u01b0\u1ee3c c\u00e1c \u0111i\u1ec1u ki\u1ec7n kh\u1eafc nghi\u1ec7t, t\u1ea3i tr\u1ecdng n\u1eb7ng v\u00e0 ti\u1ebfp x\u00fac v\u1edbi h\u00f3a ch\u1ea5t, tia UV v\u00e0 nhi\u1ec7t \u0111\u1ed9 kh\u1eafc nghi\u1ec7t. V\u1edbi v\u1eadt li\u1ec7u cao su ch\u1ea5t l\u01b0\u1ee3ng cao v\u00e0 k\u1ef9 thu\u1eadt s\u1ea3n xu\u1ea5t ch\u00ednh x\u00e1c, c\u00e1c b\u1ed9 ph\u1eadn c\u1ee7a ch\u00fang t\u00f4i mang l\u1ea1i hi\u1ec7u su\u1ea5t v\u01b0\u1ee3t tr\u1ed9i v\u00e0 \u0111\u1ed9 b\u1ec1n l\u00e2u d\u00e0i.<\/p>\n\n\n\n<h2 class=\"wp-block-heading has-vivid-cyan-blue-color has-text-color\" id=\"material-expertise\" style=\"font-size:24px\"><strong>Chuy\u00ean m\u00f4n v\u1ec1 v\u1eadt li\u1ec7u<\/strong><\/h2>\n\n\n\n<p>Vi\u1ec7c l\u1ef1a ch\u1ecdn v\u1eadt li\u1ec7u cao su ph\u00f9 h\u1ee3p l\u00e0 r\u1ea5t quan tr\u1ecdng \u0111\u1ed1i v\u1edbi hi\u1ec7u su\u1ea5t v\u00e0 tu\u1ed5i th\u1ecd c\u1ee7a c\u00e1c b\u1ed9 ph\u1eadn \u0111\u00fac. \u0110\u1ed9i ng\u0169 gi\u00e0u kinh nghi\u1ec7m c\u1ee7a ch\u00fang t\u00f4i hi\u1ec3u \u0111\u01b0\u1ee3c c\u00e1c y\u00eau c\u1ea7u ri\u00eang bi\u1ec7t c\u1ee7a c\u00e1c ng\u00e0nh n\u00f4ng nghi\u1ec7p v\u00e0 x\u00e2y d\u1ef1ng v\u00e0 c\u00f3 th\u1ec3 \u0111\u1ec1 xu\u1ea5t c\u00e1c v\u1eadt li\u1ec7u cao su ph\u00f9 h\u1ee3p nh\u1ea5t cho c\u00e1c \u1ee9ng d\u1ee5ng c\u1ee5 th\u1ec3 c\u1ee7a b\u1ea1n. Ch\u00fang t\u00f4i l\u00e0m vi\u1ec7c v\u1edbi nhi\u1ec1u lo\u1ea1i ch\u1ea5t \u0111\u00e0n h\u1ed3i, bao g\u1ed3m cao su t\u1ef1 nhi\u00ean, cao su t\u1ed5ng h\u1ee3p, silicon, EPDM, v.v., \u0111\u1ea3m b\u1ea3o r\u1eb1ng c\u00e1c s\u1ea3n ph\u1ea9m c\u1ee7a ch\u00fang t\u00f4i \u0111\u00e1p \u1ee9ng c\u00e1c ti\u00eau chu\u1ea9n ch\u1ea5t l\u01b0\u1ee3ng cao nh\u1ea5t.<\/p>\n\n\n\n<h2 class=\"wp-block-heading has-vivid-cyan-blue-color has-text-color\" id=\"wide-range-of-applications\" style=\"font-size:24px\"><strong>Ph\u1ea1m vi \u1ee9ng d\u1ee5ng r\u1ed9ng r\u00e3i<\/strong><\/h2>\n\n\n\n<p>Vi\u1ec7c l\u1ef1a ch\u1ecdn v\u1eadt li\u1ec7u cao su ph\u00f9 h\u1ee3p l\u00e0 r\u1ea5t quan tr\u1ecdng \u0111\u1ed1i v\u1edbi hi\u1ec7u su\u1ea5t v\u00e0 tu\u1ed5i th\u1ecd c\u1ee7a c\u00e1c b\u1ed9 ph\u1eadn \u0111\u00fac. \u0110\u1ed9i ng\u0169 gi\u00e0u kinh nghi\u1ec7m c\u1ee7a ch\u00fang t\u00f4i hi\u1ec3u \u0111\u01b0\u1ee3c c\u00e1c y\u00eau c\u1ea7u ri\u00eang bi\u1ec7t c\u1ee7a ng\u00e0nh n\u00f4ng nghi\u1ec7p v\u00e0 x\u00e2y d\u1ef1ng v\u00e0 c\u00f3 th\u1ec3 \u0111\u1ec1 xu\u1ea5t c\u00e1c v\u1eadt li\u1ec7u cao su ph\u00f9 h\u1ee3p nh\u1ea5t cho c\u00e1c \u1ee9ng d\u1ee5ng c\u1ee5 th\u1ec3 c\u1ee7a b\u1ea1n. Ch\u00fang t\u00f4i l\u00e0m vi\u1ec7c v\u1edbi nhi\u1ec1u lo\u1ea1i ch\u1ea5t \u0111\u00e0n h\u1ed3i, bao g\u1ed3m cao su t\u1ef1 nhi\u00ean, cao su t\u1ed5ng h\u1ee3p, silicon, EPDM, v.v., \u0111\u1ea3m b\u1ea3o r\u1eb1ng c\u00e1c s\u1ea3n ph\u1ea9m c\u1ee7a ch\u00fang t\u00f4i \u0111\u00e1p \u1ee9ng c\u00e1c ti\u00eau chu\u1ea9n ch\u1ea5t l\u01b0\u1ee3ng cao nh\u1ea5t. Sau \u0111\u00e2y l\u00e0 danh s\u00e1ch m\u1ed9t s\u1ed1 B\u1ed9 ph\u1eadn cao su \u0111\u00fac t\u00f9y ch\u1ec9nh cho c\u00e1c \u1ee9ng d\u1ee5ng n\u00f4ng nghi\u1ec7p v\u00e0 x\u00e2y d\u1ef1ng:<\/p>\n\n\n\n<h3 class=\"wp-block-heading\" id=\"gaskets-and-seals\">Gio\u0103ng v\u00e0 ph\u1edbt<\/h3>\n\n\n\n<p>Gio\u0103ng v\u00e0 ph\u1edbt cao su \u0111\u01b0\u1ee3c s\u1eed d\u1ee5ng \u0111\u1ec3 ng\u0103n r\u00f2 r\u1ec9 v\u00e0 \u0111\u1ea3m b\u1ea3o \u0111\u1ed9 k\u00edn kh\u00ed trong nhi\u1ec1u thi\u1ebft b\u1ecb n\u00f4ng nghi\u1ec7p v\u00e0 x\u00e2y d\u1ef1ng, ch\u1eb3ng h\u1ea1n nh\u01b0 \u0111\u1ed9ng c\u01a1, m\u00e1y b\u01a1m v\u00e0 h\u1ec7 th\u1ed1ng th\u1ee7y l\u1ef1c.<\/p>\n\n\n\n<h3 class=\"wp-block-heading\" id=\"belts-and-hoses\">D\u00e2y \u0111ai v\u00e0 \u1ed1ng m\u1ec1m<\/h3>\n\n\n\n<p>D\u00e2y \u0111ai v\u00e0 \u1ed1ng cao su \u0111\u01b0\u1ee3c s\u1eed d\u1ee5ng \u0111\u1ec3 truy\u1ec1n l\u1ef1c v\u00e0 ch\u1ea5t l\u1ecfng trong c\u00e1c m\u00e1y m\u00f3c h\u1ea1ng n\u1eb7ng nh\u01b0 m\u00e1y k\u00e9o, m\u00e1y \u1ee7i v\u00e0 m\u00e1y \u0111\u00e0o.<\/p>\n\n\n\n<h3 class=\"wp-block-heading\" id=\"rollers\">Con l\u0103n<\/h3>\n\n\n\n<p>Con l\u0103n v\u00e0 b\u00e1nh xe cao su \u0111\u01b0\u1ee3c s\u1eed d\u1ee5ng trong nhi\u1ec1u thi\u1ebft b\u1ecb n\u00f4ng nghi\u1ec7p v\u00e0 x\u00e2y d\u1ef1ng \u0111\u1ec3 t\u1ea1o l\u1ef1c k\u00e9o, gi\u1ea3m rung \u0111\u1ed9ng v\u00e0 b\u1ea3o v\u1ec7 b\u1ec1 m\u1eb7t kh\u1ecfi b\u1ecb h\u01b0 h\u1ea1i.<\/p>\n\n\n\n<h3 class=\"wp-block-heading\" id=\"shock-absorbers\">B\u1ed9 gi\u1ea3m x\u00f3c<\/h3>\n\n\n\n<p>B\u1ed9 gi\u1ea3m x\u00f3c cao su \u0111\u01b0\u1ee3c s\u1eed d\u1ee5ng \u0111\u1ec3 gi\u1ea3m t\u00e1c \u0111\u1ed9ng v\u00e0 \u0111\u1ed9 rung trong c\u00e1c thi\u1ebft b\u1ecb h\u1ea1ng n\u1eb7ng, c\u1ea3i thi\u1ec7n s\u1ef1 tho\u1ea3i m\u00e1i cho ng\u01b0\u1eddi v\u1eadn h\u00e0nh v\u00e0 gi\u1ea3m hao m\u00f2n m\u00e1y m\u00f3c.<\/p>\n\n\n\n<h3 class=\"wp-block-heading\" id=\"bearings-and-bushings\">V\u00f2ng bi v\u00e0 \u1ed1ng l\u00f3t<\/h3>\n\n\n\n<p>V\u00f2ng bi v\u00e0 \u1ed1ng l\u00f3t cao su \u0111\u01b0\u1ee3c s\u1eed d\u1ee5ng \u0111\u1ec3 gi\u1ea3m ma s\u00e1t v\u00e0 m\u00e0i m\u00f2n trong thi\u1ebft b\u1ecb n\u00f4ng nghi\u1ec7p v\u00e0 x\u00e2y d\u1ef1ng, c\u1ea3i thi\u1ec7n hi\u1ec7u su\u1ea5t t\u1ed5ng th\u1ec3 v\u00e0 k\u00e9o d\u00e0i tu\u1ed5i th\u1ecd c\u1ee7a thi\u1ebft b\u1ecb.<\/p>\n\n\n\n<h2 class=\"wp-block-heading has-vivid-cyan-blue-color has-text-color\" id=\"collaborative-approach-and-customer-satisfaction\" style=\"font-size:24px\"><strong>Ti\u1ebfp c\u1eadn h\u1ee3p t\u00e1c v\u00e0 s\u1ef1 h\u00e0i l\u00f2ng c\u1ee7a kh\u00e1ch h\u00e0ng<\/strong><\/h2>\n\n\n\n<p>Ch\u00fang t\u00f4i coi tr\u1ecdng s\u1ef1 h\u1ee3p t\u00e1c v\u00e0 s\u1ef1 h\u00e0i l\u00f2ng c\u1ee7a kh\u00e1ch h\u00e0ng. \u0110\u1ed9i ng\u0169 k\u1ef9 s\u01b0 v\u00e0 k\u1ef9 thu\u1eadt vi\u00ean t\u1eadn t\u1ee5y c\u1ee7a ch\u00fang t\u00f4i s\u1ebd l\u00e0m vi\u1ec7c ch\u1eb7t ch\u1ebd v\u1edbi b\u1ea1n \u0111\u1ec3 hi\u1ec3u c\u00e1c y\u00eau c\u1ea7u c\u1ee7a b\u1ea1n, cung c\u1ea5p h\u01b0\u1edbng d\u1eabn chuy\u00ean m\u00f4n v\u00e0 cung c\u1ea5p c\u00e1c gi\u1ea3i ph\u00e1p t\u00f9y ch\u1ec9nh theo nhu c\u1ea7u c\u1ee7a b\u1ea1n. Ch\u00fang t\u00f4i cam k\u1ebft \u0111\u1ea3m b\u1ea3o r\u1eb1ng kh\u00e1ch h\u00e0ng c\u1ee7a ch\u00fang t\u00f4i nh\u1eadn \u0111\u01b0\u1ee3c m\u1ee9c h\u1ed7 tr\u1ee3 cao nh\u1ea5t trong su\u1ed1t qu\u00e1 tr\u00ecnh thi\u1ebft k\u1ebf, s\u1ea3n xu\u1ea5t v\u00e0 giao h\u00e0ng.<\/p>\n\n\n\n<p>Khi n\u00f3i \u0111\u1ebfn c\u00e1c b\u1ed9 ph\u1eadn cao su \u0111\u00fac t\u00f9y ch\u1ec9nh cho ng\u00e0nh n\u00f4ng nghi\u1ec7p v\u00e0 x\u00e2y d\u1ef1ng, Hopeful Rubber l\u00e0 \u0111\u1ed1i t\u00e1c \u0111\u00e1ng tin c\u1eady c\u1ee7a b\u1ea1n. V\u1edbi chuy\u00ean m\u00f4n, cam k\u1ebft v\u1ec1 ch\u1ea5t l\u01b0\u1ee3ng v\u00e0 ph\u01b0\u01a1ng ph\u00e1p ti\u1ebfp c\u1eadn l\u1ea5y kh\u00e1ch h\u00e0ng l\u00e0m trung t\u00e2m, ch\u00fang t\u00f4i cung c\u1ea5p c\u00e1c th\u00e0nh ph\u1ea7n cao su b\u1ec1n v\u00e0 \u0111\u00e1ng tin c\u1eady gi\u00fap n\u00e2ng cao hi\u1ec7u su\u1ea5t, hi\u1ec7u qu\u1ea3 v\u00e0 \u0111\u1ed9 tin c\u1eady c\u1ee7a thi\u1ebft b\u1ecb c\u1ee7a b\u1ea1n.&nbsp;<a href=\"https:\/\/hopefulrubber.com\/vi\/lien-he-voi-chung-toi\/\">Li\u00ean h\u1ec7 v\u1edbi ch\u00fang t\u00f4i<\/a> h\u00f4m nay \u0111\u1ec3 th\u1ea3o lu\u1eadn v\u1ec1 c\u00e1c y\u00eau c\u1ea7u c\u1ee5 th\u1ec3 c\u1ee7a b\u1ea1n v\u00e0 tr\u1ea3i nghi\u1ec7m s\u1ef1 kh\u00e1c bi\u1ec7t c\u1ee7a c\u00e1c gi\u1ea3i ph\u00e1p cao su t\u00f9y ch\u1ec9nh c\u1ee7a ch\u00fang t\u00f4i.<\/p>\n\n\n\n<div class=\"wp-block-buttons is-layout-flex wp-block-buttons-is-layout-flex\">\n<div class=\"wp-block-button has-custom-font-size has-small-font-size\"><a class=\"wp-block-button__link has-white-color has-vivid-red-background-color has-text-color has-background wp-element-button\" href=\"https:\/\/hopefulrubber.com\/vi\/lien-he-voi-chung-toi\/\">Li\u00ean h\u1ec7 v\u1edbi ch\u00fang t\u00f4i<\/a><\/div>\n<\/div>\n<\/div>\n<\/div>","protected":false},"excerpt":{"rendered":"<p>Custom Molded Rubber Parts for Agriculture and Construction: Enhancing Performance and Efficiency Hopeful Rubber specializes in providing custom molded rubber parts for the agriculture and construction industry. With our expertise and advanced manufacturing processes, we deliver high-quality rubber components tailored to meet the specific needs of these sectors. Our capabilities include: Customization for Optimal Performance [&hellip;]<\/p>\n","protected":false},"author":1,"featured_media":304,"parent":1150,"menu_order":0,"comment_status":"closed","ping_status":"closed","template":"","meta":{"content-type":"","footnotes":""},"class_list":["post-517","page","type-page","status-publish","has-post-thumbnail","hentry"],"_links":{"self":[{"href":"https:\/\/hopefulrubber.com\/vi\/wp-json\/wp\/v2\/pages\/517","targetHints":{"allow":["GET"]}}],"collection":[{"href":"https:\/\/hopefulrubber.com\/vi\/wp-json\/wp\/v2\/pages"}],"about":[{"href":"https:\/\/hopefulrubber.com\/vi\/wp-json\/wp\/v2\/types\/page"}],"author":[{"embeddable":true,"href":"https:\/\/hopefulrubber.com\/vi\/wp-json\/wp\/v2\/users\/1"}],"replies":[{"embeddable":true,"href":"https:\/\/hopefulrubber.com\/vi\/wp-json\/wp\/v2\/comments?post=517"}],"version-history":[{"count":21,"href":"https:\/\/hopefulrubber.com\/vi\/wp-json\/wp\/v2\/pages\/517\/revisions"}],"predecessor-version":[{"id":2154,"href":"https:\/\/hopefulrubber.com\/vi\/wp-json\/wp\/v2\/pages\/517\/revisions\/2154"}],"up":[{"embeddable":true,"href":"https:\/\/hopefulrubber.com\/vi\/wp-json\/wp\/v2\/pages\/1150"}],"wp:featuredmedia":[{"embeddable":true,"href":"https:\/\/hopefulrubber.com\/vi\/wp-json\/wp\/v2\/media\/304"}],"wp:attachment":[{"href":"https:\/\/hopefulrubber.com\/vi\/wp-json\/wp\/v2\/media?parent=517"}],"curies":[{"name":"wp","href":"https:\/\/api.w.org\/{rel}","templated":true}]}}