{"id":535,"date":"2023-06-23T13:23:20","date_gmt":"2023-06-23T05:23:20","guid":{"rendered":"https:\/\/hopefulrubber.com\/?page_id=535"},"modified":"2023-11-07T16:55:25","modified_gmt":"2023-11-07T08:55:25","slug":"cham-soc-em-be","status":"publish","type":"page","link":"https:\/\/hopefulrubber.com\/vi\/industries\/baby-care\/","title":{"rendered":"\u1ee8ng d\u1ee5ng ch\u0103m s\u00f3c em b\u00e9"},"content":{"rendered":"<div class=\"wp-block-columns is-layout-flex wp-container-core-columns-is-layout-9d6595d7 wp-block-columns-is-layout-flex\">\n<div class=\"wp-block-column is-layout-flow wp-block-column-is-layout-flow\" style=\"flex-basis:33.33%\">\n<div class=\"wp-block-rank-math-toc-block\" id=\"rank-math-toc\"><h2>M\u1ee5c l\u1ee5c<\/h2><nav><ul><li><a href=\"#trust-in-our-expertise-to-deliver-superior-baby-care-solutions\">Tin t\u01b0\u1edfng v\u00e0o chuy\u00ean m\u00f4n c\u1ee7a ch\u00fang t\u00f4i \u0111\u1ec3 cung c\u1ea5p c\u00e1c gi\u1ea3i ph\u00e1p ch\u0103m s\u00f3c em b\u00e9 v\u01b0\u1ee3t tr\u1ed9i<\/a><\/li><li><a href=\"#our-extensive-range-of-baby-care-products\">D\u00f2ng s\u1ea3n ph\u1ea9m ch\u0103m s\u00f3c em b\u00e9 phong ph\u00fa c\u1ee7a ch\u00fang t\u00f4i<\/a><\/li><li><a href=\"#safety-and-quality-assurance\">\u0110\u1ea3m b\u1ea3o an to\u00e0n v\u00e0 ch\u1ea5t l\u01b0\u1ee3ng<\/a><\/li><\/ul><\/nav><\/div>\n<\/div>\n\n\n\n<div class=\"wp-block-column is-layout-flow wp-block-column-is-layout-flow\" style=\"flex-basis:66.66%\">\n<h1 class=\"wp-block-heading\"><strong>S\u1ea3n ph\u1ea9m ch\u0103m s\u00f3c em b\u00e9 an to\u00e0n v\u00e0 ch\u1ea5t l\u01b0\u1ee3ng cao c\u1ee7a Hopeful Rubber: \u0110\u1eb7t s\u1ee9c kh\u1ecfe c\u1ee7a b\u00e9 l\u00ean h\u00e0ng \u0111\u1ea7u<\/strong><\/h1>\n\n\n\n<div style=\"height:30px\" aria-hidden=\"true\" class=\"wp-block-spacer\"><\/div>\n\n\n\n<h2 class=\"wp-block-heading has-vivid-cyan-blue-color has-text-color\" id=\"trust-in-our-expertise-to-deliver-superior-baby-care-solutions\"><strong>Tin t\u01b0\u1edfng v\u00e0o chuy\u00ean m\u00f4n c\u1ee7a ch\u00fang t\u00f4i \u0111\u1ec3 cung c\u1ea5p c\u00e1c gi\u1ea3i ph\u00e1p ch\u0103m s\u00f3c em b\u00e9 v\u01b0\u1ee3t tr\u1ed9i<\/strong><\/h2>\n\n\n\n<div class=\"wp-block-columns is-layout-flex wp-container-core-columns-is-layout-9d6595d7 wp-block-columns-is-layout-flex\">\n<div class=\"wp-block-column is-layout-flow wp-block-column-is-layout-flow\" style=\"flex-basis:66.66%\">\n<p>T\u1ea1i Hopeful Rubber, ch\u00fang t\u00f4i t\u1eadn t\u00e2m s\u1ea3n xu\u1ea5t c\u00e1c s\u1ea3n ph\u1ea9m ch\u0103m s\u00f3c em b\u00e9 an to\u00e0n v\u00e0 ch\u1ea5t l\u01b0\u1ee3ng cao, \u01b0u ti\u00ean s\u1ee9c kh\u1ecfe c\u1ee7a b\u00e9. V\u1edbi chuy\u00ean m\u00f4n s\u00e2u r\u1ed9ng v\u00e0 cam k\u1ebft v\u1ec1 s\u1ef1 xu\u1ea5t s\u1eafc, ch\u00fang t\u00f4i cung c\u1ea5p nhi\u1ec1u gi\u1ea3i ph\u00e1p m\u00e0 b\u1ea1n c\u00f3 th\u1ec3 tin t\u01b0\u1edfng.<\/p>\n\n\n\n<h2 class=\"wp-block-heading has-vivid-cyan-blue-color has-text-color\" id=\"our-extensive-range-of-baby-care-products\"><strong>D\u00f2ng s\u1ea3n ph\u1ea9m ch\u0103m s\u00f3c em b\u00e9 phong ph\u00fa c\u1ee7a ch\u00fang t\u00f4i<\/strong><\/h2>\n\n\n\n<p>Sau \u0111\u00e2y l\u00e0 danh s\u00e1ch m\u1ed9t s\u1ed1 s\u1ea3n ph\u1ea9m silicon \u0111\u00fac ph\u1ed5 bi\u1ebfn d\u00e0nh cho tr\u1ebb s\u01a1 sinh:<\/p>\n\n\n\n<ul class=\"wp-block-list\">\n<li>N\u00fam v\u00fa: N\u00fam v\u00fa b\u00ecnh s\u1eefa b\u1eb1ng silicon l\u00e0 l\u1ef1a ch\u1ecdn ph\u1ed5 bi\u1ebfn \u0111\u1ec3 cho tr\u1ebb s\u01a1 sinh b\u00fa v\u00ec ch\u00fang b\u1ec1n, d\u1ec5 v\u1ec7 sinh v\u00e0 m\u00f4 ph\u1ecfng k\u1ebft c\u1ea5u gi\u1ed1ng nh\u01b0 v\u00fa m\u1eb9.<\/li>\n\n\n\n<li>Ti gi\u1ea3: Ti gi\u1ea3 b\u1eb1ng silicon l\u00e0 v\u1eadt d\u1ee5ng kh\u00f4ng th\u1ec3 thi\u1ebfu \u0111\u1ed1i v\u1edbi c\u00e1c b\u1eadc cha m\u1eb9 c\u00f3 con m\u1edbi sinh, mang l\u1ea1i c\u1ea3m gi\u00e1c tho\u1ea3i m\u00e1i v\u00e0 d\u1ec5 ch\u1ecbu cho tr\u1ebb s\u01a1 sinh.<\/li>\n\n\n\n<li>\u0110\u1ed3 ch\u01a1i m\u1ecdc r\u0103ng: \u0110\u1ed3 ch\u01a1i m\u1ecdc r\u0103ng b\u1eb1ng silicon \u0111\u01b0\u1ee3c thi\u1ebft k\u1ebf \u0111\u1ec3 gi\u00fap l\u00e0m d\u1ecbu n\u01b0\u1edbu b\u1ecb \u0111au v\u00e0 cung c\u1ea5p b\u1ec1 m\u1eb7t nhai an to\u00e0n v\u00e0 b\u1ec1n cho tr\u1ebb s\u01a1 sinh.<\/li>\n\n\n\n<li>\u0110\u1ed3 ch\u01a1i t\u1eafm: \u0110\u1ed3 ch\u01a1i t\u1eafm b\u1eb1ng silicon \u0111\u00fac c\u00f3 th\u1ec3 khi\u1ebfn gi\u1edd t\u1eafm tr\u1edf n\u00ean th\u00fa v\u1ecb v\u00e0 h\u1ea5p d\u1eabn \u0111\u1ed1i v\u1edbi tr\u1ebb s\u01a1 sinh, \u0111\u1ed3ng th\u1eddi c\u0169ng an to\u00e0n v\u00e0 d\u1ec5 v\u1ec7 sinh.<\/li>\n\n\n\n<li>C\u1ed1c t\u1eadp u\u1ed1ng: C\u1ed1c t\u1eadp u\u1ed1ng b\u1eb1ng silicon l\u00e0 l\u1ef1a ch\u1ecdn ph\u1ed5 bi\u1ebfn cho tr\u1ebb m\u1edbi bi\u1ebft \u0111i khi chuy\u1ec3n t\u1eeb b\u00ecnh sang c\u1ed1c v\u00ec ch\u00fang b\u1ec1n, d\u1ec5 v\u1ec7 sinh v\u00e0 c\u00f3 thi\u1ebft k\u1ebf ch\u1ed1ng tr\u00e0n.<\/li>\n\n\n\n<li>Y\u1ebfm \u0103n: Y\u1ebfm \u0103n b\u1eb1ng silicon \u0111\u00fac c\u00f3 th\u1ec3 gi\u00fap gi\u1edd \u0103n c\u1ee7a cha m\u1eb9 b\u1edbt b\u1eeba b\u1ed9n h\u01a1n v\u00e0 cung c\u1ea5p b\u1ec1 m\u1eb7t tho\u1ea3i m\u00e1i v\u00e0 an to\u00e0n cho tr\u1ebb s\u01a1 sinh \u0103n.<\/li>\n\n\n\n<li>\u1ed0ng b\u1ecdc b\u00ecnh s\u1eefa: \u1ed0ng b\u1ecdc b\u00ecnh s\u1eefa b\u1eb1ng silicon c\u00f3 th\u1ec3 gi\u00fap b\u1ea3o v\u1ec7 b\u00ecnh s\u1eefa b\u1eb1ng th\u1ee7y tinh ho\u1eb7c nh\u1ef1a kh\u1ecfi b\u1ecb v\u1ee1 v\u00e0 mang l\u1ea1i c\u1ea3m gi\u00e1c c\u1ea7m n\u1eafm m\u1ec1m m\u1ea1i, tho\u1ea3i m\u00e1i cho cha m\u1eb9.<\/li>\n<\/ul>\n\n\n\n<h2 class=\"wp-block-heading has-vivid-cyan-blue-color has-text-color\" id=\"safety-and-quality-assurance\"><strong>\u0110\u1ea3m b\u1ea3o an to\u00e0n v\u00e0 ch\u1ea5t l\u01b0\u1ee3ng<\/strong><\/h2>\n\n\n\n<p>T\u1ea1i Hopeful Rubber, ch\u00fang t\u00f4i hi\u1ec3u t\u1ea7m quan tr\u1ecdng c\u1ee7a s\u1ef1 an to\u00e0n khi n\u00f3i \u0111\u1ebfn c\u00e1c s\u1ea3n ph\u1ea9m ch\u0103m s\u00f3c em b\u00e9. \u0110\u00f3 l\u00e0 l\u00fd do t\u1ea1i sao ch\u00fang t\u00f4i tu\u00e2n th\u1ee7 c\u00e1c bi\u1ec7n ph\u00e1p ki\u1ec3m so\u00e1t ch\u1ea5t l\u01b0\u1ee3ng nghi\u00eam ng\u1eb7t \u0111\u1ec3 \u0111\u1ea3m b\u1ea3o r\u1eb1ng c\u00e1c s\u1ea3n ph\u1ea9m c\u1ee7a ch\u00fang t\u00f4i kh\u00f4ng ch\u1ee9a c\u00e1c h\u00f3a ch\u1ea5t \u0111\u1ed9c h\u1ea1i nh\u01b0 BPA, phthalate v\u00e0 PVC. Ch\u00fang t\u00f4i \u01b0u ti\u00ean s\u1ef1 an to\u00e0n v\u00e0 s\u1ee9c kh\u1ecfe c\u1ee7a em b\u00e9 \u1edf m\u1ecdi b\u01b0\u1edbc trong quy tr\u00ecnh s\u1ea3n xu\u1ea5t.<\/p>\n\n\n\n<p>Kh\u00e1m ph\u00e1 ch\u1ea5t l\u01b0\u1ee3ng v\u01b0\u1ee3t tr\u1ed9i v\u00e0 s\u1ef1 an to\u00e0n c\u1ee7a c\u00e1c s\u1ea3n ph\u1ea9m ch\u0103m s\u00f3c em b\u00e9 c\u1ee7a ch\u00fang t\u00f4i. <a href=\"https:\/\/hopefulrubber.com\/vi\/lien-he-voi-chung-toi\/\">Li\u00ean h\u1ec7 v\u1edbi ch\u00fang t\u00f4i<\/a> h\u00f4m nay \u0111\u1ec3 th\u1ea3o lu\u1eadn v\u1ec1 nhu c\u1ea7u c\u1ee5 th\u1ec3 c\u1ee7a b\u1ea1n v\u00e0 t\u00ecm gi\u1ea3i ph\u00e1p ch\u0103m s\u00f3c em b\u00e9 ho\u00e0n h\u1ea3o cho b\u00e9 y\u00eau c\u1ee7a b\u1ea1n. Ch\u00fang t\u00f4i \u1edf \u0111\u00e2y \u0111\u1ec3 \u0111\u1ea3m b\u1ea3o r\u1eb1ng em b\u00e9 c\u1ee7a b\u1ea1n nh\u1eadn \u0111\u01b0\u1ee3c ti\u00eau chu\u1ea9n ch\u0103m s\u00f3c v\u00e0 tho\u1ea3i m\u00e1i cao nh\u1ea5t v\u1edbi c\u00e1c s\u1ea3n ph\u1ea9m \u0111\u1eb7c bi\u1ec7t c\u1ee7a ch\u00fang t\u00f4i.<\/p>\n<\/div>\n\n\n\n<div class=\"wp-block-column is-layout-flow wp-block-column-is-layout-flow\" style=\"flex-basis:33.33%\"><div class=\"wp-block-image is-resized\">\n<figure class=\"aligncenter size-full\"><img loading=\"lazy\" decoding=\"async\" width=\"1000\" height=\"750\" src=\"https:\/\/hopefulrubber.com\/wp-content\/uploads\/2023\/06\/hopeful_website_Industries_infant_teat.png\" alt=\"N\u00fam ty silicon cho b\u00ecnh s\u1eefa - kh\u00f4ng ch\u1ee9a BPA, b\u1ec1n v\u00e0 m\u1ec1m m\u1ea1i gi\u00fap b\u00e9 b\u00fa tho\u1ea3i m\u00e1i\" class=\"wp-image-536\" style=\"aspect-ratio:1.3333333333333333;width:210px;height:auto\" title=\"\" srcset=\"https:\/\/hopefulrubber.com\/wp-content\/uploads\/2023\/06\/hopeful_website_Industries_infant_teat.png 1000w, https:\/\/hopefulrubber.com\/wp-content\/uploads\/2023\/06\/hopeful_website_Industries_infant_teat-300x225.png 300w, https:\/\/hopefulrubber.com\/wp-content\/uploads\/2023\/06\/hopeful_website_Industries_infant_teat-768x576.png 768w, https:\/\/hopefulrubber.com\/wp-content\/uploads\/2023\/06\/hopeful_website_Industries_infant_teat-16x12.png 16w\" sizes=\"auto, (max-width: 1000px) 100vw, 1000px\" \/><\/figure><\/div>\n\n\n<div style=\"height:52px\" aria-hidden=\"true\" class=\"wp-block-spacer\"><\/div>\n\n\n\n<figure class=\"wp-block-image size-large is-resized\"><img loading=\"lazy\" decoding=\"async\" width=\"1024\" height=\"575\" src=\"https:\/\/hopefulrubber.com\/wp-content\/uploads\/2023\/06\/18024.1648-1024x575.jpg\" alt=\"B\u00e0n ch\u1ea3i \u0111\u00e1nh r\u0103ng tr\u1ebb em b\u1eb1ng silicon nhi\u1ec1u m\u00e0u s\u1eafc - l\u00f4ng b\u00e0n ch\u1ea3i m\u1ec1m m\u1ea1i gi\u00fap v\u1ec7 sinh hi\u1ec7u qu\u1ea3 v\u00e0 ch\u0103m s\u00f3c r\u0103ng mi\u1ec7ng th\u00fa v\u1ecb\" class=\"wp-image-557\" style=\"aspect-ratio:1.7808695652173914;width:209px;height:auto\" title=\"\" srcset=\"https:\/\/hopefulrubber.com\/wp-content\/uploads\/2023\/06\/18024.1648-1024x575.jpg 1024w, https:\/\/hopefulrubber.com\/wp-content\/uploads\/2023\/06\/18024.1648-300x169.jpg 300w, https:\/\/hopefulrubber.com\/wp-content\/uploads\/2023\/06\/18024.1648-768x431.jpg 768w, https:\/\/hopefulrubber.com\/wp-content\/uploads\/2023\/06\/18024.1648-18x10.jpg 18w, https:\/\/hopefulrubber.com\/wp-content\/uploads\/2023\/06\/18024.1648.jpg 1280w\" sizes=\"auto, (max-width: 1024px) 100vw, 1024px\" \/><figcaption><\/figcaption><\/figure>\n<\/div>\n<\/div>\n\n\n\n<div class=\"wp-block-buttons is-layout-flex wp-block-buttons-is-layout-flex\">\n<div class=\"wp-block-button has-custom-font-size has-small-font-size\"><a class=\"wp-block-button__link has-white-color has-vivid-red-background-color has-text-color has-background wp-element-button\" href=\"https:\/\/hopefulrubber.com\/vi\/lien-he-voi-chung-toi\/\">Li\u00ean h\u1ec7 v\u1edbi ch\u00fang t\u00f4i<\/a><\/div>\n<\/div>\n<\/div>\n<\/div>","protected":false},"excerpt":{"rendered":"<p>Safe and High-Quality Baby Care Products by Hopeful Rubber: Putting Your Baby&#8217;s Well-being First Trust in Our Expertise to Deliver Superior Baby Care Solutions At Hopeful Rubber, we are dedicated to producing safe and high-quality baby care products that prioritize your baby&#8217;s well-being. With our extensive expertise and commitment to excellence, we offer a wide [&hellip;]<\/p>\n","protected":false},"author":1,"featured_media":540,"parent":1150,"menu_order":0,"comment_status":"closed","ping_status":"closed","template":"","meta":{"content-type":"","footnotes":""},"class_list":["post-535","page","type-page","status-publish","has-post-thumbnail","hentry"],"_links":{"self":[{"href":"https:\/\/hopefulrubber.com\/vi\/wp-json\/wp\/v2\/pages\/535","targetHints":{"allow":["GET"]}}],"collection":[{"href":"https:\/\/hopefulrubber.com\/vi\/wp-json\/wp\/v2\/pages"}],"about":[{"href":"https:\/\/hopefulrubber.com\/vi\/wp-json\/wp\/v2\/types\/page"}],"author":[{"embeddable":true,"href":"https:\/\/hopefulrubber.com\/vi\/wp-json\/wp\/v2\/users\/1"}],"replies":[{"embeddable":true,"href":"https:\/\/hopefulrubber.com\/vi\/wp-json\/wp\/v2\/comments?post=535"}],"version-history":[{"count":34,"href":"https:\/\/hopefulrubber.com\/vi\/wp-json\/wp\/v2\/pages\/535\/revisions"}],"predecessor-version":[{"id":1784,"href":"https:\/\/hopefulrubber.com\/vi\/wp-json\/wp\/v2\/pages\/535\/revisions\/1784"}],"up":[{"embeddable":true,"href":"https:\/\/hopefulrubber.com\/vi\/wp-json\/wp\/v2\/pages\/1150"}],"wp:featuredmedia":[{"embeddable":true,"href":"https:\/\/hopefulrubber.com\/vi\/wp-json\/wp\/v2\/media\/540"}],"wp:attachment":[{"href":"https:\/\/hopefulrubber.com\/vi\/wp-json\/wp\/v2\/media?parent=535"}],"curies":[{"name":"wp","href":"https:\/\/api.w.org\/{rel}","templated":true}]}}