{"id":576,"date":"2023-06-23T15:01:39","date_gmt":"2023-06-23T07:01:39","guid":{"rendered":"https:\/\/hopefulrubber.com\/?page_id=576"},"modified":"2024-10-16T15:11:29","modified_gmt":"2024-10-16T07:11:29","slug":"dien-tu-va-cong-nghiep","status":"publish","type":"page","link":"https:\/\/hopefulrubber.com\/vi\/industries\/electronic-and-industrial\/","title":{"rendered":"\u0110i\u1ec7n t\u1eed v\u00e0 C\u00f4ng nghi\u1ec7p"},"content":{"rendered":"<h1 class=\"wp-block-heading\">\u1ee8ng d\u1ee5ng \u0111i\u1ec7n t\u1eed v\u00e0 c\u00f4ng nghi\u1ec7p<\/h1>\n\n\n\n<div style=\"height:40px\" aria-hidden=\"true\" class=\"wp-block-spacer\"><\/div>\n\n\n\n<div class=\"wp-block-columns is-layout-flex wp-container-core-columns-is-layout-9d6595d7 wp-block-columns-is-layout-flex\">\n<div class=\"wp-block-column is-layout-flow wp-block-column-is-layout-flow\" style=\"flex-basis:33.33%\">\n<div class=\"wp-block-rank-math-toc-block\" id=\"rank-math-toc\"><h2>M\u1ee5c l\u1ee5c<\/h2><nav><ul><li><a href=\"#custom-molded-rubber-parts-for-electronic-and-industrial-applications\">Linh ki\u1ec7n cao su \u0111\u00fac t\u00f9y ch\u1ec9nh cho c\u00e1c \u1ee9ng d\u1ee5ng \u0111i\u1ec7n t\u1eed v\u00e0 c\u00f4ng nghi\u1ec7p<\/a><ul><li><a href=\"#electronic-applications\">\u1ee8ng d\u1ee5ng \u0111i\u1ec7n t\u1eed<\/a><\/li><li><a href=\"#industrial-applications\">\u1ee8ng d\u1ee5ng c\u00f4ng nghi\u1ec7p<\/a><\/li><\/ul><\/li><\/ul><\/nav><\/div>\n<\/div>\n\n\n\n<div class=\"wp-block-column is-layout-flow wp-block-column-is-layout-flow\" style=\"flex-basis:66.66%\">\n<h2 class=\"wp-block-heading has-vivid-cyan-blue-color has-text-color\" id=\"custom-molded-rubber-parts-for-electronic-and-industrial-applications\">Linh ki\u1ec7n cao su \u0111\u00fac t\u00f9y ch\u1ec9nh cho c\u00e1c \u1ee9ng d\u1ee5ng \u0111i\u1ec7n t\u1eed v\u00e0 c\u00f4ng nghi\u1ec7p<\/h2>\n\n\n\n<div class=\"wp-block-columns is-layout-flex wp-container-core-columns-is-layout-9d6595d7 wp-block-columns-is-layout-flex\">\n<div class=\"wp-block-column is-layout-flow wp-block-column-is-layout-flow\" style=\"flex-basis:66.66%\">\n<p>T\u1ea1i Hopeful Rubber, ch\u00fang t\u00f4i chuy\u00ean cung c\u1ea5p c\u00e1c b\u1ed9 ph\u1eadn cao su \u0111\u00fac t\u00f9y ch\u1ec9nh ch\u1ea5t l\u01b0\u1ee3ng cao cho c\u00e1c \u1ee9ng d\u1ee5ng \u0111i\u1ec7n t\u1eed v\u00e0 c\u00f4ng nghi\u1ec7p, th\u1ec3 hi\u1ec7n cam k\u1ebft c\u1ee7a ch\u00fang t\u00f4i \u0111\u1ed1i v\u1edbi s\u1ea3n xu\u1ea5t cao su cho m\u1ecdi ng\u00e0nh c\u00f4ng nghi\u1ec7p. C\u00f4ng ngh\u1ec7 v\u00e0 k\u1ef9 thu\u1eadt ti\u00ean ti\u1ebfn c\u1ee7a ch\u00fang t\u00f4i \u0111\u1ea3m b\u1ea3o \u0111\u1ed9 ch\u00ednh x\u00e1c, \u0111\u1ed9 b\u1ec1n v\u00e0 hi\u1ec7u su\u1ea5t ph\u00f9 h\u1ee3p v\u1edbi c\u00e1c l\u0129nh v\u1ef1c quan tr\u1ecdng n\u00e0y.<\/p>\n\n\n\n<p>Quy tr\u00ecnh \u0111\u00fac cao su t\u00f9y ch\u1ec9nh c\u1ee7a ch\u00fang t\u00f4i b\u1eaft \u0111\u1ea7u b\u1eb1ng vi\u1ec7c hi\u1ec3u r\u00f5 nhu c\u1ea7u v\u00e0 y\u00eau c\u1ea7u c\u1ee7a b\u1ea1n. Ch\u00fang t\u00f4i l\u00e0m vi\u1ec7c ch\u1eb7t ch\u1ebd v\u1edbi b\u1ea1n \u0111\u1ec3 thi\u1ebft k\u1ebf v\u00e0 ph\u00e1t tri\u1ec3n c\u00e1c gi\u1ea3i ph\u00e1p t\u00f9y ch\u1ec9nh \u0111\u00e1p \u1ee9ng nhu c\u1ea7u c\u1ee5 th\u1ec3 c\u1ee7a b\u1ea1n. Cho d\u00f9 b\u1ea1n c\u1ea7n gio\u0103ng cao su, ph\u1edbt ho\u1eb7c c\u00e1c b\u1ed9 ph\u1eadn kh\u00e1c, ch\u00fang t\u00f4i \u0111\u1ec1u c\u00f3 chuy\u00ean m\u00f4n v\u00e0 thi\u1ebft b\u1ecb \u0111\u1ec3 mang l\u1ea1i k\u1ebft qu\u1ea3 v\u01b0\u1ee3t tr\u1ed9i.<\/p>\n<\/div>\n\n\n\n<div class=\"wp-block-column is-layout-flow wp-block-column-is-layout-flow\" style=\"flex-basis:33.33%\">\n<figure class=\"wp-block-image size-full\"><img loading=\"lazy\" decoding=\"async\" width=\"1000\" height=\"750\" src=\"https:\/\/hopefulrubber.com\/wp-content\/uploads\/2023\/06\/hopeful_website_Industries_electronic_and_industrial.png\" alt=\"C\u00e1c b\u1ed9 ph\u1eadn cao su \u0111\u00fac t\u00f9y ch\u1ec9nh cho c\u00e1c \u1ee9ng d\u1ee5ng \u0111i\u1ec7n t\u1eed v\u00e0 c\u00f4ng nghi\u1ec7p\" class=\"wp-image-716\" title=\"\" srcset=\"https:\/\/hopefulrubber.com\/wp-content\/uploads\/2023\/06\/hopeful_website_Industries_electronic_and_industrial.png 1000w, https:\/\/hopefulrubber.com\/wp-content\/uploads\/2023\/06\/hopeful_website_Industries_electronic_and_industrial-300x225.png 300w, https:\/\/hopefulrubber.com\/wp-content\/uploads\/2023\/06\/hopeful_website_Industries_electronic_and_industrial-768x576.png 768w, https:\/\/hopefulrubber.com\/wp-content\/uploads\/2023\/06\/hopeful_website_Industries_electronic_and_industrial-16x12.png 16w\" sizes=\"auto, (max-width: 1000px) 100vw, 1000px\" \/><figcaption><\/figcaption><\/figure>\n<\/div>\n<\/div>\n\n\n\n<h3 class=\"wp-block-heading\" id=\"electronic-applications\">\u1ee8ng d\u1ee5ng \u0111i\u1ec7n t\u1eed<\/h3>\n\n\n\n<p>C\u00e1c b\u1ed9 ph\u1eadn cao su \u0111\u00fac t\u00f9y ch\u1ec9nh c\u1ee7a ch\u00fang t\u00f4i l\u00fd t\u01b0\u1edfng cho nhi\u1ec1u \u1ee9ng d\u1ee5ng \u0111i\u1ec7n t\u1eed, bao g\u1ed3m ni\u00eam phong v\u00e0 b\u1ea3o v\u1ec7 c\u00e1c thi\u1ebft b\u1ecb \u0111i\u1ec7n t\u1eed kh\u1ecfi c\u00e1c y\u1ebfu t\u1ed1 m\u00f4i tr\u01b0\u1eddng nh\u01b0 \u0111\u1ed9 \u1ea9m, b\u1ee5i v\u00e0 thay \u0111\u1ed5i nhi\u1ec7t \u0111\u1ed9. S\u1ea3n ph\u1ea9m c\u1ee7a ch\u00fang t\u00f4i c\u0169ng c\u00f3 th\u1ec3 \u0111\u01b0\u1ee3c s\u1eed d\u1ee5ng cho \u0111\u1ea7u n\u1ed1i, b\u00e0n ph\u00edm v\u00e0 c\u00e1c th\u00e0nh ph\u1ea7n kh\u00e1c trong thi\u1ebft b\u1ecb \u0111i\u1ec7n t\u1eed.<\/p>\n\n\n\n<p>Sau \u0111\u00e2y l\u00e0 m\u1ed9t s\u1ed1 v\u00ed d\u1ee5 v\u1ec1 c\u00e1c b\u1ed9 ph\u1eadn cao su \u0111\u00fac t\u00f9y ch\u1ec9nh \u0111\u01b0\u1ee3c s\u1eed d\u1ee5ng trong c\u00e1c thi\u1ebft b\u1ecb \u0111i\u1ec7n t\u1eed:<\/p>\n\n\n\n<ul class=\"wp-block-list\">\n<li>Gio\u0103ng cao su: Gio\u0103ng cao su th\u01b0\u1eddng \u0111\u01b0\u1ee3c s\u1eed d\u1ee5ng trong c\u00e1c thi\u1ebft b\u1ecb \u0111i\u1ec7n t\u1eed \u0111\u1ec3 t\u1ea1o ra l\u1edbp \u0111\u1ec7m k\u00edn gi\u1eefa c\u00e1c th\u00e0nh ph\u1ea7n v\u00e0 b\u1ea3o v\u1ec7 ch\u00fang kh\u1ecfi c\u00e1c y\u1ebfu t\u1ed1 m\u00f4i tr\u01b0\u1eddng nh\u01b0 \u0111\u1ed9 \u1ea9m v\u00e0 b\u1ee5i.<\/li>\n\n\n\n<li>B\u00e0n ph\u00edm: Nhi\u1ec1u thi\u1ebft b\u1ecb \u0111i\u1ec7n t\u1eed, ch\u1eb3ng h\u1ea1n nh\u01b0 \u0111i\u1ec7n tho\u1ea1i v\u00e0 \u0111i\u1ec1u khi\u1ec3n t\u1eeb xa, s\u1eed d\u1ee5ng b\u00e0n ph\u00edm cao su. Nh\u1eefng b\u00e0n ph\u00edm n\u00e0y \u0111\u01b0\u1ee3c t\u1ea1o ra b\u1eb1ng m\u1ed9t quy tr\u00ecnh g\u1ecdi l\u00e0 <a href=\"https:\/\/hopefulrubber.com\/vi\/rubber-molding-services\/compression-molding\/\">khu\u00f4n n\u00e9n<\/a>, cho ph\u00e9p t\u1ea1o ra c\u00e1c h\u00ecnh d\u1ea1ng v\u00e0 thi\u1ebft k\u1ebf ph\u1ee9c t\u1ea1p.<\/li>\n\n\n\n<li>\u0110\u1ea7u n\u1ed1i: \u0110\u1ea7u n\u1ed1i cao su \u0111\u01b0\u1ee3c s\u1eed d\u1ee5ng trong nhi\u1ec1u thi\u1ebft b\u1ecb \u0111i\u1ec7n t\u1eed kh\u00e1c nhau \u0111\u1ec3 cung c\u1ea5p k\u1ebft n\u1ed1i an to\u00e0n gi\u1eefa c\u00e1c th\u00e0nh ph\u1ea7n. Ch\u00fang th\u01b0\u1eddng \u0111\u01b0\u1ee3c l\u00e0m b\u1eb1ng&nbsp;<a href=\"https:\/\/hopefulrubber.com\/vi\/rubber-molding-services\/injection-molding\/\">\u00e9p phun<\/a>, cho ph\u00e9p s\u1ea3n xu\u1ea5t s\u1ed1 l\u01b0\u1ee3ng l\u1edbn c\u00e1c b\u1ed9 ph\u1eadn v\u1edbi ch\u1ea5t l\u01b0\u1ee3ng \u0111\u1ed3ng \u0111\u1ec1u.<\/li>\n\n\n\n<li>B\u1ed9 gi\u1ea3m x\u00f3c: B\u1ed9 gi\u1ea3m x\u00f3c cao su th\u01b0\u1eddng \u0111\u01b0\u1ee3c s\u1eed d\u1ee5ng trong c\u00e1c thi\u1ebft b\u1ecb \u0111i\u1ec7n t\u1eed \u0111\u1ec3 b\u1ea3o v\u1ec7 c\u00e1c th\u00e0nh ph\u1ea7n tinh t\u1ebf kh\u1ecfi va \u0111\u1eadp v\u00e0 rung \u0111\u1ed9ng. Ch\u00fang \u0111\u01b0\u1ee3c t\u1ea1o ra b\u1eb1ng m\u1ed9t quy tr\u00ecnh g\u1ecdi l\u00e0 <a href=\"https:\/\/hopefulrubber.com\/vi\/rubber-molding-services\/rubber-to-metal-bonding\/\">li\u00ean k\u1ebft cao su v\u1edbi kim lo\u1ea1i<\/a>, t\u1ea1o ra m\u1ed1i li\u00ean k\u1ebft ch\u1eafc ch\u1eafn gi\u1eefa cao su v\u00e0 kim lo\u1ea1i \u0111\u1ec3 mang l\u1ea1i kh\u1ea3 n\u0103ng b\u1ea3o v\u1ec7 t\u1ed1i \u0111a.<\/li>\n\n\n\n<li>C\u00e1ch \u0111i\u1ec7n c\u00e1p v\u00e0 d\u00e2y: Cao su th\u01b0\u1eddng \u0111\u01b0\u1ee3c s\u1eed d\u1ee5ng l\u00e0m v\u1eadt li\u1ec7u c\u00e1ch \u0111i\u1ec7n cho c\u00e1p v\u00e0 d\u00e2y trong c\u00e1c thi\u1ebft b\u1ecb \u0111i\u1ec7n t\u1eed. N\u00f3 cung c\u1ea5p c\u00e1c \u0111\u1eb7c t\u00ednh c\u00e1ch \u0111i\u1ec7n tuy\u1ec7t v\u1eddi v\u00e0 c\u00f3 th\u1ec3 ch\u1ecbu \u0111\u01b0\u1ee3c nhi\u1ec7t \u0111\u1ed9 cao v\u00e0 \u0111i\u1ec1u ki\u1ec7n m\u00f4i tr\u01b0\u1eddng kh\u1eafc nghi\u1ec7t.<\/li>\n<\/ul>\n\n\n\n<h3 class=\"wp-block-heading\" id=\"industrial-applications\">\u1ee8ng d\u1ee5ng c\u00f4ng nghi\u1ec7p<\/h3>\n\n\n\n<p>C\u00e1c b\u1ed9 ph\u1eadn cao su \u0111\u00fac t\u00f9y ch\u1ec9nh c\u1ee7a ch\u00fang t\u00f4i c\u0169ng \u0111\u01b0\u1ee3c s\u1eed d\u1ee5ng trong nhi\u1ec1u \u1ee9ng d\u1ee5ng c\u00f4ng nghi\u1ec7p, bao g\u1ed3m m\u00e1y m\u00f3c v\u00e0 thi\u1ebft b\u1ecb. Ch\u00fang t\u00f4i cung c\u1ea5p c\u00e1c s\u1ea3n ph\u1ea9m c\u00f3 kh\u1ea3 n\u0103ng ch\u1ed1ng h\u00f3a ch\u1ea5t, nhi\u1ec7t v\u00e0 c\u00e1c \u0111i\u1ec1u ki\u1ec7n kh\u1eafc nghi\u1ec7t kh\u00e1c th\u01b0\u1eddng th\u1ea5y trong m\u00f4i tr\u01b0\u1eddng c\u00f4ng nghi\u1ec7p. C\u00e1c gi\u1ea3i ph\u00e1p t\u00f9y ch\u1ec9nh c\u1ee7a ch\u00fang t\u00f4i c\u00f3 th\u1ec3 \u0111\u01b0\u1ee3c thi\u1ebft k\u1ebf \u0111\u1ec3 \u0111\u00e1p \u1ee9ng c\u00e1c y\u00eau c\u1ea7u c\u1ee5 th\u1ec3 c\u1ee7a \u1ee9ng d\u1ee5ng c\u00f4ng nghi\u1ec7p c\u1ee7a b\u1ea1n.<\/p>\n\n\n\n<p>Sau \u0111\u00e2y l\u00e0 m\u1ed9t s\u1ed1 v\u00ed d\u1ee5 v\u1ec1 c\u00e1c b\u1ed9 ph\u1eadn cao su \u0111\u00fac t\u00f9y ch\u1ec9nh \u0111\u01b0\u1ee3c s\u1eed d\u1ee5ng trong c\u00e1c \u1ee9ng d\u1ee5ng c\u00f4ng nghi\u1ec7p:<\/p>\n\n\n\n<ul class=\"wp-block-list\">\n<li>Ph\u1edbt v\u00e0 gio\u0103ng: Ph\u1edbt v\u00e0 gio\u0103ng cao su th\u01b0\u1eddng \u0111\u01b0\u1ee3c s\u1eed d\u1ee5ng trong c\u00e1c \u1ee9ng d\u1ee5ng c\u00f4ng nghi\u1ec7p \u0111\u1ec3 t\u1ea1o ra l\u1edbp \u0111\u1ec7m gi\u1eefa hai b\u1ed9 ph\u1eadn v\u00e0 ng\u0103n r\u00f2 r\u1ec9 ch\u1ea5t l\u1ecfng ho\u1eb7c kh\u00ed. Ch\u00fang c\u00f3 th\u1ec3 \u0111\u01b0\u1ee3c thi\u1ebft k\u1ebf ri\u00eang \u0111\u1ec3 \u0111\u00e1p \u1ee9ng c\u00e1c y\u00eau c\u1ea7u c\u1ee5 th\u1ec3 v\u00e0 th\u01b0\u1eddng \u0111\u01b0\u1ee3c s\u1eed d\u1ee5ng trong m\u00e1y m\u00f3c, m\u00e1y b\u01a1m v\u00e0 van.<\/li>\n\n\n\n<li>Con l\u0103n v\u00e0 b\u00e1nh xe: Con l\u0103n v\u00e0 b\u00e1nh xe cao su \u0111\u01b0\u1ee3c s\u1eed d\u1ee5ng trong nhi\u1ec1u \u1ee9ng d\u1ee5ng c\u00f4ng nghi\u1ec7p, ch\u1eb3ng h\u1ea1n nh\u01b0 h\u1ec7 th\u1ed1ng b\u0103ng t\u1ea3i, m\u00e1y in v\u00e0 thi\u1ebft b\u1ecb x\u1eed l\u00fd v\u1eadt li\u1ec7u. Ch\u00fang cung c\u1ea5p l\u1ef1c k\u00e9o v\u00e0 \u0111\u1ed9 b\u1ec1n tuy\u1ec7t v\u1eddi v\u00e0 c\u00f3 th\u1ec3 \u0111\u01b0\u1ee3c ch\u1ebf t\u1ea1o b\u1eb1ng nhi\u1ec1u lo\u1ea1i v\u1eadt li\u1ec7u cao su t\u00f9y thu\u1ed9c v\u00e0o \u1ee9ng d\u1ee5ng.<\/li>\n\n\n\n<li>B\u1ed9 c\u00e1ch ly rung: B\u1ed9 c\u00e1ch ly rung b\u1eb1ng cao su \u0111\u01b0\u1ee3c s\u1eed d\u1ee5ng trong thi\u1ebft b\u1ecb c\u00f4ng nghi\u1ec7p \u0111\u1ec3 gi\u1ea3m s\u1ef1 truy\u1ec1n rung \u0111\u1ed9ng v\u00e0 ti\u1ebfng \u1ed3n. Ch\u00fang th\u01b0\u1eddng \u0111\u01b0\u1ee3c s\u1eed d\u1ee5ng trong m\u00e1y m\u00f3c h\u1ea1ng n\u1eb7ng, \u0111\u1ed9ng c\u01a1 v\u00e0 m\u00e1y ph\u00e1t \u0111i\u1ec7n \u0111\u1ec3 b\u1ea3o v\u1ec7 c\u00e1c th\u00e0nh ph\u1ea7n tinh vi v\u00e0 c\u1ea3i thi\u1ec7n hi\u1ec7u su\u1ea5t.<\/li>\n\n\n\n<li>M\u00e0ng ch\u1eafn: M\u00e0ng ch\u1eafn cao su \u0111\u01b0\u1ee3c s\u1eed d\u1ee5ng trong c\u00e1c \u1ee9ng d\u1ee5ng c\u00f4ng nghi\u1ec7p nh\u01b0 m\u00e1y b\u01a1m v\u00e0 van \u0111\u1ec3 \u0111i\u1ec1u ch\u1ec9nh l\u01b0u l\u01b0\u1ee3ng ch\u1ea5t l\u1ecfng. Ch\u00fang c\u00f3 th\u1ec3 \u0111\u01b0\u1ee3c \u0111\u00fac theo y\u00eau c\u1ea7u \u0111\u1ec3 \u0111\u00e1p \u1ee9ng c\u00e1c y\u00eau c\u1ea7u c\u1ee5 th\u1ec3 v\u00e0 th\u01b0\u1eddng \u0111\u01b0\u1ee3c l\u00e0m b\u1eb1ng v\u1eadt li\u1ec7u c\u00f3 kh\u1ea3 n\u0103ng ch\u1ed1ng h\u00f3a ch\u1ea5t v\u00e0 nhi\u1ec7t \u0111\u1ed9 cao.<\/li>\n\n\n\n<li>Gi\u00e1 \u0111\u1ee1 ch\u1ed1ng s\u1ed1c: Gi\u00e1 \u0111\u1ee1 ch\u1ed1ng s\u1ed1c b\u1eb1ng cao su \u0111\u01b0\u1ee3c s\u1eed d\u1ee5ng trong thi\u1ebft b\u1ecb c\u00f4ng nghi\u1ec7p \u0111\u1ec3 h\u1ea5p th\u1ee5 s\u1ed1c v\u00e0 rung \u0111\u1ed9ng. Ch\u00fang c\u00f3 th\u1ec3 \u0111\u01b0\u1ee3c thi\u1ebft k\u1ebf ri\u00eang \u0111\u1ec3 \u0111\u00e1p \u1ee9ng c\u00e1c y\u00eau c\u1ea7u c\u1ee5 th\u1ec3 v\u00e0 th\u01b0\u1eddng \u0111\u01b0\u1ee3c s\u1eed d\u1ee5ng trong m\u00e1y m\u00f3c v\u00e0 thi\u1ebft b\u1ecb ho\u1ea1t \u0111\u1ed9ng trong m\u00f4i tr\u01b0\u1eddng kh\u1eafc nghi\u1ec7t.<\/li>\n<\/ul>\n\n\n\n<p>\u0110\u00e2y ch\u1ec9 l\u00e0 m\u1ed9t v\u00e0i v\u00ed d\u1ee5 v\u1ec1 s\u1ea3n xu\u1ea5t cao su chuy\u00ean nghi\u1ec7p c\u1ee7a ch\u00fang t\u00f4i ph\u1ee5c v\u1ee5 cho \u1ee9ng d\u1ee5ng \u0111i\u1ec7n t\u1eed v\u00e0 c\u00f4ng nghi\u1ec7p.  <a href=\"https:\/\/hopefulrubber.com\/vi\/lien-he-voi-chung-toi\/\">Li\u00ean h\u1ec7 v\u1edbi ch\u00fang t\u00f4i<\/a>\u00a0h\u00f4m nay \u0111\u1ec3 t\u00ecm hi\u1ec3u th\u00eam v\u1ec1 c\u00e1ch ch\u00fang t\u00f4i c\u00f3 th\u1ec3 gi\u00fap thi\u1ebft k\u1ebf v\u00e0 ph\u00e1t tri\u1ec3n c\u00e1c gi\u1ea3i ph\u00e1p t\u00f9y ch\u1ec9nh \u0111\u00e1p \u1ee9ng nhu c\u1ea7u c\u1ee5 th\u1ec3 c\u1ee7a b\u1ea1n.<\/p>\n\n\n\n<div class=\"wp-block-buttons is-layout-flex wp-block-buttons-is-layout-flex\">\n<div class=\"wp-block-button has-custom-font-size has-small-font-size\"><a class=\"wp-block-button__link has-white-color has-vivid-red-background-color has-text-color has-background wp-element-button\" href=\"https:\/\/hopefulrubber.com\/vi\/lien-he-voi-chung-toi\/\">Li\u00ean h\u1ec7 v\u1edbi ch\u00fang t\u00f4i<\/a><\/div>\n<\/div>\n<\/div>\n<\/div>","protected":false},"excerpt":{"rendered":"<p>Electronic and Industrial Applications Custom Molded Rubber Parts for Electronic and Industrial Applications At Hopeful Rubber, we specialize in providing high-quality custom molded rubber parts for electronic and industrial applications, , showcasing our commitment to rubber manufacturing for every industry. Our advanced technology and techniques ensure precision, durability, and performance tailored to these critical sectors. [&hellip;]<\/p>\n","protected":false},"author":1,"featured_media":713,"parent":1150,"menu_order":0,"comment_status":"closed","ping_status":"closed","template":"","meta":{"content-type":"","footnotes":""},"class_list":["post-576","page","type-page","status-publish","has-post-thumbnail","hentry"],"_links":{"self":[{"href":"https:\/\/hopefulrubber.com\/vi\/wp-json\/wp\/v2\/pages\/576","targetHints":{"allow":["GET"]}}],"collection":[{"href":"https:\/\/hopefulrubber.com\/vi\/wp-json\/wp\/v2\/pages"}],"about":[{"href":"https:\/\/hopefulrubber.com\/vi\/wp-json\/wp\/v2\/types\/page"}],"author":[{"embeddable":true,"href":"https:\/\/hopefulrubber.com\/vi\/wp-json\/wp\/v2\/users\/1"}],"replies":[{"embeddable":true,"href":"https:\/\/hopefulrubber.com\/vi\/wp-json\/wp\/v2\/comments?post=576"}],"version-history":[{"count":18,"href":"https:\/\/hopefulrubber.com\/vi\/wp-json\/wp\/v2\/pages\/576\/revisions"}],"predecessor-version":[{"id":2158,"href":"https:\/\/hopefulrubber.com\/vi\/wp-json\/wp\/v2\/pages\/576\/revisions\/2158"}],"up":[{"embeddable":true,"href":"https:\/\/hopefulrubber.com\/vi\/wp-json\/wp\/v2\/pages\/1150"}],"wp:featuredmedia":[{"embeddable":true,"href":"https:\/\/hopefulrubber.com\/vi\/wp-json\/wp\/v2\/media\/713"}],"wp:attachment":[{"href":"https:\/\/hopefulrubber.com\/vi\/wp-json\/wp\/v2\/media?parent=576"}],"curies":[{"name":"wp","href":"https:\/\/api.w.org\/{rel}","templated":true}]}}