{"id":664,"date":"2023-06-25T12:11:41","date_gmt":"2023-06-25T04:11:41","guid":{"rendered":"https:\/\/hopefulrubber.com\/?page_id=664"},"modified":"2024-06-19T17:51:41","modified_gmt":"2024-06-19T09:51:41","slug":"dung-cu-cao-su","status":"publish","type":"page","link":"https:\/\/hopefulrubber.com\/vi\/capabilities\/rubber-tooling\/","title":{"rendered":"D\u1ecbch v\u1ee5 gia c\u00f4ng cao su"},"content":{"rendered":"<div class=\"wp-block-columns is-layout-flex wp-container-core-columns-is-layout-9d6595d7 wp-block-columns-is-layout-flex\">\n<div class=\"wp-block-column is-layout-flow wp-block-column-is-layout-flow\" style=\"flex-basis:33.33%\">\n<div class=\"wp-block-rank-math-toc-block\" id=\"rank-math-toc\"><h2>M\u1ee5c l\u1ee5c<\/h2><nav><ul><li><a href=\"#custom-rubber-tooling-solutions-to-meet-your-unique-needs\">Gi\u1ea3i ph\u00e1p gia c\u00f4ng cao su t\u00f9y ch\u1ec9nh \u0111\u1ec3 \u0111\u00e1p \u1ee9ng nhu c\u1ea7u ri\u00eang c\u1ee7a b\u1ea1n<\/a><\/li><li><a href=\"#high-quality-rubber-tooling-design-services\">D\u1ecbch v\u1ee5 thi\u1ebft k\u1ebf d\u1ee5ng c\u1ee5 cao su ch\u1ea5t l\u01b0\u1ee3ng cao<\/a><\/li><li><a href=\"#prototyping-to-production-for-precise-rubber-components\">T\u1ea1o m\u1eabu \u0111\u1ec3 s\u1ea3n xu\u1ea5t c\u00e1c th\u00e0nh ph\u1ea7n cao su ch\u00ednh x\u00e1c<\/a><\/li><li><a href=\"#advanced-machinery-for-precise-and-reliable-tooling-production\">M\u00e1y m\u00f3c ti\u00ean ti\u1ebfn cho s\u1ea3n xu\u1ea5t d\u1ee5ng c\u1ee5 ch\u00ednh x\u00e1c v\u00e0 \u0111\u00e1ng tin c\u1eady<\/a><\/li><\/ul><\/nav><\/div>\n<\/div>\n\n\n\n<div class=\"wp-block-column is-layout-flow wp-block-column-is-layout-flow\" style=\"flex-basis:66.66%\">\n<h1 class=\"wp-block-heading has-black-color has-text-color\">D\u1ecbch v\u1ee5 gia c\u00f4ng cao su cao c\u1ea5p: Ch\u1ebf t\u1ea1o c\u00e1c th\u00e0nh ph\u1ea7n cao su ch\u1ea5t l\u01b0\u1ee3ng cao<\/h1>\n\n\n\n<div style=\"height:20px\" aria-hidden=\"true\" class=\"wp-block-spacer\"><\/div>\n\n\n\n<h2 class=\"wp-block-heading has-vivid-cyan-blue-color has-text-color\" id=\"custom-rubber-tooling-solutions-to-meet-your-unique-needs\">Gi\u1ea3i ph\u00e1p gia c\u00f4ng cao su t\u00f9y ch\u1ec9nh \u0111\u1ec3 \u0111\u00e1p \u1ee9ng nhu c\u1ea7u ri\u00eang c\u1ee7a b\u1ea1n<\/h2>\n\n\n\n<p>D\u1ecbch v\u1ee5 gia c\u00f4ng cao su \u0111\u00f3ng vai tr\u00f2 quan tr\u1ecdng trong s\u1ea3n xu\u1ea5t c\u00e1c th\u00e0nh ph\u1ea7n cao su ch\u1ea5t l\u01b0\u1ee3ng cao \u0111\u01b0\u1ee3c s\u1eed d\u1ee5ng trong nhi\u1ec1u ng\u00e0nh c\u00f4ng nghi\u1ec7p kh\u00e1c nhau, t\u1eeb \u00f4 t\u00f4 \u0111\u1ebfn y t\u1ebf. N\u1ebfu b\u1ea1n \u0111ang t\u00ecm ki\u1ebfm nh\u00e0 cung c\u1ea5p khu\u00f4n cao su \u0111\u00e1ng tin c\u1eady v\u00e0 gi\u00e0u kinh nghi\u1ec7m, D\u1ecbch v\u1ee5 gia c\u00f4ng c\u1ee7a Hopeful Rubber s\u1ebd gi\u00fap b\u1ea1n. V\u1edbi h\u01a1n 35 n\u0103m kinh nghi\u1ec7m trong ng\u00e0nh, ch\u00fang t\u00f4i cung c\u1ea5p m\u1ed9t lo\u1ea1t c\u00e1c gi\u1ea3i ph\u00e1p gia c\u00f4ng cao su to\u00e0n di\u1ec7n \u0111\u1ec3 \u0111\u00e1p \u1ee9ng c\u00e1c y\u00eau c\u1ea7u c\u1ee5 th\u1ec3 c\u1ee7a b\u1ea1n.<\/p>\n\n\n\n<div style=\"height:20px\" aria-hidden=\"true\" class=\"wp-block-spacer\"><\/div>\n\n\n\n<h2 class=\"wp-block-heading has-vivid-cyan-blue-color has-text-color\" id=\"high-quality-rubber-tooling-design-services\">D\u1ecbch v\u1ee5 thi\u1ebft k\u1ebf d\u1ee5ng c\u1ee5 cao su ch\u1ea5t l\u01b0\u1ee3ng cao<\/h2>\n\n\n\n<p>D\u1ecbch v\u1ee5 gia c\u00f4ng cao su c\u1ee7a ch\u00fang t\u00f4i bao g\u1ed3m thi\u1ebft k\u1ebf, t\u1ea1o m\u1eabu v\u00e0 s\u1ea3n xu\u1ea5t khu\u00f4n cao su v\u00e0 d\u1ee5ng c\u1ee5 d\u00f9ng \u0111\u1ec3 t\u1ea1o ra c\u00e1c th\u00e0nh ph\u1ea7n cao su cho nhi\u1ec1u ng\u00e0nh c\u00f4ng nghi\u1ec7p kh\u00e1c nhau, bao g\u1ed3m \u00f4 t\u00f4, y t\u1ebf, c\u00f4ng nghi\u1ec7p v\u00e0 tr\u1ebb s\u01a1 sinh. Ch\u00fang t\u00f4i c\u00f3 m\u1ed9t \u0111\u1ed9i ng\u0169 k\u1ef9 s\u01b0 thi\u1ebft k\u1ebf gi\u00e0u kinh nghi\u1ec7m l\u00e0m vi\u1ec7c ch\u1eb7t ch\u1ebd v\u1edbi kh\u00e1ch h\u00e0ng \u0111\u1ec3 ph\u00e1t tri\u1ec3n c\u00e1c thi\u1ebft k\u1ebf gia c\u00f4ng cao su t\u00f9y ch\u1ec9nh \u0111\u00e1p \u1ee9ng nhu c\u1ea7u ri\u00eang c\u1ee7a h\u1ecd. V\u1edbi ph\u1ea7n m\u1ec1m chuy\u00ean nghi\u1ec7p bao g\u1ed3m PowerMill, Solidwords, AUTOCAD, UG v\u00e0 PRO-E \u0111\u1ec3 t\u1ea1o ra c\u00e1c thi\u1ebft k\u1ebf chi ti\u1ebft c\u00f3 th\u1ec3 \u0111\u01b0\u1ee3c s\u1eeda \u0111\u1ed5i v\u00e0 t\u1ed1i \u01b0u h\u00f3a tr\u01b0\u1edbc khi b\u1eaft \u0111\u1ea7u s\u1ea3n xu\u1ea5t, \u0111\u1ea3m b\u1ea3o s\u1ea3n ph\u1ea9m cu\u1ed1i c\u00f9ng \u0111\u00e1p \u1ee9ng ch\u00ednh x\u00e1c c\u00e1c th\u00f4ng s\u1ed1 k\u1ef9 thu\u1eadt c\u1ee7a kh\u00e1ch h\u00e0ng.<\/p>\n\n\n\n<div style=\"height:20px\" aria-hidden=\"true\" class=\"wp-block-spacer\"><\/div>\n\n\n\n<h2 class=\"wp-block-heading has-vivid-cyan-blue-color has-text-color\" id=\"prototyping-to-production-for-precise-rubber-components\" style=\"text-transform:none\">T\u1ea1o m\u1eabu \u0111\u1ec3 s\u1ea3n xu\u1ea5t c\u00e1c th\u00e0nh ph\u1ea7n cao su ch\u00ednh x\u00e1c<\/h2>\n\n\n\n<p>T\u1ea1o m\u1eabu l\u00e0 m\u1ed9t b\u01b0\u1edbc quan tr\u1ecdng trong quy tr\u00ecnh gia c\u00f4ng cao su v\u00e0 ch\u00fang t\u00f4i t\u1ea1o ra c\u00e1c m\u1eabu th\u00e0nh ph\u1ea7n cao su b\u1eb1ng c\u00e1ch s\u1eed d\u1ee5ng c\u00e1c c\u00f4ng c\u1ee5 m\u00e0 ch\u00fang t\u00f4i \u0111\u00e3 thi\u1ebft k\u1ebf. \u0110i\u1ec1u n\u00e0y cho ph\u00e9p ch\u00fang t\u00f4i ki\u1ec3m tra v\u00e0 tinh ch\u1ec9nh thi\u1ebft k\u1ebf \u0111\u1ec3 \u0111\u1ea3m b\u1ea3o \u0111\u00e1p \u1ee9ng c\u00e1c y\u00eau c\u1ea7u c\u1ee7a kh\u00e1ch h\u00e0ng tr\u01b0\u1edbc khi \u0111\u01b0a v\u00e0o s\u1ea3n xu\u1ea5t. Quy tr\u00ecnh t\u1ea1o m\u1eabu c\u1ee7a ch\u00fang t\u00f4i nhanh ch\u00f3ng v\u00e0 hi\u1ec7u qu\u1ea3, cho ph\u00e9p ch\u00fang t\u00f4i s\u1ea3n xu\u1ea5t c\u00e1c m\u1eabu nhanh ch\u00f3ng v\u00e0 ti\u1ebft ki\u1ec7m chi ph\u00ed. Sau khi ho\u00e0n t\u1ea5t giai \u0111o\u1ea1n thi\u1ebft k\u1ebf v\u00e0 t\u1ea1o m\u1eabu, ch\u00fang t\u00f4i c\u00f3 th\u1ec3 chuy\u1ec3n sang s\u1ea3n xu\u1ea5t.<\/p>\n\n\n\n<div style=\"height:20px\" aria-hidden=\"true\" class=\"wp-block-spacer\"><\/div>\n\n\n\n<h2 class=\"wp-block-heading has-vivid-cyan-blue-color has-text-color\" id=\"advanced-machinery-for-precise-and-reliable-tooling-production\">M\u00e1y m\u00f3c ti\u00ean ti\u1ebfn cho s\u1ea3n xu\u1ea5t d\u1ee5ng c\u1ee5 ch\u00ednh x\u00e1c v\u00e0 \u0111\u00e1ng tin c\u1eady<\/h2>\n\n\n\n<p>Khi n\u00f3i \u0111\u1ebfn vi\u1ec7c ch\u1ebf t\u1ea1o khu\u00f4n cho c\u00e1c th\u00e0nh ph\u1ea7n cao su, s\u1eed d\u1ee5ng m\u00e1y m\u00f3c ti\u00ean ti\u1ebfn l\u00e0 ch\u00eca kh\u00f3a \u0111\u1ec3 \u0111\u1ea1t \u0111\u01b0\u1ee3c k\u1ebft qu\u1ea3 ch\u00ednh x\u00e1c v\u00e0 ch\u1ea5t l\u01b0\u1ee3ng cao. T\u1ea1i Hopeful Rubber, ch\u00fang t\u00f4i s\u1eed d\u1ee5ng nhi\u1ec1u lo\u1ea1i m\u00e1y m\u00f3c hi\u1ec7n \u0111\u1ea1i t\u1eeb c\u00e1c th\u01b0\u01a1ng hi\u1ec7u h\u00e0ng \u0111\u1ea7u nh\u01b0 Mazak, Fanuc, Takumi v\u00e0 TOP EDM \u0111\u1ec3 \u0111\u1ea3m b\u1ea3o khu\u00f4n c\u1ee7a ch\u00fang t\u00f4i \u0111\u00e1p \u1ee9ng c\u00e1c ti\u00eau chu\u1ea9n cao nh\u1ea5t v\u1ec1 ch\u1ea5t l\u01b0\u1ee3ng v\u00e0 \u0111\u1ed9 ch\u00ednh x\u00e1c. \u0110\u1ec3 bi\u1ebft th\u00eam th\u00f4ng tin v\u1ec1 thi\u1ebft b\u1ecb gia c\u00f4ng c\u1ee7a ch\u00fang t\u00f4i, vui l\u00f2ng truy c\u1eadp <a href=\"https:\/\/hopefulrubber.com\/vi\/about-us\/equipment-list\/\">\u201cDanh s\u00e1ch thi\u1ebft b\u1ecb\u201d<\/a> trang tr\u00ean trang web c\u1ee7a ch\u00fang t\u00f4i.<\/p>\n\n\n\n<ul class=\"wp-block-list\">\n<li>Mazak l\u00e0 nh\u00e0 s\u1ea3n xu\u1ea5t m\u00e1y CNC h\u00e0ng \u0111\u1ea7u v\u00e0 ch\u00fang t\u00f4i s\u1eed d\u1ee5ng c\u00e1c trung t\u00e2m gia c\u00f4ng ti\u00ean ti\u1ebfn c\u1ee7a h\u1ecd \u0111\u1ec3 s\u1ea3n xu\u1ea5t khu\u00f4n m\u1eabu c\u00f3 \u0111\u1ed9 ch\u00ednh x\u00e1c cao. C\u00e1c m\u00e1y n\u00e0y \u0111\u01b0\u1ee3c trang b\u1ecb h\u1ec7 th\u1ed1ng d\u1ee5ng c\u1ee5 ti\u00ean ti\u1ebfn, tr\u1ee5c ch\u00ednh t\u1ed1c \u0111\u1ed9 cao v\u00e0 b\u1ed9 \u0111i\u1ec1u khi\u1ec3n c\u00f3 \u0111\u1ed9 ch\u00ednh x\u00e1c cao cho ph\u00e9p ch\u00fang t\u00f4i t\u1ea1o ra h\u00ecnh h\u1ecdc ph\u1ee9c t\u1ea1p v\u00e0 dung sai ch\u1eb7t ch\u1ebd m\u1ed9t c\u00e1ch d\u1ec5 d\u00e0ng.<\/li>\n\n\n\n<li>Fanuc l\u00e0 m\u1ed9t th\u01b0\u01a1ng hi\u1ec7u h\u00e0ng \u0111\u1ea7u kh\u00e1c trong ng\u00e0nh c\u00f4ng nghi\u1ec7p m\u00e1y m\u00f3c CNC v\u00e0 m\u00e1y m\u00f3c c\u1ee7a h\u1ecd \u0111\u01b0\u1ee3c bi\u1ebft \u0111\u1ebfn v\u1edbi \u0111\u1ed9 tin c\u1eady v\u00e0 \u0111\u1ed9 ch\u00ednh x\u00e1c. Ch\u00fang t\u00f4i s\u1eed d\u1ee5ng m\u00e1y m\u00f3c Fanuc \u0111\u1ec3 t\u1ea1o khu\u00f4n cho c\u00e1c th\u00e0nh ph\u1ea7n cao su \u0111\u00f2i h\u1ecfi \u0111\u1ed9 ch\u00ednh x\u00e1c v\u00e0 kh\u1ea3 n\u0103ng l\u1eb7p l\u1ea1i cao, ch\u1eb3ng h\u1ea1n nh\u01b0 c\u00e1c th\u00e0nh ph\u1ea7n \u0111\u01b0\u1ee3c s\u1eed d\u1ee5ng trong ng\u00e0nh y t\u1ebf v\u00e0 h\u00e0ng kh\u00f4ng v\u0169 tr\u1ee5.<\/li>\n\n\n\n<li>Takumi l\u00e0 nh\u00e0 s\u1ea3n xu\u1ea5t h\u00e0ng \u0111\u1ea7u v\u1ec1 m\u00e1y CNC hi\u1ec7u su\u1ea5t cao, n\u1ed5i ti\u1ebfng v\u1edbi \u0111\u1ed9 ch\u00ednh x\u00e1c, t\u00ednh linh ho\u1ea1t v\u00e0 c\u00e1c t\u00ednh n\u0103ng ti\u00ean ti\u1ebfn. Ch\u00fang t\u00f4i s\u1eed d\u1ee5ng m\u00e1y Takumi \u0111\u1ec3 s\u1ea3n xu\u1ea5t khu\u00f4n cho c\u00e1c th\u00e0nh ph\u1ea7n cao su v\u1edbi m\u1ecdi h\u00ecnh d\u1ea1ng v\u00e0 k\u00edch th\u01b0\u1edbc. C\u00e1c m\u00e1y n\u00e0y \u0111\u01b0\u1ee3c trang b\u1ecb h\u1ec7 th\u1ed1ng \u0111i\u1ec1u khi\u1ec3n ti\u00ean ti\u1ebfn, tr\u1ee5c ch\u00ednh t\u1ed1c \u0111\u1ed9 cao v\u00e0 h\u1ec7 th\u1ed1ng gia c\u00f4ng ch\u00ednh x\u00e1c cho ph\u00e9p ch\u00fang t\u00f4i t\u1ea1o ra khu\u00f4n c\u00f3 dung sai ch\u1eb7t ch\u1ebd v\u00e0 h\u00ecnh h\u1ecdc ph\u1ee9c t\u1ea1p.<\/li>\n\n\n\n<li>TOP EDM l\u00e0 th\u01b0\u01a1ng hi\u1ec7u h\u00e0ng \u0111\u1ea7u trong ng\u00e0nh gia c\u00f4ng b\u1eb1ng tia l\u1eeda \u0111i\u1ec7n (EDM), n\u1ed5i ti\u1ebfng v\u1ec1 \u0111\u1ed9 ch\u00ednh x\u00e1c v\u00e0 \u0111\u1ed9 tin c\u1eady. Ch\u00fang t\u00f4i s\u1eed d\u1ee5ng m\u00e1y TOP EDM \u0111\u1ec3 s\u1ea3n xu\u1ea5t khu\u00f4n cho c\u00e1c th\u00e0nh ph\u1ea7n cao su \u0111\u00f2i h\u1ecfi h\u00ecnh d\u1ea1ng ph\u1ee9c t\u1ea1p v\u00e0 c\u00e1c t\u00ednh n\u0103ng ph\u1ee9c t\u1ea1p. EDM s\u1eed d\u1ee5ng tia l\u1eeda \u0111i\u1ec7n \u0111\u1ec3 m\u00e0i m\u00f2n v\u1eadt li\u1ec7u khu\u00f4n, t\u1ea1o ra c\u00e1c h\u00ecnh d\u1ea1ng ch\u00ednh x\u00e1c v\u00e0 ph\u1ee9c t\u1ea1p. Nh\u1eefng m\u00e1y n\u00e0y \u0111\u1eb7c bi\u1ec7t c\u00f3 l\u1ee3i th\u1ebf trong vi\u1ec7c t\u1ea1o ra c\u00e1c khu\u00f4n c\u00f3 h\u00ecnh d\u1ea1ng ph\u1ee9c t\u1ea1p v\u00e0 c\u00e1c t\u00ednh n\u0103ng ph\u1ee9c t\u1ea1p, \u0111\u1ea3m b\u1ea3o \u0111\u1ed9 ch\u00ednh x\u00e1c v\u00e0 ch\u1ea5t l\u01b0\u1ee3ng t\u1ed1i \u01b0u trong c\u00e1c th\u00e0nh ph\u1ea7n cao su \u0111\u00e3 ho\u00e0n thi\u1ec7n.<\/li>\n<\/ul>\n\n\n\n<p>T\u1ea1i Hopeful Rubber, ch\u00fang t\u00f4i cam k\u1ebft s\u1eed d\u1ee5ng c\u00f4ng ngh\u1ec7 v\u00e0 m\u00e1y m\u00f3c m\u1edbi nh\u1ea5t \u0111\u1ec3 \u0111\u1ea3m b\u1ea3o khu\u00f4n m\u1eabu c\u1ee7a ch\u00fang t\u00f4i \u0111\u00e1p \u1ee9ng c\u00e1c ti\u00eau chu\u1ea9n cao nh\u1ea5t v\u1ec1 ch\u1ea5t l\u01b0\u1ee3ng v\u00e0 \u0111\u1ed9 ch\u00ednh x\u00e1c. B\u1eb1ng c\u00e1ch t\u1eadn d\u1ee5ng kh\u1ea3 n\u0103ng c\u1ee7a m\u00e1y m\u00f3c gia c\u00f4ng ti\u00ean ti\u1ebfn, ph\u1ea7n m\u1ec1m hi\u1ec7n \u0111\u1ea1i v\u00e0 c\u00e1c k\u1ef9 s\u01b0 thi\u1ebft k\u1ebf gi\u00e0u kinh nghi\u1ec7m, ch\u00fang t\u00f4i c\u00f3 th\u1ec3 cung c\u1ea5p c\u00e1c gi\u1ea3i ph\u00e1p gia c\u00f4ng cao su t\u00f9y ch\u1ec9nh \u0111\u00e1p \u1ee9ng nhu c\u1ea7u ri\u00eang bi\u1ec7t c\u1ee7a kh\u00e1ch h\u00e0ng v\u00e0 mang \u0111\u1ebfn cho h\u1ecd l\u1ee3i th\u1ebf c\u1ea1nh tranh trong ng\u00e0nh c\u00f4ng nghi\u1ec7p t\u01b0\u01a1ng \u1ee9ng c\u1ee7a h\u1ecd.<\/p>\n\n\n\n<p><a href=\"https:\/\/hopefulrubber.com\/vi\/lien-he-voi-chung-toi\/\">Li\u00ean h\u1ec7 v\u1edbi ch\u00fang t\u00f4i<\/a> ngay h\u00f4m nay \u0111\u1ec3 bi\u1ebfn t\u1ea7m nh\u00ecn c\u1ee7a b\u1ea1n th\u00e0nh hi\u1ec7n th\u1ef1c v\u1edbi d\u1ecbch v\u1ee5 gia c\u00f4ng cao su chuy\u00ean nghi\u1ec7p c\u1ee7a ch\u00fang t\u00f4i.<\/p>\n<\/div>\n<\/div>","protected":false},"excerpt":{"rendered":"<p>Premium Rubber Tooling Services : Crafting High-Quality Rubber Components Custom Rubber Tooling Solutions to Meet Your Unique Needs Rubber tooling services are crucial for manufacturing high-quality rubber components used in various industries, from automotive to medical. If you&#8217;re looking for reliable and experienced&nbsp;rubber mold providers,&nbsp;Hopeful Rubber&#8217;s Tooling Services&nbsp;is here to help. With over 35 years [&hellip;]<\/p>\n","protected":false},"author":1,"featured_media":790,"parent":44,"menu_order":0,"comment_status":"closed","ping_status":"closed","template":"","meta":{"content-type":"","footnotes":""},"class_list":["post-664","page","type-page","status-publish","has-post-thumbnail","hentry"],"_links":{"self":[{"href":"https:\/\/hopefulrubber.com\/vi\/wp-json\/wp\/v2\/pages\/664","targetHints":{"allow":["GET"]}}],"collection":[{"href":"https:\/\/hopefulrubber.com\/vi\/wp-json\/wp\/v2\/pages"}],"about":[{"href":"https:\/\/hopefulrubber.com\/vi\/wp-json\/wp\/v2\/types\/page"}],"author":[{"embeddable":true,"href":"https:\/\/hopefulrubber.com\/vi\/wp-json\/wp\/v2\/users\/1"}],"replies":[{"embeddable":true,"href":"https:\/\/hopefulrubber.com\/vi\/wp-json\/wp\/v2\/comments?post=664"}],"version-history":[{"count":29,"href":"https:\/\/hopefulrubber.com\/vi\/wp-json\/wp\/v2\/pages\/664\/revisions"}],"predecessor-version":[{"id":2062,"href":"https:\/\/hopefulrubber.com\/vi\/wp-json\/wp\/v2\/pages\/664\/revisions\/2062"}],"up":[{"embeddable":true,"href":"https:\/\/hopefulrubber.com\/vi\/wp-json\/wp\/v2\/pages\/44"}],"wp:featuredmedia":[{"embeddable":true,"href":"https:\/\/hopefulrubber.com\/vi\/wp-json\/wp\/v2\/media\/790"}],"wp:attachment":[{"href":"https:\/\/hopefulrubber.com\/vi\/wp-json\/wp\/v2\/media?parent=664"}],"curies":[{"name":"wp","href":"https:\/\/api.w.org\/{rel}","templated":true}]}}