{"id":666,"date":"2023-06-25T12:13:51","date_gmt":"2023-06-25T04:13:51","guid":{"rendered":"https:\/\/hopefulrubber.com\/?page_id=666"},"modified":"2024-06-19T17:51:18","modified_gmt":"2024-06-19T09:51:18","slug":"ky-thuat-san-pham","status":"publish","type":"page","link":"https:\/\/hopefulrubber.com\/vi\/capabilities\/product-engineering\/","title":{"rendered":"D\u1ecbch v\u1ee5 K\u1ef9 thu\u1eadt S\u1ea3n ph\u1ea9m"},"content":{"rendered":"<div class=\"wp-block-columns is-layout-flex wp-container-core-columns-is-layout-9d6595d7 wp-block-columns-is-layout-flex\">\n<div class=\"wp-block-column is-layout-flow wp-block-column-is-layout-flow\" style=\"flex-basis:33.33%\">\n<div class=\"wp-block-rank-math-toc-block\" id=\"rank-math-toc\"><h2>M\u1ee5c l\u1ee5c<\/h2><nav><ul><li><a href=\"#the-importance-of-product-engineering-services-by-hopeful-rubber\">T\u1ea7m quan tr\u1ecdng c\u1ee7a d\u1ecbch v\u1ee5 k\u1ef9 thu\u1eadt s\u1ea3n ph\u1ea9m c\u1ee7a Hopeful Rubber<\/a><\/li><li><a href=\"#6-steps-customized-rubber-solutions-bringing-your-ideas-to-life-with-expert-engineering\">Gi\u1ea3i ph\u00e1p cao su t\u00f9y ch\u1ec9nh 6 b\u01b0\u1edbc: Bi\u1ebfn \u00fd t\u01b0\u1edfng c\u1ee7a b\u1ea1n th\u00e0nh hi\u1ec7n th\u1ef1c v\u1edbi K\u1ef9 thu\u1eadt chuy\u00ean gia<\/a><ul><li><a href=\"#identification\">Nh\u1eadn d\u1ea1ng<\/a><\/li><li><a href=\"#consultation\">T\u01b0 v\u1ea5n<\/a><\/li><li><a href=\"#product-development\">Ph\u00e1t tri\u1ec3n s\u1ea3n ph\u1ea9m<\/a><\/li><li><a href=\"#testing-and-validation\">Ki\u1ec3m tra v\u00e0 x\u00e1c nh\u1eadn<\/a><\/li><li><a href=\"#production-planning\">K\u1ebf ho\u1ea1ch s\u1ea3n xu\u1ea5t<\/a><\/li><li><a href=\"#continuous-improvement\">C\u1ea3i ti\u1ebfn li\u00ean t\u1ee5c<\/a><\/li><\/ul><\/li><\/ul><\/nav><\/div>\n<\/div>\n\n\n\n<div class=\"wp-block-column is-layout-flow wp-block-column-is-layout-flow\" style=\"flex-basis:66.66%\">\n<h1 class=\"wp-block-heading\">D\u1ecbch v\u1ee5 K\u1ef9 thu\u1eadt S\u1ea3n ph\u1ea9m<\/h1>\n\n\n\n<div style=\"height:30px\" aria-hidden=\"true\" class=\"wp-block-spacer\"><\/div>\n\n\n\n<h2 class=\"wp-block-heading has-vivid-cyan-blue-color has-text-color\" id=\"the-importance-of-product-engineering-services-by-hopeful-rubber\">T\u1ea7m quan tr\u1ecdng c\u1ee7a d\u1ecbch v\u1ee5 k\u1ef9 thu\u1eadt s\u1ea3n ph\u1ea9m c\u1ee7a Hopeful Rubber<\/h2>\n\n\n\n<p>C\u00e1c b\u1ed9 ph\u1eadn cao su \u0111\u00fac l\u00e0 th\u00e0nh ph\u1ea7n quan tr\u1ecdng trong nhi\u1ec1u ng\u00e0nh c\u00f4ng nghi\u1ec7p, cung c\u1ea5p c\u00e1c ch\u1ee9c n\u0103ng thi\u1ebft y\u1ebfu nh\u01b0 b\u1ecbt k\u00edn, \u0111\u1ec7m, l\u1eafp v\u00e0 b\u1ea3o v\u1ec7 c\u00e1c th\u00e0nh ph\u1ea7n m\u1ecfng manh kh\u1ecfi c\u00e1c y\u1ebfu t\u1ed1 m\u00f4i tr\u01b0\u1eddng. \u0110\u1ec3 \u0111\u1ea3m b\u1ea3o r\u1eb1ng c\u00e1c s\u1ea3n ph\u1ea9m n\u00e0y \u0111\u00e1p \u1ee9ng c\u00e1c ti\u00eau chu\u1ea9n cao nh\u1ea5t v\u1ec1 ch\u1ea5t l\u01b0\u1ee3ng v\u00e0 hi\u1ec7u su\u1ea5t, c\u00e1c gi\u1ea3i ph\u00e1p v\u00e0 k\u1ef9 thu\u1eadt s\u1ea3n ph\u1ea9m cao su ti\u00ean ti\u1ebfn l\u00e0 \u0111i\u1ec1u c\u1ea7n thi\u1ebft. T\u1ea1i Hopeful Rubber, ch\u00fang t\u00f4i chuy\u00ean cung c\u1ea5p c\u00e1c d\u1ecbch v\u1ee5 k\u1ef9 thu\u1eadt cho c\u00e1c b\u1ed9 ph\u1eadn cao su \u0111\u00fac t\u00f9y ch\u1ec9nh \u0111\u00e1p \u1ee9ng c\u00e1c nhu c\u1ea7u v\u00e0 y\u00eau c\u1ea7u c\u1ee5 th\u1ec3 c\u1ee7a kh\u00e1ch h\u00e0ng t\u1eeb c\u00e1c \u1ee9ng d\u1ee5ng kh\u00e1c nhau.<\/p>\n\n\n\n<div style=\"height:20px\" aria-hidden=\"true\" class=\"wp-block-spacer\"><\/div>\n\n\n\n<h2 class=\"wp-block-heading has-vivid-cyan-blue-color has-text-color\" id=\"6-steps-customized-rubber-solutions-bringing-your-ideas-to-life-with-expert-engineering\">Gi\u1ea3i ph\u00e1p cao su t\u00f9y ch\u1ec9nh 6 b\u01b0\u1edbc: Bi\u1ebfn \u00fd t\u01b0\u1edfng c\u1ee7a b\u1ea1n th\u00e0nh hi\u1ec7n th\u1ef1c v\u1edbi K\u1ef9 thu\u1eadt chuy\u00ean gia<\/h2>\n\n\n\n<p>L\u00e0 m\u1ed9t nh\u00e0 s\u1ea3n xu\u1ea5t s\u1ea3n ph\u1ea9m cao su gi\u00e0u kinh nghi\u1ec7m, ch\u00fang t\u00f4i hi\u1ec3u r\u1eb1ng m\u1ed7i s\u1ea3n ph\u1ea9m \u0111\u1ec1u \u0111\u1ed9c \u0111\u00e1o v\u00e0 c\u1ea7n m\u1ed9t gi\u1ea3i ph\u00e1p t\u00f9y ch\u1ec9nh. \u0110\u00f3 l\u00e0 l\u00fd do t\u1ea1i sao \u0111\u1ed9i ng\u0169 k\u1ef9 s\u01b0 gi\u00e0u kinh nghi\u1ec7m c\u1ee7a ch\u00fang t\u00f4i l\u00e0m vi\u1ec7c ch\u1eb7t ch\u1ebd v\u1edbi kh\u00e1ch h\u00e0ng t\u1eeb kh\u00e1i ni\u1ec7m \u0111\u1ebfn s\u1ea3n xu\u1ea5t, \u0111\u1ea3m b\u1ea3o r\u1eb1ng ch\u00fang t\u00f4i hi\u1ec3u s\u1ea3n ph\u1ea9m v\u00e0 h\u1ec7 th\u1ed1ng c\u1ee7a h\u1ecd v\u00e0 x\u00e1c \u0111\u1ecbnh c\u00e1c ch\u1ee9c n\u0103ng c\u1ee5 th\u1ec3 m\u00e0 c\u00e1c b\u1ed9 ph\u1eadn cao su \u0111\u00fac ph\u1ea3i th\u1ef1c hi\u1ec7n. Ch\u00fang t\u00f4i b\u1eaft \u0111\u1ea7u b\u1eb1ng vi\u1ec7c x\u00e1c \u0111\u1ecbnh, tham v\u1ea5n, ph\u00e1t tri\u1ec3n s\u1ea3n ph\u1ea9m, th\u1eed nghi\u1ec7m v\u00e0 x\u00e1c nh\u1eadn, l\u1eadp k\u1ebf ho\u1ea1ch s\u1ea3n xu\u1ea5t v\u00e0 c\u1ea3i ti\u1ebfn li\u00ean t\u1ee5c \u0111\u1ec3 \u0111\u1ea3m b\u1ea3o r\u1eb1ng s\u1ea3n ph\u1ea9m c\u1ee7a kh\u00e1ch h\u00e0ng \u0111\u00e1p \u1ee9ng c\u00e1c th\u00f4ng s\u1ed1 k\u1ef9 thu\u1eadt v\u00e0 ti\u00eau chu\u1ea9n kh\u1eaft khe nh\u1ea5t.<\/p>\n\n\n\n<div style=\"height:20px\" aria-hidden=\"true\" class=\"wp-block-spacer\"><\/div>\n\n\n\n<h3 class=\"wp-block-heading\" id=\"identification\"><strong>Nh\u1eadn d\u1ea1ng<\/strong><\/h3>\n\n\n\n<p>B\u01b0\u1edbc \u0111\u1ea7u ti\u00ean trong quy tr\u00ecnh k\u1ef9 thu\u1eadt s\u1ea3n ph\u1ea9m l\u00e0 x\u00e1c \u0111\u1ecbnh v\u00e0 hi\u1ec3u c\u00e1c y\u00eau c\u1ea7u, th\u00f4ng s\u1ed1 k\u1ef9 thu\u1eadt v\u00e0 ch\u1ee9c n\u0103ng c\u1ee7a kh\u00e1ch h\u00e0ng \u0111\u1ed1i v\u1edbi s\u1ea3n ph\u1ea9m t\u00f9y ch\u1ec9nh c\u1ee7a h\u1ecd. \u0110i\u1ec1u n\u00e0y \u0111\u00f2i h\u1ecfi ph\u1ea3i l\u00e0m vi\u1ec7c ch\u1eb7t ch\u1ebd v\u1edbi kh\u00e1ch h\u00e0ng \u0111\u1ec3 thu th\u1eadp th\u00f4ng tin v\u00e0 c\u00f3 \u0111\u01b0\u1ee3c s\u1ef1 hi\u1ec3u bi\u1ebft to\u00e0n di\u1ec7n v\u1ec1 m\u1ee5c \u0111\u00edch s\u1eed d\u1ee5ng d\u1ef1 ki\u1ebfn c\u1ee7a s\u1ea3n ph\u1ea9m. M\u1ee5c ti\u00eau l\u00e0 c\u00f3 \u0111\u01b0\u1ee3c hi\u1ec3u bi\u1ebft s\u00e2u s\u1eafc v\u1ec1 th\u1ecb tr\u01b0\u1eddng v\u00e0 x\u00e1c \u0111\u1ecbnh c\u00e1c c\u01a1 h\u1ed9i \u0111\u1ec3 t\u1ea1o ra m\u1ed9t s\u1ea3n ph\u1ea9m m\u1edbi \u0111\u00e1p \u1ee9ng nhu c\u1ea7u c\u1ee5 th\u1ec3 c\u1ee7a kh\u00e1ch h\u00e0ng.<\/p>\n\n\n\n<div style=\"height:10px\" aria-hidden=\"true\" class=\"wp-block-spacer\"><\/div>\n\n\n\n<h3 class=\"wp-block-heading\" id=\"consultation\"><strong>T\u01b0 v\u1ea5n<\/strong><\/h3>\n\n\n\n<p>Sau khi x\u00e1c \u0111\u1ecbnh v\u00e0 hi\u1ec3u \u0111\u01b0\u1ee3c c\u00e1c y\u00eau c\u1ea7u, th\u00f4ng s\u1ed1 k\u1ef9 thu\u1eadt v\u00e0 ch\u1ee9c n\u0103ng c\u1ee7a kh\u00e1ch h\u00e0ng \u0111\u1ed1i v\u1edbi s\u1ea3n ph\u1ea9m t\u00f9y ch\u1ec9nh c\u1ee7a h\u1ecd, nh\u00f3m k\u1ef9 thu\u1eadt c\u1ee7a ch\u00fang t\u00f4i c\u00f3 th\u1ec3 \u0111\u01b0a ra c\u00e1c khuy\u1ebfn ngh\u1ecb v\u1ec1 v\u1eadt li\u1ec7u, quy tr\u00ecnh s\u1ea3n xu\u1ea5t v\u00e0 c\u00e1c t\u00ednh n\u0103ng thi\u1ebft k\u1ebf c\u00f3 th\u1ec3 c\u1ea3i thi\u1ec7n hi\u1ec7u su\u1ea5t, \u0111\u1ed9 b\u1ec1n v\u00e0 hi\u1ec7u qu\u1ea3 c\u1ee7a s\u1ea3n ph\u1ea9m. \u0110i\u1ec1u n\u00e0y c\u00f3 th\u1ec3 bao g\u1ed3m \u0111\u1ec1 xu\u1ea5t c\u00e1c v\u1eadt li\u1ec7u thay th\u1ebf ti\u1ebft ki\u1ec7m chi ph\u00ed h\u01a1n ho\u1eb7c \u0111\u1ec1 xu\u1ea5t c\u00e1c thay \u0111\u1ed5i thi\u1ebft k\u1ebf gi\u00fap gi\u1ea3m ch\u1ea5t th\u1ea3i v\u00e0 c\u1ea3i thi\u1ec7n ch\u1ea5t l\u01b0\u1ee3ng s\u1ea3n ph\u1ea9m. B\u1eb1ng c\u00e1ch cung c\u1ea5p l\u1eddi khuy\u00ean v\u1ec1 vi\u1ec7c c\u1ea3i thi\u1ec7n hi\u1ec7u qu\u1ea3 s\u1ea3n xu\u1ea5t v\u00e0 ti\u1ebft ki\u1ec7m chi ph\u00ed, nh\u00f3m k\u1ef9 thu\u1eadt c\u00f3 th\u1ec3 gi\u00fap kh\u00e1ch h\u00e0ng \u0111\u1ea1t \u0111\u01b0\u1ee3c k\u1ebft qu\u1ea3 mong mu\u1ed1n \u0111\u1ed3ng th\u1eddi gi\u1ea3m thi\u1ec3u chi ph\u00ed s\u1ea3n xu\u1ea5t.<\/p>\n\n\n\n<div style=\"height:10px\" aria-hidden=\"true\" class=\"wp-block-spacer\"><\/div>\n\n\n\n<h3 class=\"wp-block-heading\" id=\"product-development\"><strong>Ph\u00e1t tri\u1ec3n s\u1ea3n ph\u1ea9m<\/strong><\/h3>\n\n\n\n<p> Giai \u0111o\u1ea1n ph\u00e1t tri\u1ec3n s\u1ea3n ph\u1ea9m bao g\u1ed3m vi\u1ec7c s\u1eed d\u1ee5ng m\u00e1y m\u00f3c v\u00e0 k\u1ef9 thu\u1eadt ti\u00ean ti\u1ebfn \u0111\u1ec3 bi\u1ebfn kh\u00e1i ni\u1ec7m th\u00e0nh hi\u1ec7n th\u1ef1c b\u1eb1ng c\u00e1ch t\u1ea1o ra nguy\u00ean m\u1eabu ho\u1eb7c khu\u00f4n s\u1ea3n xu\u1ea5t. M\u1ee5c ti\u00eau l\u00e0 ph\u00e1t tri\u1ec3n m\u1ed9t s\u1ea3n ph\u1ea9m \u0111\u00e1p \u1ee9ng hi\u1ec7u qu\u1ea3 nhu c\u1ea7u v\u00e0 y\u00eau c\u1ea7u c\u1ee7a kh\u00e1ch h\u00e0ng \u0111\u1ed3ng th\u1eddi ti\u1ebft ki\u1ec7m chi ph\u00ed s\u1ea3n xu\u1ea5t.&nbsp;<\/p>\n\n\n\n<div style=\"height:10px\" aria-hidden=\"true\" class=\"wp-block-spacer\"><\/div>\n\n\n\n<h3 class=\"wp-block-heading\" id=\"testing-and-validation\"><strong>Ki\u1ec3m tra v\u00e0 x\u00e1c nh\u1eadn<\/strong><\/h3>\n\n\n\n<p>\u0110i\u1ec1u n\u00e0y bao g\u1ed3m vi\u1ec7c ti\u1ebfn h\u00e0nh th\u1eed nghi\u1ec7m k\u1ef9 l\u01b0\u1ee1ng \u0111\u1ec3 \u0111\u1ea3m b\u1ea3o r\u1eb1ng s\u1ea3n ph\u1ea9m \u0111\u00e1p \u1ee9ng t\u1ea5t c\u1ea3 c\u00e1c th\u00f4ng s\u1ed1 k\u1ef9 thu\u1eadt v\u00e0 ti\u00eau chu\u1ea9n c\u1ea7n thi\u1ebft v\u00e0 s\u1eb5n s\u00e0ng \u0111\u1ec3 s\u1ea3n xu\u1ea5t. \u0110i\u1ec1u n\u00e0y c\u00f3 th\u1ec3 bao g\u1ed3m th\u1eed nghi\u1ec7m hi\u1ec7u su\u1ea5t, th\u1eed nghi\u1ec7m \u0111\u1ed9 b\u1ec1n v\u00e0 th\u1eed nghi\u1ec7m ki\u1ec3m so\u00e1t ch\u1ea5t l\u01b0\u1ee3ng, trong s\u1ed1 nh\u1eefng th\u1eed nghi\u1ec7m kh\u00e1c. B\u1eb1ng c\u00e1ch k\u1ebft h\u1ee3p&nbsp;<a href=\"https:\/\/hopefulrubber.com\/zh\/about-us\/quality-systems\/#iso-iec-17025-2017-certification\">Ti\u00eau chu\u1ea9n ISO\/IEC 17025:2017&nbsp;<\/a>ph\u00f2ng th\u00ed nghi\u1ec7m, nh\u00f3m k\u1ef9 thu\u1eadt s\u1ea3n ph\u1ea9m c\u00f3 th\u1ec3 \u0111\u1ea3m b\u1ea3o r\u1eb1ng t\u1ea5t c\u1ea3 c\u00e1c ho\u1ea1t \u0111\u1ed9ng th\u1eed nghi\u1ec7m v\u00e0 x\u00e1c nh\u1eadn \u0111\u01b0\u1ee3c th\u1ef1c hi\u1ec7n theo c\u00e1c ti\u00eau chu\u1ea9n \u0111\u01b0\u1ee3c c\u00f4ng nh\u1eadn qu\u1ed1c t\u1ebf. \u0110i\u1ec1u n\u00e0y \u0111\u1ea3m b\u1ea3o t\u00ednh ch\u00ednh x\u00e1c v\u00e0 \u0111\u1ed9 tin c\u1eady c\u1ee7a k\u1ebft qu\u1ea3 th\u1eed nghi\u1ec7m v\u00e0 \u0111\u1ea3m b\u1ea3o r\u1eb1ng s\u1ea3n ph\u1ea9m \u0111\u00e1p \u1ee9ng c\u00e1c th\u00f4ng s\u1ed1 k\u1ef9 thu\u1eadt v\u00e0 ti\u00eau chu\u1ea9n kh\u1eaft khe nh\u1ea5t.<\/p>\n\n\n\n<div style=\"height:10px\" aria-hidden=\"true\" class=\"wp-block-spacer\"><\/div>\n\n\n\n<h3 class=\"wp-block-heading\" id=\"production-planning\"><strong>K\u1ebf ho\u1ea1ch s\u1ea3n xu\u1ea5t<\/strong><\/h3>\n\n\n\n<p> \u0110\u1ec3 ph\u00e1t tri\u1ec3n m\u1ed9t k\u1ebf ho\u1ea1ch chi ti\u1ebft nh\u1eb1m t\u1ed1i \u01b0u h\u00f3a hi\u1ec7u qu\u1ea3 s\u1ea3n xu\u1ea5t trong khi v\u1eabn duy tr\u00ec c\u00e1c ti\u00eau chu\u1ea9n ch\u1ea5t l\u01b0\u1ee3ng cao v\u00e0 c\u00f3 th\u1ec3 bao g\u1ed3m vi\u1ec7c tri\u1ec3n khai m\u1ed9t d\u00e2y chuy\u1ec1n s\u1ea3n xu\u1ea5t t\u1ef1 \u0111\u1ed9ng n\u1ebfu th\u1ea5y c\u1ea7n thi\u1ebft. M\u1ee5c ti\u00eau c\u1ee7a k\u1ebf ho\u1ea1ch s\u1ea3n xu\u1ea5t l\u00e0 \u0111\u1ea3m b\u1ea3o s\u1ea3n ph\u1ea9m \u0111\u01b0\u1ee3c s\u1ea3n xu\u1ea5t hi\u1ec7u qu\u1ea3, \u0111\u00fang th\u1eddi h\u1ea1n v\u00e0 trong ph\u1ea1m vi chi ph\u00ed.<\/p>\n\n\n\n<div style=\"height:10px\" aria-hidden=\"true\" class=\"wp-block-spacer\"><\/div>\n\n\n\n<h3 class=\"wp-block-heading\" id=\"continuous-improvement\"><strong>C\u1ea3i ti\u1ebfn li\u00ean t\u1ee5c<\/strong><\/h3>\n\n\n\n<p> Cam k\u1ebft \u0111\u00e1nh gi\u00e1 v\u00e0 th\u1ea9m \u0111\u1ecbnh li\u00ean t\u1ee5c quy tr\u00ecnh s\u1ea3n xu\u1ea5t. \u0110i\u1ec1u n\u00e0y c\u00f3 th\u1ec3 bao g\u1ed3m vi\u1ec7c ti\u1ebfn h\u00e0nh \u0111\u00e1nh gi\u00e1 hi\u1ec7u su\u1ea5t th\u01b0\u1eddng xuy\u00ean, thu th\u1eadp ph\u1ea3n h\u1ed3i t\u1eeb kh\u00e1ch h\u00e0ng v\u00e0 ph\u00e2n t\u00edch d\u1eef li\u1ec7u s\u1ea3n xu\u1ea5t \u0111\u1ec3 x\u00e1c \u0111\u1ecbnh c\u00e1c l\u0129nh v\u1ef1c c\u1ea7n c\u1ea3i thi\u1ec7n.<\/p>\n\n\n\n<div style=\"height:0px\" aria-hidden=\"true\" class=\"wp-block-spacer\"><\/div>\n\n\n\n<p>D\u1ecbch v\u1ee5 k\u1ef9 thu\u1eadt s\u1ea3n ph\u1ea9m c\u1ee7a ch\u00fang t\u00f4i \u0111\u01b0\u1ee3c thi\u1ebft k\u1ebf \u0111\u1ec3 cung c\u1ea5p cho kh\u00e1ch h\u00e0ng c\u00e1c gi\u1ea3i ph\u00e1p ph\u00f9 h\u1ee3p v\u1edbi nhu c\u1ea7u v\u00e0 y\u00eau c\u1ea7u ri\u00eang c\u1ee7a h\u1ecd. T\u1eeb kh\u00e1i ni\u1ec7m \u0111\u1ebfn s\u1ea3n xu\u1ea5t, ch\u00fang t\u00f4i cam k\u1ebft cung c\u1ea5p c\u00e1c s\u1ea3n ph\u1ea9m ch\u1ea5t l\u01b0\u1ee3ng cao \u0111\u00e1p \u1ee9ng ngay c\u1ea3 c\u00e1c th\u00f4ng s\u1ed1 k\u1ef9 thu\u1eadt v\u00e0 ti\u00eau chu\u1ea9n kh\u1eaft khe nh\u1ea5t.<\/p>\n\n\n\n<div style=\"height:10px\" aria-hidden=\"true\" class=\"wp-block-spacer\"><\/div>\n\n\n\n<p><a href=\"https:\/\/hopefulrubber.com\/vi\/lien-he-voi-chung-toi\/\">Li\u00ean h\u1ec7 v\u1edbi ch\u00fang t\u00f4i<\/a> h\u00f4m nay \u0111\u1ec3 t\u00ecm hi\u1ec3u th\u00eam v\u1ec1 c\u00e1c d\u1ecbch v\u1ee5 k\u1ef9 thu\u1eadt cao su \u0111\u00fac c\u1ee7a ch\u00fang t\u00f4i v\u00e0 c\u00e1ch ch\u00fang t\u00f4i c\u00f3 th\u1ec3 gi\u00fap b\u1ea1n \u0111\u1ea1t \u0111\u01b0\u1ee3c m\u1ee5c ti\u00eau c\u1ee7a m\u00ecnh.<\/p>\n\n\n\n<div class=\"wp-block-buttons is-layout-flex wp-block-buttons-is-layout-flex\">\n<div class=\"wp-block-button has-custom-font-size has-small-font-size\"><a class=\"wp-block-button__link has-white-color has-vivid-red-background-color has-text-color has-background wp-element-button\" href=\"https:\/\/hopefulrubber.com\/vi\/lien-he-voi-chung-toi\/\">Li\u00ean h\u1ec7 v\u1edbi ch\u00fang t\u00f4i<\/a><\/div>\n<\/div>\n<\/div>\n<\/div>","protected":false},"excerpt":{"rendered":"<p>Product Engineering Services The Importance of Product Engineering Services by Hopeful Rubber Molded rubber parts are critical components in a wide range of industries, providing essential functions such as sealing, cushioning, mounting and protecting&nbsp;delicate components&nbsp;from environmental factors. To ensure that these products meet the highest standards of quality and performance, advanced&nbsp;rubber product&nbsp;engineering and solutions are [&hellip;]<\/p>\n","protected":false},"author":1,"featured_media":729,"parent":44,"menu_order":0,"comment_status":"closed","ping_status":"closed","template":"","meta":{"content-type":"","footnotes":""},"class_list":["post-666","page","type-page","status-publish","has-post-thumbnail","hentry"],"_links":{"self":[{"href":"https:\/\/hopefulrubber.com\/vi\/wp-json\/wp\/v2\/pages\/666","targetHints":{"allow":["GET"]}}],"collection":[{"href":"https:\/\/hopefulrubber.com\/vi\/wp-json\/wp\/v2\/pages"}],"about":[{"href":"https:\/\/hopefulrubber.com\/vi\/wp-json\/wp\/v2\/types\/page"}],"author":[{"embeddable":true,"href":"https:\/\/hopefulrubber.com\/vi\/wp-json\/wp\/v2\/users\/1"}],"replies":[{"embeddable":true,"href":"https:\/\/hopefulrubber.com\/vi\/wp-json\/wp\/v2\/comments?post=666"}],"version-history":[{"count":40,"href":"https:\/\/hopefulrubber.com\/vi\/wp-json\/wp\/v2\/pages\/666\/revisions"}],"predecessor-version":[{"id":2061,"href":"https:\/\/hopefulrubber.com\/vi\/wp-json\/wp\/v2\/pages\/666\/revisions\/2061"}],"up":[{"embeddable":true,"href":"https:\/\/hopefulrubber.com\/vi\/wp-json\/wp\/v2\/pages\/44"}],"wp:featuredmedia":[{"embeddable":true,"href":"https:\/\/hopefulrubber.com\/vi\/wp-json\/wp\/v2\/media\/729"}],"wp:attachment":[{"href":"https:\/\/hopefulrubber.com\/vi\/wp-json\/wp\/v2\/media?parent=666"}],"curies":[{"name":"wp","href":"https:\/\/api.w.org\/{rel}","templated":true}]}}