{"id":705,"date":"2023-06-26T10:53:46","date_gmt":"2023-06-26T02:53:46","guid":{"rendered":"https:\/\/hopefulrubber.com\/?page_id=705"},"modified":"2024-06-19T12:55:09","modified_gmt":"2024-06-19T04:55:09","slug":"hop-chat-cao-su","status":"publish","type":"page","link":"https:\/\/hopefulrubber.com\/vi\/capabilities\/rubber-compounding\/","title":{"rendered":"K\u1ef9 thu\u1eadt v\u1eadt li\u1ec7u v\u00e0 h\u1ee3p ch\u1ea5t cao su"},"content":{"rendered":"<div class=\"wp-block-columns is-layout-flex wp-container-core-columns-is-layout-9d6595d7 wp-block-columns-is-layout-flex\">\n<div class=\"wp-block-column is-layout-flow wp-block-column-is-layout-flow\" style=\"flex-basis:33.33%\">\n<div class=\"wp-block-rank-math-toc-block\" id=\"rank-math-toc\"><h2>M\u1ee5c l\u1ee5c<\/h2><nav><ul><li><a href=\"#importance-of-chemical-engineering-in-rubber-compounding\">T\u1ea7m quan tr\u1ecdng c\u1ee7a K\u1ef9 thu\u1eadt H\u00f3a h\u1ecdc trong H\u1ee3p ch\u1ea5t Cao su<\/a><\/li><li><a href=\"#custom-rubber-compounds-and-material-selection\">H\u1ee3p ch\u1ea5t cao su t\u00f9y ch\u1ec9nh v\u00e0 l\u1ef1a ch\u1ecdn v\u1eadt li\u1ec7u<\/a><\/li><li><a href=\"#20-common-and-specialized-rubber-polymers\">20 lo\u1ea1i polyme cao su th\u00f4ng d\u1ee5ng v\u00e0 chuy\u00ean d\u1ee5ng<\/a><\/li><\/ul><\/nav><\/div>\n<\/div>\n\n\n\n<div class=\"wp-block-column is-layout-flow wp-block-column-is-layout-flow\" style=\"flex-basis:66.66%\">\n<h1 class=\"wp-block-heading\">D\u1ecbch v\u1ee5 K\u1ef9 thu\u1eadt V\u1eadt li\u1ec7u v\u00e0 H\u1ee3p ch\u1ea5t Cao su<\/h1>\n\n\n\n<div style=\"height:20px\" aria-hidden=\"true\" class=\"wp-block-spacer\"><\/div>\n\n\n\n<h2 class=\"wp-block-heading has-vivid-cyan-blue-color has-text-color\" id=\"importance-of-chemical-engineering-in-rubber-compounding\">T\u1ea7m quan tr\u1ecdng c\u1ee7a K\u1ef9 thu\u1eadt H\u00f3a h\u1ecdc trong H\u1ee3p ch\u1ea5t Cao su<\/h2>\n\n\n\n<p>K\u1ef9 thu\u1eadt h\u00f3a h\u1ecdc \u0111\u00f3ng vai tr\u00f2 quan tr\u1ecdng trong s\u1ef1 th\u00e0nh c\u00f4ng c\u1ee7a h\u1ee3p ch\u1ea5t cao su. C\u00e1c \u0111\u1eb7c t\u00ednh \u0111\u1ed9c \u0111\u00e1o c\u1ee7a cao su, ch\u1eb3ng h\u1ea1n nh\u01b0 h\u00e0nh vi nh\u1edbt \u0111\u00e0n h\u1ed3i c\u1ee7a n\u00f3, \u0111\u00f2i h\u1ecfi ph\u1ea3i hi\u1ec3u s\u00e2u s\u1eafc v\u1ec1 c\u00e1c ph\u1ea3n \u1ee9ng h\u00f3a h\u1ecdc v\u00e0 qu\u00e1 tr\u00ecnh tr\u00f9ng h\u1ee3p. C\u00e1c k\u1ef9 s\u01b0 h\u00f3a h\u1ecdc ch\u1ecbu tr\u00e1ch nhi\u1ec7m thi\u1ebft k\u1ebf v\u00e0 t\u1ed1i \u01b0u h\u00f3a qu\u00e1 tr\u00ecnh t\u1ed5ng h\u1ee3p c\u00e1c h\u1ee3p ch\u1ea5t cao su, c\u1ea3 t\u1ef1 nhi\u00ean v\u00e0 t\u1ed5ng h\u1ee3p, \u0111\u1ec3 \u0111\u1ea1t \u0111\u01b0\u1ee3c \u0111\u1ed9 b\u1ec1n v\u1eadt l\u00fd v\u00e0 kh\u1ea3 n\u0103ng ch\u1ed1ng h\u00f3a ch\u1ea5t mong mu\u1ed1n.<\/p>\n\n\n\n<p>Trong tr\u01b0\u1eddng h\u1ee3p cao su t\u1ed5ng h\u1ee3p, c\u00e1c k\u1ef9 s\u01b0 h\u00f3a h\u1ecdc s\u1eed d\u1ee5ng nhi\u1ec1u lo\u1ea1i monome v\u00e0 ph\u01b0\u01a1ng ph\u00e1p tr\u00f9ng h\u1ee3p kh\u00e1c nhau \u0111\u1ec3 t\u1ea1o ra c\u00e1c lo\u1ea1i cao su c\u1ee5 th\u1ec3 v\u1edbi c\u00e1c \u0111\u1eb7c t\u00ednh ph\u00f9 h\u1ee3p. H\u1ecd k\u1ebft h\u1ee3p c\u00e1c monome kh\u00e1c nhau theo t\u1ef7 l\u1ec7 ch\u00ednh x\u00e1c v\u00e0 s\u1eed d\u1ee5ng c\u00e1c k\u1ef9 thu\u1eadt chuy\u00ean bi\u1ec7t \u0111\u1ec3 \u0111\u1ea1t \u0111\u01b0\u1ee3c c\u1ea5u tr\u00fac ph\u00e2n t\u1eed v\u00e0 c\u00e1c \u0111\u1eb7c t\u00ednh mong mu\u1ed1n. B\u1eb1ng c\u00e1ch ki\u1ec3m so\u00e1t c\u1ea9n th\u1eadn c\u00e1c ph\u1ea3n \u1ee9ng h\u00f3a h\u1ecdc v\u00e0 \u0111i\u1ec1u ki\u1ec7n x\u1eed l\u00fd, c\u00e1c k\u1ef9 s\u01b0 h\u00f3a h\u1ecdc c\u00f3 th\u1ec3 n\u00e2ng cao hi\u1ec7u su\u1ea5t v\u00e0 \u0111\u1ed9 b\u1ec1n c\u1ee7a cao su t\u1ed5ng h\u1ee3p.<\/p>\n\n\n\n<h2 class=\"wp-block-heading has-vivid-cyan-blue-color has-text-color\" id=\"custom-rubber-compounds-and-material-selection\">H\u1ee3p ch\u1ea5t cao su t\u00f9y ch\u1ec9nh v\u00e0 l\u1ef1a ch\u1ecdn v\u1eadt li\u1ec7u<\/h2>\n\n\n\n<p>H\u1ee3p ch\u1ea5t cao su l\u00e0 m\u1ed9t qu\u00e1 tr\u00ecnh ph\u1ee9c t\u1ea1p \u0111\u00f2i h\u1ecfi chuy\u00ean m\u00f4n trong vi\u1ec7c l\u1ef1a ch\u1ecdn v\u00e0 pha tr\u1ed9n c\u00e1c v\u1eadt li\u1ec7u cao su ph\u00f9 h\u1ee3p cho t\u1eebng \u1ee9ng d\u1ee5ng. C\u00e1c k\u1ef9 s\u01b0 h\u00f3a h\u1ecdc c\u00f3 ki\u1ebfn th\u1ee9c s\u00e2u r\u1ed9ng v\u00e0 kinh nghi\u1ec7m trong h\u1ee3p ch\u1ea5t cao su c\u00f3 th\u1ec3 t\u1ea1o ra c\u00e1c h\u1ee3p ch\u1ea5t t\u00f9y ch\u1ec9nh \u0111\u00e1p \u1ee9ng c\u00e1c nhu c\u1ea7u v\u00e0 y\u00eau c\u1ea7u c\u1ee5 th\u1ec3 c\u1ee7a c\u00e1c \u1ee9ng d\u1ee5ng c\u1ee7a kh\u00e1ch h\u00e0ng.<\/p>\n\n\n\n<p>Vi\u1ec7c l\u1ef1a ch\u1ecdn v\u1eadt li\u1ec7u cao su bao g\u1ed3m vi\u1ec7c xem x\u00e9t c\u00e1c y\u1ebfu t\u1ed1 nh\u01b0 \u0111\u1ed9 c\u1ee9ng, \u0111\u1ed9 b\u1ec1n k\u00e9o, \u0111\u1ed9 gi\u00e3n d\u00e0i, kh\u1ea3 n\u0103ng ch\u1ed1ng r\u00e1ch v\u00e0 kh\u1ea3 n\u0103ng t\u01b0\u01a1ng th\u00edch h\u00f3a h\u1ecdc. C\u00e1c k\u1ef9 s\u01b0 h\u00f3a h\u1ecdc ph\u00e2n t\u00edch c\u00e1c y\u00eau c\u1ea7u \u1ee9ng d\u1ee5ng v\u00e0 thi\u1ebft k\u1ebf c\u00e1c c\u00f4ng th\u1ee9c h\u1ee3p ch\u1ea5t t\u1ed1i \u01b0u h\u00f3a c\u00e1c \u0111\u1eb7c t\u00ednh n\u00e0y. H\u1ecd c\u00f3 th\u1ec3 ti\u1ebfp c\u1eadn nhi\u1ec1u lo\u1ea1i cao su, bao g\u1ed3m cao su thi\u00ean nhi\u00ean v\u00e0 nhi\u1ec1u lo\u1ea1i cao su t\u1ed5ng h\u1ee3p nh\u01b0 cao su styrene-butadiene (SBR), cao su nitrile (NBR) v\u00e0 monome ethylene propylene diene (EPDM), c\u00f9ng nhi\u1ec1u lo\u1ea1i kh\u00e1c.<\/p>\n\n\n\n<p>B\u1eb1ng c\u00e1ch l\u1ef1a ch\u1ecdn v\u00e0 pha tr\u1ed9n c\u1ea9n th\u1eadn c\u00e1c v\u1eadt li\u1ec7u cao su th\u00edch h\u1ee3p, c\u00e1c k\u1ef9 s\u01b0 h\u00f3a h\u1ecdc c\u00f3 th\u1ec3 \u0111\u1ea1t \u0111\u01b0\u1ee3c s\u1ef1 c\u00e2n b\u1eb1ng mong mu\u1ed1n v\u1ec1 c\u00e1c \u0111\u1eb7c t\u00ednh trong h\u1ee3p ch\u1ea5t cu\u1ed1i c\u00f9ng. \u0110i\u1ec1u n\u00e0y bao g\u1ed3m t\u0103ng c\u01b0\u1eddng kh\u1ea3 n\u0103ng ch\u1ed1ng m\u00e0i m\u00f2n, l\u00e3o h\u00f3a, h\u00f3a ch\u1ea5t v\u00e0 nhi\u1ec7t \u0111\u1ed9 kh\u1eafc nghi\u1ec7t c\u1ee7a h\u1ee3p ch\u1ea5t, \u0111\u1ea3m b\u1ea3o ch\u1ea5t l\u01b0\u1ee3ng v\u00e0 hi\u1ec7u su\u1ea5t c\u1ee7a c\u00e1c s\u1ea3n ph\u1ea9m cao su \u0111\u00fac.<\/p>\n\n\n\n<p>Nh\u00ecn chung, chuy\u00ean m\u00f4n c\u1ee7a c\u00e1c k\u1ef9 s\u01b0 h\u00f3a h\u1ecdc trong l\u0129nh v\u1ef1c h\u1ee3p ch\u1ea5t cao su l\u00e0 r\u1ea5t quan tr\u1ecdng \u0111\u1ec3 t\u1ea1o ra c\u00e1c h\u1ee3p ch\u1ea5t cao su ch\u1ea5t l\u01b0\u1ee3ng cao \u0111\u00e1p \u1ee9ng c\u00e1c y\u00eau c\u1ea7u c\u1ee5 th\u1ec3 c\u1ee7a nhi\u1ec1u \u1ee9ng d\u1ee5ng kh\u00e1c nhau. Ki\u1ebfn th\u1ee9c c\u1ee7a h\u1ecd v\u1ec1 ph\u1ea3n \u1ee9ng h\u00f3a h\u1ecdc, ph\u01b0\u01a1ng ph\u00e1p tr\u00f9ng h\u1ee3p v\u00e0 l\u1ef1a ch\u1ecdn v\u1eadt li\u1ec7u cho ph\u00e9p h\u1ecd t\u1ed1i \u01b0u h\u00f3a hi\u1ec7u su\u1ea5t v\u00e0 \u0111\u1ed9 b\u1ec1n c\u1ee7a c\u00e1c s\u1ea3n ph\u1ea9m cao su trong nhi\u1ec1u ng\u00e0nh c\u00f4ng nghi\u1ec7p kh\u00e1c nhau.<\/p>\n\n\n\n<div style=\"height:20px\" aria-hidden=\"true\" class=\"wp-block-spacer\"><\/div>\n\n\n\n<h2 class=\"wp-block-heading has-vivid-cyan-blue-color has-text-color\" id=\"20-common-and-specialized-rubber-polymers\">20 lo\u1ea1i polyme cao su th\u00f4ng d\u1ee5ng v\u00e0 chuy\u00ean d\u1ee5ng <\/h2>\n\n\n\n<p>Hopeful Rubber c\u00f3 kh\u1ea3 n\u0103ng s\u1eed d\u1ee5ng t\u1ea5t c\u1ea3 c\u00e1c lo\u1ea1i polyme cao su th\u00f4ng th\u01b0\u1eddng trong qu\u00e1 tr\u00ecnh \u0111\u00fac s\u1ea3n ph\u1ea9m, c\u0169ng nh\u01b0 m\u1ed9t s\u1ed1 \u00edt lo\u1ea1i c\u00f3 t\u00ednh chuy\u00ean d\u1ee5ng cao<a href=\"https:\/\/hopefulrubber.com\/vi\/materials\/\"> v\u1eadt li\u1ec7u cao su<\/a>, ch\u00fang l\u00e0:<\/p>\n\n\n\n<ul class=\"wp-block-list\">\n<li>Cao su thi\u00ean nhi\u00ean (NR)<\/li>\n\n\n\n<li>Cao su Isopren (IR)<\/li>\n\n\n\n<li>Cao su Styrene Butadiene (SBR)<\/li>\n\n\n\n<li>Cao su Butyl (IIR)<\/li>\n\n\n\n<li>Cao su Butadien (BR)<\/li>\n\n\n\n<li>Cao su cloropren (CR)<\/li>\n\n\n\n<li>Cao su Nitrile (NBR)<\/li>\n\n\n\n<li>Polyvinyl clorua (PVC)<\/li>\n\n\n\n<li>Cao su Polyurethane (PU)<\/li>\n\n\n\n<li>Ethylene Propylene Diene Monomer (EPDM)<\/li>\n\n\n\n<li>Polyetylen clorosulfonat (CSM)<\/li>\n\n\n\n<li>Cao su Epichlorohydrin (ECO)<\/li>\n\n\n\n<li>Polyetylen clo h\u00f3a (CM)<\/li>\n\n\n\n<li>Cao su Polyacrylate (ACM)<\/li>\n\n\n\n<li>Cao su Nitrile Hydro h\u00f3a (HNBR)<\/li>\n\n\n\n<li>Cao su Ethylene-acrylate (AEM)<\/li>\n\n\n\n<li>Cao su silicon (SR)<\/li>\n\n\n\n<li>Cao su silicon l\u1ecfng (LSR)<\/li>\n\n\n\n<li>Cao su Fluorosilicone (FVMQ)<\/li>\n\n\n\n<li>Cao su Fluorocarbon (FKM)<\/li>\n<\/ul>\n\n\n\n<p>Hopeful Rubber l\u00e0 c\u00f4ng ty h\u00e0ng \u0111\u1ea7u trong ng\u00e0nh cung c\u1ea5p c\u00e1c h\u1ee3p ch\u1ea5t cao su \u0111\u1eb7c bi\u1ec7t, t\u1ef1 h\u00e0o c\u00f3 danh m\u1ee5c \u1ea5n t\u01b0\u1ee3ng g\u1ed3m h\u01a1n 1000 c\u00f4ng th\u1ee9c \u0111\u01b0\u1ee3c ph\u00e1t tri\u1ec3n t\u1ec9 m\u1ec9. D\u00f2ng h\u1ee3p ch\u1ea5t cao su phong ph\u00fa c\u1ee7a ch\u00fang t\u00f4i \u0111\u01b0\u1ee3c thi\u1ebft k\u1ebf ri\u00eang \u0111\u1ec3 \u0111\u00e1p \u1ee9ng c\u00e1c ti\u00eau chu\u1ea9n cao nh\u1ea5t c\u1ee7a ng\u00e0nh v\u00e0 \u0111\u00e1p \u1ee9ng c\u00e1c y\u00eau c\u1ea7u \u1ee9ng d\u1ee5ng \u0111a d\u1ea1ng.<\/p>\n\n\n\n<p>Ch\u00fang t\u00f4i r\u1ea5t t\u1ef1 h\u00e0o v\u1ec1 cam k\u1ebft kh\u00f4ng ng\u1eebng ngh\u1ec9 c\u1ee7a m\u00ecnh \u0111\u1ed1i v\u1edbi ch\u1ea5t l\u01b0\u1ee3ng, \u0111\u01b0\u1ee3c ph\u1ea3n \u00e1nh trong c\u00e1c ch\u1ee9ng nh\u1eadn uy t\u00edn m\u00e0 c\u00e1c h\u1ee3p ch\u1ea5t c\u1ee7a ch\u00fang t\u00f4i \u0111\u00e3 \u0111\u1ea1t \u0111\u01b0\u1ee3c. S\u1ef1 t\u1eadn t\u00e2m c\u1ee7a ch\u00fang t\u00f4i \u0111\u1ed1i v\u1edbi s\u1ef1 xu\u1ea5t s\u1eafc \u0111\u00e3 mang l\u1ea1i cho ch\u00fang t\u00f4i c\u00e1c ch\u1ee9ng nh\u1eadn nh\u01b0 UL, NSF, FDA, KTW, KOMO, KIWA, W270, WRAS, EC 1935(2004), ODOR, VOC, UV, USP Class VI v\u00e0 ISO10993. C\u00e1c ch\u1ee9ng nh\u1eadn n\u00e0y ch\u1ee9ng minh r\u1eb1ng ch\u00fang t\u00f4i tu\u00e2n th\u1ee7 c\u00e1c ti\u00eau chu\u1ea9n an to\u00e0n v\u00e0 quy \u0111\u1ecbnh nghi\u00eam ng\u1eb7t, mang \u0111\u1ebfn cho b\u1ea1n s\u1ef1 \u0111\u1ea3m b\u1ea3o r\u1eb1ng c\u00e1c h\u1ee3p ch\u1ea5t c\u1ee7a ch\u00fang t\u00f4i \u0111\u00e1ng tin c\u1eady, an to\u00e0n v\u00e0 tu\u00e2n th\u1ee7.<\/p>\n\n\n\n<p>T\u1ea1i Hopeful Rubber, ch\u00fang t\u00f4i hi\u1ec3u r\u1eb1ng m\u1ed7i \u1ee9ng d\u1ee5ng c\u00f3 th\u1ec3 c\u00f3 c\u00e1c y\u00eau c\u1ea7u v\u1ec1 hi\u1ec7u su\u1ea5t ri\u00eang. Nh\u1eadn ra \u0111i\u1ec1u n\u00e0y, ch\u00fang t\u00f4i cung c\u1ea5p m\u1ed9t ph\u01b0\u01a1ng ph\u00e1p ti\u1ebfp c\u1eadn h\u1ee3p t\u00e1c, l\u00e0m vi\u1ec7c ch\u1eb7t ch\u1ebd v\u1edbi kh\u00e1ch h\u00e0ng \u0111\u1ec3 c\u00f9ng ph\u00e1t tri\u1ec3n c\u00e1c gi\u1ea3i ph\u00e1p t\u00f9y ch\u1ec9nh \u0111\u00e1p \u1ee9ng nhu c\u1ea7u c\u1ee5 th\u1ec3 c\u1ee7a h\u1ecd. Cho d\u00f9 b\u1ea1n y\u00eau c\u1ea7u \u0111\u1ed9 b\u1ec1n, kh\u1ea3 n\u0103ng ch\u1ed1ng h\u00f3a ch\u1ea5t, t\u00ednh linh ho\u1ea1t hay b\u1ea5t k\u1ef3 \u0111\u1eb7c \u0111i\u1ec3m c\u1ee5 th\u1ec3 n\u00e0o kh\u00e1c, nh\u00f3m chuy\u00ean gia c\u1ee7a ch\u00fang t\u00f4i s\u1ebd \u0111i\u1ec1u ch\u1ec9nh h\u1ee3p ch\u1ea5t cao su \u0111\u1ec3 mang l\u1ea1i hi\u1ec7u su\u1ea5t v\u00e0 kh\u1ea3 n\u0103ng tu\u00e2n th\u1ee7 v\u01b0\u1ee3t tr\u1ed9i.<\/p>\n\n\n\n<p>B\u1eb1ng c\u00e1ch ch\u1ecdn Hopeful Rubber l\u00e0m \u0111\u1ed1i t\u00e1c \u0111\u00e1ng tin c\u1eady c\u1ee7a b\u1ea1n v\u1ec1 h\u1ee3p ch\u1ea5t cao su, b\u1ea1n c\u00f3 th\u1ec3 mong \u0111\u1ee3i ch\u1ea5t l\u01b0\u1ee3ng, \u0111\u1ed9 tin c\u1eady v\u00e0 t\u00ednh nh\u1ea5t qu\u00e1n v\u01b0\u1ee3t tr\u1ed9i. S\u1ef1 xu\u1ea5t s\u1eafc \u0111\u01b0\u1ee3c ch\u1ee9ng nh\u1eadn c\u1ee7a ch\u00fang t\u00f4i gi\u00fap ch\u00fang t\u00f4i tr\u1edf n\u00ean kh\u00e1c bi\u1ec7t trong ng\u00e0nh, \u0111\u1ea3m b\u1ea3o r\u1eb1ng c\u00e1c h\u1ee3p ch\u1ea5t c\u1ee7a ch\u00fang t\u00f4i \u0111\u00e1p \u1ee9ng v\u00e0 v\u01b0\u1ee3t qu\u00e1 mong \u0111\u1ee3i c\u1ee7a b\u1ea1n.<\/p>\n\n\n\n<p>H\u00e3y li\u00ean h\u1ec7 v\u1edbi ch\u00fang t\u00f4i ngay h\u00f4m nay \u0111\u1ec3 th\u1ea3o lu\u1eadn v\u1ec1 c\u00e1c y\u00eau c\u1ea7u hi\u1ec7u su\u1ea5t c\u1ee5 th\u1ec3 c\u1ee7a b\u1ea1n v\u00e0 tr\u1ea3i nghi\u1ec7m s\u1ef1 kh\u00e1c bi\u1ec7t v\u1ec1 ch\u1ea5t l\u01b0\u1ee3ng \u0111\u01b0\u1ee3c ch\u1ee9ng nh\u1eadn c\u1ee7a ch\u00fang t\u00f4i trong h\u1ee3p ch\u1ea5t cao su.<\/p>\n\n\n\n<div class=\"wp-block-buttons is-layout-flex wp-block-buttons-is-layout-flex\">\n<div class=\"wp-block-button has-custom-font-size has-small-font-size\"><a class=\"wp-block-button__link has-white-color has-vivid-red-background-color has-text-color has-background wp-element-button\" href=\"https:\/\/hopefulrubber.com\/vi\/lien-he-voi-chung-toi\/\">Li\u00ean h\u1ec7 v\u1edbi ch\u00fang t\u00f4i<\/a><\/div>\n<\/div>\n<\/div>\n<\/div>","protected":false},"excerpt":{"rendered":"<p>Material Engineering and Rubber Compounding Services Importance of Chemical Engineering in Rubber Compounding Chemical engineering plays a vital role in the success of a rubber compound. The unique properties of rubber, such as its viscoelastic behavior, require a deep understanding of chemical reactions and polymerization processes. Chemical engineers are responsible for designing and optimizing the [&hellip;]<\/p>\n","protected":false},"author":1,"featured_media":731,"parent":44,"menu_order":0,"comment_status":"closed","ping_status":"closed","template":"","meta":{"content-type":"","footnotes":""},"class_list":["post-705","page","type-page","status-publish","has-post-thumbnail","hentry"],"_links":{"self":[{"href":"https:\/\/hopefulrubber.com\/vi\/wp-json\/wp\/v2\/pages\/705","targetHints":{"allow":["GET"]}}],"collection":[{"href":"https:\/\/hopefulrubber.com\/vi\/wp-json\/wp\/v2\/pages"}],"about":[{"href":"https:\/\/hopefulrubber.com\/vi\/wp-json\/wp\/v2\/types\/page"}],"author":[{"embeddable":true,"href":"https:\/\/hopefulrubber.com\/vi\/wp-json\/wp\/v2\/users\/1"}],"replies":[{"embeddable":true,"href":"https:\/\/hopefulrubber.com\/vi\/wp-json\/wp\/v2\/comments?post=705"}],"version-history":[{"count":29,"href":"https:\/\/hopefulrubber.com\/vi\/wp-json\/wp\/v2\/pages\/705\/revisions"}],"predecessor-version":[{"id":2047,"href":"https:\/\/hopefulrubber.com\/vi\/wp-json\/wp\/v2\/pages\/705\/revisions\/2047"}],"up":[{"embeddable":true,"href":"https:\/\/hopefulrubber.com\/vi\/wp-json\/wp\/v2\/pages\/44"}],"wp:featuredmedia":[{"embeddable":true,"href":"https:\/\/hopefulrubber.com\/vi\/wp-json\/wp\/v2\/media\/731"}],"wp:attachment":[{"href":"https:\/\/hopefulrubber.com\/vi\/wp-json\/wp\/v2\/media?parent=705"}],"curies":[{"name":"wp","href":"https:\/\/api.w.org\/{rel}","templated":true}]}}