{"id":78,"date":"2023-05-18T09:43:59","date_gmt":"2023-05-18T01:43:59","guid":{"rendered":"https:\/\/hopefulrubber.com\/?page_id=78"},"modified":"2025-07-07T10:42:50","modified_gmt":"2025-07-07T02:42:50","slug":"cao-su-hy-vong","status":"publish","type":"page","link":"https:\/\/hopefulrubber.com\/vi\/hopeful-rubber\/","title":{"rendered":"V\u1ec0 HOPEFUL"},"content":{"rendered":"<div class=\"wp-block-columns is-layout-flex wp-container-core-columns-is-layout-9d6595d7 wp-block-columns-is-layout-flex\">\n<div class=\"wp-block-column is-layout-flow wp-block-column-is-layout-flow\" style=\"flex-basis:33.33%\">\n<div class=\"wp-block-rank-math-toc-block\" id=\"rank-math-toc\"><h2>M\u1ee5c l\u1ee5c<\/h2><nav><ul><li><a href=\"#about-hopeful-rubber-the-molded-rubber-specialties\">C\u00e1c \u0111\u1eb7c s\u1ea3n cao su \u0111\u00fac <\/a><\/li><li><a href=\"#advanced-manufacturing-capabilities\">Kh\u1ea3 n\u0103ng s\u1ea3n xu\u1ea5t ti\u00ean ti\u1ebfn<\/a><\/li><li><a href=\"#comprehensive-tooling-design-and-engineering-services\">D\u1ecbch v\u1ee5 thi\u1ebft k\u1ebf v\u00e0 k\u1ef9 thu\u1eadt gia c\u00f4ng to\u00e0n di\u1ec7n<\/a><\/li><li><a href=\"#tailored-solutions-for-every-client\">Gi\u1ea3i ph\u00e1p ph\u00f9 h\u1ee3p cho m\u1ecdi kh\u00e1ch h\u00e0ng<\/a><\/li><li><a href=\"#commitment-to-customer-satisfaction\">Cam k\u1ebft l\u00e0m h\u00e0i l\u00f2ng kh\u00e1ch h\u00e0ng<\/a><\/li><\/ul><\/nav><\/div>\n<\/div>\n\n\n\n<div class=\"wp-block-column is-layout-flow wp-block-column-is-layout-flow\" style=\"flex-basis:66.66%\">\n<h1 class=\"wp-block-heading\" id=\"your-trusted-custom-molded-rubber-specialties-hopeful-rubber\">Chuy\u00ean gia cao su \u0111\u00fac theo y\u00eau c\u1ea7u \u0111\u00e1ng tin c\u1eady c\u1ee7a b\u1ea1n \u2013 Hopeful Rubber<\/h1>\n\n\n\n<div style=\"height:15px\" aria-hidden=\"true\" class=\"wp-block-spacer\"><\/div>\n\n\n\n<figure class=\"wp-block-embed is-type-video is-provider-youtube wp-block-embed-youtube wp-embed-aspect-16-9 wp-has-aspect-ratio\"><div class=\"wp-block-embed__wrapper\">\n<iframe loading=\"lazy\" title=\"Video doanh nghi\u1ec7p Hopeful Rubber\" width=\"678\" height=\"381\" src=\"https:\/\/www.youtube.com\/embed\/KATl5bybvnw?feature=oembed\" frameborder=\"0\" allow=\"accelerometer; autoplay; clipboard-write; encrypted-media; gyroscope; picture-in-picture; web-share\" referrerpolicy=\"strict-origin-when-cross-origin\" allowfullscreen><\/iframe>\n<\/div><\/figure>\n\n\n\n<div style=\"height:15px\" aria-hidden=\"true\" class=\"wp-block-spacer\"><\/div>\n\n\n\n<h2 class=\"wp-block-heading\" id=\"about-hopeful-rubber-the-molded-rubber-specialties\"><mark style=\"background-color:rgba(0, 0, 0, 0)\" class=\"has-inline-color has-vivid-cyan-blue-color\">C\u00e1c \u0111\u1eb7c s\u1ea3n cao su \u0111\u00fac <\/mark><\/h2>\n\n\n\n<p>Hopeful Rubber Manufacturing Company Limited l\u00e0 nh\u00e0 s\u1ea3n xu\u1ea5t h\u00e0ng \u0111\u1ea7u c\u00e1c s\u1ea3n ph\u1ea9m cao su \u0111\u00fac theo y\u00eau c\u1ea7u ch\u1ea5t l\u01b0\u1ee3ng cao c\u00f3 tr\u1ee5 s\u1edf t\u1ea1i H\u1ed3ng K\u00f4ng. V\u1edbi h\u01a1n 35 n\u0103m kinh nghi\u1ec7m trong l\u0129nh v\u1ef1c cao su \u0111\u00fac theo y\u00eau c\u1ea7u, ch\u00fang t\u00f4i \u0111\u00e3 kh\u1eb3ng \u0111\u1ecbnh m\u00ecnh l\u00e0 nh\u00e0 cung c\u1ea5p \u0111\u00e1ng tin c\u1eady c\u00e1c lo\u1ea1i ph\u1edbt, gio\u0103ng, v\u00f2ng ch\u1eef O, \u1ed1ng m\u1ec1m, m\u00e0ng ng\u0103n v\u00e0 nhi\u1ec1u lo\u1ea1i ph\u1ee5 t\u00f9ng cao su \u0111\u00fac theo y\u00eau c\u1ea7u kh\u00e1c. C\u00e1c s\u1ea3n ph\u1ea9m c\u1ee7a ch\u00fang t\u00f4i \u0111\u01b0\u1ee3c \u1ee9ng d\u1ee5ng trong nhi\u1ec1u ng\u00e0nh c\u00f4ng nghi\u1ec7p, bao g\u1ed3m <a href=\"https:\/\/hopefulrubber.com\/vi\/cac-nganh-cong-nghiep\/automotive-and-mobility-industry\/\">\u00f4 t\u00f4 v\u00e0 di chuy\u1ec3n<\/a>, <a href=\"https:\/\/hopefulrubber.com\/vi\/industries-and-applications\/thuoc-ve-y-hoc\/\">thu\u1ed9c v\u1ec1 y h\u1ecdc<\/a>, <a href=\"https:\/\/hopefulrubber.com\/vi\/cac-nganh-cong-nghiep\/water-supply-and-drainage\/\">cung c\u1ea5p v\u00e0 tho\u00e1t n\u01b0\u1edbc<\/a>, <a href=\"https:\/\/hopefulrubber.com\/vi\/cac-nganh-cong-nghiep\/agriculture-and-construction\/\">n\u00f4ng nghi\u1ec7p v\u00e0 x\u00e2y d\u1ef1ng<\/a>, <a href=\"https:\/\/hopefulrubber.com\/vi\/cac-nganh-cong-nghiep\/infants-and-child-care\/\">tr\u1ebb s\u01a1 sinh<\/a>, <a href=\"https:\/\/hopefulrubber.com\/vi\/cac-nganh-cong-nghiep\/dien-tu-va-cong-nghiep\/\">\u0111i\u1ec7n t\u1eed v\u00e0 c\u00f4ng nghi\u1ec7p<\/a>, <a href=\"https:\/\/hopefulrubber.com\/vi\/industries-and-applications\/do-an-va-do-uong\/\">\u0111\u1ed3 \u0103n v\u00e0 \u0111\u1ed3 u\u1ed1ng<\/a>.<\/p>\n\n\n\n<h2 class=\"wp-block-heading\" id=\"advanced-manufacturing-capabilities\"><mark style=\"background-color:rgba(0, 0, 0, 0)\" class=\"has-inline-color has-vivid-cyan-blue-color\">Kh\u1ea3 n\u0103ng s\u1ea3n xu\u1ea5t ti\u00ean ti\u1ebfn<\/mark><\/h2>\n\n\n\n<p>C\u01a1 s\u1edf s\u1ea3n xu\u1ea5t ti\u00ean ti\u1ebfn c\u1ee7a ch\u00fang t\u00f4i t\u1ea1i Qu\u1ea3ng \u0110\u00f4ng, Trung Qu\u1ed1c \u0111\u01b0\u1ee3c trang b\u1ecb c\u00f4ng ngh\u1ec7 v\u00e0 m\u00e1y m\u00f3c hi\u1ec7n \u0111\u1ea1i \u0111\u1ec3 cung c\u1ea5p khu\u00f4n m\u1eabu v\u00e0 c\u00f4ng c\u1ee5 t\u00f9y ch\u1ec9nh \u0111\u00e1p \u1ee9ng c\u00e1c th\u00f4ng s\u1ed1 k\u1ef9 thu\u1eadt ch\u00ednh x\u00e1c c\u1ee7a t\u1eebng kh\u00e1ch h\u00e0ng. \u0110\u1ed9i ng\u0169 k\u1ef9 s\u01b0 v\u00e0 k\u1ef9 thu\u1eadt vi\u00ean c\u00f3 tay ngh\u1ec1 cao c\u1ee7a ch\u00fang t\u00f4i \u0111\u1ea3m b\u1ea3o r\u1eb1ng t\u1ea5t c\u1ea3 c\u00e1c s\u1ea3n ph\u1ea9m lu\u00f4n \u0111\u00e1p \u1ee9ng c\u00e1c y\u00eau c\u1ea7u c\u1ee7a kh\u00e1ch h\u00e0ng.<\/p>\n\n\n\n<div style=\"height:15px\" aria-hidden=\"true\" class=\"wp-block-spacer\"><\/div>\n\n\n\n<h2 class=\"wp-block-heading\" id=\"comprehensive-tooling-design-and-engineering-services\"><mark style=\"background-color:rgba(0, 0, 0, 0)\" class=\"has-inline-color has-vivid-cyan-blue-color\">D\u1ecbch v\u1ee5 thi\u1ebft k\u1ebf v\u00e0 k\u1ef9 thu\u1eadt gia c\u00f4ng to\u00e0n di\u1ec7n<\/mark><\/h2>\n\n\n\n<p>Ngo\u00e0i kh\u1ea3 n\u0103ng s\u1ea3n xu\u1ea5t ti\u00ean ti\u1ebfn c\u1ee7a ch\u00fang t\u00f4i, ch\u00fang t\u00f4i cung c\u1ea5p to\u00e0n di\u1ec7n&nbsp;<a href=\"https:\/\/hopefulrubber.com\/vi\/kha-nang\/rubber-tooling-services\/\">thi\u1ebft k\u1ebf d\u1ee5ng c\u1ee5<\/a>&nbsp;V\u00e0&nbsp;<a href=\"https:\/\/hopefulrubber.com\/vi\/kha-nang\/product-engineering-services\/\">d\u1ecbch v\u1ee5 k\u1ef9 thu\u1eadt<\/a>&nbsp;\u0111\u1ec3 gi\u00fap kh\u00e1ch h\u00e0ng ph\u00e1t tri\u1ec3n. \u0110\u1ed9i ng\u0169 k\u1ef9 s\u01b0 v\u00e0 nh\u00e0 thi\u1ebft k\u1ebf gi\u00e0u kinh nghi\u1ec7m c\u1ee7a ch\u00fang t\u00f4i l\u00e0m vi\u1ec7c ch\u1eb7t ch\u1ebd v\u1edbi kh\u00e1ch h\u00e0ng \u0111\u1ec3 x\u00e1c \u0111\u1ecbnh c\u00e1c ph\u01b0\u01a1ng ph\u00e1p \u0111\u00fac hi\u1ec7u qu\u1ea3 nh\u1ea5t, bao g\u1ed3m \u0111\u00fac n\u00e9n cao su, \u0111\u00fac chuy\u1ec3n cao su, \u0111\u00fac phun cao su, \u0111\u00fac phun silicon l\u1ecfng, v.v.<\/p>\n\n\n\n<div style=\"height:15px\" aria-hidden=\"true\" class=\"wp-block-spacer\"><\/div>\n\n\n\n<h2 class=\"wp-block-heading\" id=\"tailored-solutions-for-every-client\"><mark style=\"background-color:rgba(0, 0, 0, 0)\" class=\"has-inline-color has-vivid-cyan-blue-color\">Gi\u1ea3i ph\u00e1p ph\u00f9 h\u1ee3p cho m\u1ecdi kh\u00e1ch h\u00e0ng<\/mark><\/h2>\n\n\n\n<p>Ch\u00fang t\u00f4i hi\u1ec3u r\u1eb1ng m\u1ed7i kh\u00e1ch h\u00e0ng \u0111\u1ec1u c\u00f3 nh\u1eefng nhu c\u1ea7u v\u00e0 th\u00e1ch th\u1ee9c ri\u00eang. \u0110\u00f3 l\u00e0 l\u00fd do t\u1ea1i sao ch\u00fang t\u00f4i cung c\u1ea5p d\u1ecbch v\u1ee5 thi\u1ebft k\u1ebf khu\u00f4n m\u1eabu v\u00e0 k\u1ef9 thu\u1eadt to\u00e0n di\u1ec7n \u0111\u1ec3 h\u1ed7 tr\u1ee3 kh\u00e1ch h\u00e0ng trong su\u1ed1t qu\u00e1 tr\u00ecnh ph\u00e1t tri\u1ec3n s\u1ea3n ph\u1ea9m. \u0110\u1ed9i ng\u0169 k\u1ef9 s\u01b0 v\u00e0 nh\u00e0 thi\u1ebft k\u1ebf t\u1eadn t\u1ee5y c\u1ee7a ch\u00fang t\u00f4i l\u00e0m vi\u1ec7c ch\u1eb7t ch\u1ebd v\u1edbi kh\u00e1ch h\u00e0ng \u0111\u1ec3 t\u1ea1o ra khu\u00f4n m\u1eabu t\u00f9y ch\u1ec9nh v\u00e0 bi\u1ebfn \u00fd t\u01b0\u1edfng c\u1ee7a h\u1ecd th\u00e0nh hi\u1ec7n th\u1ef1c. V\u1edbi chuy\u00ean m\u00f4n v\u00e0 ngu\u1ed3n l\u1ef1c c\u1ee7a m\u00ecnh, ch\u00fang t\u00f4i khai th\u00e1c to\u00e0n b\u1ed9 ti\u1ec1m n\u0103ng c\u1ee7a c\u00e1c s\u1ea3n ph\u1ea9m cao su \u0111\u00fac, cung c\u1ea5p c\u00e1c gi\u1ea3i ph\u00e1p s\u00e1ng t\u1ea1o \u0111\u00e1p \u1ee9ng v\u00e0 v\u01b0\u1ee3t qu\u00e1 mong \u0111\u1ee3i c\u1ee7a kh\u00e1ch h\u00e0ng.<\/p>\n\n\n\n<div style=\"height:15px\" aria-hidden=\"true\" class=\"wp-block-spacer\"><\/div>\n\n\n\n<h2 class=\"wp-block-heading\" id=\"commitment-to-customer-satisfaction\"><mark style=\"background-color:rgba(0, 0, 0, 0)\" class=\"has-inline-color has-vivid-cyan-blue-color\">Cam k\u1ebft l\u00e0m h\u00e0i l\u00f2ng kh\u00e1ch h\u00e0ng<\/mark><\/h2>\n\n\n\n<p>S\u1ef1 h\u00e0i l\u00f2ng c\u1ee7a kh\u00e1ch h\u00e0ng l\u00e0 c\u1ed1t l\u00f5i trong tri\u1ebft l\u00fd kinh doanh c\u1ee7a ch\u00fang t\u00f4i. Cho d\u00f9 b\u1ea1n y\u00eau c\u1ea7u nguy\u00ean m\u1eabu hay s\u1ea3n xu\u1ea5t s\u1ed1 l\u01b0\u1ee3ng l\u1edbn, ch\u00fang t\u00f4i cam k\u1ebft cung c\u1ea5p d\u1ecbch v\u1ee5 nhanh ch\u00f3ng, \u0111\u00e1ng tin c\u1eady d\u1ef1a tr\u00ean c\u00e1c y\u00eau c\u1ea7u c\u1ee5 th\u1ec3 c\u1ee7a b\u1ea1n. S\u1ef1 hi\u1ec7n di\u1ec7n ng\u00e0y c\u00e0ng t\u0103ng c\u1ee7a ch\u00fang t\u00f4i \u1edf c\u00e1c khu v\u1ef1c kh\u00e1c nhau tr\u00ean to\u00e0n c\u1ea7u nh\u01b0 Ch\u00e2u \u00c1, Ch\u00e2u \u00c2u, Nam M\u1ef9 v\u00e0 B\u1eafc M\u1ef9 l\u00e0 minh ch\u1ee9ng cho danh ti\u1ebfng c\u1ee7a ch\u00fang t\u00f4i l\u00e0 nh\u00e0 cung c\u1ea5p uy t\u00edn c\u00e1c s\u1ea3n ph\u1ea9m cao su \u0111\u00fac.<\/p>\n\n\n\n<p>H\u00e3y li\u00ean h\u1ec7 v\u1edbi ch\u00fang t\u00f4i ngay h\u00f4m nay \u0111\u1ec3 t\u00ecm hi\u1ec3u th\u00eam v\u1ec1 d\u1ecbch v\u1ee5 thi\u1ebft k\u1ebf v\u00e0 k\u1ef9 thu\u1eadt d\u1ee5ng c\u1ee5 c\u1ee7a ch\u00fang t\u00f4i. \u0110\u1ed9i ng\u0169 t\u1eadn t\u00e2m c\u1ee7a ch\u00fang t\u00f4i lu\u00f4n s\u1eb5n s\u00e0ng h\u1ed7 tr\u1ee3 b\u1ea1n bi\u1ebfn \u00fd t\u01b0\u1edfng c\u1ee7a m\u00ecnh th\u00e0nh hi\u1ec7n th\u1ef1c. C\u00f9ng nhau, ch\u00fang ta h\u00e3y khai ph\u00e1 ti\u1ec1m n\u0103ng c\u1ee7a c\u00e1c s\u1ea3n ph\u1ea9m cao su \u0111\u00fac t\u00f9y ch\u1ec9nh \u0111\u1ec3 doanh nghi\u1ec7p c\u1ee7a b\u1ea1n th\u00e0nh c\u00f4ng.<\/p>\n<\/div>\n<\/div>\n\n\n\n<p><\/p>\n\n\n\n<div class=\"wp-block-buttons is-layout-flex wp-block-buttons-is-layout-flex\">\n<div class=\"wp-block-button\"><a class=\"wp-block-button__link has-white-color has-vivid-red-background-color has-text-color has-background has-small-font-size has-custom-font-size wp-element-button\" href=\"https:\/\/hopefulrubber.com\/vi\/lien-he-voi-chung-toi\/\">Li\u00ean h\u1ec7 v\u1edbi ch\u00fang t\u00f4i<\/a><\/div>\n<\/div>","protected":false},"excerpt":{"rendered":"<p>Your Trusted Custom Molded Rubber Specialties &#8211; Hopeful Rubber The Molded Rubber Specialties Hopeful Rubber Manufacturing Company Limited is a leading manufacturer of premium-quality custom molded rubber products based in Hong Kong. With over 35 years of custom molded rubber specialties, we have established ourselves as a reliable supplier of seals, gaskets, O-rings, hoses, diaphragms, [&hellip;]<\/p>\n","protected":false},"author":1,"featured_media":419,"parent":0,"menu_order":0,"comment_status":"closed","ping_status":"closed","template":"","meta":{"content-type":"","footnotes":""},"class_list":["post-78","page","type-page","status-publish","has-post-thumbnail","hentry"],"_links":{"self":[{"href":"https:\/\/hopefulrubber.com\/vi\/wp-json\/wp\/v2\/pages\/78","targetHints":{"allow":["GET"]}}],"collection":[{"href":"https:\/\/hopefulrubber.com\/vi\/wp-json\/wp\/v2\/pages"}],"about":[{"href":"https:\/\/hopefulrubber.com\/vi\/wp-json\/wp\/v2\/types\/page"}],"author":[{"embeddable":true,"href":"https:\/\/hopefulrubber.com\/vi\/wp-json\/wp\/v2\/users\/1"}],"replies":[{"embeddable":true,"href":"https:\/\/hopefulrubber.com\/vi\/wp-json\/wp\/v2\/comments?post=78"}],"version-history":[{"count":62,"href":"https:\/\/hopefulrubber.com\/vi\/wp-json\/wp\/v2\/pages\/78\/revisions"}],"predecessor-version":[{"id":2254,"href":"https:\/\/hopefulrubber.com\/vi\/wp-json\/wp\/v2\/pages\/78\/revisions\/2254"}],"wp:featuredmedia":[{"embeddable":true,"href":"https:\/\/hopefulrubber.com\/vi\/wp-json\/wp\/v2\/media\/419"}],"wp:attachment":[{"href":"https:\/\/hopefulrubber.com\/vi\/wp-json\/wp\/v2\/media?parent=78"}],"curies":[{"name":"wp","href":"https:\/\/api.w.org\/{rel}","templated":true}]}}