{"id":85,"date":"2023-05-18T10:26:45","date_gmt":"2023-05-18T02:26:45","guid":{"rendered":"https:\/\/hopefulrubber.com\/?page_id=85"},"modified":"2025-06-27T15:56:45","modified_gmt":"2025-06-27T07:56:45","slug":"he-thong-chat-luong","status":"publish","type":"page","link":"https:\/\/hopefulrubber.com\/vi\/hopeful-rubber\/quality-systems\/","title":{"rendered":"H\u1ec7 th\u1ed1ng ch\u1ea5t l\u01b0\u1ee3ng"},"content":{"rendered":"<h1 class=\"wp-block-heading\" id=\"quality-systems-at-hopeful-rubber\">H\u1ec7 th\u1ed1ng ch\u1ea5t l\u01b0\u1ee3ng t\u1ea1i Hopeful Rubber<\/h1>\n\n\n\n<div style=\"height:30px\" aria-hidden=\"true\" class=\"wp-block-spacer\"><\/div>\n\n\n\n<h2 class=\"wp-block-heading has-vivid-cyan-blue-color has-text-color\" id=\"upholding-excellence-through-robust-quality-systems-in-every-step-of-our-production-process\">Duy tr\u00ec s\u1ef1 xu\u1ea5t s\u1eafc th\u00f4ng qua h\u1ec7 th\u1ed1ng ch\u1ea5t l\u01b0\u1ee3ng m\u1ea1nh m\u1ebd trong t\u1eebng b\u01b0\u1edbc c\u1ee7a quy tr\u00ecnh s\u1ea3n xu\u1ea5t c\u1ee7a ch\u00fang t\u00f4i<\/h2>\n\n\n\n<p>T\u1ea1i Hopeful Rubber, ch\u00fang t\u00f4i cam k\u1ebft cung c\u1ea5p c\u00e1c s\u1ea3n ph\u1ea9m cao su \u0111\u00fac t\u00f9y ch\u1ec9nh ch\u1ea5t l\u01b0\u1ee3ng cao cho kh\u00e1ch h\u00e0ng. H\u1ec7 th\u1ed1ng ch\u1ea5t l\u01b0\u1ee3ng nghi\u00eam ng\u1eb7t c\u1ee7a ch\u00fang t\u00f4i \u0111\u1ea3m b\u1ea3o r\u1eb1ng m\u1ecdi s\u1ea3n ph\u1ea9m ch\u00fang t\u00f4i s\u1ea3n xu\u1ea5t \u0111\u1ec1u \u0111\u00e1p \u1ee9ng c\u00e1c ti\u00eau chu\u1ea9n cao nh\u1ea5t v\u1ec1 hi\u1ec7u su\u1ea5t v\u00e0 \u0111\u1ed9 tin c\u1eady. V\u1edbi \u0111\u1ed9i ng\u0169 chuy\u00ean gia v\u00e0 quy tr\u00ecnh ti\u00ean ti\u1ebfn, b\u1ea1n c\u00f3 th\u1ec3 tin t\u01b0\u1edfng r\u1eb1ng b\u1ea1n \u0111ang nh\u1eadn \u0111\u01b0\u1ee3c s\u1ea3n ph\u1ea9m t\u1ed1t nh\u1ea5t c\u00f3 th\u1ec3. T\u1eeb thi\u1ebft k\u1ebf \u0111\u1ebfn s\u1ea3n xu\u1ea5t, ch\u00fang t\u00f4i th\u1ef1c hi\u1ec7n nghi\u00eam t\u00fac m\u1ecdi b\u01b0\u1edbc \u0111\u1ec3 \u0111\u1ea3m b\u1ea3o r\u1eb1ng kh\u00e1ch h\u00e0ng c\u1ee7a ch\u00fang t\u00f4i nh\u1eadn \u0111\u01b0\u1ee3c d\u1ecbch v\u1ee5 v\u00e0 s\u1ea3n ph\u1ea9m t\u1ed1t nh\u1ea5t c\u00f3 th\u1ec3.<\/p>\n\n\n\n<div style=\"height:20px\" aria-hidden=\"true\" class=\"wp-block-spacer\"><\/div>\n\n\n\n<div class=\"wp-block-rank-math-toc-block\" id=\"rank-math-toc\"><h2>Ch\u1ee9ng nh\u1eadn cho H\u1ec7 th\u1ed1ng qu\u1ea3n l\u00fd ch\u1ea5t l\u01b0\u1ee3ng:<\/h2><nav><ul><li class=\"\"><a href=\"#iso-9001-2015-certification\">Ch\u1ee9ng nh\u1eadn ISO9001:2015<\/a><\/li><li class=\"\"><a href=\"#iatf-16949-2016-certification\">Ch\u1ee9ng nh\u1eadn IATF16949:2016<\/a><\/li><li class=\"\"><a href=\"#iso-13485-2016-certification\">Ch\u1ee9ng nh\u1eadn ISO13485:2016<\/a><\/li><li class=\"\"><a href=\"#iso-iec-17025-2017-certification\">Ch\u1ee9ng nh\u1eadn ISO\/IEC17025:2017<\/a><\/li><li class=\"\"><a href=\"#gb-50591-2010-cleanrooms-certification\">Ch\u1ee9ng nh\u1eadn ph\u00f2ng s\u1ea1ch GB50591-2010<\/a><\/li><\/ul><\/nav><\/div>\n\n\n\n<h2 class=\"wp-block-heading has-white-color has-text-color has-background has-medium-font-size\" id=\"iso-9001-2015-certification\" style=\"background:linear-gradient(90deg,rgb(2,3,129) 24%,rgb(40,116,252) 100%);font-style:normal;font-weight:700\">Ch\u1ee9ng nh\u1eadn ISO9001:2015<\/h2>\n\n\n\n<div style=\"height:20px\" aria-hidden=\"true\" class=\"wp-block-spacer\"><\/div>\n\n\n\n<figure class=\"wp-block-gallery has-nested-images columns-default is-cropped wp-block-gallery-1 is-layout-flex wp-block-gallery-is-layout-flex\">\n<figure class=\"wp-block-image size-large\"><img data-dominant-color=\"f7f8f8\" data-has-transparency=\"false\" style=\"--dominant-color: #f7f8f8;\" loading=\"lazy\" decoding=\"async\" width=\"723\" height=\"1024\" data-id=\"2076\" src=\"https:\/\/hopefulrubber.com\/wp-content\/uploads\/2024\/09\/ISO-9001\uff1a2015-Certification-EN-723x1024.webp\" alt=\"\" class=\"wp-image-2076 not-transparent\" title=\"\" srcset=\"https:\/\/hopefulrubber.com\/wp-content\/uploads\/2024\/09\/ISO-9001\uff1a2015-Certification-EN-723x1024.webp 723w, https:\/\/hopefulrubber.com\/wp-content\/uploads\/2024\/09\/ISO-9001\uff1a2015-Certification-EN-212x300.webp 212w, https:\/\/hopefulrubber.com\/wp-content\/uploads\/2024\/09\/ISO-9001\uff1a2015-Certification-EN-768x1088.webp 768w, https:\/\/hopefulrubber.com\/wp-content\/uploads\/2024\/09\/ISO-9001\uff1a2015-Certification-EN-1084x1536.webp 1084w, https:\/\/hopefulrubber.com\/wp-content\/uploads\/2024\/09\/ISO-9001\uff1a2015-Certification-EN-1445x2048.webp 1445w, https:\/\/hopefulrubber.com\/wp-content\/uploads\/2024\/09\/ISO-9001\uff1a2015-Certification-EN-8x12.webp 8w, https:\/\/hopefulrubber.com\/wp-content\/uploads\/2024\/09\/ISO-9001\uff1a2015-Certification-EN-scaled.webp 1807w\" sizes=\"auto, (max-width: 723px) 100vw, 723px\" \/><figcaption class=\"wp-element-caption\">Ch\u1ee9ng nh\u1eadn ISO9001:2015 (EN)<\/figcaption><\/figure>\n\n\n\n<figure class=\"wp-block-image size-large\"><img data-dominant-color=\"f9fafa\" data-has-transparency=\"false\" style=\"--dominant-color: #f9fafa;\" loading=\"lazy\" decoding=\"async\" width=\"723\" height=\"1024\" data-id=\"2078\" src=\"https:\/\/hopefulrubber.com\/wp-content\/uploads\/2024\/09\/ISO-9001\uff1a2015-\u8bc1\u4e66\u4e2d\u6587-723x1024.webp\" alt=\"\" class=\"wp-image-2078 not-transparent\" title=\"\" srcset=\"https:\/\/hopefulrubber.com\/wp-content\/uploads\/2024\/09\/ISO-9001\uff1a2015-\u8bc1\u4e66\u4e2d\u6587-723x1024.webp 723w, https:\/\/hopefulrubber.com\/wp-content\/uploads\/2024\/09\/ISO-9001\uff1a2015-\u8bc1\u4e66\u4e2d\u6587-212x300.webp 212w, https:\/\/hopefulrubber.com\/wp-content\/uploads\/2024\/09\/ISO-9001\uff1a2015-\u8bc1\u4e66\u4e2d\u6587-768x1088.webp 768w, https:\/\/hopefulrubber.com\/wp-content\/uploads\/2024\/09\/ISO-9001\uff1a2015-\u8bc1\u4e66\u4e2d\u6587-1084x1536.webp 1084w, https:\/\/hopefulrubber.com\/wp-content\/uploads\/2024\/09\/ISO-9001\uff1a2015-\u8bc1\u4e66\u4e2d\u6587-1445x2048.webp 1445w, https:\/\/hopefulrubber.com\/wp-content\/uploads\/2024\/09\/ISO-9001\uff1a2015-\u8bc1\u4e66\u4e2d\u6587-8x12.webp 8w, https:\/\/hopefulrubber.com\/wp-content\/uploads\/2024\/09\/ISO-9001\uff1a2015-\u8bc1\u4e66\u4e2d\u6587-scaled.webp 1807w\" sizes=\"auto, (max-width: 723px) 100vw, 723px\" \/><figcaption class=\"wp-element-caption\">ISO9001:2015 \u8b49\u66f8 (\u4e2d\u6587)<\/figcaption><\/figure>\n<\/figure>\n\n\n\n<div style=\"height:80px\" aria-hidden=\"true\" class=\"wp-block-spacer\"><\/div>\n\n\n\n<h2 class=\"wp-block-heading has-white-color has-text-color has-background has-medium-font-size\" id=\"iatf-16949-2016-certification\" style=\"background:linear-gradient(90deg,rgb(2,3,129) 24%,rgb(40,116,252) 100%);font-style:normal;font-weight:700\">Ch\u1ee9ng nh\u1eadn IATF16949:2016<\/h2>\n\n\n\n<div style=\"height:20px\" aria-hidden=\"true\" class=\"wp-block-spacer\"><\/div>\n\n\n\n<figure class=\"wp-block-gallery has-nested-images columns-default is-cropped wp-block-gallery-2 is-layout-flex wp-block-gallery-is-layout-flex\">\n<figure class=\"wp-block-image size-large\"><img data-dominant-color=\"f6f8f8\" data-has-transparency=\"false\" style=\"--dominant-color: #f6f8f8;\" loading=\"lazy\" decoding=\"async\" width=\"723\" height=\"1024\" data-id=\"2079\" src=\"https:\/\/hopefulrubber.com\/wp-content\/uploads\/2024\/09\/IATF-16949\uff1a2016-Certification-EN-723x1024.webp\" alt=\"\" class=\"wp-image-2079 not-transparent\" title=\"\" srcset=\"https:\/\/hopefulrubber.com\/wp-content\/uploads\/2024\/09\/IATF-16949\uff1a2016-Certification-EN-723x1024.webp 723w, https:\/\/hopefulrubber.com\/wp-content\/uploads\/2024\/09\/IATF-16949\uff1a2016-Certification-EN-212x300.webp 212w, https:\/\/hopefulrubber.com\/wp-content\/uploads\/2024\/09\/IATF-16949\uff1a2016-Certification-EN-768x1088.webp 768w, https:\/\/hopefulrubber.com\/wp-content\/uploads\/2024\/09\/IATF-16949\uff1a2016-Certification-EN-1084x1536.webp 1084w, https:\/\/hopefulrubber.com\/wp-content\/uploads\/2024\/09\/IATF-16949\uff1a2016-Certification-EN-1445x2048.webp 1445w, https:\/\/hopefulrubber.com\/wp-content\/uploads\/2024\/09\/IATF-16949\uff1a2016-Certification-EN-8x12.webp 8w, https:\/\/hopefulrubber.com\/wp-content\/uploads\/2024\/09\/IATF-16949\uff1a2016-Certification-EN-scaled.webp 1807w\" sizes=\"auto, (max-width: 723px) 100vw, 723px\" \/><figcaption class=\"wp-element-caption\">Ch\u1ee9ng nh\u1eadn IATF16949:2016 (EN)<\/figcaption><\/figure>\n\n\n\n<figure class=\"wp-block-image size-large\"><img data-dominant-color=\"f9fafa\" data-has-transparency=\"false\" style=\"--dominant-color: #f9fafa;\" loading=\"lazy\" decoding=\"async\" width=\"723\" height=\"1024\" data-id=\"2080\" src=\"https:\/\/hopefulrubber.com\/wp-content\/uploads\/2024\/09\/IATF-16949\uff1a2016-\u8bc1\u4e66\u4e2d\u6587-723x1024.webp\" alt=\"\" class=\"wp-image-2080 not-transparent\" title=\"\" srcset=\"https:\/\/hopefulrubber.com\/wp-content\/uploads\/2024\/09\/IATF-16949\uff1a2016-\u8bc1\u4e66\u4e2d\u6587-723x1024.webp 723w, https:\/\/hopefulrubber.com\/wp-content\/uploads\/2024\/09\/IATF-16949\uff1a2016-\u8bc1\u4e66\u4e2d\u6587-212x300.webp 212w, https:\/\/hopefulrubber.com\/wp-content\/uploads\/2024\/09\/IATF-16949\uff1a2016-\u8bc1\u4e66\u4e2d\u6587-768x1088.webp 768w, https:\/\/hopefulrubber.com\/wp-content\/uploads\/2024\/09\/IATF-16949\uff1a2016-\u8bc1\u4e66\u4e2d\u6587-1084x1536.webp 1084w, https:\/\/hopefulrubber.com\/wp-content\/uploads\/2024\/09\/IATF-16949\uff1a2016-\u8bc1\u4e66\u4e2d\u6587-1445x2048.webp 1445w, https:\/\/hopefulrubber.com\/wp-content\/uploads\/2024\/09\/IATF-16949\uff1a2016-\u8bc1\u4e66\u4e2d\u6587-8x12.webp 8w, https:\/\/hopefulrubber.com\/wp-content\/uploads\/2024\/09\/IATF-16949\uff1a2016-\u8bc1\u4e66\u4e2d\u6587-scaled.webp 1807w\" sizes=\"auto, (max-width: 723px) 100vw, 723px\" \/><figcaption class=\"wp-element-caption\">IATF16949:2016<br> \u8bc1\u4e66 (\u4e2d\u6587)<\/figcaption><\/figure>\n<\/figure>\n\n\n\n<div style=\"height:80px\" aria-hidden=\"true\" class=\"wp-block-spacer\"><\/div>\n\n\n\n<h2 class=\"wp-block-heading has-white-color has-text-color has-background has-medium-font-size\" id=\"iso-13485-2016-certification\" style=\"background:linear-gradient(90deg,rgb(2,3,129) 24%,rgb(40,116,252) 100%);font-style:normal;font-weight:700\">Ch\u1ee9ng nh\u1eadn ISO13485:2016<\/h2>\n\n\n\n<div style=\"height:20px\" aria-hidden=\"true\" class=\"wp-block-spacer\"><\/div>\n\n\n\n<figure class=\"wp-block-gallery has-nested-images columns-default is-cropped wp-block-gallery-3 is-layout-flex wp-block-gallery-is-layout-flex\">\n<figure class=\"wp-block-image size-large\"><img data-dominant-color=\"a0aaaf\" data-has-transparency=\"false\" style=\"--dominant-color: #a0aaaf;\" loading=\"lazy\" decoding=\"async\" width=\"726\" height=\"1024\" data-id=\"2229\" src=\"https:\/\/hopefulrubber.com\/wp-content\/uploads\/2025\/06\/ISO134852016-Certification-EN-726x1024.webp\" alt=\"\" class=\"wp-image-2229 not-transparent\" title=\"\" srcset=\"https:\/\/hopefulrubber.com\/wp-content\/uploads\/2025\/06\/ISO134852016-Certification-EN-726x1024.webp 726w, https:\/\/hopefulrubber.com\/wp-content\/uploads\/2025\/06\/ISO134852016-Certification-EN-213x300.webp 213w, https:\/\/hopefulrubber.com\/wp-content\/uploads\/2025\/06\/ISO134852016-Certification-EN-768x1083.webp 768w, https:\/\/hopefulrubber.com\/wp-content\/uploads\/2025\/06\/ISO134852016-Certification-EN-1089x1536.webp 1089w, https:\/\/hopefulrubber.com\/wp-content\/uploads\/2025\/06\/ISO134852016-Certification-EN-1452x2048.webp 1452w, https:\/\/hopefulrubber.com\/wp-content\/uploads\/2025\/06\/ISO134852016-Certification-EN.webp 1656w\" sizes=\"auto, (max-width: 726px) 100vw, 726px\" \/><figcaption class=\"wp-element-caption\">Ch\u1ee9ng nh\u1eadn ISO13485:2016 (EN)<\/figcaption><\/figure>\n\n\n\n<figure class=\"wp-block-image size-large\"><img data-dominant-color=\"a0aaaf\" data-has-transparency=\"false\" style=\"--dominant-color: #a0aaaf;\" loading=\"lazy\" decoding=\"async\" width=\"725\" height=\"1024\" data-id=\"2230\" src=\"https:\/\/hopefulrubber.com\/wp-content\/uploads\/2025\/06\/ISO-13485-2016\u4e2d\u6587-725x1024.webp\" alt=\"\" class=\"wp-image-2230 not-transparent\" title=\"\" srcset=\"https:\/\/hopefulrubber.com\/wp-content\/uploads\/2025\/06\/ISO-13485-2016\u4e2d\u6587-725x1024.webp 725w, https:\/\/hopefulrubber.com\/wp-content\/uploads\/2025\/06\/ISO-13485-2016\u4e2d\u6587-212x300.webp 212w, https:\/\/hopefulrubber.com\/wp-content\/uploads\/2025\/06\/ISO-13485-2016\u4e2d\u6587-768x1085.webp 768w, https:\/\/hopefulrubber.com\/wp-content\/uploads\/2025\/06\/ISO-13485-2016\u4e2d\u6587-1087x1536.webp 1087w, https:\/\/hopefulrubber.com\/wp-content\/uploads\/2025\/06\/ISO-13485-2016\u4e2d\u6587-1449x2048.webp 1449w, https:\/\/hopefulrubber.com\/wp-content\/uploads\/2025\/06\/ISO-13485-2016\u4e2d\u6587.webp 1660w\" sizes=\"auto, (max-width: 725px) 100vw, 725px\" \/><figcaption class=\"wp-element-caption\">ISO13485:2016 <br>\u8bc1\u4e66 (\u4e2d\u6587)<\/figcaption><\/figure>\n<\/figure>\n\n\n\n<div style=\"height:80px\" aria-hidden=\"true\" class=\"wp-block-spacer\"><\/div>\n\n\n\n<h2 class=\"wp-block-heading has-white-color has-text-color has-background has-medium-font-size\" id=\"iso-iec-17025-2017-certification\" style=\"background:linear-gradient(90deg,rgb(2,3,129) 24%,rgb(40,116,252) 100%);font-style:normal;font-weight:700\">Ch\u1ee9ng nh\u1eadn ISO\/IEC17025:2017<\/h2>\n\n\n\n<div style=\"height:20px\" aria-hidden=\"true\" class=\"wp-block-spacer\"><\/div>\n\n\n\n<figure class=\"wp-block-gallery has-nested-images columns-default is-cropped wp-block-gallery-4 is-layout-flex wp-block-gallery-is-layout-flex\">\n<figure class=\"wp-block-image size-large\"><img loading=\"lazy\" decoding=\"async\" width=\"709\" height=\"1024\" data-id=\"770\" src=\"https:\/\/hopefulrubber.com\/wp-content\/uploads\/2023\/06\/IEC-17025-certificate-ENG-709x1024.jpg\" alt=\"Ch\u1ee9ng nh\u1eadn ISO\/IEC17025 c\u1ee7a C\u00f4ng ty TNHH S\u1ea3n xu\u1ea5t Cao su Hopeful\" class=\"wp-image-770\" title=\"\" srcset=\"https:\/\/hopefulrubber.com\/wp-content\/uploads\/2023\/06\/IEC-17025-certificate-ENG-709x1024.jpg 709w, https:\/\/hopefulrubber.com\/wp-content\/uploads\/2023\/06\/IEC-17025-certificate-ENG-208x300.jpg 208w, https:\/\/hopefulrubber.com\/wp-content\/uploads\/2023\/06\/IEC-17025-certificate-ENG-768x1110.jpg 768w, https:\/\/hopefulrubber.com\/wp-content\/uploads\/2023\/06\/IEC-17025-certificate-ENG-1063x1536.jpg 1063w, https:\/\/hopefulrubber.com\/wp-content\/uploads\/2023\/06\/IEC-17025-certificate-ENG-1417x2048.jpg 1417w, https:\/\/hopefulrubber.com\/wp-content\/uploads\/2023\/06\/IEC-17025-certificate-ENG-8x12.jpg 8w, https:\/\/hopefulrubber.com\/wp-content\/uploads\/2023\/06\/IEC-17025-certificate-ENG-scaled.jpg 1772w\" sizes=\"auto, (max-width: 709px) 100vw, 709px\" \/><figcaption class=\"wp-element-caption\">Ch\u1ee9ng ch\u1ec9 ISO\/IEC17025:2017<\/figcaption><\/figure>\n\n\n\n<figure class=\"wp-block-image size-large\"><img loading=\"lazy\" decoding=\"async\" width=\"709\" height=\"1024\" data-id=\"771\" src=\"https:\/\/hopefulrubber.com\/wp-content\/uploads\/2023\/06\/IEC-17025-\u8b49\u66f8-\u4e2d\u6587-709x1024.jpg\" alt=\"\" class=\"wp-image-771\" title=\"\" srcset=\"https:\/\/hopefulrubber.com\/wp-content\/uploads\/2023\/06\/IEC-17025-\u8b49\u66f8-\u4e2d\u6587-709x1024.jpg 709w, https:\/\/hopefulrubber.com\/wp-content\/uploads\/2023\/06\/IEC-17025-\u8b49\u66f8-\u4e2d\u6587-208x300.jpg 208w, https:\/\/hopefulrubber.com\/wp-content\/uploads\/2023\/06\/IEC-17025-\u8b49\u66f8-\u4e2d\u6587-768x1110.jpg 768w, https:\/\/hopefulrubber.com\/wp-content\/uploads\/2023\/06\/IEC-17025-\u8b49\u66f8-\u4e2d\u6587-1063x1536.jpg 1063w, https:\/\/hopefulrubber.com\/wp-content\/uploads\/2023\/06\/IEC-17025-\u8b49\u66f8-\u4e2d\u6587-1417x2048.jpg 1417w, https:\/\/hopefulrubber.com\/wp-content\/uploads\/2023\/06\/IEC-17025-\u8b49\u66f8-\u4e2d\u6587-8x12.jpg 8w, https:\/\/hopefulrubber.com\/wp-content\/uploads\/2023\/06\/IEC-17025-\u8b49\u66f8-\u4e2d\u6587-scaled.jpg 1772w\" sizes=\"auto, (max-width: 709px) 100vw, 709px\" \/><figcaption class=\"wp-element-caption\">Ti\u00eau chu\u1ea9n ISO\/IEC17025:2017 (\u4e2d\u6587)<\/figcaption><\/figure>\n<\/figure>\n\n\n\n<h2 class=\"wp-block-heading has-white-color has-text-color has-background has-medium-font-size\" id=\"gb-50591-2010-cleanrooms-certification\" style=\"background:linear-gradient(90deg,rgb(2,3,129) 24%,rgb(40,116,252) 100%);font-style:normal;font-weight:700\">Ch\u1ee9ng nh\u1eadn ph\u00f2ng s\u1ea1ch GB50591-2010 <\/h2>\n\n\n\n<div style=\"height:20px\" aria-hidden=\"true\" class=\"wp-block-spacer\"><\/div>\n\n\n\n<figure class=\"wp-block-gallery has-nested-images columns-default is-cropped wp-block-gallery-5 is-layout-flex wp-block-gallery-is-layout-flex\">\n<figure class=\"wp-block-image size-large\"><img data-dominant-color=\"f0eff1\" data-has-transparency=\"false\" style=\"--dominant-color: #f0eff1;\" loading=\"lazy\" decoding=\"async\" width=\"724\" height=\"1024\" data-id=\"2233\" src=\"https:\/\/hopefulrubber.com\/wp-content\/uploads\/2025\/06\/310-meter-sq.-Cleanroom-Certificate-724x1024.webp\" alt=\"\" class=\"wp-image-2233 not-transparent\" title=\"\" srcset=\"https:\/\/hopefulrubber.com\/wp-content\/uploads\/2025\/06\/310-meter-sq.-Cleanroom-Certificate-724x1024.webp 724w, https:\/\/hopefulrubber.com\/wp-content\/uploads\/2025\/06\/310-meter-sq.-Cleanroom-Certificate-212x300.webp 212w, https:\/\/hopefulrubber.com\/wp-content\/uploads\/2025\/06\/310-meter-sq.-Cleanroom-Certificate-768x1086.webp 768w, https:\/\/hopefulrubber.com\/wp-content\/uploads\/2025\/06\/310-meter-sq.-Cleanroom-Certificate-1086x1536.webp 1086w, https:\/\/hopefulrubber.com\/wp-content\/uploads\/2025\/06\/310-meter-sq.-Cleanroom-Certificate-1448x2048.webp 1448w, https:\/\/hopefulrubber.com\/wp-content\/uploads\/2025\/06\/310-meter-sq.-Cleanroom-Certificate-scaled.webp 1810w\" sizes=\"auto, (max-width: 724px) 100vw, 724px\" \/><figcaption class=\"wp-element-caption\">Gi\u1ea5y ch\u1ee9ng nh\u1eadn ph\u00f2ng s\u1ea1ch 310 m\u00e9t vu\u00f4ng<\/figcaption><\/figure>\n\n\n\n<figure class=\"wp-block-image size-large\"><img data-dominant-color=\"f0eff1\" data-has-transparency=\"false\" style=\"--dominant-color: #f0eff1;\" loading=\"lazy\" decoding=\"async\" width=\"724\" height=\"1024\" data-id=\"2234\" src=\"https:\/\/hopefulrubber.com\/wp-content\/uploads\/2025\/06\/850-meter-sq.-Cleanroom-Certificate-724x1024.webp\" alt=\"\" class=\"wp-image-2234 not-transparent\" title=\"\" srcset=\"https:\/\/hopefulrubber.com\/wp-content\/uploads\/2025\/06\/850-meter-sq.-Cleanroom-Certificate-724x1024.webp 724w, https:\/\/hopefulrubber.com\/wp-content\/uploads\/2025\/06\/850-meter-sq.-Cleanroom-Certificate-212x300.webp 212w, https:\/\/hopefulrubber.com\/wp-content\/uploads\/2025\/06\/850-meter-sq.-Cleanroom-Certificate-768x1086.webp 768w, https:\/\/hopefulrubber.com\/wp-content\/uploads\/2025\/06\/850-meter-sq.-Cleanroom-Certificate-1086x1536.webp 1086w, https:\/\/hopefulrubber.com\/wp-content\/uploads\/2025\/06\/850-meter-sq.-Cleanroom-Certificate-1448x2048.webp 1448w, https:\/\/hopefulrubber.com\/wp-content\/uploads\/2025\/06\/850-meter-sq.-Cleanroom-Certificate-scaled.webp 1810w\" sizes=\"auto, (max-width: 724px) 100vw, 724px\" \/><figcaption class=\"wp-element-caption\">Gi\u1ea5y ch\u1ee9ng nh\u1eadn ph\u00f2ng s\u1ea1ch 850 m\u00e9t vu\u00f4ng<\/figcaption><\/figure>\n<\/figure>\n\n\n\n<div style=\"height:80px\" aria-hidden=\"true\" class=\"wp-block-spacer\"><\/div>\n\n\n\n<p>H\u00e3y li\u00ean h\u1ec7 v\u1edbi ch\u00fang t\u00f4i \u0111\u1ec3 tr\u1ea3i nghi\u1ec7m s\u1ef1 kh\u00e1c bi\u1ec7t m\u00e0 cam k\u1ebft v\u1ec1 ch\u1ea5t l\u01b0\u1ee3ng c\u1ee7a ch\u00fang t\u00f4i c\u00f3 th\u1ec3 mang l\u1ea1i cho doanh nghi\u1ec7p c\u1ee7a b\u1ea1n.<\/p>\n\n\n\n<div class=\"wp-block-buttons is-layout-flex wp-block-buttons-is-layout-flex\">\n<div class=\"wp-block-button\"><a class=\"wp-block-button__link has-white-color has-vivid-red-background-color has-text-color has-background has-small-font-size has-custom-font-size wp-element-button\" href=\"https:\/\/hopefulrubber.com\/vi\/lien-he-voi-chung-toi\/\">Li\u00ean h\u1ec7 v\u1edbi ch\u00fang t\u00f4i<\/a><\/div>\n<\/div>","protected":false},"excerpt":{"rendered":"<p>Quality Systems at Hopeful Rubber Upholding Excellence Through Robust Quality Systems in Every Step of Our Production Process At Hopeful Rubber, we are committed to delivering high-quality custom molded rubber products to our customers. Our rigorous quality systems ensure that every product we produce meets the highest standards of performance and reliability. With our expert [&hellip;]<\/p>\n","protected":false},"author":1,"featured_media":773,"parent":78,"menu_order":0,"comment_status":"closed","ping_status":"closed","template":"","meta":{"content-type":"","footnotes":""},"class_list":["post-85","page","type-page","status-publish","has-post-thumbnail","hentry"],"_links":{"self":[{"href":"https:\/\/hopefulrubber.com\/vi\/wp-json\/wp\/v2\/pages\/85","targetHints":{"allow":["GET"]}}],"collection":[{"href":"https:\/\/hopefulrubber.com\/vi\/wp-json\/wp\/v2\/pages"}],"about":[{"href":"https:\/\/hopefulrubber.com\/vi\/wp-json\/wp\/v2\/types\/page"}],"author":[{"embeddable":true,"href":"https:\/\/hopefulrubber.com\/vi\/wp-json\/wp\/v2\/users\/1"}],"replies":[{"embeddable":true,"href":"https:\/\/hopefulrubber.com\/vi\/wp-json\/wp\/v2\/comments?post=85"}],"version-history":[{"count":43,"href":"https:\/\/hopefulrubber.com\/vi\/wp-json\/wp\/v2\/pages\/85\/revisions"}],"predecessor-version":[{"id":2236,"href":"https:\/\/hopefulrubber.com\/vi\/wp-json\/wp\/v2\/pages\/85\/revisions\/2236"}],"up":[{"embeddable":true,"href":"https:\/\/hopefulrubber.com\/vi\/wp-json\/wp\/v2\/pages\/78"}],"wp:featuredmedia":[{"embeddable":true,"href":"https:\/\/hopefulrubber.com\/vi\/wp-json\/wp\/v2\/media\/773"}],"wp:attachment":[{"href":"https:\/\/hopefulrubber.com\/vi\/wp-json\/wp\/v2\/media?parent=85"}],"curies":[{"name":"wp","href":"https:\/\/api.w.org\/{rel}","templated":true}]}}