{"id":89,"date":"2023-05-18T10:58:02","date_gmt":"2023-05-18T02:58:02","guid":{"rendered":"https:\/\/hopefulrubber.com\/?page_id=89"},"modified":"2023-11-09T15:29:10","modified_gmt":"2023-11-09T07:29:10","slug":"nguoi-sang-lap-cua-chung-toi","status":"publish","type":"page","link":"https:\/\/hopefulrubber.com\/vi\/hopeful-rubber\/our-founder\/","title":{"rendered":"Ng\u01b0\u1eddi s\u00e1ng l\u1eadp c\u1ee7a ch\u00fang t\u00f4i"},"content":{"rendered":"<div class=\"wp-block-columns alignfull is-layout-flex wp-container-core-columns-is-layout-9d6595d7 wp-block-columns-is-layout-flex\">\n<div class=\"wp-block-column is-layout-flow wp-block-column-is-layout-flow\" style=\"flex-basis:25%\">\n<div class=\"wp-block-rank-math-toc-block\" id=\"rank-math-toc\"><h2>M\u1ee5c l\u1ee5c<\/h2><nav><ul><li><a href=\"#leading-the-way-in-custom-molded-rubber-manufacturing-founder-mr-sher-hing-shum\">D\u1eabn \u0111\u1ea7u trong s\u1ea3n xu\u1ea5t cao su \u0111\u00fac theo y\u00eau c\u1ea7u: Ng\u01b0\u1eddi s\u00e1ng l\u1eadp: \u00d4ng Sher Hing Shum<\/a><\/li><\/ul><\/nav><\/div>\n<\/div>\n\n\n\n<div class=\"wp-block-column is-layout-flow wp-block-column-is-layout-flow\" style=\"flex-basis:33.33%\">\n<figure class=\"wp-block-gallery has-nested-images columns-default is-cropped wp-block-gallery-1 is-layout-flex wp-block-gallery-is-layout-flex\" id=\"founder\">\n<figure class=\"wp-block-image size-large is-style-default\" id=\"founder\"><img loading=\"lazy\" decoding=\"async\" width=\"819\" height=\"1024\" data-id=\"131\" src=\"https:\/\/hopefulrubber.com\/wp-content\/uploads\/2023\/05\/hopefulrubber_founder_sher_hing_shum_01b-819x1024.jpg\" alt=\"L\u00e0 m\u1ed9t ng\u01b0\u1eddi ti\u00ean phong trong ng\u00e0nh cao su, \u00f4ng Sher Hing Shum th\u1ec3 hi\u1ec7n s\u1ef1 chuy\u00ean m\u00f4n v\u00e0 quy\u1ebft t\u00e2m trong \u1ea3nh \u0111\u1ea1i di\u1ec7n, t\u01b0\u1ee3ng tr\u01b0ng cho vai tr\u00f2 l\u00e3nh \u0111\u1ea1o c\u00f3 s\u1ee9c \u1ea3nh h\u01b0\u1edfng c\u1ee7a \u00f4ng.\" class=\"wp-image-131\" title=\"\u00d4ng SHER Hing-Shum\" srcset=\"https:\/\/hopefulrubber.com\/wp-content\/uploads\/2023\/05\/hopefulrubber_founder_sher_hing_shum_01b-819x1024.jpg 819w, https:\/\/hopefulrubber.com\/wp-content\/uploads\/2023\/05\/hopefulrubber_founder_sher_hing_shum_01b-240x300.jpg 240w, https:\/\/hopefulrubber.com\/wp-content\/uploads\/2023\/05\/hopefulrubber_founder_sher_hing_shum_01b-768x960.jpg 768w, https:\/\/hopefulrubber.com\/wp-content\/uploads\/2023\/05\/hopefulrubber_founder_sher_hing_shum_01b-10x12.jpg 10w, https:\/\/hopefulrubber.com\/wp-content\/uploads\/2023\/05\/hopefulrubber_founder_sher_hing_shum_01b.jpg 1000w\" sizes=\"auto, (max-width: 819px) 100vw, 819px\" \/><figcaption class=\"wp-element-caption\">\u00d4ng SHER Hing-Shum<\/figcaption><\/figure>\n<\/figure>\n<\/div>\n\n\n\n<div class=\"wp-block-column is-layout-flow wp-block-column-is-layout-flow\" style=\"flex-basis:66.66%\">\n<h1 class=\"wp-block-heading\">Ng\u01b0\u1eddi s\u00e1ng l\u1eadp c\u1ee7a ch\u00fang t\u00f4i: \u00d4ng SHER Hing-Shum<\/h1>\n\n\n\n<div style=\"height:30px\" aria-hidden=\"true\" class=\"wp-block-spacer\"><\/div>\n\n\n\n<h2 class=\"wp-block-heading has-vivid-cyan-blue-color has-text-color\" id=\"leading-the-way-in-custom-molded-rubber-manufacturing-founder-mr-sher-hing-shum\">D\u1eabn \u0111\u1ea7u trong s\u1ea3n xu\u1ea5t cao su \u0111\u00fac theo y\u00eau c\u1ea7u:<br>Ng\u01b0\u1eddi s\u00e1ng l\u1eadp: \u00d4ng Sher Hing Shum<\/h2>\n\n\n\n<div style=\"height:20px\" aria-hidden=\"true\" class=\"wp-block-spacer\"><\/div>\n\n\n\n<p><strong>\u00d4ng SHER Hing-Shum<\/strong> l\u00e0 m\u1ed9t doanh nh\u00e2n v\u00e0 nh\u00e0 c\u00f4ng nghi\u1ec7p \u0111\u01b0\u1ee3c k\u00ednh tr\u1ecdng trong l\u0129nh v\u1ef1c s\u1ea3n xu\u1ea5t c\u00e1c s\u1ea3n ph\u1ea9m cao su \u0111\u00fac theo y\u00eau c\u1ea7u, ng\u01b0\u1eddi \u0111\u00e3 s\u00e1ng l\u1eadp <a href=\"https:\/\/hopefulrubber.com\/vi\/about-hopefulrubber\/\">C\u00f4ng ty TNHH S\u1ea3n xu\u1ea5t Cao su Hopeful<\/a> v\u00e0o n\u0103m 1988. T\u1eeb \u0111\u00f3 \u0111\u1ebfn nay, c\u00f4ng ty \u0111\u00e3 tr\u1edf th\u00e0nh nh\u00e0 s\u1ea3n xu\u1ea5t h\u00e0ng \u0111\u1ea7u c\u00e1c s\u1ea3n ph\u1ea9m cao su \u0111\u00fac theo y\u00eau c\u1ea7u ch\u1ea5t l\u01b0\u1ee3ng cao, \u0111\u01b0\u1ee3c c\u00f4ng nh\u1eadn v\u1ec1 s\u1ef1 xu\u1ea5t s\u1eafc trong ng\u00e0nh. <\/p>\n\n\n\n<p>D\u01b0\u1edbi s\u1ef1 l\u00e3nh \u0111\u1ea1o c\u1ee7a Sher Hing-Shum, c\u00f4ng ty \u0111\u00e3 ph\u00e1t tri\u1ec3n v\u01b0\u1ee3t b\u1eadc, m\u1edf r\u1ed9ng ho\u1ea1t \u0111\u1ed9ng \u0111\u1ec3 ph\u1ee5c v\u1ee5 kh\u00e1ch h\u00e0ng tr\u00ean nhi\u1ec1u l\u0129nh v\u1ef1c kh\u00e1c nhau, bao g\u1ed3m \u00f4 t\u00f4, \u0111i\u1ec7n t\u1eed, y t\u1ebf, tr\u1ebb s\u01a1 sinh v\u00e0 c\u00f4ng nghi\u1ec7p.<\/p>\n\n\n\n<p>V\u1edbi h\u01a1n ba th\u1eadp k\u1ef7 kinh nghi\u1ec7m, \u00f4ng SHER \u0111\u00e3 ch\u1ee9ng minh \u0111\u01b0\u1ee3c kh\u1ea3 n\u0103ng l\u00e3nh \u0111\u1ea1o c\u00f3 t\u1ea7m nh\u00ecn xa v\u00e0 s\u1ef1 nh\u1ea1y b\u00e9n trong kinh doanh, th\u00fac \u0111\u1ea9y s\u1ef1 th\u00e0nh c\u00f4ng v\u00e0 t\u0103ng tr\u01b0\u1edfng c\u1ee7a c\u00f4ng ty. Nh\u1edd cam k\u1ebft v\u1ec1 ch\u1ea5t l\u01b0\u1ee3ng v\u00e0 \u0111\u1ed5i m\u1edbi, Hopeful Rubber \u0111\u00e3 t\u1ea1o d\u1ef1ng \u0111\u01b0\u1ee3c danh ti\u1ebfng v\u1eefng ch\u1eafc l\u00e0 nh\u00e0 cung c\u1ea5p s\u1ea3n ph\u1ea9m cao su \u0111\u00e1ng tin c\u1eady, ph\u1ee5c v\u1ee5 kh\u00e1ch h\u00e0ng t\u1ea1i H\u1ed3ng K\u00f4ng, Ch\u00e2u \u00c1, Ch\u00e2u \u00c2u, Nam v\u00e0 B\u1eafc M\u1ef9.<\/p>\n\n\n\n<p>L\u00e0 m\u1ed9t doanh nh\u00e2n th\u00e0nh \u0111\u1ea1t, \u00f4ng SHER Hing-Shum \u0111\u00e3 \u0111\u00f3ng vai tr\u00f2 quan tr\u1ecdng trong \u0111\u1ecbnh h\u01b0\u1edbng chi\u1ebfn l\u01b0\u1ee3c v\u00e0 s\u1ef1 ph\u00e1t tri\u1ec3n c\u1ee7a c\u00f4ng ty. S\u1ef1 t\u1eadn t\u00e2m c\u1ee7a \u00f4ng \u0111\u1ed1i v\u1edbi s\u1ef1 h\u00e0i l\u00f2ng c\u1ee7a kh\u00e1ch h\u00e0ng v\u00e0 kh\u1ea3 n\u0103ng cung c\u1ea5p c\u00e1c s\u1ea3n ph\u1ea9m cao su \u0111\u00fac ch\u1ea5t l\u01b0\u1ee3ng cao \u0111\u00e3 gi\u00fap c\u00f4ng ty tr\u1edf th\u00e0nh m\u1ed9t c\u00f4ng ty h\u00e0ng \u0111\u1ea7u trong ng\u00e0nh cao su \u0111\u00fac. Ti\u1ebfp t\u1ee5c tri\u1ebft l\u00fd kinh doanh c\u1ee7a m\u00ecnh, Hopeful Rubber Manufacturing Company Limited \u0111ang \u1edf v\u1ecb th\u1ebf t\u1ed1t \u0111\u1ec3 ti\u1ebfp t\u1ee5c qu\u1ef9 \u0111\u1ea1o t\u0103ng tr\u01b0\u1edfng v\u00e0 duy tr\u00ec v\u1ecb th\u1ebf l\u00e0 nh\u00e0 s\u1ea3n xu\u1ea5t h\u00e0ng \u0111\u1ea7u c\u00e1c s\u1ea3n ph\u1ea9m cao su \u0111\u00fac ch\u1ea5t l\u01b0\u1ee3ng cao <a href=\"https:\/\/hopefulrubber.com\/vi\/kha-nang\/khuon-cao-su\/\">s\u1ea3n ph\u1ea9m cao su \u0111\u00fac theo y\u00eau c\u1ea7u<\/a>.<\/p>\n\n\n<div class=\"wp-block-image\">\n<figure class=\"alignright is-resized\"><img loading=\"lazy\" decoding=\"async\" width=\"833\" height=\"417\" src=\"https:\/\/hopefulrubber.com\/wp-content\/uploads\/2023\/07\/sam_signature-01.png\" alt=\"\" class=\"wp-image-1118\" style=\"aspect-ratio:1.9976019184652278;width:207px;height:auto\" title=\"\" srcset=\"https:\/\/hopefulrubber.com\/wp-content\/uploads\/2023\/07\/sam_signature-01.png 833w, https:\/\/hopefulrubber.com\/wp-content\/uploads\/2023\/07\/sam_signature-01-300x150.png 300w, https:\/\/hopefulrubber.com\/wp-content\/uploads\/2023\/07\/sam_signature-01-768x384.png 768w, https:\/\/hopefulrubber.com\/wp-content\/uploads\/2023\/07\/sam_signature-01-18x9.png 18w\" sizes=\"auto, (max-width: 833px) 100vw, 833px\" \/><\/figure><\/div><\/div>\n<\/div>","protected":false},"excerpt":{"rendered":"<p>Our Founder : MR. SHER Hing-Shum Leading the Way in Custom Molded Rubber Manufacturing:Founder: Mr. Sher Hing Shum MR. SHER Hing-Shum was an esteemed entrepreneur and industrialist in custom molded rubber products manufacturing who founded Hopeful Rubber Manufacturing Company Limited in 1988. The company has since become a top manufacturer of high-quality custom molded rubber [&hellip;]<\/p>\n","protected":false},"author":1,"featured_media":0,"parent":78,"menu_order":0,"comment_status":"closed","ping_status":"closed","template":"","meta":{"content-type":"","footnotes":""},"class_list":["post-89","page","type-page","status-publish","hentry"],"_links":{"self":[{"href":"https:\/\/hopefulrubber.com\/vi\/wp-json\/wp\/v2\/pages\/89","targetHints":{"allow":["GET"]}}],"collection":[{"href":"https:\/\/hopefulrubber.com\/vi\/wp-json\/wp\/v2\/pages"}],"about":[{"href":"https:\/\/hopefulrubber.com\/vi\/wp-json\/wp\/v2\/types\/page"}],"author":[{"embeddable":true,"href":"https:\/\/hopefulrubber.com\/vi\/wp-json\/wp\/v2\/users\/1"}],"replies":[{"embeddable":true,"href":"https:\/\/hopefulrubber.com\/vi\/wp-json\/wp\/v2\/comments?post=89"}],"version-history":[{"count":44,"href":"https:\/\/hopefulrubber.com\/vi\/wp-json\/wp\/v2\/pages\/89\/revisions"}],"predecessor-version":[{"id":1848,"href":"https:\/\/hopefulrubber.com\/vi\/wp-json\/wp\/v2\/pages\/89\/revisions\/1848"}],"up":[{"embeddable":true,"href":"https:\/\/hopefulrubber.com\/vi\/wp-json\/wp\/v2\/pages\/78"}],"wp:attachment":[{"href":"https:\/\/hopefulrubber.com\/vi\/wp-json\/wp\/v2\/media?parent=89"}],"curies":[{"name":"wp","href":"https:\/\/api.w.org\/{rel}","templated":true}]}}