{"id":991,"date":"2023-07-03T16:26:29","date_gmt":"2023-07-03T08:26:29","guid":{"rendered":"https:\/\/hopefulrubber.com\/?page_id=991"},"modified":"2023-11-07T15:23:25","modified_gmt":"2023-11-07T07:23:25","slug":"khuon-cao-su","status":"publish","type":"page","link":"https:\/\/hopefulrubber.com\/vi\/capabilities\/rubber-molding\/","title":{"rendered":"D\u1ecbch v\u1ee5 \u0111\u00fac cao su"},"content":{"rendered":"<div class=\"wp-block-columns is-layout-flex wp-container-core-columns-is-layout-9d6595d7 wp-block-columns-is-layout-flex\">\n<div class=\"wp-block-column is-layout-flow wp-block-column-is-layout-flow\" style=\"flex-basis:33.33%\">\n<div class=\"wp-block-rank-math-toc-block\" id=\"rank-math-toc\"><h2>M\u1ee5c l\u1ee5c<\/h2><nav><ul><li><a href=\"#what-is-rubber-molding\">Khu\u00f4n cao su l\u00e0 g\u00ec?<\/a><ul><li><a href=\"#3-types-of-rubber-molding-process\">3 lo\u1ea1i quy tr\u00ecnh \u0111\u00fac cao su <\/a><ul><li><a href=\"#compression-molding\">\u0110\u00fac n\u00e9n<\/a><\/li><li><a href=\"#transfer-molding\">Chuy\u1ec3n khu\u00f4n<\/a><\/li><li><a href=\"#injection-molding\">\u00c9p phun<\/a><\/li><\/ul><\/li><\/ul><\/li><li><a href=\"#what-is-rubber-bonding\">Li\u00ean k\u1ebft cao su l\u00e0 g\u00ec?<\/a><ul><li><a href=\"#2-types-of-rubber-bonding-process\">2 lo\u1ea1i quy tr\u00ecnh li\u00ean k\u1ebft cao su <\/a><ul><li><a href=\"#overmolding\">\u0110\u00fac ch\u1ed3ng<\/a><\/li><li><a href=\"#insert-molding\">Ch\u00e8n Khu\u00f4n<\/a><\/li><\/ul><\/li><\/ul><\/li><\/ul><\/nav><\/div>\n<\/div>\n\n\n\n<div class=\"wp-block-column is-layout-flow wp-block-column-is-layout-flow\" style=\"flex-basis:66.66%\">\n<h1 class=\"wp-block-heading has-vivid-cyan-blue-color has-text-color\" id=\"what-is-rubber-molding\">Khu\u00f4n cao su l\u00e0 g\u00ec?<\/h1>\n\n\n\n<p>\u0110\u00fac cao su l\u00e0 m\u1ed9t quy tr\u00ecnh s\u1ea3n xu\u1ea5t hi\u1ec7u qu\u1ea3 cao li\u00ean quan \u0111\u1ebfn vi\u1ec7c bi\u1ebfn \u0111\u1ed5i cao su th\u00f4 ho\u1eb7c ch\u1ea5t \u0111\u00e0n h\u1ed3i th\u00e0nh s\u1ea3n ph\u1ea9m ho\u00e0n thi\u1ec7n b\u1eb1ng c\u00e1ch n\u00e9n, phun ho\u1eb7c chuy\u1ec3n v\u1eadt li\u1ec7u v\u00e0o khoang khu\u00f4n kim lo\u1ea1i. \u00c1p su\u1ea5t v\u00e0 nhi\u1ec7t \u0111\u01b0\u1ee3c \u00e1p d\u1ee5ng trong qu\u00e1 tr\u00ecnh n\u00e0y s\u1ebd kh\u1edfi t\u1ea1o ph\u1ea3n \u1ee9ng h\u00f3a h\u1ecdc, \u0111\u01b0\u1ee3c g\u1ecdi l\u00e0 l\u01b0u h\u00f3a ho\u1eb7c l\u01b0u h\u00f3a, khi\u1ebfn c\u00e1c chu\u1ed7i polyme trong v\u1eadt li\u1ec7u li\u00ean k\u1ebft ch\u00e9o, t\u1ea1o ra s\u1ea3n ph\u1ea9m c\u00f3 \u0111\u1ed9 b\u1ec1n cao v\u00e0 ch\u00ednh x\u00e1c. <\/p>\n\n\n\n<div style=\"height:20px\" aria-hidden=\"true\" class=\"wp-block-spacer\"><\/div>\n\n\n\n<h2 class=\"wp-block-heading has-vivid-cyan-blue-color has-text-color\" id=\"3-types-of-rubber-molding-process\">3 lo\u1ea1i quy tr\u00ecnh \u0111\u00fac cao su <\/h2>\n\n\n\n<p>Khi s\u1ea3n xu\u1ea5t c\u00e1c s\u1ea3n ph\u1ea9m cao su, vi\u1ec7c l\u1ef1a ch\u1ecdn ph\u01b0\u01a1ng ph\u00e1p \u0111\u00fac ph\u00f9 h\u1ee3p l\u00e0 r\u1ea5t quan tr\u1ecdng \u0111\u1ec3 \u0111\u1ea1t \u0111\u01b0\u1ee3c c\u00e1c gi\u1ea3i ph\u00e1p t\u00f9y ch\u1ec9nh. C\u00f3 m\u1ed9t s\u1ed1 lo\u1ea1i quy tr\u00ecnh \u0111\u00fac cao su \u0111\u00f3ng vai tr\u00f2 quan tr\u1ecdng trong vi\u1ec7c s\u1ea3n xu\u1ea5t c\u00e1c b\u1ed9 ph\u1eadn cao su ch\u1ea5t l\u01b0\u1ee3ng cao, \u0111\u01b0\u1ee3c ch\u1ebf t\u1ea1o ch\u00ednh x\u00e1c. T\u1eeb \u0111\u00fac n\u00e9n \u0111\u1ebfn \u0111\u00fac phun v\u00e0 \u0111\u00fac phun silicon l\u1ecfng, m\u1ed7i ph\u01b0\u01a1ng ph\u00e1p \u0111\u1ec1u c\u00f3 nh\u1eefng \u01b0u \u0111i\u1ec3m ri\u00eang v\u00e0 c\u00f3 th\u1ec3 t\u00f9y ch\u1ec9nh theo c\u00e1c y\u00eau c\u1ea7u c\u1ee5 th\u1ec3.<\/p>\n\n\n\n<div style=\"height:20px\" aria-hidden=\"true\" class=\"wp-block-spacer\"><\/div>\n\n\n\n<div class=\"wp-block-group\"><div class=\"wp-block-group__inner-container is-layout-constrained wp-block-group-is-layout-constrained\">\n<h3 class=\"wp-block-heading\" id=\"compression-molding\">\u0110\u00fac n\u00e9n<\/h3>\n\n\n\n<p>\u0110\u00fac n\u00e9n l\u00e0 m\u1ed9t quy tr\u00ecnh \u0111\u00fac cao su ph\u1ed5 bi\u1ebfn s\u1eed d\u1ee5ng v\u1eadt li\u1ec7u cao su th\u00f4 \u0111\u01b0\u1ee3c c\u1eaft s\u1eb5n \u0111\u1ec3 s\u1ea3n xu\u1ea5t c\u00e1c b\u1ed9 ph\u1eadn cao su b\u1ec1n v\u00e0 ch\u00ednh x\u00e1c. Khoang khu\u00f4n, th\u01b0\u1eddng \u0111\u01b0\u1ee3c l\u00e0m b\u1eb1ng kim lo\u1ea1i ch\u1ea5t l\u01b0\u1ee3ng h\u00e0ng \u0111\u1ea7u, \u0111\u01b0\u1ee3c thi\u1ebft k\u1ebf c\u1ea9n th\u1eadn \u0111\u1ec3 t\u1ea1o ra h\u00ecnh d\u1ea1ng v\u00e0 b\u1ec1 m\u1eb7t ho\u00e0n thi\u1ec7n mong mu\u1ed1n c\u1ee7a s\u1ea3n ph\u1ea9m cu\u1ed1i c\u00f9ng, \u0111\u1ea3m b\u1ea3o r\u1eb1ng c\u00e1c b\u1ed9 ph\u1eadn thu \u0111\u01b0\u1ee3c \u0111\u00e1p \u1ee9ng c\u00e1c ti\u00eau chu\u1ea9n cao nh\u1ea5t c\u1ee7a ng\u00e0nh.<\/p>\n\n\n\n<p>Trong qu\u00e1 tr\u00ecnh \u0111\u00fac n\u00e9n, v\u1eadt li\u1ec7u cao su th\u00f4 c\u00f3 th\u1ec3 \u0111\u01b0\u1ee3c nung n\u00f3ng tr\u01b0\u1edbc \u0111\u1ebfn nhi\u1ec7t \u0111\u1ed9 c\u1ee5 th\u1ec3 v\u00e0 sau \u0111\u00f3 \u0111\u01b0\u1ee3c n\u00e9n chuy\u00ean nghi\u1ec7p v\u00e0o khoang khu\u00f4n \u0111\u00e3 \u0111\u01b0\u1ee3c nung n\u00f3ng, t\u1ea1i \u0111\u00f3 \u00e1p su\u1ea5t v\u00e0 nhi\u1ec7t \u0111\u1ed9 khi\u1ebfn cao su li\u00ean k\u1ebft ch\u00e9o v\u00e0 \u0111\u00f3ng r\u1eafn. Qu\u00e1 tr\u00ecnh n\u00e0y t\u1ea1o ra c\u00e1c s\u1ea3n ph\u1ea9m ho\u00e0n thi\u1ec7n c\u00f3 kh\u1ea3 n\u0103ng ph\u1ee5c h\u1ed3i cao v\u00e0 s\u1edf h\u1eefu c\u00e1c \u0111\u1eb7c t\u00ednh mong mu\u1ed1n, ch\u1eb3ng h\u1ea1n nh\u01b0 \u0111\u1ed9 b\u1ec1n, t\u00ednh linh ho\u1ea1t v\u00e0 \u0111\u1ed9 b\u1ec1n.<\/p>\n\n\n\n<p>\u0110\u00fac n\u00e9n l\u00e0 m\u1ed9t quy tr\u00ecnh ti\u1ebft ki\u1ec7m chi ph\u00ed v\u00e0 hi\u1ec7u qu\u1ea3, \u0111\u1eb7c bi\u1ec7t h\u1eefu \u00edch \u0111\u1ec3 t\u1ea1o ra c\u00e1c b\u1ed9 ph\u1eadn l\u1edbn qu\u00e1 ph\u1ee9c t\u1ea1p \u0111\u1ed1i v\u1edbi c\u00e1c quy tr\u00ecnh \u0111\u00fac cao su kh\u00e1c. N\u00f3 l\u00fd t\u01b0\u1edfng \u0111\u1ec3 s\u1ea3n xu\u1ea5t c\u00e1c b\u1ed9 ph\u1eadn c\u00f3 kh\u1ed1i l\u01b0\u1ee3ng t\u1eeb th\u1ea5p \u0111\u1ebfn trung b\u00ecnh, khi\u1ebfn n\u00f3 tr\u1edf th\u00e0nh l\u1ef1a ch\u1ecdn ph\u1ed5 bi\u1ebfn cho nhi\u1ec1u ng\u00e0nh c\u00f4ng nghi\u1ec7p kh\u00e1c nhau, bao g\u1ed3m \u00f4 t\u00f4, h\u00e0ng kh\u00f4ng v\u0169 tr\u1ee5 v\u00e0 s\u1ea3n xu\u1ea5t c\u00f4ng nghi\u1ec7p, n\u01a1i c\u00e1c th\u00e0nh ph\u1ea7n cao su ch\u1ea5t l\u01b0\u1ee3ng cao v\u00e0 \u0111\u00e1ng tin c\u1eady l\u00e0 \u0111i\u1ec1u c\u1ea7n thi\u1ebft.<\/p>\n\n\n\n<div style=\"height:20px\" aria-hidden=\"true\" class=\"wp-block-spacer\"><\/div>\n\n\n\n<h3 class=\"wp-block-heading\" id=\"transfer-molding\">Chuy\u1ec3n khu\u00f4n<\/h3>\n\n\n\n<p>\u0110\u00fac chuy\u1ec3n l\u00e0 m\u1ed9t quy tr\u00ecnh s\u1ea3n xu\u1ea5t th\u01b0\u1eddng \u0111\u01b0\u1ee3c coi l\u00e0 phi\u00ean b\u1ea3n \u0111\u01a1n gi\u1ea3n h\u00f3a c\u1ee7a \u0111\u00fac phun. Quy tr\u00ecnh n\u00e0y bao g\u1ed3m vi\u1ec7c l\u00e0m n\u00f3ng tr\u01b0\u1edbc m\u1ed9t l\u01b0\u1ee3ng cao su ch\u01b0a l\u01b0u h\u00f3a \u0111\u01b0\u1ee3c x\u00e1c \u0111\u1ecbnh tr\u01b0\u1edbc v\u00e0 n\u1ea1p v\u00e0o m\u1ed9t khoang n\u1eb1m \u1edf ph\u00eda tr\u00ean c\u00f9ng c\u1ee7a khu\u00f4n, \u0111\u01b0\u1ee3c g\u1ecdi l\u00e0 n\u1ed3i. Sau \u0111\u00f3, cao su ch\u01b0a l\u01b0u h\u00f3a \u0111\u01b0\u1ee3c \u00e9p ch\u1ea3y v\u00e0 chuy\u1ec3n n\u00f3 qua m\u1ed9t k\u00eanh, \u0111\u01b0\u1ee3c g\u1ecdi l\u00e0 sprue, v\u00e0o khu\u00f4n \u0111\u00e3 \u0111\u01b0\u1ee3c l\u00e0m n\u00f3ng tr\u01b0\u1edbc. Khoang khu\u00f4n \u0111\u01b0\u1ee3c thi\u1ebft k\u1ebf ch\u00ednh x\u00e1c \u0111\u1ec3 t\u1ea1o ra h\u00ecnh d\u1ea1ng v\u00e0 b\u1ec1 m\u1eb7t ho\u00e0n thi\u1ec7n mong mu\u1ed1n c\u1ee7a s\u1ea3n ph\u1ea9m cu\u1ed1i c\u00f9ng. B\u00ean trong khoang khu\u00f4n, cao su \u0111\u01b0\u1ee3c l\u01b0u h\u00f3a, t\u1ea1o ra m\u1ed9t s\u1ea3n ph\u1ea9m ho\u00e0n thi\u1ec7n c\u00f3 \u0111\u1ed9 ch\u00ednh x\u00e1c v\u00e0 \u0111\u1ed9 b\u1ec1n cao.<\/p>\n\n\n\n<p>\u0110\u00fac chuy\u1ec3n l\u00e0 m\u1ed9t k\u1ef9 thu\u1eadt \u0111\u00fac cao su hi\u1ec7u qu\u1ea3 cao, mang l\u1ea1i nhi\u1ec1u l\u1ee3i th\u1ebf so v\u1edbi c\u00e1c ph\u01b0\u01a1ng ph\u00e1p truy\u1ec1n th\u1ed1ng nh\u01b0 \u0111\u00fac n\u00e9n. M\u1ed9t trong nh\u1eefng l\u1ee3i \u00edch ch\u00ednh c\u1ee7a \u0111\u00fac chuy\u1ec3n l\u00e0 n\u00f3 cho ph\u00e9p th\u1eddi gian l\u01b0u h\u00f3a ng\u1eafn h\u01a1n v\u00ec cao su \u0111i v\u00e0o khoang khu\u00f4n \u1edf nhi\u1ec7t \u0111\u1ed9 cao h\u01a1n v\u00e0 \u0111\u1ed3ng \u0111\u1ec1u h\u01a1n, d\u1eabn \u0111\u1ebfn l\u01b0u h\u00f3a nhanh h\u01a1n.<\/p>\n\n\n\n<p>So v\u1edbi \u00e9p phun, \u00e9p chuy\u1ec3n c\u0169ng cung c\u1ea5p th\u1eddi gian giao h\u00e0ng ng\u1eafn h\u01a1n \u0111\u00e1ng k\u1ec3, v\u00ec qu\u00e1 tr\u00ecnh s\u1ea3n xu\u1ea5t c\u00f3 th\u1ec3 s\u1eb5n s\u00e0ng nhanh h\u01a1n v\u00e0 v\u1edbi chi ph\u00ed gia c\u00f4ng th\u1ea5p h\u01a1n. Nh\u1eefng l\u1ee3i \u00edch n\u00e0y l\u00e0m cho \u00e9p chuy\u1ec3n tr\u1edf th\u00e0nh l\u1ef1a ch\u1ecdn ph\u1ed5 bi\u1ebfn \u0111\u1ec3 s\u1ea3n xu\u1ea5t c\u00e1c th\u00e0nh ph\u1ea7n cao su ch\u1ea5t l\u01b0\u1ee3ng cao v\u1edbi dung sai ch\u1eb7t ch\u1ebd v\u00e0 h\u00ecnh h\u1ecdc ph\u1ee9c t\u1ea1p, \u0111\u1eb7c bi\u1ec7t l\u00e0 trong c\u00e1c ng\u00e0nh c\u00f4ng nghi\u1ec7p nh\u01b0 \u00f4 t\u00f4, h\u00e0ng kh\u00f4ng v\u0169 tr\u1ee5 v\u00e0 thi\u1ebft b\u1ecb y t\u1ebf.<\/p>\n\n\n\n<div style=\"height:20px\" aria-hidden=\"true\" class=\"wp-block-spacer\"><\/div>\n\n\n\n<h3 class=\"wp-block-heading\" id=\"injection-molding\">\u00c9p phun<\/h3>\n\n\n\n<p>\u00c9p phun cao su l\u00e0 m\u1ed9t quy tr\u00ecnh s\u1ea3n xu\u1ea5t li\u00ean quan \u0111\u1ebfn vi\u1ec7c phun v\u1eadt li\u1ec7u cao su \u0111\u00e3 \u0111\u01b0\u1ee3c l\u00e0m n\u00f3ng tr\u01b0\u1edbc v\u00e0 n\u00f3ng ch\u1ea3y v\u00e0o khoang khu\u00f4n \u0111\u1ec3 t\u1ea1o th\u00e0nh s\u1ea3n ph\u1ea9m cao su th\u00e0nh ph\u1ea9m. Quy tr\u00ecnh n\u00e0y th\u01b0\u1eddng \u0111\u01b0\u1ee3c s\u1eed d\u1ee5ng cho c\u1ea3 \u00e9p phun cao su v\u00e0 \u00e9p phun silicon l\u1ecfng.<\/p>\n\n\n\n<p>Trong qu\u00e1 tr\u00ecnh \u00e9p phun cao su, v\u1eadt li\u1ec7u cao su th\u00f4 \u0111\u1ea7u ti\u00ean \u0111\u01b0\u1ee3c nung n\u00f3ng v\u00e0 tan ch\u1ea3y trong m\u00e1y \u00e9p phun chuy\u00ean d\u1ee5ng. Sau \u0111\u00f3, cao su n\u00f3ng ch\u1ea3y \u0111\u01b0\u1ee3c phun v\u00e0o khoang khu\u00f4n k\u00edn th\u00f4ng qua v\u00f2i phun ho\u1eb7c \u1ed1ng phun d\u01b0\u1edbi \u00e1p su\u1ea5t cao, l\u01b0u h\u00f3a trong khoang khu\u00f4n v\u00e0 \u0111\u00fac th\u00e0nh s\u1ea3n ph\u1ea9m cu\u1ed1i c\u00f9ng. <\/p>\n\n\n\n<p>\u00c9p phun cao su l\u00e0 ph\u01b0\u01a1ng ph\u00e1p s\u1ea3n xu\u1ea5t c\u00f3 hi\u1ec7u qu\u1ea3 v\u1ec1 m\u1eb7t chi ph\u00ed cao, \u0111\u1eb7c bi\u1ec7t \u0111\u1ed1i v\u1edbi c\u00e1c b\u1ed9 ph\u1eadn cao su nh\u1ecf h\u01a1n \u0111\u00f2i h\u1ecfi dung sai ch\u1eb7t ch\u1ebd. Quy tr\u00ecnh n\u00e0y c\u1ef1c k\u1ef3 ch\u00ednh x\u00e1c v\u00e0 c\u00f3 th\u1ec3 s\u1ea3n xu\u1ea5t kh\u1ed1i l\u01b0\u1ee3ng l\u1edbn c\u00e1c b\u1ed9 ph\u1eadn m\u1ed7i gi\u1edd, khi\u1ebfn n\u00f3 tr\u1edf th\u00e0nh l\u1ef1a ch\u1ecdn hi\u1ec7u qu\u1ea3 cho c\u00e1c \u0111\u1ee3t s\u1ea3n xu\u1ea5t kh\u1ed1i l\u01b0\u1ee3ng l\u1edbn.<\/p>\n<\/div><\/div>\n\n\n\n<div style=\"height:20px\" aria-hidden=\"true\" class=\"wp-block-spacer\"><\/div>\n\n\n\n<h1 class=\"wp-block-heading has-vivid-cyan-blue-color has-text-color\" id=\"what-is-rubber-bonding\">Li\u00ean k\u1ebft cao su l\u00e0 g\u00ec?<\/h1>\n\n\n\n<p>Li\u00ean k\u1ebft cao su li\u00ean quan \u0111\u1ebfn vi\u1ec7c t\u1ea1o ra m\u1ed9t li\u00ean k\u1ebft m\u1ea1nh gi\u1eefa v\u1eadt li\u1ec7u cao su v\u00e0 c\u00e1c b\u1ec1 m\u1eb7t kh\u00e1c nh\u01b0 kim lo\u1ea1i, nh\u1ef1a ho\u1eb7c c\u00e1c th\u00e0nh ph\u1ea7n cao su. N\u00f3 \u0111\u01b0\u1ee3c \u1ee9ng d\u1ee5ng trong c\u00e1c ng\u00e0nh c\u00f4ng nghi\u1ec7p \u00f4 t\u00f4, h\u00e0ng kh\u00f4ng v\u0169 tr\u1ee5, \u0111i\u1ec7n t\u1eed, x\u00e2y d\u1ef1ng v\u00e0 ch\u0103m s\u00f3c s\u1ee9c kh\u1ecfe, cho ph\u00e9p s\u1ea3n xu\u1ea5t c\u00e1c b\u1ed9 ph\u1eadn cao su v\u1edbi kim lo\u1ea1i, gio\u0103ng cao su, \u1ed1ng m\u1ec1m, ph\u1edbt, v.v. Li\u00ean k\u1ebft d\u00ednh, l\u01b0u h\u00f3a v\u00e0 li\u00ean k\u1ebft c\u01a1 h\u1ecdc l\u00e0 nh\u1eefng ph\u01b0\u01a1ng ph\u00e1p ph\u1ed5 bi\u1ebfn \u0111\u01b0\u1ee3c s\u1eed d\u1ee5ng. Li\u00ean k\u1ebft d\u00ednh s\u1eed d\u1ee5ng ch\u1ea5t k\u1ebft d\u00ednh chuy\u00ean d\u1ee5ng, l\u01b0u h\u00f3a s\u1eed d\u1ee5ng nhi\u1ec7t v\u00e0 \u00e1p su\u1ea5t \u0111\u1ec3 li\u00ean k\u1ebft h\u00f3a h\u1ecdc, trong khi li\u00ean k\u1ebft c\u01a1 h\u1ecdc d\u1ef1a v\u00e0o s\u1ef1 li\u00ean k\u1ebft ho\u1eb7c ch\u1ed1t. Vi\u1ec7c l\u1ef1a ch\u1ecdn \u0111\u00fang k\u1ef9 thu\u1eadt v\u00e0 v\u1eadt li\u1ec7u \u0111\u1ea3m b\u1ea3o li\u00ean k\u1ebft cao su \u0111\u00e1ng tin c\u1eady v\u00e0 l\u00e2u d\u00e0i.<\/p>\n\n\n\n<div style=\"height:20px\" aria-hidden=\"true\" class=\"wp-block-spacer\"><\/div>\n\n\n\n<h2 class=\"wp-block-heading has-vivid-cyan-blue-color has-text-color\" id=\"2-types-of-rubber-bonding-process\">2 lo\u1ea1i quy tr\u00ecnh li\u00ean k\u1ebft cao su <\/h2>\n\n\n\n<div style=\"height:20px\" aria-hidden=\"true\" class=\"wp-block-spacer\"><\/div>\n\n\n\n<h3 class=\"wp-block-heading\" id=\"overmolding\">\u0110\u00fac ch\u1ed3ng<\/h3>\n\n\n\n<p>Overmolding l\u00e0 qu\u00e1 tr\u00ecnh \u0111\u00fac hai ho\u1eb7c nhi\u1ec1u v\u1eadt li\u1ec7u l\u1ea1i v\u1edbi nhau \u0111\u1ec3 t\u1ea1o ra m\u1ed9t s\u1ea3n ph\u1ea9m ho\u00e0n thi\u1ec7n v\u1edbi nhi\u1ec1u l\u1edbp ho\u1eb7c m\u00e0u s\u1eafc. Qu\u00e1 tr\u00ecnh n\u00e0y bao g\u1ed3m \u0111\u00fac m\u1ed9t th\u00e0nh ph\u1ea7n c\u01a1 s\u1edf, sau \u0111\u00f3 s\u1eed d\u1ee5ng c\u00f9ng m\u1ed9t m\u00e1y \u00e9p phun ho\u1eb7c m\u1ed9t m\u00e1y kh\u00e1c \u0111\u1ec3 \u0111\u00fac m\u1ed9t v\u1eadt li\u1ec7u th\u1ee9 hai l\u00ean ho\u1eb7c xung quanh th\u00e0nh ph\u1ea7n c\u01a1 s\u1edf. \u0110i\u1ec1u n\u00e0y t\u1ea1o ra m\u1ed9t s\u1ea3n ph\u1ea9m ho\u00e0n thi\u1ec7n v\u1edbi hai ho\u1eb7c nhi\u1ec1u l\u1edbp ho\u1eb7c m\u00e0u s\u1eafc, th\u01b0\u1eddng c\u00f3 m\u1ed9t v\u1eadt li\u1ec7u t\u1ea1o th\u00e0nh b\u1ec1 m\u1eb7t b\u00ean ngo\u00e0i v\u00e0 v\u1eadt li\u1ec7u c\u00f2n l\u1ea1i t\u1ea1o th\u00e0nh b\u00ean trong.<\/p>\n\n\n\n<p>Overmolding th\u01b0\u1eddng \u0111\u01b0\u1ee3c s\u1eed d\u1ee5ng trong nhi\u1ec1u ng\u00e0nh c\u00f4ng nghi\u1ec7p kh\u00e1c nhau, bao g\u1ed3m s\u1ea3n xu\u1ea5t \u00f4 t\u00f4, y t\u1ebf v\u00e0 h\u00e0ng ti\u00eau d\u00f9ng. N\u00f3 c\u00f3 th\u1ec3 \u0111\u01b0\u1ee3c s\u1eed d\u1ee5ng \u0111\u1ec3 s\u1ea3n xu\u1ea5t c\u00e1c b\u1ed9 ph\u1eadn c\u00f3 ch\u1ee9c n\u0103ng, t\u00ednh th\u1ea9m m\u1ef9 v\u00e0 \u0111\u1ed9 b\u1ec1n \u0111\u01b0\u1ee3c c\u1ea3i thi\u1ec7n, ch\u1eb3ng h\u1ea1n nh\u01b0 tay c\u1ea7m m\u1ec1m tr\u00ean d\u1ee5ng c\u1ee5 ho\u1eb7c tay c\u1ea7m, gio\u0103ng ch\u1ed1ng ch\u1ecbu th\u1eddi ti\u1ebft v\u00e0 logo nhi\u1ec1u m\u00e0u.<\/p>\n\n\n\n<div style=\"height:20px\" aria-hidden=\"true\" class=\"wp-block-spacer\"><\/div>\n\n\n\n<h3 class=\"wp-block-heading\" id=\"insert-molding\">Ch\u00e8n Khu\u00f4n<\/h3>\n\n\n\n<p>\u0110\u00fac ch\u00e8n l\u00e0 m\u1ed9t qu\u00e1 tr\u00ecnh li\u00ean quan \u0111\u1ebfn vi\u1ec7c \u0111\u00fac m\u1ed9t th\u00e0nh ph\u1ea7n \u0111\u01b0\u1ee3c \u0111\u1ecbnh h\u00ecnh tr\u01b0\u1edbc (v\u00ed d\u1ee5, kim lo\u1ea1i, nh\u1ef1a) th\u00e0nh m\u1ed9t ph\u1ea7n l\u1edbn h\u01a1n trong qu\u00e1 tr\u00ecnh \u0111\u00fac phun. Th\u00e0nh ph\u1ea7n \u0111\u01b0\u1ee3c \u0111\u1ecbnh h\u00ecnh tr\u01b0\u1edbc \u0111\u01b0\u1ee3c \u0111\u1eb7t v\u00e0o khoang khu\u00f4n tr\u01b0\u1edbc khi \u0111\u00fac phun, v\u00e0 v\u1eadt li\u1ec7u n\u00f3ng ch\u1ea3y sau \u0111\u00f3 \u0111\u01b0\u1ee3c phun xung quanh ho\u1eb7c tr\u00ean th\u00e0nh ph\u1ea7n. Qu\u00e1 tr\u00ecnh n\u00e0y t\u1ea1o ra m\u1ed9t s\u1ea3n ph\u1ea9m ho\u00e0n thi\u1ec7n v\u1edbi th\u00e0nh ph\u1ea7n \u0111\u01b0\u1ee3c \u0111\u1ecbnh h\u00ecnh tr\u01b0\u1edbc \u0111\u01b0\u1ee3c nh\u00fang ch\u1eafc ch\u1eafn b\u00ean trong ph\u1ea7n l\u1edbn h\u01a1n.<\/p>\n\n\n\n<p>\u0110\u00fac ch\u00e8n cung c\u1ea5p m\u1ed9t s\u1ed1 l\u1ee3i th\u1ebf so v\u1edbi l\u1eafp r\u00e1p truy\u1ec1n th\u1ed1ng c\u1ee7a hai b\u1ed9 ph\u1eadn \u0111\u00fac \u0111\u1ed9c l\u1eadp. N\u00f3 t\u1ea1o ra m\u1ed9t b\u1ed9 ph\u1eadn m\u1ea1nh m\u1ebd h\u01a1n v\u00ec n\u00f3 lo\u1ea1i b\u1ecf quy tr\u00ecnh l\u1eafp r\u00e1p th\u1ee9 c\u1ea5p, d\u1eabn \u0111\u1ebfn \u00edt bi\u1ebfn \u0111\u1ed9ng h\u01a1n v\u00e0 c\u00f3 th\u1ec3 c\u00f3 t\u1ed5ng chi ph\u00ed b\u1ed9 ph\u1eadn th\u1ea5p h\u01a1n. Quy tr\u00ecnh n\u00e0y c\u0169ng lo\u1ea1i b\u1ecf nhu c\u1ea7u v\u1ec1 keo d\u00e1n, c\u00f3 th\u1ec3 l\u00e0 ch\u1ebf \u0111\u1ed9 h\u1ecfng h\u00f3c cao \u0111\u1ed1i v\u1edbi c\u00e1c lo\u1ea1i b\u1ed9 ph\u1eadn n\u00e0y. B\u1eb1ng c\u00e1ch \u0111\u00fac b\u1ed9 ph\u1eadn th\u00e0nh m\u1ed9t \u0111\u01a1n v\u1ecb duy nh\u1ea5t, \u0111\u00fac ch\u00e8n \u0111\u1ea3m b\u1ea3o c\u00e1c s\u1ea3n ph\u1ea9m cu\u1ed1i c\u00f9ng nh\u1ea5t qu\u00e1n v\u00e0 ch\u00ednh x\u00e1c, b\u1ec1n h\u01a1n v\u00e0 \u0111\u00e1ng tin c\u1eady h\u01a1n.<\/p>\n\n\n\n<div style=\"height:20px\" aria-hidden=\"true\" class=\"wp-block-spacer\"><\/div>\n\n\n\n<p>B\u1ea1n \u0111ang t\u00ecm ki\u1ebfm d\u1ecbch v\u1ee5 \u0111\u00fac cao su ch\u1ea5t l\u01b0\u1ee3ng cao? H\u00e3y \u0111\u1ebfn ngay Hopeful Rubber.<\/p>\n\n\n\n<div class=\"wp-block-buttons is-layout-flex wp-block-buttons-is-layout-flex\">\n<div class=\"wp-block-button has-custom-font-size has-small-font-size\"><a class=\"wp-block-button__link has-white-color has-vivid-red-background-color has-text-color has-background wp-element-button\" href=\"https:\/\/hopefulrubber.com\/vi\/lien-he-voi-chung-toi\/\">Li\u00ean h\u1ec7 v\u1edbi ch\u00fang t\u00f4i<\/a><\/div>\n<\/div>\n<\/div>\n<\/div>","protected":false},"excerpt":{"rendered":"<p>What is Rubber Molding? Rubber molding is a highly effective manufacturing process that involves transforming raw rubber or elastomer into a finished product by compressing, injecting, or transferring the material into a metal mold cavity. The pressure and heat applied during this process initiate a chemical reaction, called curing or vulcanization, which causes the polymer [&hellip;]<\/p>\n","protected":false},"author":1,"featured_media":1072,"parent":44,"menu_order":0,"comment_status":"closed","ping_status":"closed","template":"","meta":{"content-type":"","footnotes":""},"class_list":["post-991","page","type-page","status-publish","has-post-thumbnail","hentry"],"_links":{"self":[{"href":"https:\/\/hopefulrubber.com\/vi\/wp-json\/wp\/v2\/pages\/991","targetHints":{"allow":["GET"]}}],"collection":[{"href":"https:\/\/hopefulrubber.com\/vi\/wp-json\/wp\/v2\/pages"}],"about":[{"href":"https:\/\/hopefulrubber.com\/vi\/wp-json\/wp\/v2\/types\/page"}],"author":[{"embeddable":true,"href":"https:\/\/hopefulrubber.com\/vi\/wp-json\/wp\/v2\/users\/1"}],"replies":[{"embeddable":true,"href":"https:\/\/hopefulrubber.com\/vi\/wp-json\/wp\/v2\/comments?post=991"}],"version-history":[{"count":51,"href":"https:\/\/hopefulrubber.com\/vi\/wp-json\/wp\/v2\/pages\/991\/revisions"}],"predecessor-version":[{"id":1765,"href":"https:\/\/hopefulrubber.com\/vi\/wp-json\/wp\/v2\/pages\/991\/revisions\/1765"}],"up":[{"embeddable":true,"href":"https:\/\/hopefulrubber.com\/vi\/wp-json\/wp\/v2\/pages\/44"}],"wp:featuredmedia":[{"embeddable":true,"href":"https:\/\/hopefulrubber.com\/vi\/wp-json\/wp\/v2\/media\/1072"}],"wp:attachment":[{"href":"https:\/\/hopefulrubber.com\/vi\/wp-json\/wp\/v2\/media?parent=991"}],"curies":[{"name":"wp","href":"https:\/\/api.w.org\/{rel}","templated":true}]}}